{"id":33106,"date":"2021-12-13T15:12:45","date_gmt":"2021-12-13T14:12:45","guid":{"rendered":"https:\/\/cb.agencegazelle.com\/le-fondateur\/"},"modified":"2022-03-02T11:14:18","modified_gmt":"2022-03-02T10:14:18","slug":"le-fondateur","status":"publish","type":"page","link":"https:\/\/www.christian-breton.fr\/de\/le-fondateur\/","title":{"rendered":"Die Marke"},"content":{"rendered":"[vc_row et_full_width=&#8221;true&#8221; css=&#8221;.vc_custom_1644583629210{background-color: #000000 !important;}&#8221; el_class=&#8221;gzl-header-solo&#8221;][vc_column][vc_row_inner][vc_column_inner][vc_column_text el_class=&#8221;gzl-header-solo-title&#8221; css=&#8221;.vc_custom_1646215944653{padding-top: 0px !important;padding-right: 0px !important;padding-bottom: 0px !important;padding-left: 0px !important;}&#8221;]Keine leeren Versprechungen!<\/p>\n<p>Mehr Wissenschaft.<\/p>\n<p>Mehr Ergebnisse.[\/vc_column_text][\/vc_column_inner][\/vc_row_inner][\/vc_column][\/vc_row][vc_row et_column_align=&#8221;align-center&#8221; content_placement=&#8221;bottom&#8221; el_class=&#8221;spacing-xl&#8221;][vc_column width=&#8221;2\/3&#8243;][vc_column_text el_class=&#8221;gzl-cms-title-xlarge&#8221;]\n<h2>CHRISTIAN BRETON<\/h2>\n[\/vc_column_text][vc_column_text]\n<h3>Beginn aus Leidenschaft<\/h3>\n[\/vc_column_text][vc_column_text]Alles beginnt in den 1970er Jahren. Madame Breton, Christians Mutter, ist anerkannte Wissenschaftlerin und widmet sich in ihren Forschungen der vorzeitigen Hautalterung. Ihr Sohn beobachtet sie schon in fr\u00fchester Kindheit und interessiert sich f\u00fcr ihre Arbeit. Seine Leidenschaft f\u00fcr die Forschung w\u00e4chst im Laufe der Jahre, bis er sich ihr schlie\u00dflich mit Leib und Seele verschreibt. So gr\u00fcndet Christian Breton im Jahre 1991 seine eigene Kosmetikmarke.[\/vc_column_text][vc_column_text]\n<h3>Ein Problem = eine L\u00f6sung<\/h3>\n[\/vc_column_text][vc_column_text]Christian BRETON ist der Spezialist sensibler Gesichtspartien. Als erste Kosmetiklinie, die Augen, Lippen, Hals und Gesicht auf ganz spezielle und verl\u00e4ssliche Weise pflegt, bietet Ihnen Christian BRETON individuell zugeschnittene und ultragezielte Produkte, die in \u00fcber 50 L\u00e4ndern anerkannt sind. Sie gelten als die sichersten und wirksamsten Pflegeprodukte, die Sie auf dem Markt rezeptfrei erwerben k\u00f6nnen.[\/vc_column_text][\/vc_column][vc_column width=&#8221;1\/3&#8243;]\t<div id=\"et-image-156\" class=\"et-image     et_image_link\">\n\t\t<div class=\"et-image-inner \">\n\t\t\t\t\t\t\t<div class=\"et-image-thumb \">\n\t\t\t\t\t<img decoding=\"async\" width=\"1160\" height=\"1467\" src=\"https:\/\/www.christian-breton.fr\/wp-content\/uploads\/2021\/12\/christian-breton-profil.jpg\" class=\"attachment-full size-full\" alt=\"\" srcset=\"https:\/\/www.christian-breton.fr\/wp-content\/uploads\/2021\/12\/christian-breton-profil.jpg 1160w, https:\/\/www.christian-breton.fr\/wp-content\/uploads\/2021\/12\/christian-breton-profil-237x300.jpg 237w, https:\/\/www.christian-breton.fr\/wp-content\/uploads\/2021\/12\/christian-breton-profil-810x1024.jpg 810w, https:\/\/www.christian-breton.fr\/wp-content\/uploads\/2021\/12\/christian-breton-profil-768x971.jpg 768w, https:\/\/www.christian-breton.fr\/wp-content\/uploads\/2021\/12\/christian-breton-profil-76x96.jpg 76w, https:\/\/www.christian-breton.fr\/wp-content\/uploads\/2021\/12\/christian-breton-profil-33x42.jpg 33w, https:\/\/www.christian-breton.fr\/wp-content\/uploads\/2021\/12\/christian-breton-profil-119x150.jpg 119w, https:\/\/www.christian-breton.fr\/wp-content\/uploads\/2021\/12\/christian-breton-profil-600x759.jpg 600w, https:\/\/www.christian-breton.fr\/wp-content\/uploads\/2021\/12\/christian-breton-profil-900x1138.jpg 900w\" sizes=\"(max-width: 1160px) 100vw, 1160px\" \/>\t\t\t\t<\/div>\n\t\t\t\t\t\t\t\t\t\t\t<\/div>\n\t<\/div>\n  [\/vc_column][\/vc_row][vc_row et_full_width=&#8221;true&#8221; et_row_padding=&#8221;true&#8221; css=&#8221;.vc_custom_1645802341477{background-color: #000000 !important;}&#8221;][vc_column][vc_empty_space height=&#8221;200px&#8221;][\/vc_column][\/vc_row][vc_row et_column_align=&#8221;align-center&#8221; content_placement=&#8221;middle&#8221; el_class=&#8221;spacing-xl gzl-reverse-1&#8243;][vc_column width=&#8221;2\/3&#8243;][vc_column_text el_class=&#8221;gzl-cms-title-xlarge&#8221;]\n<h2>UNSER FACHWISSEN<\/h2>\n[\/vc_column_text][vc_column_text]\n<h3>N\u00b0 1 Eye CARE \u2122<\/h3>\n[\/vc_column_text][vc_column_text css=&#8221;.vc_custom_1646216014097{margin-bottom: 0px !important;}&#8221;]Eye Priority ist das Aush\u00e4ngeschild von Christian Breton. Sie war die allererste Produktlinie des Hauses und machte ihren Begr\u00fcnder weltweit als Experten f\u00fcr die Augenkontur bekannt. Jedes Produkt ist auf ein bestimmtes Hautbed\u00fcrfnis wie Augenringe, Schwellungen, Feuchtigkeit oder Falten zugeschnitten und erf\u00fcllt seinen eigenen Zweck. Nicht einfach nur irgendein Produkt, sondern eine Pflege, die der Realit\u00e4t entspricht. Eye Priority basiert auf dem Konzept der Kryotherapie, der Anwendung von K\u00e4lte zur Behandlung von Entz\u00fcndungen, dem Hauptausl\u00f6ser f\u00fcr die meisten Probleme der Augenkontur. Eye Priority, 26 revolution\u00e4re Produkte, die der Sch\u00f6nheit Ihrer Augen gewidmet sind.[\/vc_column_text][vc_column_text css=&#8221;.vc_custom_1646216027146{padding-top: 25px !important;}&#8221;]\n<h3>Unsere Pflegeprodukte \u2013 von Ihnen getestet und f\u00fcr gut befunden.<\/h3>\n[\/vc_column_text][vc_column_text css=&#8221;.vc_custom_1646216035264{margin-bottom: 0px !important;}&#8221;]Christian Breton verpflichtet sich pers\u00f6nlich f\u00fcr jede Pflegeformel, um die sichersten und wirksamsten Inhaltsstoffe auszuw\u00e4hlen. Aus diesem Grund werden unsere Produkte unter augen\u00e4rztlicher und dermatologischer Kontrolle getestet. Und die Ergebnisse sprechen f\u00fcr sich! Seit mehr als 30 Jahren verpflichten wir uns, Pflegeprodukte nach modernsten wissenschaftlichen Methoden zu entwickeln, um Ihnen ein H\u00f6chstma\u00df an Qualit\u00e4t zu gew\u00e4hrleisten.<\/p>\n<p>Keine leeren Versprechungen, sondern sichtbare Ergebnisse![\/vc_column_text][\/vc_column][vc_column width=&#8221;1\/3&#8243;][vc_single_image image=&#8221;29769&#8243; img_size=&#8221;full&#8221; css=&#8221;.vc_custom_1644570965159{margin-bottom: 0px !important;}&#8221;][\/vc_column][\/vc_row]\n","protected":false},"excerpt":{"rendered":"<p>[vc_row et_full_width=&#8221;true&#8221; css=&#8221;.vc_custom_1644583629210{background-color: #000000 !important;}&#8221; el_class=&#8221;gzl-header-solo&#8221;][vc_column][vc_row_inner][vc_column_inner][vc_column_text el_class=&#8221;gzl-header-solo-title&#8221; css=&#8221;.vc_custom_1646215944653{padding-top: 0px !important;padding-right: 0px !important;padding-bottom: 0px !important;padding-left: 0px !important;}&#8221;]Keine leeren Versprechungen! Mehr Wissenschaft. Mehr Ergebnisse.[\/vc_column_text][\/vc_column_inner][\/vc_row_inner][\/vc_column][\/vc_row][vc_row et_column_align=&#8221;align-center&#8221; content_placement=&#8221;bottom&#8221; el_class=&#8221;spacing-xl&#8221;][vc_column width=&#8221;2\/3&#8243;][vc_column_text el_class=&#8221;gzl-cms-title-xlarge&#8221;] CHRISTIAN BRETON [\/vc_column_text][vc_column_text] Beginn aus Leidenschaft [\/vc_column_text][vc_column_text]Alles beginnt in den 1970er Jahren. Madame Breton, Christians Mutter, ist anerkannte Wissenschaftlerin und widmet sich in&hellip;<\/p>\n","protected":false},"author":2,"featured_media":0,"parent":0,"menu_order":0,"comment_status":"closed","ping_status":"closed","template":"template-cms-menu.php","meta":{"footnotes":""},"class_list":["post-33106","page","type-page","status-publish","hentry"],"yoast_head":"<!-- This site is optimized with the Yoast SEO plugin v27.3 - https:\/\/yoast.com\/product\/yoast-seo-wordpress\/ -->\n<title>Die Marke - CHRISTIAN BRETON<\/title>\n<meta name=\"robots\" content=\"index, follow, max-snippet:-1, max-image-preview:large, max-video-preview:-1\" \/>\n<link rel=\"canonical\" href=\"https:\/\/www.christian-breton.fr\/de\/le-fondateur\/\" \/>\n<meta property=\"og:locale\" content=\"de_DE\" \/>\n<meta property=\"og:type\" content=\"article\" \/>\n<meta property=\"og:title\" content=\"Die Marke - CHRISTIAN BRETON\" \/>\n<meta property=\"og:description\" content=\"[vc_row et_full_width=&#8221;true&#8221; css=&#8221;.vc_custom_1644583629210{background-color: #000000 !important;}&#8221; el_class=&#8221;gzl-header-solo&#8221;][vc_column][vc_row_inner][vc_column_inner][vc_column_text el_class=&#8221;gzl-header-solo-title&#8221; css=&#8221;.vc_custom_1646215944653{padding-top: 0px !important;padding-right: 0px !important;padding-bottom: 0px !important;padding-left: 0px !important;}&#8221;]Keine leeren Versprechungen! Mehr Wissenschaft. Mehr Ergebnisse.[\/vc_column_text][\/vc_column_inner][\/vc_row_inner][\/vc_column][\/vc_row][vc_row et_column_align=&#8221;align-center&#8221; content_placement=&#8221;bottom&#8221; el_class=&#8221;spacing-xl&#8221;][vc_column width=&#8221;2\/3&#8243;][vc_column_text el_class=&#8221;gzl-cms-title-xlarge&#8221;] CHRISTIAN BRETON [\/vc_column_text][vc_column_text] Beginn aus Leidenschaft [\/vc_column_text][vc_column_text]Alles beginnt in den 1970er Jahren. Madame Breton, Christians Mutter, ist anerkannte Wissenschaftlerin und widmet sich in&hellip;\" \/>\n<meta property=\"og:url\" content=\"https:\/\/www.christian-breton.fr\/de\/le-fondateur\/\" \/>\n<meta property=\"og:site_name\" content=\"CHRISTIAN BRETON\" \/>\n<meta property=\"article:publisher\" content=\"https:\/\/www.facebook.com\/christianbretonfrance\" \/>\n<meta property=\"article:modified_time\" content=\"2022-03-02T10:14:18+00:00\" \/>\n<meta name=\"twitter:card\" content=\"summary_large_image\" \/>\n<meta name=\"twitter:label1\" content=\"Gesch\u00e4tzte Lesezeit\" \/>\n\t<meta name=\"twitter:data1\" content=\"2\u00a0Minuten\" \/>\n<script type=\"application\/ld+json\" class=\"yoast-schema-graph\">{\"@context\":\"https:\\\/\\\/schema.org\",\"@graph\":[{\"@type\":\"WebPage\",\"@id\":\"https:\\\/\\\/www.christian-breton.fr\\\/de\\\/le-fondateur\\\/\",\"url\":\"https:\\\/\\\/www.christian-breton.fr\\\/de\\\/le-fondateur\\\/\",\"name\":\"Die Marke - CHRISTIAN BRETON\",\"isPartOf\":{\"@id\":\"https:\\\/\\\/www.christian-breton.fr\\\/de\\\/#website\"},\"datePublished\":\"2021-12-13T14:12:45+00:00\",\"dateModified\":\"2022-03-02T10:14:18+00:00\",\"breadcrumb\":{\"@id\":\"https:\\\/\\\/www.christian-breton.fr\\\/de\\\/le-fondateur\\\/#breadcrumb\"},\"inLanguage\":\"de\",\"potentialAction\":[{\"@type\":\"ReadAction\",\"target\":[\"https:\\\/\\\/www.christian-breton.fr\\\/de\\\/le-fondateur\\\/\"]}]},{\"@type\":\"BreadcrumbList\",\"@id\":\"https:\\\/\\\/www.christian-breton.fr\\\/de\\\/le-fondateur\\\/#breadcrumb\",\"itemListElement\":[{\"@type\":\"ListItem\",\"position\":1,\"name\":\"Accueil\",\"item\":\"https:\\\/\\\/www.christian-breton.fr\\\/de\\\/\"},{\"@type\":\"ListItem\",\"position\":2,\"name\":\"Die Marke\"}]},{\"@type\":\"WebSite\",\"@id\":\"https:\\\/\\\/www.christian-breton.fr\\\/de\\\/#website\",\"url\":\"https:\\\/\\\/www.christian-breton.fr\\\/de\\\/\",\"name\":\"CHRISTIAN BRETON\",\"description\":\"L&#039;Expert du Contour des Yeux\",\"publisher\":{\"@id\":\"https:\\\/\\\/www.christian-breton.fr\\\/de\\\/#organization\"},\"potentialAction\":[{\"@type\":\"SearchAction\",\"target\":{\"@type\":\"EntryPoint\",\"urlTemplate\":\"https:\\\/\\\/www.christian-breton.fr\\\/de\\\/?s={search_term_string}\"},\"query-input\":{\"@type\":\"PropertyValueSpecification\",\"valueRequired\":true,\"valueName\":\"search_term_string\"}}],\"inLanguage\":\"de\"},{\"@type\":\"Organization\",\"@id\":\"https:\\\/\\\/www.christian-breton.fr\\\/de\\\/#organization\",\"name\":\"CHRISTIAN BRETON\",\"url\":\"https:\\\/\\\/www.christian-breton.fr\\\/de\\\/\",\"logo\":{\"@type\":\"ImageObject\",\"inLanguage\":\"de\",\"@id\":\"https:\\\/\\\/www.christian-breton.fr\\\/de\\\/#\\\/schema\\\/logo\\\/image\\\/\",\"url\":\"https:\\\/\\\/www.christian-breton.fr\\\/wp-content\\\/uploads\\\/2022\\\/05\\\/Christian-Breton-Logo-fond-noir-scaled.jpg\",\"contentUrl\":\"https:\\\/\\\/www.christian-breton.fr\\\/wp-content\\\/uploads\\\/2022\\\/05\\\/Christian-Breton-Logo-fond-noir-scaled.jpg\",\"width\":2560,\"height\":2560,\"caption\":\"CHRISTIAN BRETON\"},\"image\":{\"@id\":\"https:\\\/\\\/www.christian-breton.fr\\\/de\\\/#\\\/schema\\\/logo\\\/image\\\/\"},\"sameAs\":[\"https:\\\/\\\/www.facebook.com\\\/christianbretonfrance\",\"https:\\\/\\\/www.instagram.com\\\/christianbreton_paris\\\/\"]}]}<\/script>\n<!-- \/ Yoast SEO plugin. -->","yoast_head_json":{"title":"Die Marke - CHRISTIAN BRETON","robots":{"index":"index","follow":"follow","max-snippet":"max-snippet:-1","max-image-preview":"max-image-preview:large","max-video-preview":"max-video-preview:-1"},"canonical":"https:\/\/www.christian-breton.fr\/de\/le-fondateur\/","og_locale":"de_DE","og_type":"article","og_title":"Die Marke - CHRISTIAN BRETON","og_description":"[vc_row et_full_width=&#8221;true&#8221; css=&#8221;.vc_custom_1644583629210{background-color: #000000 !important;}&#8221; el_class=&#8221;gzl-header-solo&#8221;][vc_column][vc_row_inner][vc_column_inner][vc_column_text el_class=&#8221;gzl-header-solo-title&#8221; css=&#8221;.vc_custom_1646215944653{padding-top: 0px !important;padding-right: 0px !important;padding-bottom: 0px !important;padding-left: 0px !important;}&#8221;]Keine leeren Versprechungen! Mehr Wissenschaft. Mehr Ergebnisse.[\/vc_column_text][\/vc_column_inner][\/vc_row_inner][\/vc_column][\/vc_row][vc_row et_column_align=&#8221;align-center&#8221; content_placement=&#8221;bottom&#8221; el_class=&#8221;spacing-xl&#8221;][vc_column width=&#8221;2\/3&#8243;][vc_column_text el_class=&#8221;gzl-cms-title-xlarge&#8221;] CHRISTIAN BRETON [\/vc_column_text][vc_column_text] Beginn aus Leidenschaft [\/vc_column_text][vc_column_text]Alles beginnt in den 1970er Jahren. Madame Breton, Christians Mutter, ist anerkannte Wissenschaftlerin und widmet sich in&hellip;","og_url":"https:\/\/www.christian-breton.fr\/de\/le-fondateur\/","og_site_name":"CHRISTIAN BRETON","article_publisher":"https:\/\/www.facebook.com\/christianbretonfrance","article_modified_time":"2022-03-02T10:14:18+00:00","twitter_card":"summary_large_image","twitter_misc":{"Gesch\u00e4tzte Lesezeit":"2\u00a0Minuten"},"schema":{"@context":"https:\/\/schema.org","@graph":[{"@type":"WebPage","@id":"https:\/\/www.christian-breton.fr\/de\/le-fondateur\/","url":"https:\/\/www.christian-breton.fr\/de\/le-fondateur\/","name":"Die Marke - CHRISTIAN BRETON","isPartOf":{"@id":"https:\/\/www.christian-breton.fr\/de\/#website"},"datePublished":"2021-12-13T14:12:45+00:00","dateModified":"2022-03-02T10:14:18+00:00","breadcrumb":{"@id":"https:\/\/www.christian-breton.fr\/de\/le-fondateur\/#breadcrumb"},"inLanguage":"de","potentialAction":[{"@type":"ReadAction","target":["https:\/\/www.christian-breton.fr\/de\/le-fondateur\/"]}]},{"@type":"BreadcrumbList","@id":"https:\/\/www.christian-breton.fr\/de\/le-fondateur\/#breadcrumb","itemListElement":[{"@type":"ListItem","position":1,"name":"Accueil","item":"https:\/\/www.christian-breton.fr\/de\/"},{"@type":"ListItem","position":2,"name":"Die Marke"}]},{"@type":"WebSite","@id":"https:\/\/www.christian-breton.fr\/de\/#website","url":"https:\/\/www.christian-breton.fr\/de\/","name":"CHRISTIAN BRETON","description":"L&#039;Expert du Contour des Yeux","publisher":{"@id":"https:\/\/www.christian-breton.fr\/de\/#organization"},"potentialAction":[{"@type":"SearchAction","target":{"@type":"EntryPoint","urlTemplate":"https:\/\/www.christian-breton.fr\/de\/?s={search_term_string}"},"query-input":{"@type":"PropertyValueSpecification","valueRequired":true,"valueName":"search_term_string"}}],"inLanguage":"de"},{"@type":"Organization","@id":"https:\/\/www.christian-breton.fr\/de\/#organization","name":"CHRISTIAN BRETON","url":"https:\/\/www.christian-breton.fr\/de\/","logo":{"@type":"ImageObject","inLanguage":"de","@id":"https:\/\/www.christian-breton.fr\/de\/#\/schema\/logo\/image\/","url":"https:\/\/www.christian-breton.fr\/wp-content\/uploads\/2022\/05\/Christian-Breton-Logo-fond-noir-scaled.jpg","contentUrl":"https:\/\/www.christian-breton.fr\/wp-content\/uploads\/2022\/05\/Christian-Breton-Logo-fond-noir-scaled.jpg","width":2560,"height":2560,"caption":"CHRISTIAN BRETON"},"image":{"@id":"https:\/\/www.christian-breton.fr\/de\/#\/schema\/logo\/image\/"},"sameAs":["https:\/\/www.facebook.com\/christianbretonfrance","https:\/\/www.instagram.com\/christianbreton_paris\/"]}]}},"_links":{"self":[{"href":"https:\/\/www.christian-breton.fr\/de\/wp-json\/wp\/v2\/pages\/33106","targetHints":{"allow":["GET"]}}],"collection":[{"href":"https:\/\/www.christian-breton.fr\/de\/wp-json\/wp\/v2\/pages"}],"about":[{"href":"https:\/\/www.christian-breton.fr\/de\/wp-json\/wp\/v2\/types\/page"}],"author":[{"embeddable":true,"href":"https:\/\/www.christian-breton.fr\/de\/wp-json\/wp\/v2\/users\/2"}],"replies":[{"embeddable":true,"href":"https:\/\/www.christian-breton.fr\/de\/wp-json\/wp\/v2\/comments?post=33106"}],"version-history":[{"count":0,"href":"https:\/\/www.christian-breton.fr\/de\/wp-json\/wp\/v2\/pages\/33106\/revisions"}],"wp:attachment":[{"href":"https:\/\/www.christian-breton.fr\/de\/wp-json\/wp\/v2\/media?parent=33106"}],"curies":[{"name":"wp","href":"https:\/\/api.w.org\/{rel}","templated":true}]}}