{"id":33135,"date":"2021-12-13T18:00:08","date_gmt":"2021-12-13T17:00:08","guid":{"rendered":"https:\/\/cb.agencegazelle.com\/actualites\/"},"modified":"2022-03-02T11:53:27","modified_gmt":"2022-03-02T10:53:27","slug":"actualites","status":"publish","type":"page","link":"https:\/\/www.christian-breton.fr\/de\/actualites\/","title":{"rendered":"Aktuell"},"content":{"rendered":"[vc_row et_full_width=&#8221;true&#8221; el_class=&#8221;gzl-header-solo&#8221; css=&#8221;.vc_custom_1644583975108{background-color: #000000 !important;}&#8221;][vc_column][vc_row_inner][vc_column_inner][vc_column_text el_class=&#8221;gzl-header-solo-title&#8221;]\n<h1>VERTRIEB<\/h1>\n[\/vc_column_text][\/vc_column_inner][\/vc_row_inner][\/vc_column][\/vc_row][vc_row et_column_align=&#8221;align-center&#8221; content_placement=&#8221;middle&#8221; el_class=&#8221;gzl-reverse-1 spacing-xl&#8221;][vc_column width=&#8221;1\/2&#8243;][vc_column_text css=&#8221;.vc_custom_1646217452887{margin-bottom: 0px !important;}&#8221; el_class=&#8221;gzl-cms-title-medium&#8221;]\n<h2>IN \u00dcBER 50 L\u00c4NDERN VERTRETEN<\/h2>\n[\/vc_column_text][vc_column_text css=&#8221;.vc_custom_1646218072778{margin-bottom: 0px !important;}&#8221; el_class=&#8221;gzl-cms-list-1&#8243;]Von Anfang an zielte Christian BRETON darauf ab, eine Vielzahl von Frauen jeglicher Herkunft zu erreichen, um ihnen die beste Gesichtspflege anzubieten. Heute ist Christian BRETON mit Niederlassungen in \u00fcber 50 L\u00e4ndern auf allen Kontinenten der Welt vertreten.[\/vc_column_text][\/vc_column][vc_column width=&#8221;1\/2&#8243;][vc_single_image image=&#8221;29875&#8243; img_size=&#8221;full&#8221; css=&#8221;.vc_custom_1644573385526{margin-bottom: 0px !important;}&#8221;][\/vc_column][\/vc_row][vc_row el_class=&#8221;hide-mob&#8221;][vc_column][vc_images_carousel images=&#8221;30039,30044,30049,32080&#8243; img_size=&#8221;full&#8221; onclick=&#8221;link_no&#8221; speed=&#8221;1000&#8243; slides_per_view=&#8221;2&#8243; hide_pagination_control=&#8221;yes&#8221; partial_view=&#8221;yes&#8221; wrap=&#8221;yes&#8221; css=&#8221;.vc_custom_1645451577861{margin-bottom: 0px !important;}&#8221; el_class=&#8221;gzl-carrousel-1&#8243;][\/vc_column][\/vc_row][vc_row el_class=&#8221;hide-desk&#8221;][vc_column][vc_images_carousel images=&#8221;30049,30044,30039,32085&#8243; img_size=&#8221;full&#8221; onclick=&#8221;link_no&#8221; speed=&#8221;1000&#8243; hide_pagination_control=&#8221;yes&#8221; partial_view=&#8221;yes&#8221; wrap=&#8221;yes&#8221; css=&#8221;.vc_custom_1645451614004{margin-bottom: 0px !important;}&#8221; el_class=&#8221;gzl-carrousel-1&#8243;][\/vc_column][\/vc_row][vc_row et_column_align=&#8221;align-center&#8221; content_placement=&#8221;middle&#8221; el_class=&#8221;gzl-reverse-1 spacing-xl&#8221;][vc_column width=&#8221;1\/2&#8243;][vc_column_text css=&#8221;.vc_custom_1646218080848{margin-bottom: 0px !important;}&#8221; el_class=&#8221;gzl-cms-title-medium&#8221;]\n<h2>PRESSE<\/h2>\n[\/vc_column_text][vc_column_text css=&#8221;.vc_custom_1646218088812{margin-bottom: 0px !important;}&#8221; el_class=&#8221;gzl-cms-list-1&#8243;]Die Presse ist sich \u00fcber die Wirksamkeit unserer Produkte einig und lobt diese regelm\u00e4\u00dfig in ihren Magazinen. St\u00f6bern Sie in einigen internationalen Publikationen.[\/vc_column_text][\/vc_column][vc_column width=&#8221;1\/2&#8243;][vc_single_image image=&#8221;29896&#8243; img_size=&#8221;full&#8221; css=&#8221;.vc_custom_1644573542503{margin-bottom: 0px !important;}&#8221;][\/vc_column][\/vc_row][vc_row et_column_align=&#8221;align-center&#8221; content_placement=&#8221;middle&#8221; el_class=&#8221;gzl-noreverse-1 spacing-xl&#8221;][vc_column width=&#8221;1\/2&#8243;][vc_media_grid element_width=&#8221;6&#8243; grid_id=&#8221;vc_gid:1646217391332-6f1ec13b-f1ef-2&#8243; include=&#8221;29655,29660&#8243;][\/vc_column][vc_column width=&#8221;1\/2&#8243;][vc_column_text css=&#8221;.vc_custom_1646218111604{margin-bottom: 0px !important;}&#8221; el_class=&#8221;gzl-cms-title-medium&#8221;]\n<h2>SOZIALE NETZWERKE<\/h2>\n[\/vc_column_text][vc_column_text css=&#8221;.vc_custom_1643788884085{margin-bottom: 0px !important;}&#8221; el_class=&#8221;gzl-cms-title-regular&#8221;]\n<h3><\/h3>\n[\/vc_column_text][vc_column_text css=&#8221;.vc_custom_1646218123493{margin-bottom: 0px !important;}&#8221; el_class=&#8221;gzl-cms-list-1&#8243;]\n<ul>\n<li>Instagram<\/li>\n<li>Facebook<\/li>\n<li>Tiktok<\/li>\n<\/ul>\n[\/vc_column_text][\/vc_column][\/vc_row][vc_row][vc_column][\/vc_column][\/vc_row]\n","protected":false},"excerpt":{"rendered":"<p>[vc_row et_full_width=&#8221;true&#8221; el_class=&#8221;gzl-header-solo&#8221; css=&#8221;.vc_custom_1644583975108{background-color: #000000 !important;}&#8221;][vc_column][vc_row_inner][vc_column_inner][vc_column_text el_class=&#8221;gzl-header-solo-title&#8221;] VERTRIEB [\/vc_column_text][\/vc_column_inner][\/vc_row_inner][\/vc_column][\/vc_row][vc_row et_column_align=&#8221;align-center&#8221; content_placement=&#8221;middle&#8221; el_class=&#8221;gzl-reverse-1 spacing-xl&#8221;][vc_column width=&#8221;1\/2&#8243;][vc_column_text css=&#8221;.vc_custom_1646217452887{margin-bottom: 0px !important;}&#8221; el_class=&#8221;gzl-cms-title-medium&#8221;] IN \u00dcBER 50 L\u00c4NDERN VERTRETEN [\/vc_column_text][vc_column_text css=&#8221;.vc_custom_1646218072778{margin-bottom: 0px !important;}&#8221; el_class=&#8221;gzl-cms-list-1&#8243;]Von Anfang an zielte Christian BRETON darauf ab, eine Vielzahl von Frauen jeglicher Herkunft zu erreichen, um ihnen die beste Gesichtspflege anzubieten. Heute&hellip;<\/p>\n","protected":false},"author":2,"featured_media":0,"parent":0,"menu_order":0,"comment_status":"closed","ping_status":"closed","template":"template-cms-menu.php","meta":{"footnotes":""},"class_list":["post-33135","page","type-page","status-publish","hentry"],"yoast_head":"<!-- This site is optimized with the Yoast SEO plugin v27.3 - https:\/\/yoast.com\/product\/yoast-seo-wordpress\/ -->\n<title>Aktuell - CHRISTIAN BRETON<\/title>\n<meta name=\"robots\" content=\"index, follow, max-snippet:-1, max-image-preview:large, max-video-preview:-1\" \/>\n<link rel=\"canonical\" href=\"https:\/\/www.christian-breton.fr\/de\/actualites\/\" \/>\n<meta property=\"og:locale\" content=\"de_DE\" \/>\n<meta property=\"og:type\" content=\"article\" \/>\n<meta property=\"og:title\" content=\"Aktuell - CHRISTIAN BRETON\" \/>\n<meta property=\"og:description\" content=\"[vc_row et_full_width=&#8221;true&#8221; el_class=&#8221;gzl-header-solo&#8221; css=&#8221;.vc_custom_1644583975108{background-color: #000000 !important;}&#8221;][vc_column][vc_row_inner][vc_column_inner][vc_column_text el_class=&#8221;gzl-header-solo-title&#8221;] VERTRIEB [\/vc_column_text][\/vc_column_inner][\/vc_row_inner][\/vc_column][\/vc_row][vc_row et_column_align=&#8221;align-center&#8221; content_placement=&#8221;middle&#8221; el_class=&#8221;gzl-reverse-1 spacing-xl&#8221;][vc_column width=&#8221;1\/2&#8243;][vc_column_text css=&#8221;.vc_custom_1646217452887{margin-bottom: 0px !important;}&#8221; el_class=&#8221;gzl-cms-title-medium&#8221;] IN \u00dcBER 50 L\u00c4NDERN VERTRETEN [\/vc_column_text][vc_column_text css=&#8221;.vc_custom_1646218072778{margin-bottom: 0px !important;}&#8221; el_class=&#8221;gzl-cms-list-1&#8243;]Von Anfang an zielte Christian BRETON darauf ab, eine Vielzahl von Frauen jeglicher Herkunft zu erreichen, um ihnen die beste Gesichtspflege anzubieten. Heute&hellip;\" \/>\n<meta property=\"og:url\" content=\"https:\/\/www.christian-breton.fr\/de\/actualites\/\" \/>\n<meta property=\"og:site_name\" content=\"CHRISTIAN BRETON\" \/>\n<meta property=\"article:publisher\" content=\"https:\/\/www.facebook.com\/christianbretonfrance\" \/>\n<meta property=\"article:modified_time\" content=\"2022-03-02T10:53:27+00:00\" \/>\n<meta name=\"twitter:card\" content=\"summary_large_image\" \/>\n<meta name=\"twitter:label1\" content=\"Gesch\u00e4tzte Lesezeit\" \/>\n\t<meta name=\"twitter:data1\" content=\"1\u00a0Minute\" \/>\n<script type=\"application\/ld+json\" class=\"yoast-schema-graph\">{\"@context\":\"https:\\\/\\\/schema.org\",\"@graph\":[{\"@type\":\"WebPage\",\"@id\":\"https:\\\/\\\/www.christian-breton.fr\\\/de\\\/actualites\\\/\",\"url\":\"https:\\\/\\\/www.christian-breton.fr\\\/de\\\/actualites\\\/\",\"name\":\"Aktuell - CHRISTIAN BRETON\",\"isPartOf\":{\"@id\":\"https:\\\/\\\/www.christian-breton.fr\\\/de\\\/#website\"},\"datePublished\":\"2021-12-13T17:00:08+00:00\",\"dateModified\":\"2022-03-02T10:53:27+00:00\",\"breadcrumb\":{\"@id\":\"https:\\\/\\\/www.christian-breton.fr\\\/de\\\/actualites\\\/#breadcrumb\"},\"inLanguage\":\"de\",\"potentialAction\":[{\"@type\":\"ReadAction\",\"target\":[\"https:\\\/\\\/www.christian-breton.fr\\\/de\\\/actualites\\\/\"]}]},{\"@type\":\"BreadcrumbList\",\"@id\":\"https:\\\/\\\/www.christian-breton.fr\\\/de\\\/actualites\\\/#breadcrumb\",\"itemListElement\":[{\"@type\":\"ListItem\",\"position\":1,\"name\":\"Accueil\",\"item\":\"https:\\\/\\\/www.christian-breton.fr\\\/de\\\/\"},{\"@type\":\"ListItem\",\"position\":2,\"name\":\"Aktuell\"}]},{\"@type\":\"WebSite\",\"@id\":\"https:\\\/\\\/www.christian-breton.fr\\\/de\\\/#website\",\"url\":\"https:\\\/\\\/www.christian-breton.fr\\\/de\\\/\",\"name\":\"CHRISTIAN BRETON\",\"description\":\"L&#039;Expert du Contour des Yeux\",\"publisher\":{\"@id\":\"https:\\\/\\\/www.christian-breton.fr\\\/de\\\/#organization\"},\"potentialAction\":[{\"@type\":\"SearchAction\",\"target\":{\"@type\":\"EntryPoint\",\"urlTemplate\":\"https:\\\/\\\/www.christian-breton.fr\\\/de\\\/?s={search_term_string}\"},\"query-input\":{\"@type\":\"PropertyValueSpecification\",\"valueRequired\":true,\"valueName\":\"search_term_string\"}}],\"inLanguage\":\"de\"},{\"@type\":\"Organization\",\"@id\":\"https:\\\/\\\/www.christian-breton.fr\\\/de\\\/#organization\",\"name\":\"CHRISTIAN BRETON\",\"url\":\"https:\\\/\\\/www.christian-breton.fr\\\/de\\\/\",\"logo\":{\"@type\":\"ImageObject\",\"inLanguage\":\"de\",\"@id\":\"https:\\\/\\\/www.christian-breton.fr\\\/de\\\/#\\\/schema\\\/logo\\\/image\\\/\",\"url\":\"https:\\\/\\\/www.christian-breton.fr\\\/wp-content\\\/uploads\\\/2022\\\/05\\\/Christian-Breton-Logo-fond-noir-scaled.jpg\",\"contentUrl\":\"https:\\\/\\\/www.christian-breton.fr\\\/wp-content\\\/uploads\\\/2022\\\/05\\\/Christian-Breton-Logo-fond-noir-scaled.jpg\",\"width\":2560,\"height\":2560,\"caption\":\"CHRISTIAN BRETON\"},\"image\":{\"@id\":\"https:\\\/\\\/www.christian-breton.fr\\\/de\\\/#\\\/schema\\\/logo\\\/image\\\/\"},\"sameAs\":[\"https:\\\/\\\/www.facebook.com\\\/christianbretonfrance\",\"https:\\\/\\\/www.instagram.com\\\/christianbreton_paris\\\/\"]}]}<\/script>\n<!-- \/ Yoast SEO plugin. -->","yoast_head_json":{"title":"Aktuell - CHRISTIAN BRETON","robots":{"index":"index","follow":"follow","max-snippet":"max-snippet:-1","max-image-preview":"max-image-preview:large","max-video-preview":"max-video-preview:-1"},"canonical":"https:\/\/www.christian-breton.fr\/de\/actualites\/","og_locale":"de_DE","og_type":"article","og_title":"Aktuell - CHRISTIAN BRETON","og_description":"[vc_row et_full_width=&#8221;true&#8221; el_class=&#8221;gzl-header-solo&#8221; css=&#8221;.vc_custom_1644583975108{background-color: #000000 !important;}&#8221;][vc_column][vc_row_inner][vc_column_inner][vc_column_text el_class=&#8221;gzl-header-solo-title&#8221;] VERTRIEB [\/vc_column_text][\/vc_column_inner][\/vc_row_inner][\/vc_column][\/vc_row][vc_row et_column_align=&#8221;align-center&#8221; content_placement=&#8221;middle&#8221; el_class=&#8221;gzl-reverse-1 spacing-xl&#8221;][vc_column width=&#8221;1\/2&#8243;][vc_column_text css=&#8221;.vc_custom_1646217452887{margin-bottom: 0px !important;}&#8221; el_class=&#8221;gzl-cms-title-medium&#8221;] IN \u00dcBER 50 L\u00c4NDERN VERTRETEN [\/vc_column_text][vc_column_text css=&#8221;.vc_custom_1646218072778{margin-bottom: 0px !important;}&#8221; el_class=&#8221;gzl-cms-list-1&#8243;]Von Anfang an zielte Christian BRETON darauf ab, eine Vielzahl von Frauen jeglicher Herkunft zu erreichen, um ihnen die beste Gesichtspflege anzubieten. Heute&hellip;","og_url":"https:\/\/www.christian-breton.fr\/de\/actualites\/","og_site_name":"CHRISTIAN BRETON","article_publisher":"https:\/\/www.facebook.com\/christianbretonfrance","article_modified_time":"2022-03-02T10:53:27+00:00","twitter_card":"summary_large_image","twitter_misc":{"Gesch\u00e4tzte Lesezeit":"1\u00a0Minute"},"schema":{"@context":"https:\/\/schema.org","@graph":[{"@type":"WebPage","@id":"https:\/\/www.christian-breton.fr\/de\/actualites\/","url":"https:\/\/www.christian-breton.fr\/de\/actualites\/","name":"Aktuell - CHRISTIAN BRETON","isPartOf":{"@id":"https:\/\/www.christian-breton.fr\/de\/#website"},"datePublished":"2021-12-13T17:00:08+00:00","dateModified":"2022-03-02T10:53:27+00:00","breadcrumb":{"@id":"https:\/\/www.christian-breton.fr\/de\/actualites\/#breadcrumb"},"inLanguage":"de","potentialAction":[{"@type":"ReadAction","target":["https:\/\/www.christian-breton.fr\/de\/actualites\/"]}]},{"@type":"BreadcrumbList","@id":"https:\/\/www.christian-breton.fr\/de\/actualites\/#breadcrumb","itemListElement":[{"@type":"ListItem","position":1,"name":"Accueil","item":"https:\/\/www.christian-breton.fr\/de\/"},{"@type":"ListItem","position":2,"name":"Aktuell"}]},{"@type":"WebSite","@id":"https:\/\/www.christian-breton.fr\/de\/#website","url":"https:\/\/www.christian-breton.fr\/de\/","name":"CHRISTIAN BRETON","description":"L&#039;Expert du Contour des Yeux","publisher":{"@id":"https:\/\/www.christian-breton.fr\/de\/#organization"},"potentialAction":[{"@type":"SearchAction","target":{"@type":"EntryPoint","urlTemplate":"https:\/\/www.christian-breton.fr\/de\/?s={search_term_string}"},"query-input":{"@type":"PropertyValueSpecification","valueRequired":true,"valueName":"search_term_string"}}],"inLanguage":"de"},{"@type":"Organization","@id":"https:\/\/www.christian-breton.fr\/de\/#organization","name":"CHRISTIAN BRETON","url":"https:\/\/www.christian-breton.fr\/de\/","logo":{"@type":"ImageObject","inLanguage":"de","@id":"https:\/\/www.christian-breton.fr\/de\/#\/schema\/logo\/image\/","url":"https:\/\/www.christian-breton.fr\/wp-content\/uploads\/2022\/05\/Christian-Breton-Logo-fond-noir-scaled.jpg","contentUrl":"https:\/\/www.christian-breton.fr\/wp-content\/uploads\/2022\/05\/Christian-Breton-Logo-fond-noir-scaled.jpg","width":2560,"height":2560,"caption":"CHRISTIAN BRETON"},"image":{"@id":"https:\/\/www.christian-breton.fr\/de\/#\/schema\/logo\/image\/"},"sameAs":["https:\/\/www.facebook.com\/christianbretonfrance","https:\/\/www.instagram.com\/christianbreton_paris\/"]}]}},"_links":{"self":[{"href":"https:\/\/www.christian-breton.fr\/de\/wp-json\/wp\/v2\/pages\/33135","targetHints":{"allow":["GET"]}}],"collection":[{"href":"https:\/\/www.christian-breton.fr\/de\/wp-json\/wp\/v2\/pages"}],"about":[{"href":"https:\/\/www.christian-breton.fr\/de\/wp-json\/wp\/v2\/types\/page"}],"author":[{"embeddable":true,"href":"https:\/\/www.christian-breton.fr\/de\/wp-json\/wp\/v2\/users\/2"}],"replies":[{"embeddable":true,"href":"https:\/\/www.christian-breton.fr\/de\/wp-json\/wp\/v2\/comments?post=33135"}],"version-history":[{"count":0,"href":"https:\/\/www.christian-breton.fr\/de\/wp-json\/wp\/v2\/pages\/33135\/revisions"}],"wp:attachment":[{"href":"https:\/\/www.christian-breton.fr\/de\/wp-json\/wp\/v2\/media?parent=33135"}],"curies":[{"name":"wp","href":"https:\/\/api.w.org\/{rel}","templated":true}]}}