{"id":33158,"date":"2021-12-14T11:27:38","date_gmt":"2021-12-14T10:27:38","guid":{"rendered":"https:\/\/cb.agencegazelle.com\/nos-engagements\/"},"modified":"2022-05-09T09:54:49","modified_gmt":"2022-05-09T07:54:49","slug":"nos-engagements","status":"publish","type":"page","link":"https:\/\/www.christian-breton.fr\/de\/nos-engagements\/","title":{"rendered":"Unsere Verpflichtungen"},"content":{"rendered":"[vc_row el_class=&#8221;spacing-xl&#8221;][vc_column][vc_column_text el_class=&#8221;gzl-header-solo-title color-black&#8221;]\n<h1>UNSERE VERPFLICHTUNGEN<\/h1>\n[\/vc_column_text][vc_column_text]Unsere Verpflichtungen sind klar und bedingungslos: qualitativ hochwertige Produkte und sichtbare Ergebnisse![\/vc_column_text][\/vc_column][\/vc_row][vc_row el_class=&#8221;gzl-cms-blocMenu&#8221;][vc_column]\t<div id=\"et-icon-holder-486\" class=\"et-icon-holder row center-true lg-block-grid-4 md-block-grid-4 block-grid-2 \">\n\t\t\r\n\t<div id=\"et-iconbox-890\" class=\"et-iconbox layout-default icon-style-image-default bottom-spacing-none icon-color- text-color- animation bottom-to-top \"> \r\n\t\t<div class=\"et-icon-inner\">\r\n\t\t\t<figure class=\"et-feature-icon\">\r\n\t\t\t\t\t\t\t\t\t<img decoding=\"async\" src=\"https:\/\/www.christian-breton.fr\/wp-content\/uploads\/2022\/02\/picto-engagement-03.jpg\" alt=\"WISSENSCHAFT UND EFFIZIENZ VEREINEN\" \/>\r\n\t\t\t\t\t\t\t<\/figure>\r\n\t\t\t<div class=\"et-feature-content\"> \r\n\t\t\t\t\t\t\t\t\t\t\t\t\t<h4 class=\"title\">WISSENSCHAFT UND EFFIZIENZ VEREINEN<\/h4>\r\n\t\t\t\t\t\t\t\t<div class=\"wpb_text_column\"><\/div>\r\n\t\t\t\t\t\t\t<\/div>\r\n\t\t<\/div>\r\n\t<\/div>\r\n\r\n\t\r\n\t<div id=\"et-iconbox-284\" class=\"et-iconbox layout-default icon-style-image-default bottom-spacing-none icon-color- text-color- animation bottom-to-top \"> \r\n\t\t<div class=\"et-icon-inner\">\r\n\t\t\t<figure class=\"et-feature-icon\">\r\n\t\t\t\t\t\t\t\t\t<img decoding=\"async\" src=\"https:\/\/www.christian-breton.fr\/wp-content\/uploads\/2022\/02\/picto-engagement-04.jpg\" alt=\"DERMATOLOGISCH UND OPHTHALMOLOGISCH GETESTET\" \/>\r\n\t\t\t\t\t\t\t<\/figure>\r\n\t\t\t<div class=\"et-feature-content\"> \r\n\t\t\t\t\t\t\t\t\t\t\t\t\t<h4 class=\"title\">DERMATOLOGISCH UND OPHTHALMOLOGISCH GETESTET<\/h4>\r\n\t\t\t\t\t\t\t\t<div class=\"wpb_text_column\"><\/div>\r\n\t\t\t\t\t\t\t<\/div>\r\n\t\t<\/div>\r\n\t<\/div>\r\n\r\n\t\r\n\t<div id=\"et-iconbox-352\" class=\"et-iconbox layout-default icon-style-image-default bottom-spacing-none icon-color- text-color- animation bottom-to-top \"> \r\n\t\t<div class=\"et-icon-inner\">\r\n\t\t\t<figure class=\"et-feature-icon\">\r\n\t\t\t\t\t\t\t\t\t<img decoding=\"async\" src=\"https:\/\/www.christian-breton.fr\/wp-content\/uploads\/2022\/02\/picto-engagement-02.jpg\" alt=\"PATENTIERTE, WERTVOLLE, EFFIZIENTE, ABER TRANSPARENTE INHALTSSTOFFE\" \/>\r\n\t\t\t\t\t\t\t<\/figure>\r\n\t\t\t<div class=\"et-feature-content\"> \r\n\t\t\t\t\t\t\t\t\t\t\t\t\t<h4 class=\"title\">PATENTIERTE, WERTVOLLE, EFFIZIENTE, ABER TRANSPARENTE INHALTSSTOFFE<\/h4>\r\n\t\t\t\t\t\t\t\t<div class=\"wpb_text_column\"><\/div>\r\n\t\t\t\t\t\t\t<\/div>\r\n\t\t<\/div>\r\n\t<\/div>\r\n\r\n\t\r\n\t<div id=\"et-iconbox-166\" class=\"et-iconbox layout-default icon-style-image-default bottom-spacing-none icon-color- text-color- animation bottom-to-top \"> \r\n\t\t<div class=\"et-icon-inner\">\r\n\t\t\t<figure class=\"et-feature-icon\">\r\n\t\t\t\t\t\t\t\t\t<img decoding=\"async\" src=\"https:\/\/www.christian-breton.fr\/wp-content\/uploads\/2022\/02\/picto-engagement-05.jpg\" alt=\"NACHHALTIGE VERPACKUNG\" \/>\r\n\t\t\t\t\t\t\t<\/figure>\r\n\t\t\t<div class=\"et-feature-content\"> \r\n\t\t\t\t\t\t\t\t\t\t\t\t\t<h4 class=\"title\">NACHHALTIGE VERPACKUNG<\/h4>\r\n\t\t\t\t\t\t\t\t<div class=\"wpb_text_column\"><\/div>\r\n\t\t\t\t\t\t\t<\/div>\r\n\t\t<\/div>\r\n\t<\/div>\r\n\r\n\t\t<\/div>\n\t[\/vc_column][\/vc_row][vc_row el_class=&#8221;spacing-xl bg-full black padding-xl&#8221; css=&#8221;.vc_custom_1640104449516{background-color: #000000 !important;}&#8221; el_id=&#8221;1&#8243;][vc_column][vc_column_text el_class=&#8221;gzl-cms-title-large color-white&#8221; css=&#8221;.vc_custom_1646218859743{margin-bottom: 0px !important;}&#8221;]\n<h2>WISSENSCHAFT UND EFFIZIENZ VEREINEN<\/h2>\n[\/vc_column_text][\/vc_column][\/vc_row][vc_row][vc_column width=&#8221;2\/3&#8243;][vc_column_text]Alle unsere Pflegeformeln werden nach langj\u00e4hriger Laborforschung entwickelt und in regelm\u00e4\u00dfigen Abst\u00e4nden \u00fcberpr\u00fcft, um immer auf dem neuesten Stand zu sein. Diese kontinuierliche Forschung erm\u00f6glicht es uns, Ihnen immer sicherere und effektivere Produkte anzubieten. Doch unser Streben nach Qualit\u00e4t h\u00f6rt hier nicht auf, denn alle unsere Produkte durchlaufen jeweils mehr als 6 Konformit\u00e4ts- und Effizienzpr\u00fcfungen. Christian BRETON \u2013 \u00fcber 30 Jahre Erfahrung bei der gezielten Behandlung sensibler Gesichtspartien.<\/p>\n<blockquote>\n<p>Keine leeren Versprechungen! Mehr Wissenschaft f\u00fcr bessere Ergebnisse.<\/p>\n<\/blockquote>\n[\/vc_column_text][\/vc_column][vc_column width=&#8221;1\/3&#8243;][\/vc_column][\/vc_row][vc_row et_column_align=&#8221;align-center&#8221; equal_height=&#8221;yes&#8221; content_placement=&#8221;middle&#8221; el_class=&#8221;gzl-wideImg-1 hide-mob&#8221;][vc_column width=&#8221;2\/3&#8243;][vc_single_image image=&#8221;29905&#8243; img_size=&#8221;1000&#215;290&#8243; alignment=&#8221;center&#8221;][\/vc_column][vc_column width=&#8221;1\/3&#8243;][vc_single_image image=&#8221;29915&#8243; img_size=&#8221;290&#215;290&#8243; alignment=&#8221;center&#8221;][\/vc_column][\/vc_row][vc_row el_class=&#8221;spacing-xl bg-full black padding-xl spacing-xl-35-top&#8221; css=&#8221;.vc_custom_1640104467992{background-color: #000000 !important;}&#8221; el_id=&#8221;2&#8243;][vc_column][vc_column_text el_class=&#8221;gzl-cms-title-large color-white&#8221; css=&#8221;.vc_custom_1646218881765{margin-bottom: 0px !important;}&#8221;]\n<h2><strong>DERMATOLOGISCH UND OPHTHALMOLOGISCH GETESTET<\/strong><\/h2>\n[\/vc_column_text][\/vc_column][\/vc_row][vc_row][vc_column width=&#8221;2\/3&#8243;][vc_column_text]Weil uns Ihre Meinung wichtig ist und alle unsere Entwicklungen beeinflusst, werden unsere Produkte unter dermatologischer und augen\u00e4rztlicher Kontrolle an einer Versuchsgruppe von Frauen getestet. So berichten Sie uns Ihre Eindr\u00fccke, \u00e4u\u00dfern Ihre Bed\u00fcrfnisse und Erwartungen. Ein echtes Vertrauensverh\u00e4ltnis zwischen Ihnen und uns.[\/vc_column_text][\/vc_column][vc_column width=&#8221;1\/3&#8243;][\/vc_column][\/vc_row][vc_row et_column_align=&#8221;align-center&#8221; equal_height=&#8221;yes&#8221; content_placement=&#8221;middle&#8221; el_class=&#8221;gzl-wideImg-1 hide-mob&#8221;][vc_column width=&#8221;1\/3&#8243;][vc_single_image image=&#8221;29920&#8243; img_size=&#8221;290&#215;290&#8243; alignment=&#8221;center&#8221;][\/vc_column][vc_column width=&#8221;2\/3&#8243;][vc_single_image image=&#8221;29925&#8243; img_size=&#8221;1000&#215;290&#8243; alignment=&#8221;center&#8221;][\/vc_column][\/vc_row][vc_row el_class=&#8221;spacing-xl bg-full black padding-xl spacing-xl-35-top&#8221; css=&#8221;.vc_custom_1640104474784{background-color: #000000 !important;}&#8221; el_id=&#8221;3&#8243;][vc_column][vc_column_text el_class=&#8221;gzl-cms-title-large color-white&#8221; css=&#8221;.vc_custom_1646218899967{margin-bottom: 0px !important;}&#8221;]\n<h2>PATENTIERTE, WERTVOLLE, EFFIZIENTE, ABER TRANSPARENTE INHALTSSTOFFE<\/h2>\n[\/vc_column_text][\/vc_column][\/vc_row][vc_row][vc_column width=&#8221;2\/3&#8243;][vc_column_text]Wir verwenden ausschlie\u00dflich Wirkstoffe, die sorgf\u00e4ltig nach Wirksamkeit und Hautvertr\u00e4glichkeit ausgew\u00e4hlt wurden.<\/p>\n<p>Wir verpflichten uns, sofern unsere Pflegeformeln dies zulassen, nur reine Inhaltsstoffe zu verwenden.<\/p>\n<p>Sie finden die Zutatenlisten aller unserer Produkte auf der jeweiligen Produktseite auf Christianbreton.fr, und dies v\u00f6llig transparent.[\/vc_column_text][\/vc_column][vc_column width=&#8221;1\/3&#8243;][\/vc_column][\/vc_row][vc_row et_column_align=&#8221;align-center&#8221; equal_height=&#8221;yes&#8221; content_placement=&#8221;middle&#8221; el_class=&#8221;gzl-wideImg-1 hide-mob&#8221;][vc_column width=&#8221;2\/3&#8243;][vc_single_image image=&#8221;29986&#8243; img_size=&#8221;1000&#215;290&#8243; alignment=&#8221;center&#8221;][\/vc_column][vc_column width=&#8221;1\/3&#8243;][vc_single_image image=&#8221;29936&#8243; img_size=&#8221;290&#215;290&#8243; alignment=&#8221;center&#8221;][\/vc_column][\/vc_row][vc_row el_class=&#8221;spacing-xl bg-full black padding-xl spacing-xl-35-top&#8221; css=&#8221;.vc_custom_1640104482004{background-color: #000000 !important;}&#8221; el_id=&#8221;4&#8243;][vc_column][vc_column_text el_class=&#8221;gzl-cms-title-large color-white&#8221; css=&#8221;.vc_custom_1646218924358{margin-bottom: 0px !important;}&#8221;]\n<h2>NACHHALTIGE VERPACKUNG<\/h2>\n[\/vc_column_text][\/vc_column][\/vc_row][vc_row][vc_column width=&#8221;2\/3&#8243;][vc_column_text]Wir verwenden haupts\u00e4chlich unendlich recycelbare Glasverpackungen und unsere Kunststofftuben stammen aus recyceltem Kunststoff. Da wir aber wissen, dass man es immer besser machen kann, verzichten wir zudem auf \u00fcbersch\u00fcssige Karton- und Papierverpackungen rund um unsere Produkte.[\/vc_column_text][\/vc_column][vc_column width=&#8221;1\/3&#8243;][\/vc_column][\/vc_row][vc_row et_column_align=&#8221;align-center&#8221; equal_height=&#8221;yes&#8221; content_placement=&#8221;middle&#8221; el_class=&#8221;gzl-wideImg-1 spacing-xl-35-bottom hide-mob&#8221;][vc_column width=&#8221;2\/3&#8243;][vc_single_image image=&#8221;29981&#8243; img_size=&#8221;1000&#215;290&#8243; alignment=&#8221;center&#8221;][\/vc_column][vc_column width=&#8221;1\/3&#8243;][vc_single_image image=&#8221;29947&#8243; img_size=&#8221;290&#215;290&#8243; alignment=&#8221;center&#8221;][\/vc_column][\/vc_row]\n","protected":false},"excerpt":{"rendered":"<p>[vc_row el_class=&#8221;spacing-xl&#8221;][vc_column][vc_column_text el_class=&#8221;gzl-header-solo-title color-black&#8221;] UNSERE VERPFLICHTUNGEN [\/vc_column_text][vc_column_text]Unsere Verpflichtungen sind klar und bedingungslos: qualitativ hochwertige Produkte und sichtbare Ergebnisse![\/vc_column_text][\/vc_column][\/vc_row][vc_row el_class=&#8221;gzl-cms-blocMenu&#8221;][vc_column][\/vc_column][\/vc_row][vc_row el_class=&#8221;spacing-xl bg-full black padding-xl&#8221; css=&#8221;.vc_custom_1640104449516{background-color: #000000 !important;}&#8221; el_id=&#8221;1&#8243;][vc_column][vc_column_text el_class=&#8221;gzl-cms-title-large color-white&#8221; css=&#8221;.vc_custom_1646218859743{margin-bottom: 0px !important;}&#8221;] WISSENSCHAFT UND EFFIZIENZ VEREINEN [\/vc_column_text][\/vc_column][\/vc_row][vc_row][vc_column width=&#8221;2\/3&#8243;][vc_column_text]Alle unsere Pflegeformeln werden nach langj\u00e4hriger Laborforschung entwickelt und in regelm\u00e4\u00dfigen Abst\u00e4nden \u00fcberpr\u00fcft,&hellip;<\/p>\n","protected":false},"author":2,"featured_media":0,"parent":0,"menu_order":0,"comment_status":"closed","ping_status":"closed","template":"template-cms-menu.php","meta":{"footnotes":""},"class_list":["post-33158","page","type-page","status-publish","hentry"],"yoast_head":"<!-- This site is optimized with the Yoast SEO plugin v27.3 - https:\/\/yoast.com\/product\/yoast-seo-wordpress\/ -->\n<title>Unsere Verpflichtungen - CHRISTIAN BRETON<\/title>\n<meta name=\"robots\" content=\"index, follow, max-snippet:-1, max-image-preview:large, max-video-preview:-1\" \/>\n<link rel=\"canonical\" href=\"https:\/\/www.christian-breton.fr\/de\/nos-engagements\/\" \/>\n<meta property=\"og:locale\" content=\"de_DE\" \/>\n<meta property=\"og:type\" content=\"article\" \/>\n<meta property=\"og:title\" content=\"Unsere Verpflichtungen - CHRISTIAN BRETON\" \/>\n<meta property=\"og:description\" content=\"[vc_row el_class=&#8221;spacing-xl&#8221;][vc_column][vc_column_text el_class=&#8221;gzl-header-solo-title color-black&#8221;] UNSERE VERPFLICHTUNGEN [\/vc_column_text][vc_column_text]Unsere Verpflichtungen sind klar und bedingungslos: qualitativ hochwertige Produkte und sichtbare Ergebnisse![\/vc_column_text][\/vc_column][\/vc_row][vc_row el_class=&#8221;gzl-cms-blocMenu&#8221;][vc_column][\/vc_column][\/vc_row][vc_row el_class=&#8221;spacing-xl bg-full black padding-xl&#8221; css=&#8221;.vc_custom_1640104449516{background-color: #000000 !important;}&#8221; el_id=&#8221;1&#8243;][vc_column][vc_column_text el_class=&#8221;gzl-cms-title-large color-white&#8221; css=&#8221;.vc_custom_1646218859743{margin-bottom: 0px !important;}&#8221;] WISSENSCHAFT UND EFFIZIENZ VEREINEN [\/vc_column_text][\/vc_column][\/vc_row][vc_row][vc_column width=&#8221;2\/3&#8243;][vc_column_text]Alle unsere Pflegeformeln werden nach langj\u00e4hriger Laborforschung entwickelt und in regelm\u00e4\u00dfigen Abst\u00e4nden \u00fcberpr\u00fcft,&hellip;\" \/>\n<meta property=\"og:url\" content=\"https:\/\/www.christian-breton.fr\/de\/nos-engagements\/\" \/>\n<meta property=\"og:site_name\" content=\"CHRISTIAN BRETON\" \/>\n<meta property=\"article:publisher\" content=\"https:\/\/www.facebook.com\/christianbretonfrance\" \/>\n<meta property=\"article:modified_time\" content=\"2022-05-09T07:54:49+00:00\" \/>\n<meta name=\"twitter:card\" content=\"summary_large_image\" \/>\n<meta name=\"twitter:label1\" content=\"Gesch\u00e4tzte Lesezeit\" \/>\n\t<meta name=\"twitter:data1\" content=\"2\u00a0Minuten\" \/>\n<script type=\"application\/ld+json\" class=\"yoast-schema-graph\">{\"@context\":\"https:\\\/\\\/schema.org\",\"@graph\":[{\"@type\":\"WebPage\",\"@id\":\"https:\\\/\\\/www.christian-breton.fr\\\/de\\\/nos-engagements\\\/\",\"url\":\"https:\\\/\\\/www.christian-breton.fr\\\/de\\\/nos-engagements\\\/\",\"name\":\"Unsere Verpflichtungen - CHRISTIAN BRETON\",\"isPartOf\":{\"@id\":\"https:\\\/\\\/www.christian-breton.fr\\\/de\\\/#website\"},\"datePublished\":\"2021-12-14T10:27:38+00:00\",\"dateModified\":\"2022-05-09T07:54:49+00:00\",\"breadcrumb\":{\"@id\":\"https:\\\/\\\/www.christian-breton.fr\\\/de\\\/nos-engagements\\\/#breadcrumb\"},\"inLanguage\":\"de\",\"potentialAction\":[{\"@type\":\"ReadAction\",\"target\":[\"https:\\\/\\\/www.christian-breton.fr\\\/de\\\/nos-engagements\\\/\"]}]},{\"@type\":\"BreadcrumbList\",\"@id\":\"https:\\\/\\\/www.christian-breton.fr\\\/de\\\/nos-engagements\\\/#breadcrumb\",\"itemListElement\":[{\"@type\":\"ListItem\",\"position\":1,\"name\":\"Accueil\",\"item\":\"https:\\\/\\\/www.christian-breton.fr\\\/de\\\/\"},{\"@type\":\"ListItem\",\"position\":2,\"name\":\"Unsere Verpflichtungen\"}]},{\"@type\":\"WebSite\",\"@id\":\"https:\\\/\\\/www.christian-breton.fr\\\/de\\\/#website\",\"url\":\"https:\\\/\\\/www.christian-breton.fr\\\/de\\\/\",\"name\":\"CHRISTIAN BRETON\",\"description\":\"L&#039;Expert du Contour des Yeux\",\"publisher\":{\"@id\":\"https:\\\/\\\/www.christian-breton.fr\\\/de\\\/#organization\"},\"potentialAction\":[{\"@type\":\"SearchAction\",\"target\":{\"@type\":\"EntryPoint\",\"urlTemplate\":\"https:\\\/\\\/www.christian-breton.fr\\\/de\\\/?s={search_term_string}\"},\"query-input\":{\"@type\":\"PropertyValueSpecification\",\"valueRequired\":true,\"valueName\":\"search_term_string\"}}],\"inLanguage\":\"de\"},{\"@type\":\"Organization\",\"@id\":\"https:\\\/\\\/www.christian-breton.fr\\\/de\\\/#organization\",\"name\":\"CHRISTIAN BRETON\",\"url\":\"https:\\\/\\\/www.christian-breton.fr\\\/de\\\/\",\"logo\":{\"@type\":\"ImageObject\",\"inLanguage\":\"de\",\"@id\":\"https:\\\/\\\/www.christian-breton.fr\\\/de\\\/#\\\/schema\\\/logo\\\/image\\\/\",\"url\":\"https:\\\/\\\/www.christian-breton.fr\\\/wp-content\\\/uploads\\\/2022\\\/05\\\/Christian-Breton-Logo-fond-noir-scaled.jpg\",\"contentUrl\":\"https:\\\/\\\/www.christian-breton.fr\\\/wp-content\\\/uploads\\\/2022\\\/05\\\/Christian-Breton-Logo-fond-noir-scaled.jpg\",\"width\":2560,\"height\":2560,\"caption\":\"CHRISTIAN BRETON\"},\"image\":{\"@id\":\"https:\\\/\\\/www.christian-breton.fr\\\/de\\\/#\\\/schema\\\/logo\\\/image\\\/\"},\"sameAs\":[\"https:\\\/\\\/www.facebook.com\\\/christianbretonfrance\",\"https:\\\/\\\/www.instagram.com\\\/christianbreton_paris\\\/\"]}]}<\/script>\n<!-- \/ Yoast SEO plugin. -->","yoast_head_json":{"title":"Unsere Verpflichtungen - CHRISTIAN BRETON","robots":{"index":"index","follow":"follow","max-snippet":"max-snippet:-1","max-image-preview":"max-image-preview:large","max-video-preview":"max-video-preview:-1"},"canonical":"https:\/\/www.christian-breton.fr\/de\/nos-engagements\/","og_locale":"de_DE","og_type":"article","og_title":"Unsere Verpflichtungen - CHRISTIAN BRETON","og_description":"[vc_row el_class=&#8221;spacing-xl&#8221;][vc_column][vc_column_text el_class=&#8221;gzl-header-solo-title color-black&#8221;] UNSERE VERPFLICHTUNGEN [\/vc_column_text][vc_column_text]Unsere Verpflichtungen sind klar und bedingungslos: qualitativ hochwertige Produkte und sichtbare Ergebnisse![\/vc_column_text][\/vc_column][\/vc_row][vc_row el_class=&#8221;gzl-cms-blocMenu&#8221;][vc_column][\/vc_column][\/vc_row][vc_row el_class=&#8221;spacing-xl bg-full black padding-xl&#8221; css=&#8221;.vc_custom_1640104449516{background-color: #000000 !important;}&#8221; el_id=&#8221;1&#8243;][vc_column][vc_column_text el_class=&#8221;gzl-cms-title-large color-white&#8221; css=&#8221;.vc_custom_1646218859743{margin-bottom: 0px !important;}&#8221;] WISSENSCHAFT UND EFFIZIENZ VEREINEN [\/vc_column_text][\/vc_column][\/vc_row][vc_row][vc_column width=&#8221;2\/3&#8243;][vc_column_text]Alle unsere Pflegeformeln werden nach langj\u00e4hriger Laborforschung entwickelt und in regelm\u00e4\u00dfigen Abst\u00e4nden \u00fcberpr\u00fcft,&hellip;","og_url":"https:\/\/www.christian-breton.fr\/de\/nos-engagements\/","og_site_name":"CHRISTIAN BRETON","article_publisher":"https:\/\/www.facebook.com\/christianbretonfrance","article_modified_time":"2022-05-09T07:54:49+00:00","twitter_card":"summary_large_image","twitter_misc":{"Gesch\u00e4tzte Lesezeit":"2\u00a0Minuten"},"schema":{"@context":"https:\/\/schema.org","@graph":[{"@type":"WebPage","@id":"https:\/\/www.christian-breton.fr\/de\/nos-engagements\/","url":"https:\/\/www.christian-breton.fr\/de\/nos-engagements\/","name":"Unsere Verpflichtungen - CHRISTIAN BRETON","isPartOf":{"@id":"https:\/\/www.christian-breton.fr\/de\/#website"},"datePublished":"2021-12-14T10:27:38+00:00","dateModified":"2022-05-09T07:54:49+00:00","breadcrumb":{"@id":"https:\/\/www.christian-breton.fr\/de\/nos-engagements\/#breadcrumb"},"inLanguage":"de","potentialAction":[{"@type":"ReadAction","target":["https:\/\/www.christian-breton.fr\/de\/nos-engagements\/"]}]},{"@type":"BreadcrumbList","@id":"https:\/\/www.christian-breton.fr\/de\/nos-engagements\/#breadcrumb","itemListElement":[{"@type":"ListItem","position":1,"name":"Accueil","item":"https:\/\/www.christian-breton.fr\/de\/"},{"@type":"ListItem","position":2,"name":"Unsere Verpflichtungen"}]},{"@type":"WebSite","@id":"https:\/\/www.christian-breton.fr\/de\/#website","url":"https:\/\/www.christian-breton.fr\/de\/","name":"CHRISTIAN BRETON","description":"L&#039;Expert du Contour des Yeux","publisher":{"@id":"https:\/\/www.christian-breton.fr\/de\/#organization"},"potentialAction":[{"@type":"SearchAction","target":{"@type":"EntryPoint","urlTemplate":"https:\/\/www.christian-breton.fr\/de\/?s={search_term_string}"},"query-input":{"@type":"PropertyValueSpecification","valueRequired":true,"valueName":"search_term_string"}}],"inLanguage":"de"},{"@type":"Organization","@id":"https:\/\/www.christian-breton.fr\/de\/#organization","name":"CHRISTIAN BRETON","url":"https:\/\/www.christian-breton.fr\/de\/","logo":{"@type":"ImageObject","inLanguage":"de","@id":"https:\/\/www.christian-breton.fr\/de\/#\/schema\/logo\/image\/","url":"https:\/\/www.christian-breton.fr\/wp-content\/uploads\/2022\/05\/Christian-Breton-Logo-fond-noir-scaled.jpg","contentUrl":"https:\/\/www.christian-breton.fr\/wp-content\/uploads\/2022\/05\/Christian-Breton-Logo-fond-noir-scaled.jpg","width":2560,"height":2560,"caption":"CHRISTIAN BRETON"},"image":{"@id":"https:\/\/www.christian-breton.fr\/de\/#\/schema\/logo\/image\/"},"sameAs":["https:\/\/www.facebook.com\/christianbretonfrance","https:\/\/www.instagram.com\/christianbreton_paris\/"]}]}},"_links":{"self":[{"href":"https:\/\/www.christian-breton.fr\/de\/wp-json\/wp\/v2\/pages\/33158","targetHints":{"allow":["GET"]}}],"collection":[{"href":"https:\/\/www.christian-breton.fr\/de\/wp-json\/wp\/v2\/pages"}],"about":[{"href":"https:\/\/www.christian-breton.fr\/de\/wp-json\/wp\/v2\/types\/page"}],"author":[{"embeddable":true,"href":"https:\/\/www.christian-breton.fr\/de\/wp-json\/wp\/v2\/users\/2"}],"replies":[{"embeddable":true,"href":"https:\/\/www.christian-breton.fr\/de\/wp-json\/wp\/v2\/comments?post=33158"}],"version-history":[{"count":0,"href":"https:\/\/www.christian-breton.fr\/de\/wp-json\/wp\/v2\/pages\/33158\/revisions"}],"wp:attachment":[{"href":"https:\/\/www.christian-breton.fr\/de\/wp-json\/wp\/v2\/media?parent=33158"}],"curies":[{"name":"wp","href":"https:\/\/api.w.org\/{rel}","templated":true}]}}