{"id":33207,"date":"2021-12-22T12:29:00","date_gmt":"2021-12-22T11:29:00","guid":{"rendered":"https:\/\/cb.agencegazelle.com\/faq-2\/"},"modified":"2022-03-02T14:12:25","modified_gmt":"2022-03-02T13:12:25","slug":"faq-all","status":"publish","type":"page","link":"https:\/\/www.christian-breton.fr\/de\/faq-all\/","title":{"rendered":"FAQ"},"content":{"rendered":"[vc_row c_align=&#8221;left&#8221; autoplay=&#8221;none&#8221; collapsible_all=&#8221;&#8221; c_icon=&#8221;plus&#8221; c_position=&#8221;left&#8221; active_section=&#8221;1&#8243; animation=&#8221;&#8221; style=&#8221;style2&#8243;][vc_column][vc_tta_accordion active_section=&#8221;1&#8243; style=&#8221;style2&#8243;][vc_tta_section i_icon_fontawesome=&#8221;fas fa-sync-alt&#8221; add_icon=&#8221;true&#8221; title=&#8221;UMTAUSCH UND R\u00dcCKERSTATTUNG&#8221; tab_id=&#8221;1644915745422-436794ce-bd72&#8243;][vc_column_text]Wenn Sie mit einem Kauf nicht ganz zufrieden sind, k\u00f6nnen Sie Ihr Produkt innerhalb von zwei Wochen ab dem Datum des Erhalts Ihrer Bestellung* ganz einfach umtauschen oder zur\u00fcckgeben. Das Produkt muss unbesch\u00e4digt sein, in seinem Originalzustand, in der Verpackung, mit Zubeh\u00f6r und der Bedienungsanleitung. Es darf nicht benutzt worden sein.<\/p>\n<ol>\n<li>BEREITEN SIE IHR PRODUKT F\u00dcR DIE R\u00dcCKSENDUNG VOR:<br \/>\nVerpacken Sie es so gut wie m\u00f6glich, damit es w\u00e4hrend des Transports gesch\u00fctzt ist, idealerweise im Originalpaket,<br \/>\nF\u00fcllen Sie den R\u00fccksendeschein (der in Ihrem Paket enthalten ist) aus und legen Sie ihn zusammen mit Ihrem Produkt ein.<\/li>\n<li>SENDEN SIE IHR PAKET AN DIE FOLGENDE ADRESSE:<br \/>\nINTERPRESTIGE \/ CHRISTIAN BRETON<br \/>\n14 RUE CAMILLE DESMOULINS<br \/>\n95870 BEZONS FRANKREICH<br \/>\nAchtung: Die Kosten f\u00fcr die R\u00fccksendung gehen zu Ihren Lasten.<\/li>\n<li>BEI EINGANG IHRES PAKETS BEI CHRISTIAN BRETON :<br \/>\nDas Produkt wird \u00fcberpr\u00fcft.<br \/>\nWenn es die Bedingungen f\u00fcr eine R\u00fccksendung erf\u00fcllt, erstatten wir Ihnen den Kaufpreis \u00fcber die urspr\u00fcngliche Zahlungsmethode oder erstellen eine Gutschrift.<\/li>\n<\/ol>\n[\/vc_column_text][\/vc_tta_section][vc_tta_section i_icon_fontawesome=&#8221;fas fa-box-open&#8221; add_icon=&#8221;true&#8221; title=&#8221;VERSAND VON BESTELLUNGEN&#8221; tab_id=&#8221;1644915745425-99f3613c-834e&#8221;][vc_column_text]F\u00fcr jede Bestellung auf unserer Website kostet der Standard- und Colissimo-Versand 5,40 \u20ac oder kostenlos ab einem Einkaufswert von 60 \u20ac innerhalb Frankreichs und kostet 9,95 \u20ac f\u00fcr alle Lieferungen in die Europ\u00e4ische Union und 25 \u20ac f\u00fcr den Rest der Welt.[\/vc_column_text][\/vc_tta_section][vc_tta_section i_icon_fontawesome=&#8221;fas fa-map-marker-alt&#8221; add_icon=&#8221;true&#8221; title=&#8221;WIE ERFAHRE ICH DEN STATUS MEINER BESTELLUNG?&#8221; tab_id=&#8221;1644915942962-601a5ca6-f291&#8243;][vc_column_text]Um Ihre Bestellung zu verfolgen, loggen Sie sich in Ihr Kundenkonto ein, wo Sie Ihre Tracking-Nummer finden.<br \/>\nBeim Versand Ihrer Bestellung erhalten Sie au\u00dferdem eine E-Mail mit der Trackingnummer.[\/vc_column_text][\/vc_tta_section][vc_tta_section i_icon_fontawesome=&#8221;fas fa-credit-card&#8221; add_icon=&#8221;true&#8221; title=&#8221;ZAHLUNGSMETHODEN&#8221; tab_id=&#8221;1644924146034-2b332b6d-1dc2&#8243;][vc_column_text]ONLINE-ZAHLUNG PER KREDITKARTE<br \/>\nEs werden nur Karten akzeptiert, die von einem Bank- oder Finanzinstitut mit Sitz in der Europ\u00e4ischen Union oder in Monaco ausgestellt wurden.<br \/>\nIhre Bankdaten werden verschl\u00fcsselt (SSL-Modus) und sind Christian BRETON niemals bekannt oder werden von ihm gespeichert. Die auf der Website von Christian BRETON get\u00e4tigten Zahlungen werden sicher an den Zahlungspartner weitergeleitet. Carte Bleue, Visa, Mastercard und American Express werden auf der Website akzeptiert.<br \/>\nSie werden erst belastet, wenn die Bestellung an Sie versendet wird.<\/p>\n<p>ZAHLUNG PER PAYPAL[\/vc_column_text][\/vc_tta_section][vc_tta_section i_icon_fontawesome=&#8221;fas fa-globe-europe&#8221; add_icon=&#8221;true&#8221; title=&#8221;WO WERDEN UNSERE PRODUKTE HERGESTELLT?&#8221; tab_id=&#8221;1644924286044-eec23348-b020&#8243;][vc_column_text]Alle unsere Produkte werden in Frankreich hergestellt, mit Ausnahme der Pflaster und Masken, die in Korea hergestellt werden.[\/vc_column_text][\/vc_tta_section][vc_tta_section i_icon_fontawesome=&#8221;fas fa-recycle&#8221; add_icon=&#8221;true&#8221; title=&#8221;SIND UNSERE SCHACHTELN UND FLAKONS RECYCELBAR?&#8221; tab_id=&#8221;1644924325892-61cf92c0-5c86&#8243;][vc_column_text]Alle unsere Schachteln bestehen aus recycelbaren Kartons.<br \/>\nWir bevorzugen auch Glasflaschen, die lebenslang recycelbar sind.<br \/>\nUnsere Plastiktuben sind ebenfalls recycelbar.[\/vc_column_text][\/vc_tta_section][vc_tta_section i_icon_fontawesome=&#8221;fas fa-hourglass-end&#8221; add_icon=&#8221;true&#8221; title=&#8221;WIE LANGE KANN ICH MEINE CHRISTIAN BRETON-PRODUKTE NACH DEM \u00d6FFNEN AUFBEWAHREN?&#8221; tab_id=&#8221;1644924378268-e638f20f-5bb8&#8243;][vc_column_text]Die Haltbarkeitsdauer nach dem \u00d6ffnen variiert je nach Produkt zwischen 6 und 12 Monaten. Sie ist auf jeder Flasche und jeder Schachtel Ihrer Produkte angegeben.[\/vc_column_text][\/vc_tta_section][vc_tta_section i_icon_fontawesome=&#8221;fas fa-question&#8221; add_icon=&#8221;true&#8221; title=&#8221;WIE KANN ICH WISSEN, WELCHE PRODUKTE F\u00dcR MEINE HAUT AM BESTEN GEEIGNET SIND?&#8221; tab_id=&#8221;1644924439564-f7db8cc3-3b48&#8243;][vc_column_text]Um Sie optimal beraten und Ihnen Ihre pers\u00f6nliche Pflegeroutine zusammenstellen zu k\u00f6nnen, laden wir Sie ein, unsere Hautdiagnose durchzuf\u00fchren.[\/vc_column_text][\/vc_tta_section][\/vc_tta_accordion][\/vc_column][\/vc_row]\n","protected":false},"excerpt":{"rendered":"<p>[vc_row c_align=&#8221;left&#8221; autoplay=&#8221;none&#8221; collapsible_all=&#8221;&#8221; c_icon=&#8221;plus&#8221; c_position=&#8221;left&#8221; active_section=&#8221;1&#8243; animation=&#8221;&#8221; style=&#8221;style2&#8243;][vc_column][vc_tta_accordion active_section=&#8221;1&#8243; style=&#8221;style2&#8243;][vc_tta_section i_icon_fontawesome=&#8221;fas fa-sync-alt&#8221; add_icon=&#8221;true&#8221; title=&#8221;UMTAUSCH UND R\u00dcCKERSTATTUNG&#8221; tab_id=&#8221;1644915745422-436794ce-bd72&#8243;][vc_column_text]Wenn Sie mit einem Kauf nicht ganz zufrieden sind, k\u00f6nnen Sie Ihr Produkt innerhalb von zwei Wochen ab dem Datum des Erhalts Ihrer Bestellung* ganz einfach umtauschen oder zur\u00fcckgeben. Das Produkt muss unbesch\u00e4digt&hellip;<\/p>\n","protected":false},"author":2,"featured_media":0,"parent":0,"menu_order":0,"comment_status":"closed","ping_status":"closed","template":"","meta":{"footnotes":""},"class_list":["post-33207","page","type-page","status-publish","hentry"],"yoast_head":"<!-- This site is optimized with the Yoast SEO plugin v27.3 - https:\/\/yoast.com\/product\/yoast-seo-wordpress\/ -->\n<title>FAQ - CHRISTIAN BRETON<\/title>\n<meta name=\"robots\" content=\"index, follow, max-snippet:-1, max-image-preview:large, max-video-preview:-1\" \/>\n<link rel=\"canonical\" href=\"https:\/\/www.christian-breton.fr\/de\/faq-all\/\" \/>\n<meta property=\"og:locale\" content=\"de_DE\" \/>\n<meta property=\"og:type\" content=\"article\" \/>\n<meta property=\"og:title\" content=\"FAQ - CHRISTIAN BRETON\" \/>\n<meta property=\"og:description\" content=\"[vc_row c_align=&#8221;left&#8221; autoplay=&#8221;none&#8221; collapsible_all=&#8221;&#8221; c_icon=&#8221;plus&#8221; c_position=&#8221;left&#8221; active_section=&#8221;1&#8243; animation=&#8221;&#8221; style=&#8221;style2&#8243;][vc_column][vc_tta_accordion active_section=&#8221;1&#8243; style=&#8221;style2&#8243;][vc_tta_section i_icon_fontawesome=&#8221;fas fa-sync-alt&#8221; add_icon=&#8221;true&#8221; title=&#8221;UMTAUSCH UND R\u00dcCKERSTATTUNG&#8221; tab_id=&#8221;1644915745422-436794ce-bd72&#8243;][vc_column_text]Wenn Sie mit einem Kauf nicht ganz zufrieden sind, k\u00f6nnen Sie Ihr Produkt innerhalb von zwei Wochen ab dem Datum des Erhalts Ihrer Bestellung* ganz einfach umtauschen oder zur\u00fcckgeben. Das Produkt muss unbesch\u00e4digt&hellip;\" \/>\n<meta property=\"og:url\" content=\"https:\/\/www.christian-breton.fr\/de\/faq-all\/\" \/>\n<meta property=\"og:site_name\" content=\"CHRISTIAN BRETON\" \/>\n<meta property=\"article:publisher\" content=\"https:\/\/www.facebook.com\/christianbretonfrance\" \/>\n<meta property=\"article:modified_time\" content=\"2022-03-02T13:12:25+00:00\" \/>\n<meta name=\"twitter:card\" content=\"summary_large_image\" \/>\n<meta name=\"twitter:label1\" content=\"Gesch\u00e4tzte Lesezeit\" \/>\n\t<meta name=\"twitter:data1\" content=\"3\u00a0Minuten\" \/>\n<script type=\"application\/ld+json\" class=\"yoast-schema-graph\">{\"@context\":\"https:\\\/\\\/schema.org\",\"@graph\":[{\"@type\":\"WebPage\",\"@id\":\"https:\\\/\\\/www.christian-breton.fr\\\/de\\\/faq-all\\\/\",\"url\":\"https:\\\/\\\/www.christian-breton.fr\\\/de\\\/faq-all\\\/\",\"name\":\"FAQ - CHRISTIAN BRETON\",\"isPartOf\":{\"@id\":\"https:\\\/\\\/www.christian-breton.fr\\\/de\\\/#website\"},\"datePublished\":\"2021-12-22T11:29:00+00:00\",\"dateModified\":\"2022-03-02T13:12:25+00:00\",\"breadcrumb\":{\"@id\":\"https:\\\/\\\/www.christian-breton.fr\\\/de\\\/faq-all\\\/#breadcrumb\"},\"inLanguage\":\"de\",\"potentialAction\":[{\"@type\":\"ReadAction\",\"target\":[\"https:\\\/\\\/www.christian-breton.fr\\\/de\\\/faq-all\\\/\"]}]},{\"@type\":\"BreadcrumbList\",\"@id\":\"https:\\\/\\\/www.christian-breton.fr\\\/de\\\/faq-all\\\/#breadcrumb\",\"itemListElement\":[{\"@type\":\"ListItem\",\"position\":1,\"name\":\"Accueil\",\"item\":\"https:\\\/\\\/www.christian-breton.fr\\\/de\\\/\"},{\"@type\":\"ListItem\",\"position\":2,\"name\":\"FAQ\"}]},{\"@type\":\"WebSite\",\"@id\":\"https:\\\/\\\/www.christian-breton.fr\\\/de\\\/#website\",\"url\":\"https:\\\/\\\/www.christian-breton.fr\\\/de\\\/\",\"name\":\"CHRISTIAN BRETON\",\"description\":\"L&#039;Expert du Contour des Yeux\",\"publisher\":{\"@id\":\"https:\\\/\\\/www.christian-breton.fr\\\/de\\\/#organization\"},\"potentialAction\":[{\"@type\":\"SearchAction\",\"target\":{\"@type\":\"EntryPoint\",\"urlTemplate\":\"https:\\\/\\\/www.christian-breton.fr\\\/de\\\/?s={search_term_string}\"},\"query-input\":{\"@type\":\"PropertyValueSpecification\",\"valueRequired\":true,\"valueName\":\"search_term_string\"}}],\"inLanguage\":\"de\"},{\"@type\":\"Organization\",\"@id\":\"https:\\\/\\\/www.christian-breton.fr\\\/de\\\/#organization\",\"name\":\"CHRISTIAN BRETON\",\"url\":\"https:\\\/\\\/www.christian-breton.fr\\\/de\\\/\",\"logo\":{\"@type\":\"ImageObject\",\"inLanguage\":\"de\",\"@id\":\"https:\\\/\\\/www.christian-breton.fr\\\/de\\\/#\\\/schema\\\/logo\\\/image\\\/\",\"url\":\"https:\\\/\\\/www.christian-breton.fr\\\/wp-content\\\/uploads\\\/2022\\\/05\\\/Christian-Breton-Logo-fond-noir-scaled.jpg\",\"contentUrl\":\"https:\\\/\\\/www.christian-breton.fr\\\/wp-content\\\/uploads\\\/2022\\\/05\\\/Christian-Breton-Logo-fond-noir-scaled.jpg\",\"width\":2560,\"height\":2560,\"caption\":\"CHRISTIAN BRETON\"},\"image\":{\"@id\":\"https:\\\/\\\/www.christian-breton.fr\\\/de\\\/#\\\/schema\\\/logo\\\/image\\\/\"},\"sameAs\":[\"https:\\\/\\\/www.facebook.com\\\/christianbretonfrance\",\"https:\\\/\\\/www.instagram.com\\\/christianbreton_paris\\\/\"]}]}<\/script>\n<!-- \/ Yoast SEO plugin. -->","yoast_head_json":{"title":"FAQ - CHRISTIAN BRETON","robots":{"index":"index","follow":"follow","max-snippet":"max-snippet:-1","max-image-preview":"max-image-preview:large","max-video-preview":"max-video-preview:-1"},"canonical":"https:\/\/www.christian-breton.fr\/de\/faq-all\/","og_locale":"de_DE","og_type":"article","og_title":"FAQ - CHRISTIAN BRETON","og_description":"[vc_row c_align=&#8221;left&#8221; autoplay=&#8221;none&#8221; collapsible_all=&#8221;&#8221; c_icon=&#8221;plus&#8221; c_position=&#8221;left&#8221; active_section=&#8221;1&#8243; animation=&#8221;&#8221; style=&#8221;style2&#8243;][vc_column][vc_tta_accordion active_section=&#8221;1&#8243; style=&#8221;style2&#8243;][vc_tta_section i_icon_fontawesome=&#8221;fas fa-sync-alt&#8221; add_icon=&#8221;true&#8221; title=&#8221;UMTAUSCH UND R\u00dcCKERSTATTUNG&#8221; tab_id=&#8221;1644915745422-436794ce-bd72&#8243;][vc_column_text]Wenn Sie mit einem Kauf nicht ganz zufrieden sind, k\u00f6nnen Sie Ihr Produkt innerhalb von zwei Wochen ab dem Datum des Erhalts Ihrer Bestellung* ganz einfach umtauschen oder zur\u00fcckgeben. Das Produkt muss unbesch\u00e4digt&hellip;","og_url":"https:\/\/www.christian-breton.fr\/de\/faq-all\/","og_site_name":"CHRISTIAN BRETON","article_publisher":"https:\/\/www.facebook.com\/christianbretonfrance","article_modified_time":"2022-03-02T13:12:25+00:00","twitter_card":"summary_large_image","twitter_misc":{"Gesch\u00e4tzte Lesezeit":"3\u00a0Minuten"},"schema":{"@context":"https:\/\/schema.org","@graph":[{"@type":"WebPage","@id":"https:\/\/www.christian-breton.fr\/de\/faq-all\/","url":"https:\/\/www.christian-breton.fr\/de\/faq-all\/","name":"FAQ - CHRISTIAN BRETON","isPartOf":{"@id":"https:\/\/www.christian-breton.fr\/de\/#website"},"datePublished":"2021-12-22T11:29:00+00:00","dateModified":"2022-03-02T13:12:25+00:00","breadcrumb":{"@id":"https:\/\/www.christian-breton.fr\/de\/faq-all\/#breadcrumb"},"inLanguage":"de","potentialAction":[{"@type":"ReadAction","target":["https:\/\/www.christian-breton.fr\/de\/faq-all\/"]}]},{"@type":"BreadcrumbList","@id":"https:\/\/www.christian-breton.fr\/de\/faq-all\/#breadcrumb","itemListElement":[{"@type":"ListItem","position":1,"name":"Accueil","item":"https:\/\/www.christian-breton.fr\/de\/"},{"@type":"ListItem","position":2,"name":"FAQ"}]},{"@type":"WebSite","@id":"https:\/\/www.christian-breton.fr\/de\/#website","url":"https:\/\/www.christian-breton.fr\/de\/","name":"CHRISTIAN BRETON","description":"L&#039;Expert du Contour des Yeux","publisher":{"@id":"https:\/\/www.christian-breton.fr\/de\/#organization"},"potentialAction":[{"@type":"SearchAction","target":{"@type":"EntryPoint","urlTemplate":"https:\/\/www.christian-breton.fr\/de\/?s={search_term_string}"},"query-input":{"@type":"PropertyValueSpecification","valueRequired":true,"valueName":"search_term_string"}}],"inLanguage":"de"},{"@type":"Organization","@id":"https:\/\/www.christian-breton.fr\/de\/#organization","name":"CHRISTIAN BRETON","url":"https:\/\/www.christian-breton.fr\/de\/","logo":{"@type":"ImageObject","inLanguage":"de","@id":"https:\/\/www.christian-breton.fr\/de\/#\/schema\/logo\/image\/","url":"https:\/\/www.christian-breton.fr\/wp-content\/uploads\/2022\/05\/Christian-Breton-Logo-fond-noir-scaled.jpg","contentUrl":"https:\/\/www.christian-breton.fr\/wp-content\/uploads\/2022\/05\/Christian-Breton-Logo-fond-noir-scaled.jpg","width":2560,"height":2560,"caption":"CHRISTIAN BRETON"},"image":{"@id":"https:\/\/www.christian-breton.fr\/de\/#\/schema\/logo\/image\/"},"sameAs":["https:\/\/www.facebook.com\/christianbretonfrance","https:\/\/www.instagram.com\/christianbreton_paris\/"]}]}},"_links":{"self":[{"href":"https:\/\/www.christian-breton.fr\/de\/wp-json\/wp\/v2\/pages\/33207","targetHints":{"allow":["GET"]}}],"collection":[{"href":"https:\/\/www.christian-breton.fr\/de\/wp-json\/wp\/v2\/pages"}],"about":[{"href":"https:\/\/www.christian-breton.fr\/de\/wp-json\/wp\/v2\/types\/page"}],"author":[{"embeddable":true,"href":"https:\/\/www.christian-breton.fr\/de\/wp-json\/wp\/v2\/users\/2"}],"replies":[{"embeddable":true,"href":"https:\/\/www.christian-breton.fr\/de\/wp-json\/wp\/v2\/comments?post=33207"}],"version-history":[{"count":0,"href":"https:\/\/www.christian-breton.fr\/de\/wp-json\/wp\/v2\/pages\/33207\/revisions"}],"wp:attachment":[{"href":"https:\/\/www.christian-breton.fr\/de\/wp-json\/wp\/v2\/media?parent=33207"}],"curies":[{"name":"wp","href":"https:\/\/api.w.org\/{rel}","templated":true}]}}