{"id":35799,"date":"2022-03-14T09:58:05","date_gmt":"2022-03-14T08:58:05","guid":{"rendered":"https:\/\/cb.agencegazelle.com\/nous-nous-engageons-v2\/"},"modified":"2022-03-18T11:26:21","modified_gmt":"2022-03-18T10:26:21","slug":"nous-nous-engageons-v2","status":"publish","type":"page","link":"https:\/\/www.christian-breton.fr\/de\/nous-nous-engageons-v2\/","title":{"rendered":"Wir zeigen Engagement"},"content":{"rendered":"[vc_row et_full_width=&#8221;true&#8221; content_placement=&#8221;middle&#8221;][vc_column animation=&#8221;animation bottom-to-top&#8221; offset=&#8221;vc_col-lg-offset-1 vc_col-lg-4 vc_hidden-sm vc_hidden-xs&#8221; css=&#8221;.vc_custom_1647592686422{padding-top: 160px !important;}&#8221;][vc_empty_space height=&#8221;160px&#8221;][\/vc_column][\/vc_row][vc_row et_full_width=&#8221;true&#8221; content_placement=&#8221;middle&#8221; css=&#8221;.vc_custom_1647592744822{padding-bottom: 80px !important;}&#8221;][vc_column animation=&#8221;animation bottom-to-top&#8221; offset=&#8221;vc_col-lg-offset-1 vc_col-lg-4&#8243; css=&#8221;.vc_custom_1647593841759{padding-top: 20px !important;}&#8221;][vc_column_text css=&#8221;.vc_custom_1647595236164{margin-bottom: 80px !important;}&#8221;]\n<h1>CHRISTIAN BRETON engagiert sich<\/h1>\n<h4>f\u00fcr lokale Akteure, die sich dem Schutz des Mittelmeeres verschrieben haben.<\/h4>\n[\/vc_column_text]\t<div id=\"et-image-508\" class=\"et-image     et_image_link\">\n\t\t<div class=\"et-image-inner \">\n\t\t\t\t\t\t\t<div class=\"et-image-thumb \">\n\t\t\t\t\t<img decoding=\"async\" width=\"2303\" height=\"2560\" src=\"https:\/\/www.christian-breton.fr\/wp-content\/uploads\/2022\/03\/IMG_20220222_094558-2-scaled.jpg\" class=\"attachment-full size-full\" alt=\"Fonds bleus association nettoyage des fonds de mer\" srcset=\"https:\/\/www.christian-breton.fr\/wp-content\/uploads\/2022\/03\/IMG_20220222_094558-2-scaled.jpg 2303w, https:\/\/www.christian-breton.fr\/wp-content\/uploads\/2022\/03\/IMG_20220222_094558-2-270x300.jpg 270w, https:\/\/www.christian-breton.fr\/wp-content\/uploads\/2022\/03\/IMG_20220222_094558-2-921x1024.jpg 921w, https:\/\/www.christian-breton.fr\/wp-content\/uploads\/2022\/03\/IMG_20220222_094558-2-768x854.jpg 768w, https:\/\/www.christian-breton.fr\/wp-content\/uploads\/2022\/03\/IMG_20220222_094558-2-86x96.jpg 86w, https:\/\/www.christian-breton.fr\/wp-content\/uploads\/2022\/03\/IMG_20220222_094558-2-38x42.jpg 38w, https:\/\/www.christian-breton.fr\/wp-content\/uploads\/2022\/03\/IMG_20220222_094558-2-1382x1536.jpg 1382w, https:\/\/www.christian-breton.fr\/wp-content\/uploads\/2022\/03\/IMG_20220222_094558-2-1842x2048.jpg 1842w, https:\/\/www.christian-breton.fr\/wp-content\/uploads\/2022\/03\/IMG_20220222_094558-2-135x150.jpg 135w, https:\/\/www.christian-breton.fr\/wp-content\/uploads\/2022\/03\/IMG_20220222_094558-2-600x667.jpg 600w, https:\/\/www.christian-breton.fr\/wp-content\/uploads\/2022\/03\/IMG_20220222_094558-2-900x1001.jpg 900w\" sizes=\"(max-width: 2303px) 100vw, 2303px\" \/>\t\t\t\t<\/div>\n\t\t\t\t\t\t\t\t\t\t\t<\/div>\n\t<\/div>\n  [\/vc_column][vc_column et_column_color=&#8221;et-light-column&#8221; animation=&#8221;animation top-to-bottom&#8221; offset=&#8221;vc_col-lg-offset-1 vc_col-lg-5 vc_hidden-sm vc_hidden-xs&#8221; css=&#8221;.vc_custom_1647593805384{margin-top: -220px !important;}&#8221;]\r\n\t\t<div class=\"et-banner-69e34623ba092 et-banner content-full  image-type-fluid text-color-light hover-effect hover-zoom \"><img decoding=\"async\" width=\"1745\" height=\"2434\" src=\"https:\/\/www.christian-breton.fr\/wp-content\/uploads\/2022\/03\/IMG_9431-3.jpg\" class=\"attachment-200x500 size-200x500\" alt=\"\" srcset=\"https:\/\/www.christian-breton.fr\/wp-content\/uploads\/2022\/03\/IMG_9431-3.jpg 1745w, https:\/\/www.christian-breton.fr\/wp-content\/uploads\/2022\/03\/IMG_9431-3-215x300.jpg 215w, https:\/\/www.christian-breton.fr\/wp-content\/uploads\/2022\/03\/IMG_9431-3-734x1024.jpg 734w, https:\/\/www.christian-breton.fr\/wp-content\/uploads\/2022\/03\/IMG_9431-3-768x1071.jpg 768w, https:\/\/www.christian-breton.fr\/wp-content\/uploads\/2022\/03\/IMG_9431-3-69x96.jpg 69w, https:\/\/www.christian-breton.fr\/wp-content\/uploads\/2022\/03\/IMG_9431-3-30x42.jpg 30w, https:\/\/www.christian-breton.fr\/wp-content\/uploads\/2022\/03\/IMG_9431-3-1101x1536.jpg 1101w, https:\/\/www.christian-breton.fr\/wp-content\/uploads\/2022\/03\/IMG_9431-3-1468x2048.jpg 1468w, https:\/\/www.christian-breton.fr\/wp-content\/uploads\/2022\/03\/IMG_9431-3-108x150.jpg 108w, https:\/\/www.christian-breton.fr\/wp-content\/uploads\/2022\/03\/IMG_9431-3-600x837.jpg 600w, https:\/\/www.christian-breton.fr\/wp-content\/uploads\/2022\/03\/IMG_9431-3-900x1255.jpg 900w\" sizes=\"(max-width: 1745px) 100vw, 1745px\" \/>\r\n\t\t<\/div>[\/vc_column][\/vc_row][vc_row et_full_width=&#8221;true&#8221; et_column_align=&#8221;align-center&#8221; content_placement=&#8221;middle&#8221; css=&#8221;.vc_custom_1647594201138{background-color: #000000 !important;}&#8221;][vc_column width=&#8221;1\/6&#8243; offset=&#8221;vc_hidden-sm vc_hidden-xs&#8221;][\/vc_column][vc_column width=&#8221;2\/3&#8243; css=&#8221;.vc_custom_1647594216976{margin-bottom: 80px !important;padding-top: 80px !important;padding-right: 10px !important;padding-bottom: 80px !important;padding-left: 10px !important;}&#8221; offset=&#8221;vc_hidden-sm vc_hidden-xs&#8221;][vc_column_text el_class=&#8221;preline-large&#8221;][\/vc_column_text][\/vc_column][vc_column width=&#8221;1\/6&#8243; offset=&#8221;vc_hidden-sm vc_hidden-xs&#8221;][\/vc_column][\/vc_row][vc_row et_full_width=&#8221;true&#8221; et_row_padding=&#8221;true&#8221; content_placement=&#8221;middle&#8221; css=&#8221;.vc_custom_1647266424363{background-position: center !important;background-repeat: no-repeat !important;background-size: cover !important;}&#8221;][vc_column width=&#8221;1\/2&#8243; offset=&#8221;vc_col-lg-6 vc_hidden-sm vc_hidden-xs&#8221; css=&#8221;.vc_custom_1647593129057{margin-right: 80px !important;margin-left: 120px !important;}&#8221;][vc_column_text el_class=&#8221;preline-large&#8221;]\n<h2>Ihre Vision:<\/h2>\n<p>Im Laufe ihrer Tauchg\u00e4nge stellten Jean Jaques und Jean-Claude den erheblichen R\u00fcckgang der Biodiversit\u00e4t des Meeresbodens im Zusammenhang mit der Zunahme von Abf\u00e4llen fest. Seither haben sie es sich zur Aufgabe gemacht, den Meeresboden der Mittelmeerk\u00fcsten zu reinigen. \u00dcber ihre Reinigungsaktionen hinaus wollen sie das Bewusstsein insbesondere bei den gew\u00e4hlten Amtstr\u00e4gern sch\u00e4rfen.[\/vc_column_text][\/vc_column][vc_column width=&#8221;1\/2&#8243; offset=&#8221;vc_col-lg-6 vc_hidden-sm vc_hidden-xs&#8221;]\t<div id=\"et-image-461\" class=\"et-image     et_image_link\">\n\t\t<div class=\"et-image-inner \">\n\t\t\t\t\t\t\t<div class=\"et-image-thumb \">\n\t\t\t\t\t<img decoding=\"async\" width=\"719\" height=\"480\" src=\"https:\/\/www.christian-breton.fr\/wp-content\/uploads\/2022\/03\/IMG-20211227-WA0001.jpg\" class=\"attachment-large size-large\" alt=\"\" srcset=\"https:\/\/www.christian-breton.fr\/wp-content\/uploads\/2022\/03\/IMG-20211227-WA0001.jpg 719w, https:\/\/www.christian-breton.fr\/wp-content\/uploads\/2022\/03\/IMG-20211227-WA0001-300x200.jpg 300w, https:\/\/www.christian-breton.fr\/wp-content\/uploads\/2022\/03\/IMG-20211227-WA0001-96x64.jpg 96w, https:\/\/www.christian-breton.fr\/wp-content\/uploads\/2022\/03\/IMG-20211227-WA0001-42x28.jpg 42w, https:\/\/www.christian-breton.fr\/wp-content\/uploads\/2022\/03\/IMG-20211227-WA0001-150x100.jpg 150w, https:\/\/www.christian-breton.fr\/wp-content\/uploads\/2022\/03\/IMG-20211227-WA0001-600x401.jpg 600w\" sizes=\"(max-width: 719px) 100vw, 719px\" \/>\t\t\t\t<\/div>\n\t\t\t\t\t\t\t\t\t\t\t<\/div>\n\t<\/div>\n  [\/vc_column][\/vc_row][vc_row et_full_width=&#8221;true&#8221; et_row_padding=&#8221;true&#8221; content_placement=&#8221;middle&#8221; css=&#8221;.vc_custom_1647266424363{background-position: center !important;background-repeat: no-repeat !important;background-size: cover !important;}&#8221;][vc_column offset=&#8221;vc_col-lg-6 vc_hidden-lg vc_hidden-md&#8221;]\t<div id=\"et-image-366\" class=\"et-image     et_image_link\">\n\t\t<div class=\"et-image-inner \">\n\t\t\t\t\t\t\t<div class=\"et-image-thumb \">\n\t\t\t\t\t<img decoding=\"async\" width=\"719\" height=\"480\" src=\"https:\/\/www.christian-breton.fr\/wp-content\/uploads\/2022\/03\/IMG-20211227-WA0001.jpg\" class=\"attachment-large size-large\" alt=\"\" srcset=\"https:\/\/www.christian-breton.fr\/wp-content\/uploads\/2022\/03\/IMG-20211227-WA0001.jpg 719w, https:\/\/www.christian-breton.fr\/wp-content\/uploads\/2022\/03\/IMG-20211227-WA0001-300x200.jpg 300w, https:\/\/www.christian-breton.fr\/wp-content\/uploads\/2022\/03\/IMG-20211227-WA0001-96x64.jpg 96w, https:\/\/www.christian-breton.fr\/wp-content\/uploads\/2022\/03\/IMG-20211227-WA0001-42x28.jpg 42w, https:\/\/www.christian-breton.fr\/wp-content\/uploads\/2022\/03\/IMG-20211227-WA0001-150x100.jpg 150w, https:\/\/www.christian-breton.fr\/wp-content\/uploads\/2022\/03\/IMG-20211227-WA0001-600x401.jpg 600w\" sizes=\"(max-width: 719px) 100vw, 719px\" \/>\t\t\t\t<\/div>\n\t\t\t\t\t\t\t\t\t\t\t<\/div>\n\t<\/div>\n  [vc_column_text el_class=&#8221;preline-large&#8221; css=&#8221;.vc_custom_1647595271644{padding-top: 10px !important;}&#8221;]\n<h2>Ihre Vision:<\/h2>\n<p>Im Laufe ihrer Tauchg\u00e4nge stellten Jean Jaques und Jean-Claude den erheblichen R\u00fcckgang der Biodiversit\u00e4t des Meeresbodens im Zusammenhang mit der Zunahme von Abf\u00e4llen fest. Seither haben sie es sich zur Aufgabe gemacht, den Meeresboden der Mittelmeerk\u00fcsten zu reinigen. \u00dcber ihre Reinigungsaktionen hinaus wollen sie das Bewusstsein insbesondere bei den gew\u00e4hlten Amtstr\u00e4gern sch\u00e4rfen.[\/vc_column_text][\/vc_column][\/vc_row][vc_row et_full_width=&#8221;true&#8221; et_row_padding=&#8221;true&#8221; et_column_align=&#8221;align-right&#8221; content_placement=&#8221;middle&#8221; css=&#8221;.vc_custom_1647594501889{margin-bottom: 80px !important;background-position: center !important;background-repeat: no-repeat !important;background-size: cover !important;}&#8221;][vc_column width=&#8221;1\/2&#8243; offset=&#8221;vc_col-lg-6 vc_hidden-sm vc_hidden-xs&#8221;]\t<div id=\"et-image-818\" class=\"et-image aligncenter    et_image_link\">\n\t\t<div class=\"et-image-inner \">\n\t\t\t\t\t\t\t<div class=\"et-image-thumb \">\n\t\t\t\t\t<img decoding=\"async\" width=\"640\" height=\"480\" src=\"https:\/\/www.christian-breton.fr\/wp-content\/uploads\/2022\/03\/IMG-20211227-WA0003bonformat.png\" class=\"attachment-full size-full\" alt=\"\" srcset=\"https:\/\/www.christian-breton.fr\/wp-content\/uploads\/2022\/03\/IMG-20211227-WA0003bonformat.png 640w, https:\/\/www.christian-breton.fr\/wp-content\/uploads\/2022\/03\/IMG-20211227-WA0003bonformat-300x225.png 300w, https:\/\/www.christian-breton.fr\/wp-content\/uploads\/2022\/03\/IMG-20211227-WA0003bonformat-96x72.png 96w, https:\/\/www.christian-breton.fr\/wp-content\/uploads\/2022\/03\/IMG-20211227-WA0003bonformat-42x32.png 42w, https:\/\/www.christian-breton.fr\/wp-content\/uploads\/2022\/03\/IMG-20211227-WA0003bonformat-150x113.png 150w, https:\/\/www.christian-breton.fr\/wp-content\/uploads\/2022\/03\/IMG-20211227-WA0003bonformat-600x450.png 600w\" sizes=\"(max-width: 640px) 100vw, 640px\" \/>\t\t\t\t<\/div>\n\t\t\t\t\t\t\t\t\t\t\t<\/div>\n\t<\/div>\n  [\/vc_column][vc_column width=&#8221;1\/2&#8243; offset=&#8221;vc_col-lg-6 vc_hidden-sm vc_hidden-xs&#8221; css=&#8221;.vc_custom_1647593221768{margin-right: 250px !important;}&#8221;][vc_column_text css=&#8221;.vc_custom_1647595288350{padding-left: 20% !important;}&#8221; el_class=&#8221;preline-large&#8221;]\n<h2>Ihre Aktionen:<\/h2>\n<p>W\u00f6chentlich M\u00fcllsuche \/ Lokale Reinigung des Meeresbodens.<br \/>\nSensibilisierungskampagnen zu den Problemen im Zusammenhang mit der Verschmutzung des Meeresbodens bei Schulkindern.<br \/>\n[\/vc_column_text][\/vc_column][\/vc_row][vc_row et_full_width=&#8221;true&#8221; et_row_padding=&#8221;true&#8221; et_column_align=&#8221;align-right&#8221; content_placement=&#8221;middle&#8221; css=&#8221;.vc_custom_1647267286972{background-position: center !important;background-repeat: no-repeat !important;background-size: cover !important;}&#8221;][vc_column offset=&#8221;vc_col-lg-6 vc_hidden-lg vc_hidden-md&#8221;]\t<div id=\"et-image-528\" class=\"et-image aligncenter    et_image_link\">\n\t\t<div class=\"et-image-inner \">\n\t\t\t\t\t\t\t<div class=\"et-image-thumb \">\n\t\t\t\t\t<img decoding=\"async\" width=\"640\" height=\"480\" src=\"https:\/\/www.christian-breton.fr\/wp-content\/uploads\/2022\/03\/IMG-20211227-WA0003bonformat.png\" class=\"attachment-full size-full\" alt=\"\" srcset=\"https:\/\/www.christian-breton.fr\/wp-content\/uploads\/2022\/03\/IMG-20211227-WA0003bonformat.png 640w, https:\/\/www.christian-breton.fr\/wp-content\/uploads\/2022\/03\/IMG-20211227-WA0003bonformat-300x225.png 300w, https:\/\/www.christian-breton.fr\/wp-content\/uploads\/2022\/03\/IMG-20211227-WA0003bonformat-96x72.png 96w, https:\/\/www.christian-breton.fr\/wp-content\/uploads\/2022\/03\/IMG-20211227-WA0003bonformat-42x32.png 42w, https:\/\/www.christian-breton.fr\/wp-content\/uploads\/2022\/03\/IMG-20211227-WA0003bonformat-150x113.png 150w, https:\/\/www.christian-breton.fr\/wp-content\/uploads\/2022\/03\/IMG-20211227-WA0003bonformat-600x450.png 600w\" sizes=\"(max-width: 640px) 100vw, 640px\" \/>\t\t\t\t<\/div>\n\t\t\t\t\t\t\t\t\t\t\t<\/div>\n\t<\/div>\n  [vc_column_text css=&#8221;.vc_custom_1647595304889{padding-top: 10px !important;}&#8221; el_class=&#8221;preline-large&#8221;]\n<h2>Ihre Aktionen:<\/h2>\n<p>W\u00f6chentlich M\u00fcllsuche \/ Lokale Reinigung des Meeresbodens.<br \/>\nSensibilisierungskampagnen zu den Problemen im Zusammenhang mit der Verschmutzung des Meeresbodens bei Schulkindern.<br \/>\n[\/vc_column_text][\/vc_column][\/vc_row][vc_row et_full_width=&#8221;true&#8221; et_row_padding=&#8221;true&#8221; content_placement=&#8221;middle&#8221; css=&#8221;.vc_custom_1647594488809{margin-bottom: 80px !important;background-color: #0a0404 !important;}&#8221;][vc_column animation=&#8221;animation left-to-right&#8221; offset=&#8221;vc_col-lg-6&#8243;]\t<div id=\"et-image-639\" class=\"et-image     et_image_link\">\n\t\t<div class=\"et-image-inner \">\n\t\t\t\t\t\t\t<div class=\"et-image-thumb \">\n\t\t\t\t\t<img decoding=\"async\" width=\"719\" height=\"480\" src=\"https:\/\/www.christian-breton.fr\/wp-content\/uploads\/2022\/03\/IMG-20211227-WA0002.jpg\" class=\"attachment-full size-full\" alt=\"\" srcset=\"https:\/\/www.christian-breton.fr\/wp-content\/uploads\/2022\/03\/IMG-20211227-WA0002.jpg 719w, https:\/\/www.christian-breton.fr\/wp-content\/uploads\/2022\/03\/IMG-20211227-WA0002-300x200.jpg 300w, https:\/\/www.christian-breton.fr\/wp-content\/uploads\/2022\/03\/IMG-20211227-WA0002-96x64.jpg 96w, https:\/\/www.christian-breton.fr\/wp-content\/uploads\/2022\/03\/IMG-20211227-WA0002-42x28.jpg 42w, https:\/\/www.christian-breton.fr\/wp-content\/uploads\/2022\/03\/IMG-20211227-WA0002-150x100.jpg 150w, https:\/\/www.christian-breton.fr\/wp-content\/uploads\/2022\/03\/IMG-20211227-WA0002-600x401.jpg 600w\" sizes=\"(max-width: 719px) 100vw, 719px\" \/>\t\t\t\t<\/div>\n\t\t\t\t\t\t\t\t\t\t\t<\/div>\n\t<\/div>\n  [\/vc_column][vc_column et_column_color=&#8221;et-light-column&#8221; animation=&#8221;animation right-to-left&#8221; offset=&#8221;vc_col-lg-offset-1 vc_col-lg-3&#8243; css=&#8221;.vc_custom_1647593310579{padding-top: 95px !important;padding-bottom: 95px !important;}&#8221;][vc_column_text]\n<h2>\u201eWir lieben, was uns in Erstaunen versetzt hat, und wir sch\u00fctzen, was wir lieben.\u201d<\/h2>\n<p>Jacques-Yves Cousteau[\/vc_column_text][\/vc_column][\/vc_row]\n","protected":false},"excerpt":{"rendered":"<p>[vc_row et_full_width=&#8221;true&#8221; content_placement=&#8221;middle&#8221;][vc_column animation=&#8221;animation bottom-to-top&#8221; offset=&#8221;vc_col-lg-offset-1 vc_col-lg-4 vc_hidden-sm vc_hidden-xs&#8221; css=&#8221;.vc_custom_1647592686422{padding-top: 160px !important;}&#8221;][vc_empty_space height=&#8221;160px&#8221;][\/vc_column][\/vc_row][vc_row et_full_width=&#8221;true&#8221; content_placement=&#8221;middle&#8221; css=&#8221;.vc_custom_1647592744822{padding-bottom: 80px !important;}&#8221;][vc_column animation=&#8221;animation bottom-to-top&#8221; offset=&#8221;vc_col-lg-offset-1 vc_col-lg-4&#8243; css=&#8221;.vc_custom_1647593841759{padding-top: 20px !important;}&#8221;][vc_column_text css=&#8221;.vc_custom_1647595236164{margin-bottom: 80px !important;}&#8221;] CHRISTIAN BRETON engagiert sich f\u00fcr lokale Akteure, die sich dem Schutz des Mittelmeeres verschrieben haben. [\/vc_column_text][\/vc_column][vc_column et_column_color=&#8221;et-light-column&#8221; animation=&#8221;animation top-to-bottom&#8221; offset=&#8221;vc_col-lg-offset-1 vc_col-lg-5 vc_hidden-sm&hellip;<\/p>\n","protected":false},"author":80,"featured_media":0,"parent":0,"menu_order":0,"comment_status":"closed","ping_status":"closed","template":"","meta":{"footnotes":""},"class_list":["post-35799","page","type-page","status-publish","hentry"],"yoast_head":"<!-- This site is optimized with the Yoast SEO plugin v27.4 - https:\/\/yoast.com\/product\/yoast-seo-wordpress\/ -->\n<title>Wir zeigen Engagement - CHRISTIAN BRETON<\/title>\n<meta name=\"robots\" content=\"index, follow, max-snippet:-1, max-image-preview:large, max-video-preview:-1\" \/>\n<link rel=\"canonical\" href=\"https:\/\/www.christian-breton.fr\/de\/nous-nous-engageons-v2\/\" \/>\n<meta property=\"og:locale\" content=\"de_DE\" \/>\n<meta property=\"og:type\" content=\"article\" \/>\n<meta property=\"og:title\" content=\"Wir zeigen Engagement - CHRISTIAN BRETON\" \/>\n<meta property=\"og:description\" content=\"[vc_row et_full_width=&#8221;true&#8221; content_placement=&#8221;middle&#8221;][vc_column animation=&#8221;animation bottom-to-top&#8221; offset=&#8221;vc_col-lg-offset-1 vc_col-lg-4 vc_hidden-sm vc_hidden-xs&#8221; css=&#8221;.vc_custom_1647592686422{padding-top: 160px !important;}&#8221;][vc_empty_space height=&#8221;160px&#8221;][\/vc_column][\/vc_row][vc_row et_full_width=&#8221;true&#8221; content_placement=&#8221;middle&#8221; css=&#8221;.vc_custom_1647592744822{padding-bottom: 80px !important;}&#8221;][vc_column animation=&#8221;animation bottom-to-top&#8221; offset=&#8221;vc_col-lg-offset-1 vc_col-lg-4&#8243; css=&#8221;.vc_custom_1647593841759{padding-top: 20px !important;}&#8221;][vc_column_text css=&#8221;.vc_custom_1647595236164{margin-bottom: 80px !important;}&#8221;] CHRISTIAN BRETON engagiert sich f\u00fcr lokale Akteure, die sich dem Schutz des Mittelmeeres verschrieben haben. [\/vc_column_text][\/vc_column][vc_column et_column_color=&#8221;et-light-column&#8221; animation=&#8221;animation top-to-bottom&#8221; offset=&#8221;vc_col-lg-offset-1 vc_col-lg-5 vc_hidden-sm&hellip;\" \/>\n<meta property=\"og:url\" content=\"https:\/\/www.christian-breton.fr\/de\/nous-nous-engageons-v2\/\" \/>\n<meta property=\"og:site_name\" content=\"CHRISTIAN BRETON\" \/>\n<meta property=\"article:publisher\" content=\"https:\/\/www.facebook.com\/christianbretonfrance\" \/>\n<meta property=\"article:modified_time\" content=\"2022-03-18T10:26:21+00:00\" \/>\n<meta name=\"twitter:card\" content=\"summary_large_image\" \/>\n<meta name=\"twitter:label1\" content=\"Gesch\u00e4tzte Lesezeit\" \/>\n\t<meta name=\"twitter:data1\" content=\"2\u00a0Minuten\" \/>\n<script type=\"application\/ld+json\" class=\"yoast-schema-graph\">{\"@context\":\"https:\\\/\\\/schema.org\",\"@graph\":[{\"@type\":\"WebPage\",\"@id\":\"https:\\\/\\\/www.christian-breton.fr\\\/de\\\/nous-nous-engageons-v2\\\/\",\"url\":\"https:\\\/\\\/www.christian-breton.fr\\\/de\\\/nous-nous-engageons-v2\\\/\",\"name\":\"Wir zeigen Engagement - CHRISTIAN BRETON\",\"isPartOf\":{\"@id\":\"https:\\\/\\\/www.christian-breton.fr\\\/de\\\/#website\"},\"datePublished\":\"2022-03-14T08:58:05+00:00\",\"dateModified\":\"2022-03-18T10:26:21+00:00\",\"breadcrumb\":{\"@id\":\"https:\\\/\\\/www.christian-breton.fr\\\/de\\\/nous-nous-engageons-v2\\\/#breadcrumb\"},\"inLanguage\":\"de\",\"potentialAction\":[{\"@type\":\"ReadAction\",\"target\":[\"https:\\\/\\\/www.christian-breton.fr\\\/de\\\/nous-nous-engageons-v2\\\/\"]}]},{\"@type\":\"BreadcrumbList\",\"@id\":\"https:\\\/\\\/www.christian-breton.fr\\\/de\\\/nous-nous-engageons-v2\\\/#breadcrumb\",\"itemListElement\":[{\"@type\":\"ListItem\",\"position\":1,\"name\":\"Accueil\",\"item\":\"https:\\\/\\\/www.christian-breton.fr\\\/de\\\/\"},{\"@type\":\"ListItem\",\"position\":2,\"name\":\"Wir zeigen Engagement\"}]},{\"@type\":\"WebSite\",\"@id\":\"https:\\\/\\\/www.christian-breton.fr\\\/de\\\/#website\",\"url\":\"https:\\\/\\\/www.christian-breton.fr\\\/de\\\/\",\"name\":\"CHRISTIAN BRETON\",\"description\":\"L&#039;Expert du Contour des Yeux\",\"publisher\":{\"@id\":\"https:\\\/\\\/www.christian-breton.fr\\\/de\\\/#organization\"},\"potentialAction\":[{\"@type\":\"SearchAction\",\"target\":{\"@type\":\"EntryPoint\",\"urlTemplate\":\"https:\\\/\\\/www.christian-breton.fr\\\/de\\\/?s={search_term_string}\"},\"query-input\":{\"@type\":\"PropertyValueSpecification\",\"valueRequired\":true,\"valueName\":\"search_term_string\"}}],\"inLanguage\":\"de\"},{\"@type\":\"Organization\",\"@id\":\"https:\\\/\\\/www.christian-breton.fr\\\/de\\\/#organization\",\"name\":\"CHRISTIAN BRETON\",\"url\":\"https:\\\/\\\/www.christian-breton.fr\\\/de\\\/\",\"logo\":{\"@type\":\"ImageObject\",\"inLanguage\":\"de\",\"@id\":\"https:\\\/\\\/www.christian-breton.fr\\\/de\\\/#\\\/schema\\\/logo\\\/image\\\/\",\"url\":\"https:\\\/\\\/www.christian-breton.fr\\\/wp-content\\\/uploads\\\/2022\\\/05\\\/Christian-Breton-Logo-fond-noir-scaled.jpg\",\"contentUrl\":\"https:\\\/\\\/www.christian-breton.fr\\\/wp-content\\\/uploads\\\/2022\\\/05\\\/Christian-Breton-Logo-fond-noir-scaled.jpg\",\"width\":2560,\"height\":2560,\"caption\":\"CHRISTIAN BRETON\"},\"image\":{\"@id\":\"https:\\\/\\\/www.christian-breton.fr\\\/de\\\/#\\\/schema\\\/logo\\\/image\\\/\"},\"sameAs\":[\"https:\\\/\\\/www.facebook.com\\\/christianbretonfrance\",\"https:\\\/\\\/www.instagram.com\\\/christianbreton_paris\\\/\"]}]}<\/script>\n<!-- \/ Yoast SEO plugin. -->","yoast_head_json":{"title":"Wir zeigen Engagement - CHRISTIAN BRETON","robots":{"index":"index","follow":"follow","max-snippet":"max-snippet:-1","max-image-preview":"max-image-preview:large","max-video-preview":"max-video-preview:-1"},"canonical":"https:\/\/www.christian-breton.fr\/de\/nous-nous-engageons-v2\/","og_locale":"de_DE","og_type":"article","og_title":"Wir zeigen Engagement - CHRISTIAN BRETON","og_description":"[vc_row et_full_width=&#8221;true&#8221; content_placement=&#8221;middle&#8221;][vc_column animation=&#8221;animation bottom-to-top&#8221; offset=&#8221;vc_col-lg-offset-1 vc_col-lg-4 vc_hidden-sm vc_hidden-xs&#8221; css=&#8221;.vc_custom_1647592686422{padding-top: 160px !important;}&#8221;][vc_empty_space height=&#8221;160px&#8221;][\/vc_column][\/vc_row][vc_row et_full_width=&#8221;true&#8221; content_placement=&#8221;middle&#8221; css=&#8221;.vc_custom_1647592744822{padding-bottom: 80px !important;}&#8221;][vc_column animation=&#8221;animation bottom-to-top&#8221; offset=&#8221;vc_col-lg-offset-1 vc_col-lg-4&#8243; css=&#8221;.vc_custom_1647593841759{padding-top: 20px !important;}&#8221;][vc_column_text css=&#8221;.vc_custom_1647595236164{margin-bottom: 80px !important;}&#8221;] CHRISTIAN BRETON engagiert sich f\u00fcr lokale Akteure, die sich dem Schutz des Mittelmeeres verschrieben haben. [\/vc_column_text][\/vc_column][vc_column et_column_color=&#8221;et-light-column&#8221; animation=&#8221;animation top-to-bottom&#8221; offset=&#8221;vc_col-lg-offset-1 vc_col-lg-5 vc_hidden-sm&hellip;","og_url":"https:\/\/www.christian-breton.fr\/de\/nous-nous-engageons-v2\/","og_site_name":"CHRISTIAN BRETON","article_publisher":"https:\/\/www.facebook.com\/christianbretonfrance","article_modified_time":"2022-03-18T10:26:21+00:00","twitter_card":"summary_large_image","twitter_misc":{"Gesch\u00e4tzte Lesezeit":"2\u00a0Minuten"},"schema":{"@context":"https:\/\/schema.org","@graph":[{"@type":"WebPage","@id":"https:\/\/www.christian-breton.fr\/de\/nous-nous-engageons-v2\/","url":"https:\/\/www.christian-breton.fr\/de\/nous-nous-engageons-v2\/","name":"Wir zeigen Engagement - CHRISTIAN BRETON","isPartOf":{"@id":"https:\/\/www.christian-breton.fr\/de\/#website"},"datePublished":"2022-03-14T08:58:05+00:00","dateModified":"2022-03-18T10:26:21+00:00","breadcrumb":{"@id":"https:\/\/www.christian-breton.fr\/de\/nous-nous-engageons-v2\/#breadcrumb"},"inLanguage":"de","potentialAction":[{"@type":"ReadAction","target":["https:\/\/www.christian-breton.fr\/de\/nous-nous-engageons-v2\/"]}]},{"@type":"BreadcrumbList","@id":"https:\/\/www.christian-breton.fr\/de\/nous-nous-engageons-v2\/#breadcrumb","itemListElement":[{"@type":"ListItem","position":1,"name":"Accueil","item":"https:\/\/www.christian-breton.fr\/de\/"},{"@type":"ListItem","position":2,"name":"Wir zeigen Engagement"}]},{"@type":"WebSite","@id":"https:\/\/www.christian-breton.fr\/de\/#website","url":"https:\/\/www.christian-breton.fr\/de\/","name":"CHRISTIAN BRETON","description":"L&#039;Expert du Contour des Yeux","publisher":{"@id":"https:\/\/www.christian-breton.fr\/de\/#organization"},"potentialAction":[{"@type":"SearchAction","target":{"@type":"EntryPoint","urlTemplate":"https:\/\/www.christian-breton.fr\/de\/?s={search_term_string}"},"query-input":{"@type":"PropertyValueSpecification","valueRequired":true,"valueName":"search_term_string"}}],"inLanguage":"de"},{"@type":"Organization","@id":"https:\/\/www.christian-breton.fr\/de\/#organization","name":"CHRISTIAN BRETON","url":"https:\/\/www.christian-breton.fr\/de\/","logo":{"@type":"ImageObject","inLanguage":"de","@id":"https:\/\/www.christian-breton.fr\/de\/#\/schema\/logo\/image\/","url":"https:\/\/www.christian-breton.fr\/wp-content\/uploads\/2022\/05\/Christian-Breton-Logo-fond-noir-scaled.jpg","contentUrl":"https:\/\/www.christian-breton.fr\/wp-content\/uploads\/2022\/05\/Christian-Breton-Logo-fond-noir-scaled.jpg","width":2560,"height":2560,"caption":"CHRISTIAN BRETON"},"image":{"@id":"https:\/\/www.christian-breton.fr\/de\/#\/schema\/logo\/image\/"},"sameAs":["https:\/\/www.facebook.com\/christianbretonfrance","https:\/\/www.instagram.com\/christianbreton_paris\/"]}]}},"_links":{"self":[{"href":"https:\/\/www.christian-breton.fr\/de\/wp-json\/wp\/v2\/pages\/35799","targetHints":{"allow":["GET"]}}],"collection":[{"href":"https:\/\/www.christian-breton.fr\/de\/wp-json\/wp\/v2\/pages"}],"about":[{"href":"https:\/\/www.christian-breton.fr\/de\/wp-json\/wp\/v2\/types\/page"}],"author":[{"embeddable":true,"href":"https:\/\/www.christian-breton.fr\/de\/wp-json\/wp\/v2\/users\/80"}],"replies":[{"embeddable":true,"href":"https:\/\/www.christian-breton.fr\/de\/wp-json\/wp\/v2\/comments?post=35799"}],"version-history":[{"count":0,"href":"https:\/\/www.christian-breton.fr\/de\/wp-json\/wp\/v2\/pages\/35799\/revisions"}],"wp:attachment":[{"href":"https:\/\/www.christian-breton.fr\/de\/wp-json\/wp\/v2\/media?parent=35799"}],"curies":[{"name":"wp","href":"https:\/\/api.w.org\/{rel}","templated":true}]}}