{"id":49058,"date":"2025-06-16T15:27:14","date_gmt":"2025-06-16T13:27:14","guid":{"rendered":"https:\/\/www.christian-breton.fr\/?post_type=product&#038;p=49058"},"modified":"2025-06-18T14:06:58","modified_gmt":"2025-06-18T12:06:58","slug":"liftox-cream-super-power","status":"publish","type":"product","link":"https:\/\/www.christian-breton.fr\/de\/produit\/liftox-cream-super-power\/","title":{"rendered":"LIFTOX CREAM SUPER POWER"},"content":{"rendered":"[vc_row][vc_column][vc_column_text el_class=\u201dgzl-product-intro\u201d]\n<p data-start=\"71\" data-end=\"146\"><strong data-start=\"71\" data-end=\"146\">Eine au\u00dfergew\u00f6hnliche Pflege f\u00fcr eine veredelte und zeitlose Sch\u00f6nheit.<\/strong><\/p>\n<p data-start=\"148\" data-end=\"629\">Schenken Sie Ihrer Haut ein sichtbar strafferes Aussehen in nur 3 Wochen mit der Liftox Super Power Creme. Angereichert mit gr\u00fcnem Kaviar wirkt diese Pflege effektiv gegen das Erscheinungsbild von Falten und feinen Linien und verleiht der Haut neue Elastizit\u00e4t und Vitalit\u00e4t. Ihre zartschmelzende Textur bringt die nat\u00fcrliche Ausstrahlung zur\u00fcck \u2013 die Haut wirkt sichtbar regeneriert und revitalisiert. Eine hochwertige Pflege f\u00fcr strahlende Sch\u00f6nheit und einen verfeinerten Teint.<\/p>\n[\/vc_column_text][vc_tta_accordion c_icon=\u201dchevron\u201d c_position=\u201dright\u201d active_section=\u201d\u201d collapsible_all=\u201dtrue\u201d el_class=\u201dgzl-product-accordeon\u201d][vc_tta_section title=\u201dF\u00fcr wen eignet sich diese Pflege?\u201d tab_id=\u201dtargeta6a2-9c2378c0-2ed7\u2033][vc_column_text]Alle Hauttypen.[\/vc_column_text][\/vc_tta_section][\/vc_tta_accordion][\/vc_column][\/vc_row][vc_row et_row_padding=\u201dtrue\u201d css=\u201d.vc_custom_1709201205543{background-color: #000000 !important;}\u201d el_class=\u201dbg-full black spacing-lg percents\u201d][vc_column][vc_column_text el_class=\u201dgzl-cms-title-medium color-white\u201d]\n<h2><strong>GETESTET UND F\u00dcR GUT BEFUNDEN*<\/strong><\/h2>\n[\/vc_column_text]\t<div id=\"et-content-carousel-745\" class=\"row et-content-carousel slick slick-slider no-padding  \" data-center=\"\" data-columns=\"3\" data-autoplay=\"\" data-fade=\"false\" data-autoplay-speed=\"\" data-pause=\"\" data-navigation=\"\" data-pagination=\"true\" data-infinite=\"true\">\n\t\t[vc_row_inner][vc_column_inner]\n\t<div id=\"et-counter-69fd121793458\" class=\"et-counter animation bottom-to-top counter-color-custom icon-color- text-color-custom counter-top\" >\n\t\t\t\t\t<div class=\"counter-container\">\n\t\t\t\t\t\t\t\t\t<div class=\"h1\" data-count=\"100\" data-speed=\"1500\">0<\/div>\n\t\t\t\t\t\t\t\t\t\t\t\t\t<h4>Lifting-Gef\u00fchl den ganzen Tag \u00fcber<\/h4>\n\t\t\t\t\t\t\t<\/div>\n\t\t\t\t\t\t\t\t\t\t<figure>\t\t\t\t\t<span class=\"\"><\/span>\n\t\t\t\t\t\t\t\t\t<\/figure>\n\t\t\t\t\t\t\t\n\t<\/div>\n\t[\/vc_column_inner][\/vc_row_inner][vc_row_inner][vc_column_inner]\n\t<div id=\"et-counter-69fd121793482\" class=\"et-counter animation bottom-to-top counter-color-custom icon-color- text-color-custom counter-top\" >\n\t\t\t\t\t<div class=\"counter-container\">\n\t\t\t\t\t\t\t\t\t<div class=\"h1\" data-count=\"100\" data-speed=\"1500\">0<\/div>\n\t\t\t\t\t\t\t\t\t\t\t\t\t<h4>Verbessert die Elastizit\u00e4t der Haut<\/h4>\n\t\t\t\t\t\t\t<\/div>\n\t\t\t\t\t\t\t\t\t\t<figure>\t\t\t\t\t<span class=\"\"><\/span>\n\t\t\t\t\t\t\t\t\t<\/figure>\n\t\t\t\t\t\t\t\n\t<\/div>\n\t[\/vc_column_inner][\/vc_row_inner][vc_row_inner][vc_column_inner]\n\t<div id=\"et-counter-69fd121793497\" class=\"et-counter animation bottom-to-top counter-color-custom icon-color- text-color-custom counter-top\" >\n\t\t\t\t\t<div class=\"counter-container\">\n\t\t\t\t\t\t\t\t\t<div class=\"h1\" data-count=\"100\" data-speed=\"1500\">0<\/div>\n\t\t\t\t\t\t\t\t\t\t\t\t\t<h4>Verbessert die Festigkeit der Haut<\/h4>\n\t\t\t\t\t\t\t<\/div>\n\t\t\t\t\t\t\t\t\t\t<figure>\t\t\t\t\t<span class=\"\"><\/span>\n\t\t\t\t\t\t\t\t\t<\/figure>\n\t\t\t\t\t\t\t\n\t<\/div>\n\t[\/vc_column_inner][\/vc_row_inner]\t<\/div>\n\t\t\n\t[\/vc_column][\/vc_row][vc_row el_class=\u201dspacing-lg application\u201d][vc_column][vc_row_inner][vc_column_inner][vc_column_text animation=\u201danimation bottom-to-top\u201d css=\u201d.vc_custom_1646297529702{margin-bottom: 0px !important;}\u201d]\n<h2 style=\"text-align: center;\"><strong>ANWENDUNG<\/strong><\/h2>\n[\/vc_column_text][\/vc_column_inner][\/vc_row_inner]\t<div id=\"et-content-carousel-492\" class=\"row et-content-carousel slick slick-slider regular-padding  \" data-center=\"\" data-columns=\"3\" data-autoplay=\"\" data-fade=\"false\" data-autoplay-speed=\"\" data-pause=\"\" data-navigation=\"\" data-pagination=\"true\" data-infinite=\"true\">\n\t\t\r\n\t<div id=\"et-iconbox-481\" class=\"et-iconbox layout-centered icon-style-image-default bottom-spacing-none icon-color- text-color- animation bottom-to-top \"> \r\n\t\t<div class=\"et-icon-inner\">\r\n\t\t\t<figure class=\"et-feature-icon\">\r\n\t\t\t\t\t\t\t\t\t<img decoding=\"async\" src=\"https:\/\/www.christian-breton.fr\/wp-content\/uploads\/2021\/12\/2-15.jpg\" alt=\"\" \/>\r\n\t\t\t\t\t\t\t<\/figure>\r\n\t\t\t<div class=\"et-feature-content\"> \r\n\t\t\t\t\t\t\t\t\t\t\t\t<div class=\"wpb_text_column\"><h4 style=\"text-align: center;\">SCHRITT 1<\/h4>\n<p style=\"text-align: center;\">Morgens und abends abschminken und die Haut reinigen.<\/p>\n<\/div>\r\n\t\t\t\t\t\t\t<\/div>\r\n\t\t<\/div>\r\n\t<\/div>\r\n\r\n\t\r\n\t<div id=\"et-iconbox-135\" class=\"et-iconbox layout-centered icon-style-image-default bottom-spacing-none icon-color- text-color- animation bottom-to-top \"> \r\n\t\t<div class=\"et-icon-inner\">\r\n\t\t\t<figure class=\"et-feature-icon\">\r\n\t\t\t\t\t\t\t\t\t<img decoding=\"async\" src=\"https:\/\/www.christian-breton.fr\/wp-content\/uploads\/2021\/12\/1101-1.jpg\" alt=\"\" \/>\r\n\t\t\t\t\t\t\t<\/figure>\r\n\t\t\t<div class=\"et-feature-content\"> \r\n\t\t\t\t\t\t\t\t\t\t\t\t<div class=\"wpb_text_column\"><h4 style=\"text-align: center;\">SCHRITT 2<\/h4>\n<p style=\"text-align: center;\">Tragen Sie morgens und abends Ihr Liftox Serum auf.<\/p>\n<\/div>\r\n\t\t\t\t\t\t\t<\/div>\r\n\t\t<\/div>\r\n\t<\/div>\r\n\r\n\t\r\n\t<div id=\"et-iconbox-43\" class=\"et-iconbox layout-centered icon-style-image-default bottom-spacing-none icon-color- text-color- animation bottom-to-top \"> \r\n\t\t<div class=\"et-icon-inner\">\r\n\t\t\t<figure class=\"et-feature-icon\">\r\n\t\t\t\t\t\t\t\t\t<img decoding=\"async\" src=\"https:\/\/www.christian-breton.fr\/wp-content\/uploads\/2021\/12\/3-11.jpg\" alt=\"\" \/>\r\n\t\t\t\t\t\t\t<\/figure>\r\n\t\t\t<div class=\"et-feature-content\"> \r\n\t\t\t\t\t\t\t\t\t\t\t\t<div class=\"wpb_text_column\"><h4 style=\"text-align: center;\">SCHRITT 3<\/h4>\n<p style=\"text-align: center;\">Tragen Sie Ihre Liftox Cream Super Power Liftende Gesichtspflege morgens und abends auf die saubere, trockene Haut auf.<\/p>\n<\/div>\r\n\t\t\t\t\t\t\t<\/div>\r\n\t\t<\/div>\r\n\t<\/div>\r\n\r\n\t\t<\/div>\n\t\t\n\t[\/vc_column][\/vc_row]\n","protected":false},"excerpt":{"rendered":"<p>Schenken Sie Ihrer Haut ein sichtbar strafferes Aussehen in nur 3 Wochen mit der Liftox Super Power Creme. Angereichert mit gr\u00fcnem Kaviar wirkt diese Pflege effektiv gegen das Erscheinungsbild von Falten und feinen Linien und verleiht der Haut neue Elastizit\u00e4t und Vitalit\u00e4t. Ihre zartschmelzende Textur bringt die nat\u00fcrliche Ausstrahlung zur\u00fcck \u2013 die Haut wirkt sichtbar regeneriert und revitalisiert. Eine hochwertige Pflege f\u00fcr strahlende Sch\u00f6nheit und einen verfeinerten Teint.<\/p>\n<p>\u2713 Unter dermatologischer Aufsicht getestet.<\/p>\n<p>Ref. [wcj_product_sku] \u00b7 50ml<\/p>\n","protected":false},"featured_media":49226,"comment_status":"open","ping_status":"closed","template":"","meta":[],"product_brand":[],"product_cat":[1359,1353,1338,1485,1340,1347],"product_tag":[],"class_list":{"0":"post-49058","1":"product","2":"type-product","3":"status-publish","4":"has-post-thumbnail","6":"product_cat-cremes-und-balsame-gesicht","7":"product_cat-falten-gesicht","8":"product_cat-gesicht","9":"product_cat-neuheiten","10":"product_cat-skin-priority-de","11":"product_cat-spannkraft-festigkeit","13":"first","14":"instock","15":"shipping-taxable","16":"purchasable","17":"product-type-simple"},"yoast_head":"<!-- This site is optimized with the Yoast SEO plugin v27.5 - https:\/\/yoast.com\/product\/yoast-seo-wordpress\/ -->\n<title>LIFTOX CREAM SUPER POWER - CHRISTIAN BRETON<\/title>\n<meta name=\"description\" content=\"Die Liftox Super Power Creme wirkt effektiv, um das Erscheinungsbild von Falten und feinen Linien zu reduzieren. Ein Extra an Ausstrahlung und Vitalit\u00e4t f\u00fcr einen veredelten Teint.\" \/>\n<meta name=\"robots\" content=\"index, follow, max-snippet:-1, max-image-preview:large, max-video-preview:-1\" \/>\n<link rel=\"canonical\" href=\"https:\/\/www.christian-breton.fr\/de\/produit\/liftox-cream-super-power\/\" \/>\n<meta property=\"og:locale\" content=\"de_DE\" \/>\n<meta property=\"og:type\" content=\"article\" \/>\n<meta property=\"og:title\" content=\"LIFTOX CREAM SUPER POWER - CHRISTIAN BRETON\" \/>\n<meta property=\"og:description\" content=\"Die Liftox Super Power Creme wirkt effektiv, um das Erscheinungsbild von Falten und feinen Linien zu reduzieren. Ein Extra an Ausstrahlung und Vitalit\u00e4t f\u00fcr einen veredelten Teint.\" \/>\n<meta property=\"og:url\" content=\"https:\/\/www.christian-breton.fr\/de\/produit\/liftox-cream-super-power\/\" \/>\n<meta property=\"og:site_name\" content=\"CHRISTIAN BRETON\" \/>\n<meta property=\"article:publisher\" content=\"https:\/\/www.facebook.com\/christianbretonfrance\" \/>\n<meta property=\"article:modified_time\" content=\"2025-06-18T12:06:58+00:00\" \/>\n<meta property=\"og:image\" content=\"https:\/\/www.christian-breton.fr\/wp-content\/uploads\/2025\/06\/1612.jpg\" \/>\n\t<meta property=\"og:image:width\" content=\"700\" \/>\n\t<meta property=\"og:image:height\" content=\"738\" \/>\n\t<meta property=\"og:image:type\" content=\"image\/jpeg\" \/>\n<meta name=\"twitter:card\" content=\"summary_large_image\" \/>\n<meta name=\"twitter:label1\" content=\"Gesch\u00e4tzte Lesezeit\" \/>\n\t<meta name=\"twitter:data1\" content=\"2\u00a0Minuten\" \/>\n<script type=\"application\/ld+json\" class=\"yoast-schema-graph\">{\"@context\":\"https:\\\/\\\/schema.org\",\"@graph\":[{\"@type\":\"WebPage\",\"@id\":\"https:\\\/\\\/www.christian-breton.fr\\\/de\\\/produit\\\/liftox-cream-super-power\\\/\",\"url\":\"https:\\\/\\\/www.christian-breton.fr\\\/de\\\/produit\\\/liftox-cream-super-power\\\/\",\"name\":\"LIFTOX CREAM SUPER POWER - CHRISTIAN BRETON\",\"isPartOf\":{\"@id\":\"https:\\\/\\\/www.christian-breton.fr\\\/de\\\/#website\"},\"primaryImageOfPage\":{\"@id\":\"https:\\\/\\\/www.christian-breton.fr\\\/de\\\/produit\\\/liftox-cream-super-power\\\/#primaryimage\"},\"image\":{\"@id\":\"https:\\\/\\\/www.christian-breton.fr\\\/de\\\/produit\\\/liftox-cream-super-power\\\/#primaryimage\"},\"thumbnailUrl\":\"https:\\\/\\\/www.christian-breton.fr\\\/wp-content\\\/uploads\\\/2025\\\/06\\\/1612_fond-gris-2.jpg\",\"datePublished\":\"2025-06-16T13:27:14+00:00\",\"dateModified\":\"2025-06-18T12:06:58+00:00\",\"description\":\"Die Liftox Super Power Creme wirkt effektiv, um das Erscheinungsbild von Falten und feinen Linien zu reduzieren. Ein Extra an Ausstrahlung und Vitalit\u00e4t f\u00fcr einen veredelten Teint.\",\"breadcrumb\":{\"@id\":\"https:\\\/\\\/www.christian-breton.fr\\\/de\\\/produit\\\/liftox-cream-super-power\\\/#breadcrumb\"},\"inLanguage\":\"de\",\"potentialAction\":[{\"@type\":\"ReadAction\",\"target\":[\"https:\\\/\\\/www.christian-breton.fr\\\/de\\\/produit\\\/liftox-cream-super-power\\\/\"]}]},{\"@type\":\"ImageObject\",\"inLanguage\":\"de\",\"@id\":\"https:\\\/\\\/www.christian-breton.fr\\\/de\\\/produit\\\/liftox-cream-super-power\\\/#primaryimage\",\"url\":\"https:\\\/\\\/www.christian-breton.fr\\\/wp-content\\\/uploads\\\/2025\\\/06\\\/1612_fond-gris-2.jpg\",\"contentUrl\":\"https:\\\/\\\/www.christian-breton.fr\\\/wp-content\\\/uploads\\\/2025\\\/06\\\/1612_fond-gris-2.jpg\",\"width\":1000,\"height\":1000},{\"@type\":\"BreadcrumbList\",\"@id\":\"https:\\\/\\\/www.christian-breton.fr\\\/de\\\/produit\\\/liftox-cream-super-power\\\/#breadcrumb\",\"itemListElement\":[{\"@type\":\"ListItem\",\"position\":1,\"name\":\"Accueil\",\"item\":\"https:\\\/\\\/www.christian-breton.fr\\\/de\\\/\"},{\"@type\":\"ListItem\",\"position\":2,\"name\":\"Shop\",\"item\":\"https:\\\/\\\/www.christian-breton.fr\\\/de\\\/shop\\\/\"},{\"@type\":\"ListItem\",\"position\":3,\"name\":\"LIFTOX CREAM SUPER POWER\"}]},{\"@type\":\"WebSite\",\"@id\":\"https:\\\/\\\/www.christian-breton.fr\\\/de\\\/#website\",\"url\":\"https:\\\/\\\/www.christian-breton.fr\\\/de\\\/\",\"name\":\"CHRISTIAN BRETON\",\"description\":\"L&#039;Expert du Contour des Yeux\",\"publisher\":{\"@id\":\"https:\\\/\\\/www.christian-breton.fr\\\/de\\\/#organization\"},\"potentialAction\":[{\"@type\":\"SearchAction\",\"target\":{\"@type\":\"EntryPoint\",\"urlTemplate\":\"https:\\\/\\\/www.christian-breton.fr\\\/de\\\/?s={search_term_string}\"},\"query-input\":{\"@type\":\"PropertyValueSpecification\",\"valueRequired\":true,\"valueName\":\"search_term_string\"}}],\"inLanguage\":\"de\"},{\"@type\":\"Organization\",\"@id\":\"https:\\\/\\\/www.christian-breton.fr\\\/de\\\/#organization\",\"name\":\"CHRISTIAN BRETON\",\"url\":\"https:\\\/\\\/www.christian-breton.fr\\\/de\\\/\",\"logo\":{\"@type\":\"ImageObject\",\"inLanguage\":\"de\",\"@id\":\"https:\\\/\\\/www.christian-breton.fr\\\/de\\\/#\\\/schema\\\/logo\\\/image\\\/\",\"url\":\"https:\\\/\\\/www.christian-breton.fr\\\/wp-content\\\/uploads\\\/2022\\\/05\\\/Christian-Breton-Logo-fond-noir-scaled.jpg\",\"contentUrl\":\"https:\\\/\\\/www.christian-breton.fr\\\/wp-content\\\/uploads\\\/2022\\\/05\\\/Christian-Breton-Logo-fond-noir-scaled.jpg\",\"width\":2560,\"height\":2560,\"caption\":\"CHRISTIAN BRETON\"},\"image\":{\"@id\":\"https:\\\/\\\/www.christian-breton.fr\\\/de\\\/#\\\/schema\\\/logo\\\/image\\\/\"},\"sameAs\":[\"https:\\\/\\\/www.facebook.com\\\/christianbretonfrance\",\"https:\\\/\\\/www.instagram.com\\\/christianbreton_paris\\\/\"]}]}<\/script>\n<!-- \/ Yoast SEO plugin. -->","yoast_head_json":{"title":"LIFTOX CREAM SUPER POWER - CHRISTIAN BRETON","description":"Die Liftox Super Power Creme wirkt effektiv, um das Erscheinungsbild von Falten und feinen Linien zu reduzieren. Ein Extra an Ausstrahlung und Vitalit\u00e4t f\u00fcr einen veredelten Teint.","robots":{"index":"index","follow":"follow","max-snippet":"max-snippet:-1","max-image-preview":"max-image-preview:large","max-video-preview":"max-video-preview:-1"},"canonical":"https:\/\/www.christian-breton.fr\/de\/produit\/liftox-cream-super-power\/","og_locale":"de_DE","og_type":"article","og_title":"LIFTOX CREAM SUPER POWER - CHRISTIAN BRETON","og_description":"Die Liftox Super Power Creme wirkt effektiv, um das Erscheinungsbild von Falten und feinen Linien zu reduzieren. Ein Extra an Ausstrahlung und Vitalit\u00e4t f\u00fcr einen veredelten Teint.","og_url":"https:\/\/www.christian-breton.fr\/de\/produit\/liftox-cream-super-power\/","og_site_name":"CHRISTIAN BRETON","article_publisher":"https:\/\/www.facebook.com\/christianbretonfrance","article_modified_time":"2025-06-18T12:06:58+00:00","og_image":[{"width":700,"height":738,"url":"https:\/\/www.christian-breton.fr\/wp-content\/uploads\/2025\/06\/1612.jpg","type":"image\/jpeg"}],"twitter_card":"summary_large_image","twitter_misc":{"Gesch\u00e4tzte Lesezeit":"2\u00a0Minuten"},"schema":{"@context":"https:\/\/schema.org","@graph":[{"@type":"WebPage","@id":"https:\/\/www.christian-breton.fr\/de\/produit\/liftox-cream-super-power\/","url":"https:\/\/www.christian-breton.fr\/de\/produit\/liftox-cream-super-power\/","name":"LIFTOX CREAM SUPER POWER - CHRISTIAN BRETON","isPartOf":{"@id":"https:\/\/www.christian-breton.fr\/de\/#website"},"primaryImageOfPage":{"@id":"https:\/\/www.christian-breton.fr\/de\/produit\/liftox-cream-super-power\/#primaryimage"},"image":{"@id":"https:\/\/www.christian-breton.fr\/de\/produit\/liftox-cream-super-power\/#primaryimage"},"thumbnailUrl":"https:\/\/www.christian-breton.fr\/wp-content\/uploads\/2025\/06\/1612_fond-gris-2.jpg","datePublished":"2025-06-16T13:27:14+00:00","dateModified":"2025-06-18T12:06:58+00:00","description":"Die Liftox Super Power Creme wirkt effektiv, um das Erscheinungsbild von Falten und feinen Linien zu reduzieren. Ein Extra an Ausstrahlung und Vitalit\u00e4t f\u00fcr einen veredelten Teint.","breadcrumb":{"@id":"https:\/\/www.christian-breton.fr\/de\/produit\/liftox-cream-super-power\/#breadcrumb"},"inLanguage":"de","potentialAction":[{"@type":"ReadAction","target":["https:\/\/www.christian-breton.fr\/de\/produit\/liftox-cream-super-power\/"]}]},{"@type":"ImageObject","inLanguage":"de","@id":"https:\/\/www.christian-breton.fr\/de\/produit\/liftox-cream-super-power\/#primaryimage","url":"https:\/\/www.christian-breton.fr\/wp-content\/uploads\/2025\/06\/1612_fond-gris-2.jpg","contentUrl":"https:\/\/www.christian-breton.fr\/wp-content\/uploads\/2025\/06\/1612_fond-gris-2.jpg","width":1000,"height":1000},{"@type":"BreadcrumbList","@id":"https:\/\/www.christian-breton.fr\/de\/produit\/liftox-cream-super-power\/#breadcrumb","itemListElement":[{"@type":"ListItem","position":1,"name":"Accueil","item":"https:\/\/www.christian-breton.fr\/de\/"},{"@type":"ListItem","position":2,"name":"Shop","item":"https:\/\/www.christian-breton.fr\/de\/shop\/"},{"@type":"ListItem","position":3,"name":"LIFTOX CREAM SUPER POWER"}]},{"@type":"WebSite","@id":"https:\/\/www.christian-breton.fr\/de\/#website","url":"https:\/\/www.christian-breton.fr\/de\/","name":"CHRISTIAN BRETON","description":"L&#039;Expert du Contour des Yeux","publisher":{"@id":"https:\/\/www.christian-breton.fr\/de\/#organization"},"potentialAction":[{"@type":"SearchAction","target":{"@type":"EntryPoint","urlTemplate":"https:\/\/www.christian-breton.fr\/de\/?s={search_term_string}"},"query-input":{"@type":"PropertyValueSpecification","valueRequired":true,"valueName":"search_term_string"}}],"inLanguage":"de"},{"@type":"Organization","@id":"https:\/\/www.christian-breton.fr\/de\/#organization","name":"CHRISTIAN BRETON","url":"https:\/\/www.christian-breton.fr\/de\/","logo":{"@type":"ImageObject","inLanguage":"de","@id":"https:\/\/www.christian-breton.fr\/de\/#\/schema\/logo\/image\/","url":"https:\/\/www.christian-breton.fr\/wp-content\/uploads\/2022\/05\/Christian-Breton-Logo-fond-noir-scaled.jpg","contentUrl":"https:\/\/www.christian-breton.fr\/wp-content\/uploads\/2022\/05\/Christian-Breton-Logo-fond-noir-scaled.jpg","width":2560,"height":2560,"caption":"CHRISTIAN BRETON"},"image":{"@id":"https:\/\/www.christian-breton.fr\/de\/#\/schema\/logo\/image\/"},"sameAs":["https:\/\/www.facebook.com\/christianbretonfrance","https:\/\/www.instagram.com\/christianbreton_paris\/"]}]}},"_links":{"self":[{"href":"https:\/\/www.christian-breton.fr\/de\/wp-json\/wp\/v2\/product\/49058","targetHints":{"allow":["GET"]}}],"collection":[{"href":"https:\/\/www.christian-breton.fr\/de\/wp-json\/wp\/v2\/product"}],"about":[{"href":"https:\/\/www.christian-breton.fr\/de\/wp-json\/wp\/v2\/types\/product"}],"replies":[{"embeddable":true,"href":"https:\/\/www.christian-breton.fr\/de\/wp-json\/wp\/v2\/comments?post=49058"}],"wp:featuredmedia":[{"embeddable":true,"href":"https:\/\/www.christian-breton.fr\/de\/wp-json\/wp\/v2\/media\/49226"}],"wp:attachment":[{"href":"https:\/\/www.christian-breton.fr\/de\/wp-json\/wp\/v2\/media?parent=49058"}],"wp:term":[{"taxonomy":"product_brand","embeddable":true,"href":"https:\/\/www.christian-breton.fr\/de\/wp-json\/wp\/v2\/product_brand?post=49058"},{"taxonomy":"product_cat","embeddable":true,"href":"https:\/\/www.christian-breton.fr\/de\/wp-json\/wp\/v2\/product_cat?post=49058"},{"taxonomy":"product_tag","embeddable":true,"href":"https:\/\/www.christian-breton.fr\/de\/wp-json\/wp\/v2\/product_tag?post=49058"}],"curies":[{"name":"wp","href":"https:\/\/api.w.org\/{rel}","templated":true}]}}