{"id":50193,"date":"2025-10-27T11:04:24","date_gmt":"2025-10-27T10:04:24","guid":{"rendered":"https:\/\/www.christian-breton.fr\/?post_type=product&#038;p=50193"},"modified":"2025-11-07T14:29:31","modified_gmt":"2025-11-07T13:29:31","slug":"nighttime-essentials","status":"publish","type":"product","link":"https:\/\/www.christian-breton.fr\/de\/produit\/nighttime-essentials\/","title":{"rendered":"NIGHTTIME ESSENTIALS"},"content":{"rendered":"[vc_row][vc_column][vc_column_text el_class=&#8221;gzl-product-intro&#8221;]\n<p data-start=\"877\" data-end=\"1166\">Das unverzichtbare Duo f\u00fcr sichtbar \u201egeliftete\u201c und strahlende Haut am Morgen.<br data-start=\"955\" data-end=\"958\" \/>Das <strong data-start=\"962\" data-end=\"992\">Liftox Serum Super Power<\/strong>\u00a0verleiht Ihrer Haut neue Ausstrahlung, w\u00e4hrend die <strong data-start=\"1044\" data-end=\"1074\">Advanced Repair Sleeping Cream<\/strong>\u00a0\u00fcber Nacht wirkt, um Anzeichen der Hautalterung wie feine Linien und F\u00e4ltchen zu mildern.<\/p>\n<p data-start=\"1168\" data-end=\"1254\" data-is-last-node=\"\" data-is-only-node=\"\">G\u00f6nnen Sie sich ein au\u00dfergew\u00f6hnliches Pflegeritual f\u00fcr einen sch\u00f6nen Start in den Tag.<\/p>\n[\/vc_column_text][vc_tta_accordion c_icon=&#8221;chevron&#8221; c_position=&#8221;right&#8221; active_section=&#8221;&#8221; collapsible_all=&#8221;true&#8221; el_class=&#8221;gzl-product-accordeon&#8221;][vc_tta_section title=&#8221;F\u00fcr wen eignet sich diese Pflege?&#8221; tab_id=&#8221;targeta6a2-9c233a4e-b22b&#8221;][vc_column_text]Alle Hauttypen[\/vc_column_text][\/vc_tta_section][\/vc_tta_accordion][\/vc_column][\/vc_row][vc_row css=&#8221;.vc_custom_1709024641026{background-color: #000000 !important;}&#8221; el_class=&#8221;bg-full black spacing-lg percents&#8221;][vc_column][vc_column_text el_class=&#8221;gzl-cms-title-medium color-white&#8221;]\n<h2 style=\"text-align: left;\"><strong>GETESTET UND F\u00dcR GUT BEFUNDEN\u00a0<\/strong><\/h2>\n[\/vc_column_text]\t<div id=\"et-content-carousel-356\" class=\"row et-content-carousel slick slick-slider no-padding  \" data-center=\"\" data-columns=\"3\" data-autoplay=\"\" data-fade=\"false\" data-autoplay-speed=\"\" data-pause=\"\" data-navigation=\"\" data-pagination=\"true\" data-infinite=\"true\">\n\t\t[vc_row_inner][vc_column_inner]\n\t<div id=\"et-counter-69dc2d895a124\" class=\"et-counter animation bottom-to-top counter-color-custom icon-color- text-color-custom counter-top\" >\n\t\t\t\t\t<div class=\"counter-container\">\n\t\t\t\t\t\t\t\t\t<div class=\"h1\" data-count=\"95\" data-speed=\"1500\">0<\/div>\n\t\t\t\t\t\t\t\t\t\t\t\t\t<h4>Die Haut wirkt den ganzen Tag \u00fcber gestrafft.*<\/h4>\n\t\t\t\t\t\t\t<\/div>\n\t\t\t\t\t\t\t\t\t\t<figure>\t\t\t\t\t<span class=\"\"><\/span>\n\t\t\t\t\t\t\t\t\t<\/figure>\n\t\t\t\t\t\t\t\n\t<\/div>\n\t[\/vc_column_inner][\/vc_row_inner][vc_row_inner][vc_column_inner]\n\t<div id=\"et-counter-69dc2d895a150\" class=\"et-counter animation bottom-to-top counter-color-custom icon-color- text-color-custom counter-top\" >\n\t\t\t\t\t<div class=\"counter-container\">\n\t\t\t\t\t\t\t\t\t<div class=\"h1\" data-count=\"90\" data-speed=\"1500\">0<\/div>\n\t\t\t\t\t\t\t\t\t\t\t\t\t<h4>Verbessert die Festigkeit der Haut.*<\/h4>\n\t\t\t\t\t\t\t<\/div>\n\t\t\t\t\t\t\t\t\t\t<figure>\t\t\t\t\t<span class=\"\"><\/span>\n\t\t\t\t\t\t\t\t\t<\/figure>\n\t\t\t\t\t\t\t\n\t<\/div>\n\t[\/vc_column_inner][\/vc_row_inner][vc_row_inner][vc_column_inner]\n\t<div id=\"et-counter-69dc2d895a166\" class=\"et-counter animation bottom-to-top counter-color-custom icon-color- text-color-custom counter-top\" >\n\t\t\t\t\t<div class=\"counter-container\">\n\t\t\t\t\t\t\t\t\t<div class=\"h1\" data-count=\"93\" data-speed=\"1500\">0<\/div>\n\t\t\t\t\t\t\t\t\t\t\t\t\t<h4>Reduziert sichtbar das Erscheinungsbild von Falten.**<\/h4>\n\t\t\t\t\t\t\t<\/div>\n\t\t\t\t\t\t\t\t\t\t<figure>\t\t\t\t\t<span class=\"\"><\/span>\n\t\t\t\t\t\t\t\t\t<\/figure>\n\t\t\t\t\t\t\t\n\t<\/div>\n\t[\/vc_column_inner][\/vc_row_inner]\t<\/div>\n\t\t\n\t[\/vc_column][\/vc_row][vc_row disable_element=&#8221;yes&#8221; el_class=&#8221;spacing-lg application&#8221;][vc_column][vc_row_inner][vc_column_inner][vc_column_text animation=&#8221;animation bottom-to-top&#8221; css=&#8221;.vc_custom_1646295810920{margin-bottom: 0px !important;}&#8221;]\n<h2 style=\"text-align: center;\"><strong>ANWENDUNG<\/strong><\/h2>\n[\/vc_column_text][\/vc_column_inner][\/vc_row_inner]\t<div id=\"et-content-carousel-852\" class=\"row et-content-carousel slick slick-slider regular-padding  \" data-center=\"\" data-columns=\"3\" data-autoplay=\"\" data-fade=\"false\" data-autoplay-speed=\"\" data-pause=\"\" data-navigation=\"\" data-pagination=\"true\" data-infinite=\"true\">\n\t\t\r\n\t<div id=\"et-iconbox-432\" class=\"et-iconbox layout-centered icon-style-image-default bottom-spacing-none icon-color- text-color- animation bottom-to-top \"> \r\n\t\t<div class=\"et-icon-inner\">\r\n\t\t\t<figure class=\"et-feature-icon\">\r\n\t\t\t\t\t\t\t\t\t<img decoding=\"async\" src=\"https:\/\/www.christian-breton.fr\/wp-content\/uploads\/2024\/04\/1610.jpg\" alt=\"\" \/>\r\n\t\t\t\t\t\t\t<\/figure>\r\n\t\t\t<div class=\"et-feature-content\"> \r\n\t\t\t\t\t\t\t\t\t\t\t\t<div class=\"wpb_text_column\"><h4 style=\"text-align: center;\">SCHRITT 1<\/h4>\n<p style=\"text-align: center;\">Auf die gereinigte Haut das Liftox Serum Super Power auftragen.<\/p>\n<\/div>\r\n\t\t\t\t\t\t\t<\/div>\r\n\t\t<\/div>\r\n\t<\/div>\r\n\r\n\t\r\n\t<div id=\"et-iconbox-999\" class=\"et-iconbox layout-centered icon-style-image-default bottom-spacing-none icon-color- text-color- animation bottom-to-top \"> \r\n\t\t<div class=\"et-icon-inner\">\r\n\t\t\t<figure class=\"et-feature-icon\">\r\n\t\t\t\t\t\t\t\t\t<img decoding=\"async\" src=\"https:\/\/www.christian-breton.fr\/wp-content\/uploads\/2025\/06\/1691.jpg\" alt=\"\" \/>\r\n\t\t\t\t\t\t\t<\/figure>\r\n\t\t\t<div class=\"et-feature-content\"> \r\n\t\t\t\t\t\t\t\t\t\t\t\t<div class=\"wpb_text_column\"><h4 style=\"text-align: center;\">Schritt 2<\/h4>\n<article class=\"text-token-text-primary w-full focus:outline-none &#091;--shadow-height:45px&#093; has-data-writing-block:pointer-events-none has-data-writing-block:-mt-(--shadow-height) has-data-writing-block:pt-(--shadow-height) &#091;&amp;:has(&#091;data-writing-block&#093;)&gt;*&#093;:pointer-events-auto &#091;content-visibility:auto&#093; supports-&#091;content-visibility:auto&#093;:&#091;contain-intrinsic-size:auto_100lvh&#093; scroll-mt-&#091;calc(var(--header-height)+min(200px,max(70px,20svh)))&#093;\" dir=\"auto\" tabindex=\"-1\" data-turn-id=\"request-690dbc0c-d804-8333-92ad-a9de090e1d09-12\" data-testid=\"conversation-turn-32\" data-scroll-anchor=\"true\" data-turn=\"assistant\">\n<div class=\"text-base my-auto mx-auto pb-10 &#091;--thread-content-margin:--spacing(4)&#093; thread-sm:&#091;--thread-content-margin:--spacing(6)&#093; thread-lg:&#091;--thread-content-margin:--spacing(16)&#093; px-(--thread-content-margin)\">\n<div class=\"&#091;--thread-content-max-width:40rem&#093; thread-lg:&#091;--thread-content-max-width:48rem&#093; mx-auto max-w-(--thread-content-max-width) flex-1 group\/turn-messages focus-visible:outline-hidden relative flex w-full min-w-0 flex-col agent-turn\" tabindex=\"-1\">\n<div class=\"flex max-w-full flex-col grow\">\n<div class=\"min-h-8 text-message relative flex w-full flex-col items-end gap-2 text-start break-words whitespace-normal &#091;.text-message+&amp;&#093;:mt-1\" dir=\"auto\" data-message-author-role=\"assistant\" data-message-id=\"706650dd-4f6a-4916-be5c-dd7cbcf1cda3\" data-message-model-slug=\"gpt-5\">\n<div class=\"flex w-full flex-col gap-1 empty:hidden first:pt-&#091;1px&#093;\">\n<div class=\"markdown prose dark:prose-invert w-full break-words light markdown-new-styling\">\n<p style=\"text-align: center;\" data-start=\"259\" data-end=\"321\" data-is-last-node=\"\" data-is-only-node=\"\">Nach dem Serum die Advanced Repair Sleeping Cream auftragen.<\/p>\n<\/div>\n<\/div>\n<\/div>\n<\/div>\n<div class=\"z-0 flex min-h-&#091;46px&#093; justify-start\"><\/div>\n<div class=\"mt-3 w-full empty:hidden\">\n<div class=\"text-center\"><\/div>\n<\/div>\n<\/div>\n<\/div>\n<\/article>\n<div class=\"pointer-events-none h-px w-px\" aria-hidden=\"true\" data-edge=\"true\"><\/div>\n<\/div>\r\n\t\t\t\t\t\t\t<\/div>\r\n\t\t<\/div>\r\n\t<\/div>\r\n\r\n\t\r\n\t<div id=\"et-iconbox-839\" class=\"et-iconbox layout-centered icon-style-image-default bottom-spacing-none icon-color- text-color- animation bottom-to-top \"> \r\n\t\t<div class=\"et-icon-inner\">\r\n\t\t\t<figure class=\"et-feature-icon\">\r\n\t\t\t\t\t\t\t\t\t<img decoding=\"async\" src=\"https:\/\/www.christian-breton.fr\/wp-content\/uploads\/2022\/11\/3-1.jpg\" alt=\"\" \/>\r\n\t\t\t\t\t\t\t<\/figure>\r\n\t\t\t<div class=\"et-feature-content\"> \r\n\t\t\t\t\t\t\t\t\t\t\t\t<div class=\"wpb_text_column\"><h4 style=\"text-align: center;\">Schritt 3<\/h4>\n<p style=\"text-align: center;\">Tragen Sie die Creme abends auf und massieren Sie Ihr Gesicht von innen nach au\u00dfen.<\/p>\n<\/div>\r\n\t\t\t\t\t\t\t<\/div>\r\n\t\t<\/div>\r\n\t<\/div>\r\n\r\n\t\t<\/div>\n\t\t\n\t[\/vc_column][\/vc_row]\n","protected":false},"excerpt":{"rendered":"<p>Das unverzichtbare Duo f\u00fcr sichtbar \u201egeliftete\u201c und strahlende Haut am Morgen.<br \/>\nDas Liftox Serum Super Power\u00a0verleiht Ihrer Haut neue Ausstrahlung, w\u00e4hrend die Advanced Repair Sleeping Cream\u00a0\u00fcber Nacht wirkt, um Anzeichen der Hautalterung wie feine Linien und F\u00e4ltchen zu mildern.<\/p>\n<p>G\u00f6nnen Sie sich ein au\u00dfergew\u00f6hnliches Pflegeritual f\u00fcr einen sch\u00f6nen Start in den Tag.<\/p>\n<p>\u2713 Unter dermatologischer Aufsicht getestet.<\/p>\n<p>Ref. [wcj_product_sku] \u00b7 30+50ml<\/p>\n","protected":false},"featured_media":50200,"comment_status":"open","ping_status":"closed","template":"","meta":[],"product_brand":[],"product_cat":[1629],"product_tag":[],"class_list":{"0":"post-50193","1":"product","2":"type-product","3":"status-publish","4":"has-post-thumbnail","6":"product_cat-geschenkboxen","8":"first","9":"instock","10":"shipping-taxable","11":"purchasable","12":"product-type-simple"},"yoast_head":"<!-- This site is optimized with the Yoast SEO plugin v27.3 - https:\/\/yoast.com\/product\/yoast-seo-wordpress\/ -->\n<title>NIGHTTIME ESSENTIALS - CHRISTIAN BRETON<\/title>\n<meta name=\"description\" content=\"Advanced Repair Sleeping Cream auf den Markt. Diese luxuri\u00f6se Nachtcreme entfaltet ihre Wirkung im Schlaf und sorgt am Morgen f\u00fcr straffere Haut\" \/>\n<meta name=\"robots\" content=\"index, follow, max-snippet:-1, max-image-preview:large, max-video-preview:-1\" \/>\n<link rel=\"canonical\" href=\"https:\/\/www.christian-breton.fr\/de\/produit\/nighttime-essentials\/\" \/>\n<meta property=\"og:locale\" content=\"de_DE\" \/>\n<meta property=\"og:type\" content=\"article\" \/>\n<meta property=\"og:title\" content=\"NIGHTTIME ESSENTIALS - CHRISTIAN BRETON\" \/>\n<meta property=\"og:description\" content=\"Advanced Repair Sleeping Cream auf den Markt. Diese luxuri\u00f6se Nachtcreme entfaltet ihre Wirkung im Schlaf und sorgt am Morgen f\u00fcr straffere Haut\" \/>\n<meta property=\"og:url\" content=\"https:\/\/www.christian-breton.fr\/de\/produit\/nighttime-essentials\/\" \/>\n<meta property=\"og:site_name\" content=\"CHRISTIAN BRETON\" \/>\n<meta property=\"article:publisher\" content=\"https:\/\/www.facebook.com\/christianbretonfrance\" \/>\n<meta property=\"article:modified_time\" content=\"2025-11-07T13:29:31+00:00\" \/>\n<meta property=\"og:image\" content=\"https:\/\/www.christian-breton.fr\/wp-content\/uploads\/2025\/10\/3556500002053_1.png\" \/>\n\t<meta property=\"og:image:width\" content=\"1063\" \/>\n\t<meta property=\"og:image:height\" content=\"1063\" \/>\n\t<meta property=\"og:image:type\" content=\"image\/png\" \/>\n<meta name=\"twitter:card\" content=\"summary_large_image\" \/>\n<meta name=\"twitter:label1\" content=\"Gesch\u00e4tzte Lesezeit\" \/>\n\t<meta name=\"twitter:data1\" content=\"2\u00a0Minuten\" \/>\n<script type=\"application\/ld+json\" class=\"yoast-schema-graph\">{\"@context\":\"https:\\\/\\\/schema.org\",\"@graph\":[{\"@type\":\"WebPage\",\"@id\":\"https:\\\/\\\/www.christian-breton.fr\\\/de\\\/produit\\\/nighttime-essentials\\\/\",\"url\":\"https:\\\/\\\/www.christian-breton.fr\\\/de\\\/produit\\\/nighttime-essentials\\\/\",\"name\":\"NIGHTTIME ESSENTIALS - CHRISTIAN BRETON\",\"isPartOf\":{\"@id\":\"https:\\\/\\\/www.christian-breton.fr\\\/de\\\/#website\"},\"primaryImageOfPage\":{\"@id\":\"https:\\\/\\\/www.christian-breton.fr\\\/de\\\/produit\\\/nighttime-essentials\\\/#primaryimage\"},\"image\":{\"@id\":\"https:\\\/\\\/www.christian-breton.fr\\\/de\\\/produit\\\/nighttime-essentials\\\/#primaryimage\"},\"thumbnailUrl\":\"https:\\\/\\\/www.christian-breton.fr\\\/wp-content\\\/uploads\\\/2025\\\/10\\\/3556500002053_1.png\",\"datePublished\":\"2025-10-27T10:04:24+00:00\",\"dateModified\":\"2025-11-07T13:29:31+00:00\",\"description\":\"Advanced Repair Sleeping Cream auf den Markt. Diese luxuri\u00f6se Nachtcreme entfaltet ihre Wirkung im Schlaf und sorgt am Morgen f\u00fcr straffere Haut\",\"breadcrumb\":{\"@id\":\"https:\\\/\\\/www.christian-breton.fr\\\/de\\\/produit\\\/nighttime-essentials\\\/#breadcrumb\"},\"inLanguage\":\"de\",\"potentialAction\":[{\"@type\":\"ReadAction\",\"target\":[\"https:\\\/\\\/www.christian-breton.fr\\\/de\\\/produit\\\/nighttime-essentials\\\/\"]}]},{\"@type\":\"ImageObject\",\"inLanguage\":\"de\",\"@id\":\"https:\\\/\\\/www.christian-breton.fr\\\/de\\\/produit\\\/nighttime-essentials\\\/#primaryimage\",\"url\":\"https:\\\/\\\/www.christian-breton.fr\\\/wp-content\\\/uploads\\\/2025\\\/10\\\/3556500002053_1.png\",\"contentUrl\":\"https:\\\/\\\/www.christian-breton.fr\\\/wp-content\\\/uploads\\\/2025\\\/10\\\/3556500002053_1.png\",\"width\":1063,\"height\":1063},{\"@type\":\"BreadcrumbList\",\"@id\":\"https:\\\/\\\/www.christian-breton.fr\\\/de\\\/produit\\\/nighttime-essentials\\\/#breadcrumb\",\"itemListElement\":[{\"@type\":\"ListItem\",\"position\":1,\"name\":\"Accueil\",\"item\":\"https:\\\/\\\/www.christian-breton.fr\\\/de\\\/\"},{\"@type\":\"ListItem\",\"position\":2,\"name\":\"Shop\",\"item\":\"https:\\\/\\\/www.christian-breton.fr\\\/de\\\/shop\\\/\"},{\"@type\":\"ListItem\",\"position\":3,\"name\":\"NIGHTTIME ESSENTIALS\"}]},{\"@type\":\"WebSite\",\"@id\":\"https:\\\/\\\/www.christian-breton.fr\\\/de\\\/#website\",\"url\":\"https:\\\/\\\/www.christian-breton.fr\\\/de\\\/\",\"name\":\"CHRISTIAN BRETON\",\"description\":\"L&#039;Expert du Contour des Yeux\",\"publisher\":{\"@id\":\"https:\\\/\\\/www.christian-breton.fr\\\/de\\\/#organization\"},\"potentialAction\":[{\"@type\":\"SearchAction\",\"target\":{\"@type\":\"EntryPoint\",\"urlTemplate\":\"https:\\\/\\\/www.christian-breton.fr\\\/de\\\/?s={search_term_string}\"},\"query-input\":{\"@type\":\"PropertyValueSpecification\",\"valueRequired\":true,\"valueName\":\"search_term_string\"}}],\"inLanguage\":\"de\"},{\"@type\":\"Organization\",\"@id\":\"https:\\\/\\\/www.christian-breton.fr\\\/de\\\/#organization\",\"name\":\"CHRISTIAN BRETON\",\"url\":\"https:\\\/\\\/www.christian-breton.fr\\\/de\\\/\",\"logo\":{\"@type\":\"ImageObject\",\"inLanguage\":\"de\",\"@id\":\"https:\\\/\\\/www.christian-breton.fr\\\/de\\\/#\\\/schema\\\/logo\\\/image\\\/\",\"url\":\"https:\\\/\\\/www.christian-breton.fr\\\/wp-content\\\/uploads\\\/2022\\\/05\\\/Christian-Breton-Logo-fond-noir-scaled.jpg\",\"contentUrl\":\"https:\\\/\\\/www.christian-breton.fr\\\/wp-content\\\/uploads\\\/2022\\\/05\\\/Christian-Breton-Logo-fond-noir-scaled.jpg\",\"width\":2560,\"height\":2560,\"caption\":\"CHRISTIAN BRETON\"},\"image\":{\"@id\":\"https:\\\/\\\/www.christian-breton.fr\\\/de\\\/#\\\/schema\\\/logo\\\/image\\\/\"},\"sameAs\":[\"https:\\\/\\\/www.facebook.com\\\/christianbretonfrance\",\"https:\\\/\\\/www.instagram.com\\\/christianbreton_paris\\\/\"]}]}<\/script>\n<!-- \/ Yoast SEO plugin. -->","yoast_head_json":{"title":"NIGHTTIME ESSENTIALS - CHRISTIAN BRETON","description":"Advanced Repair Sleeping Cream auf den Markt. Diese luxuri\u00f6se Nachtcreme entfaltet ihre Wirkung im Schlaf und sorgt am Morgen f\u00fcr straffere Haut","robots":{"index":"index","follow":"follow","max-snippet":"max-snippet:-1","max-image-preview":"max-image-preview:large","max-video-preview":"max-video-preview:-1"},"canonical":"https:\/\/www.christian-breton.fr\/de\/produit\/nighttime-essentials\/","og_locale":"de_DE","og_type":"article","og_title":"NIGHTTIME ESSENTIALS - CHRISTIAN BRETON","og_description":"Advanced Repair Sleeping Cream auf den Markt. Diese luxuri\u00f6se Nachtcreme entfaltet ihre Wirkung im Schlaf und sorgt am Morgen f\u00fcr straffere Haut","og_url":"https:\/\/www.christian-breton.fr\/de\/produit\/nighttime-essentials\/","og_site_name":"CHRISTIAN BRETON","article_publisher":"https:\/\/www.facebook.com\/christianbretonfrance","article_modified_time":"2025-11-07T13:29:31+00:00","og_image":[{"width":1063,"height":1063,"url":"https:\/\/www.christian-breton.fr\/wp-content\/uploads\/2025\/10\/3556500002053_1.png","type":"image\/png"}],"twitter_card":"summary_large_image","twitter_misc":{"Gesch\u00e4tzte Lesezeit":"2\u00a0Minuten"},"schema":{"@context":"https:\/\/schema.org","@graph":[{"@type":"WebPage","@id":"https:\/\/www.christian-breton.fr\/de\/produit\/nighttime-essentials\/","url":"https:\/\/www.christian-breton.fr\/de\/produit\/nighttime-essentials\/","name":"NIGHTTIME ESSENTIALS - CHRISTIAN BRETON","isPartOf":{"@id":"https:\/\/www.christian-breton.fr\/de\/#website"},"primaryImageOfPage":{"@id":"https:\/\/www.christian-breton.fr\/de\/produit\/nighttime-essentials\/#primaryimage"},"image":{"@id":"https:\/\/www.christian-breton.fr\/de\/produit\/nighttime-essentials\/#primaryimage"},"thumbnailUrl":"https:\/\/www.christian-breton.fr\/wp-content\/uploads\/2025\/10\/3556500002053_1.png","datePublished":"2025-10-27T10:04:24+00:00","dateModified":"2025-11-07T13:29:31+00:00","description":"Advanced Repair Sleeping Cream auf den Markt. Diese luxuri\u00f6se Nachtcreme entfaltet ihre Wirkung im Schlaf und sorgt am Morgen f\u00fcr straffere Haut","breadcrumb":{"@id":"https:\/\/www.christian-breton.fr\/de\/produit\/nighttime-essentials\/#breadcrumb"},"inLanguage":"de","potentialAction":[{"@type":"ReadAction","target":["https:\/\/www.christian-breton.fr\/de\/produit\/nighttime-essentials\/"]}]},{"@type":"ImageObject","inLanguage":"de","@id":"https:\/\/www.christian-breton.fr\/de\/produit\/nighttime-essentials\/#primaryimage","url":"https:\/\/www.christian-breton.fr\/wp-content\/uploads\/2025\/10\/3556500002053_1.png","contentUrl":"https:\/\/www.christian-breton.fr\/wp-content\/uploads\/2025\/10\/3556500002053_1.png","width":1063,"height":1063},{"@type":"BreadcrumbList","@id":"https:\/\/www.christian-breton.fr\/de\/produit\/nighttime-essentials\/#breadcrumb","itemListElement":[{"@type":"ListItem","position":1,"name":"Accueil","item":"https:\/\/www.christian-breton.fr\/de\/"},{"@type":"ListItem","position":2,"name":"Shop","item":"https:\/\/www.christian-breton.fr\/de\/shop\/"},{"@type":"ListItem","position":3,"name":"NIGHTTIME ESSENTIALS"}]},{"@type":"WebSite","@id":"https:\/\/www.christian-breton.fr\/de\/#website","url":"https:\/\/www.christian-breton.fr\/de\/","name":"CHRISTIAN BRETON","description":"L&#039;Expert du Contour des Yeux","publisher":{"@id":"https:\/\/www.christian-breton.fr\/de\/#organization"},"potentialAction":[{"@type":"SearchAction","target":{"@type":"EntryPoint","urlTemplate":"https:\/\/www.christian-breton.fr\/de\/?s={search_term_string}"},"query-input":{"@type":"PropertyValueSpecification","valueRequired":true,"valueName":"search_term_string"}}],"inLanguage":"de"},{"@type":"Organization","@id":"https:\/\/www.christian-breton.fr\/de\/#organization","name":"CHRISTIAN BRETON","url":"https:\/\/www.christian-breton.fr\/de\/","logo":{"@type":"ImageObject","inLanguage":"de","@id":"https:\/\/www.christian-breton.fr\/de\/#\/schema\/logo\/image\/","url":"https:\/\/www.christian-breton.fr\/wp-content\/uploads\/2022\/05\/Christian-Breton-Logo-fond-noir-scaled.jpg","contentUrl":"https:\/\/www.christian-breton.fr\/wp-content\/uploads\/2022\/05\/Christian-Breton-Logo-fond-noir-scaled.jpg","width":2560,"height":2560,"caption":"CHRISTIAN BRETON"},"image":{"@id":"https:\/\/www.christian-breton.fr\/de\/#\/schema\/logo\/image\/"},"sameAs":["https:\/\/www.facebook.com\/christianbretonfrance","https:\/\/www.instagram.com\/christianbreton_paris\/"]}]}},"_links":{"self":[{"href":"https:\/\/www.christian-breton.fr\/de\/wp-json\/wp\/v2\/product\/50193","targetHints":{"allow":["GET"]}}],"collection":[{"href":"https:\/\/www.christian-breton.fr\/de\/wp-json\/wp\/v2\/product"}],"about":[{"href":"https:\/\/www.christian-breton.fr\/de\/wp-json\/wp\/v2\/types\/product"}],"replies":[{"embeddable":true,"href":"https:\/\/www.christian-breton.fr\/de\/wp-json\/wp\/v2\/comments?post=50193"}],"wp:featuredmedia":[{"embeddable":true,"href":"https:\/\/www.christian-breton.fr\/de\/wp-json\/wp\/v2\/media\/50200"}],"wp:attachment":[{"href":"https:\/\/www.christian-breton.fr\/de\/wp-json\/wp\/v2\/media?parent=50193"}],"wp:term":[{"taxonomy":"product_brand","embeddable":true,"href":"https:\/\/www.christian-breton.fr\/de\/wp-json\/wp\/v2\/product_brand?post=50193"},{"taxonomy":"product_cat","embeddable":true,"href":"https:\/\/www.christian-breton.fr\/de\/wp-json\/wp\/v2\/product_cat?post=50193"},{"taxonomy":"product_tag","embeddable":true,"href":"https:\/\/www.christian-breton.fr\/de\/wp-json\/wp\/v2\/product_tag?post=50193"}],"curies":[{"name":"wp","href":"https:\/\/api.w.org\/{rel}","templated":true}]}}