{"id":50688,"date":"2025-11-25T14:52:52","date_gmt":"2025-11-25T13:52:52","guid":{"rendered":"https:\/\/www.christian-breton.fr\/?post_type=product&#038;p=50688"},"modified":"2025-12-19T12:06:49","modified_gmt":"2025-12-19T11:06:49","slug":"the-ultimate-antiaging-eye-contour-cream","status":"publish","type":"product","link":"https:\/\/www.christian-breton.fr\/de\/produit\/the-ultimate-antiaging-eye-contour-cream\/","title":{"rendered":"THE ULTIMATE ANTI-AGING EYE CONTOUR CREAM"},"content":{"rendered":"[vc_row][vc_column][vc_column_text el_class=\u201dgzl-product-intro\u201d]\n<p data-start=\"549\" data-end=\"569\"><strong data-start=\"549\" data-end=\"569\">Augenkonturcreme<\/strong><\/p>\n<p data-start=\"571\" data-end=\"998\">Diese Augenkonturcreme sch\u00fctzt die feine und empfindliche Haut der Augenpartie, um den sichtbaren Auswirkungen von Mikrokontraktionen entgegenzuwirken, die zur Verst\u00e4rkung von Alterserscheinungen beitragen. Sie hilft, das Erscheinungsbild von Falten in der Augenpartie zu mildern und wirkt gezielt gegen verschiedene Anzeichen wie Falten und feine Linien, Kr\u00e4henf\u00fc\u00dfe sowie die sogenannte \u201eZornesfalte\u201c zwischen den Augenbrauen.<\/p>\n[\/vc_column_text][vc_tta_accordion c_icon=\u201dchevron\u201d c_position=\u201dright\u201d active_section=\u201d\u201d collapsible_all=\u201dtrue\u201d el_class=\u201dgzl-product-accordeon\u201d][vc_tta_section title=\u201dF\u00fcr wen eignet sich diese Pflege?\u201d tab_id=\u201dtargeta6a2-9c2378c0-2ed7\u2033][vc_column_text]Alle Hauttypen.[\/vc_column_text][\/vc_tta_section][\/vc_tta_accordion][\/vc_column][\/vc_row][vc_row et_row_padding=\u201dtrue\u201d css=\u201d.vc_custom_1709201205543{background-color: #000000 !important;}\u201d el_class=\u201dbg-full black spacing-lg percents\u201d][vc_column][vc_column_text el_class=\u201dgzl-cms-title-medium color-white\u201d]\n<h2><strong>GETESTET UND F\u00dcR GUT BEFUNDEN*<\/strong><\/h2>\n[\/vc_column_text]\t<div id=\"et-content-carousel-714\" class=\"row et-content-carousel slick slick-slider no-padding  \" data-center=\"\" data-columns=\"3\" data-autoplay=\"\" data-fade=\"false\" data-autoplay-speed=\"\" data-pause=\"\" data-navigation=\"\" data-pagination=\"true\" data-infinite=\"true\">\n\t\t[vc_row_inner][vc_column_inner]\n\t<div id=\"et-counter-69fd12158ebee\" class=\"et-counter animation bottom-to-top counter-color-custom icon-color- text-color-custom counter-top\" >\n\t\t\t\t\t<div class=\"counter-container\">\n\t\t\t\t\t\t\t\t\t<div class=\"h1\" data-count=\"94\" data-speed=\"1500\">0<\/div>\n\t\t\t\t\t\t\t\t\t\t\t\t\t<h4>Die Augenpartie wirkt den ganzen Tag \u00fcber geliftet.*<\/h4>\n\t\t\t\t\t\t\t<\/div>\n\t\t\t\t\t\t\t\t\t\t<figure>\t\t\t\t\t<span class=\"\"><\/span>\n\t\t\t\t\t\t\t\t\t<\/figure>\n\t\t\t\t\t\t\t\n\t<\/div>\n\t[\/vc_column_inner][\/vc_row_inner][vc_row_inner][vc_column_inner]\n\t<div id=\"et-counter-69fd12158ec26\" class=\"et-counter animation bottom-to-top counter-color-custom icon-color- text-color-custom counter-top\" >\n\t\t\t\t\t<div class=\"counter-container\">\n\t\t\t\t\t\t\t\t\t<div class=\"h1\" data-count=\"100\" data-speed=\"1500\">0<\/div>\n\t\t\t\t\t\t\t\t\t\t\t\t\t<h4>L\u00e4sst die Augenpartie strahlender wirken.*<\/h4>\n\t\t\t\t\t\t\t<\/div>\n\t\t\t\t\t\t\t\t\t\t<figure>\t\t\t\t\t<span class=\"\"><\/span>\n\t\t\t\t\t\t\t\t\t<\/figure>\n\t\t\t\t\t\t\t\n\t<\/div>\n\t[\/vc_column_inner][\/vc_row_inner][vc_row_inner][vc_column_inner]\n\t<div id=\"et-counter-69fd12158ec47\" class=\"et-counter animation bottom-to-top counter-color-custom icon-color- text-color-custom counter-top\" >\n\t\t\t\t\t<div class=\"counter-container\">\n\t\t\t\t\t\t\t\t\t<div class=\"h1\" data-count=\"100\" data-speed=\"1500\">0<\/div>\n\t\t\t\t\t\t\t\t\t\t\t\t\t<h4>Die Augenpartie wirkt j\u00fcnger.*<\/h4>\n\t\t\t\t\t\t\t<\/div>\n\t\t\t\t\t\t\t\t\t\t<figure>\t\t\t\t\t<span class=\"\"><\/span>\n\t\t\t\t\t\t\t\t\t<\/figure>\n\t\t\t\t\t\t\t\n\t<\/div>\n\t[\/vc_column_inner][\/vc_row_inner]\t<\/div>\n\t\t\n\t[\/vc_column][\/vc_row][vc_row el_class=\u201dspacing-lg application\u201d][vc_column][vc_row_inner][vc_column_inner][vc_column_text animation=\u201danimation bottom-to-top\u201d css=\u201d.vc_custom_1646297529702{margin-bottom: 0px !important;}\u201d]\n<h2 style=\"text-align: center;\"><strong>ANWENDUNG<\/strong><\/h2>\n[\/vc_column_text][\/vc_column_inner][\/vc_row_inner]\t<div id=\"et-content-carousel-948\" class=\"row et-content-carousel slick slick-slider regular-padding  \" data-center=\"\" data-columns=\"3\" data-autoplay=\"\" data-fade=\"false\" data-autoplay-speed=\"\" data-pause=\"\" data-navigation=\"\" data-pagination=\"true\" data-infinite=\"true\">\n\t\t\r\n\t<div id=\"et-iconbox-348\" class=\"et-iconbox layout-centered icon-style-image-default bottom-spacing-none icon-color- text-color- animation bottom-to-top \"> \r\n\t\t<div class=\"et-icon-inner\">\r\n\t\t\t<figure class=\"et-feature-icon\">\r\n\t\t\t\t\t\t\t\t\t<img decoding=\"async\" src=\"https:\/\/www.christian-breton.fr\/wp-content\/uploads\/2025\/09\/lotion-1440-scaled.jpg\" alt=\"\" \/>\r\n\t\t\t\t\t\t\t<\/figure>\r\n\t\t\t<div class=\"et-feature-content\"> \r\n\t\t\t\t\t\t\t\t\t\t\t\t<div class=\"wpb_text_column\"><h4 style=\"text-align: center;\">SCHRITT 1<\/h4>\n<p style=\"text-align: center;\">Morgens und abends die Haut abschminken und reinigen.<\/p>\n<\/div>\r\n\t\t\t\t\t\t\t<\/div>\r\n\t\t<\/div>\r\n\t<\/div>\r\n\r\n\t\r\n\t<div id=\"et-iconbox-179\" class=\"et-iconbox layout-centered icon-style-image-default bottom-spacing-none icon-color- text-color- animation bottom-to-top \"> \r\n\t\t<div class=\"et-icon-inner\">\r\n\t\t\t<figure class=\"et-feature-icon\">\r\n\t\t\t\t\t\t\t\t\t<img decoding=\"async\" src=\"https:\/\/www.christian-breton.fr\/wp-content\/uploads\/2025\/11\/1306.png\" alt=\"\" \/>\r\n\t\t\t\t\t\t\t<\/figure>\r\n\t\t\t<div class=\"et-feature-content\"> \r\n\t\t\t\t\t\t\t\t\t\t\t\t<div class=\"wpb_text_column\"><h4 style=\"text-align: center;\">SCHRITT 2<\/h4>\n<p style=\"text-align: center;\">Morgens und abends <strong data-start=\"159\" data-end=\"193\">The Ultimate Eye Contour Cream<\/strong> auftragen.<\/p>\n<\/div>\r\n\t\t\t\t\t\t\t<\/div>\r\n\t\t<\/div>\r\n\t<\/div>\r\n\r\n\t\r\n\t<div id=\"et-iconbox-683\" class=\"et-iconbox layout-centered icon-style-image-default bottom-spacing-none icon-color- text-color- animation bottom-to-top \"> \r\n\t\t<div class=\"et-icon-inner\">\r\n\t\t\t<figure class=\"et-feature-icon\">\r\n\t\t\t\t\t\t\t\t\t<img decoding=\"async\" src=\"https:\/\/www.christian-breton.fr\/wp-content\/uploads\/2021\/12\/1106-4-1.jpg\" alt=\"\" \/>\r\n\t\t\t\t\t\t\t<\/figure>\r\n\t\t\t<div class=\"et-feature-content\"> \r\n\t\t\t\t\t\t\t\t\t\t\t\t<div class=\"wpb_text_column\"><h4 style=\"text-align: center;\">SCHRITT 3<\/h4>\n<p style=\"text-align: center;\">Durch sanftes Einklopfen auftragen und von innen nach au\u00dfen entlang der Augenpartie einmassieren.<\/p>\n<\/div>\r\n\t\t\t\t\t\t\t<\/div>\r\n\t\t<\/div>\r\n\t<\/div>\r\n\r\n\t\t<\/div>\n\t\t\n\t[\/vc_column][\/vc_row]\n","protected":false},"excerpt":{"rendered":"<p>Diese Augenkonturcreme hilft, die feine und empfindliche Haut der Augenpartie zu sch\u00fctzen, um den sichtbaren Auswirkungen von Mikrokontraktionen entgegenzuwirken, die zur Entstehung von Alterserscheinungen beitragen. Sie hilft, das Erscheinungsbild von Falten in der Augenpartie zu mildern und wirkt gezielt gegen verschiedene Anzeichen wie Falten und feine Linien, Kr\u00e4henf\u00fc\u00dfe sowie die sogenannte \u201eZornesfalte\u201c zwischen den Augenbrauen.<\/p>\n<p>\u2713 Unter augen\u00e4rztlicher Kontrolle getestet<\/p>\n<p>Ref. [wcj_product_sku] \u00b7 15ml<\/p>\n","protected":false},"featured_media":50698,"comment_status":"open","ping_status":"closed","template":"","meta":[],"product_brand":[],"product_cat":[1242,1239,1485],"product_tag":[],"class_list":{"0":"post-50688","1":"product","2":"type-product","3":"status-publish","4":"has-post-thumbnail","6":"product_cat-augenkontur","7":"product_cat-falten","8":"product_cat-neuheiten","10":"first","11":"instock","12":"shipping-taxable","13":"purchasable","14":"product-type-simple"},"yoast_head":"<!-- This site is optimized with the Yoast SEO plugin v27.5 - https:\/\/yoast.com\/product\/yoast-seo-wordpress\/ -->\n<title>THE ULTIMATE ANTI-AGING EYE CONTOUR CREAM - CHRISTIAN BRETON<\/title>\n<meta name=\"description\" content=\"Christian Breton pr\u00e4sentiert die Ultimative Augencreme. Das neue Must-have Ihrer Pflegeroutine f\u00fcr eine j\u00fcnger wirkende Augenpartie.\" \/>\n<meta name=\"robots\" content=\"index, follow, max-snippet:-1, max-image-preview:large, max-video-preview:-1\" \/>\n<link rel=\"canonical\" href=\"https:\/\/www.christian-breton.fr\/de\/produit\/the-ultimate-antiaging-eye-contour-cream\/\" \/>\n<meta property=\"og:locale\" content=\"de_DE\" \/>\n<meta property=\"og:type\" content=\"article\" \/>\n<meta property=\"og:title\" content=\"THE ULTIMATE ANTI-AGING EYE CONTOUR CREAM - CHRISTIAN BRETON\" \/>\n<meta property=\"og:description\" content=\"Christian Breton pr\u00e4sentiert die Ultimative Augencreme. Das neue Must-have Ihrer Pflegeroutine f\u00fcr eine j\u00fcnger wirkende Augenpartie.\" \/>\n<meta property=\"og:url\" content=\"https:\/\/www.christian-breton.fr\/de\/produit\/the-ultimate-antiaging-eye-contour-cream\/\" \/>\n<meta property=\"og:site_name\" content=\"CHRISTIAN BRETON\" \/>\n<meta property=\"article:publisher\" content=\"https:\/\/www.facebook.com\/christianbretonfrance\" \/>\n<meta property=\"article:modified_time\" content=\"2025-12-19T11:06:49+00:00\" \/>\n<meta property=\"og:image\" content=\"https:\/\/www.christian-breton.fr\/wp-content\/uploads\/2025\/11\/1306-1.png\" \/>\n\t<meta property=\"og:image:width\" content=\"1000\" \/>\n\t<meta property=\"og:image:height\" content=\"1000\" \/>\n\t<meta property=\"og:image:type\" content=\"image\/png\" \/>\n<meta name=\"twitter:card\" content=\"summary_large_image\" \/>\n<meta name=\"twitter:label1\" content=\"Gesch\u00e4tzte Lesezeit\" \/>\n\t<meta name=\"twitter:data1\" content=\"2\u00a0Minuten\" \/>\n<script type=\"application\/ld+json\" class=\"yoast-schema-graph\">{\"@context\":\"https:\\\/\\\/schema.org\",\"@graph\":[{\"@type\":\"WebPage\",\"@id\":\"https:\\\/\\\/www.christian-breton.fr\\\/de\\\/produit\\\/the-ultimate-antiaging-eye-contour-cream\\\/\",\"url\":\"https:\\\/\\\/www.christian-breton.fr\\\/de\\\/produit\\\/the-ultimate-antiaging-eye-contour-cream\\\/\",\"name\":\"THE ULTIMATE ANTI-AGING EYE CONTOUR CREAM - CHRISTIAN BRETON\",\"isPartOf\":{\"@id\":\"https:\\\/\\\/www.christian-breton.fr\\\/de\\\/#website\"},\"primaryImageOfPage\":{\"@id\":\"https:\\\/\\\/www.christian-breton.fr\\\/de\\\/produit\\\/the-ultimate-antiaging-eye-contour-cream\\\/#primaryimage\"},\"image\":{\"@id\":\"https:\\\/\\\/www.christian-breton.fr\\\/de\\\/produit\\\/the-ultimate-antiaging-eye-contour-cream\\\/#primaryimage\"},\"thumbnailUrl\":\"https:\\\/\\\/www.christian-breton.fr\\\/wp-content\\\/uploads\\\/2025\\\/11\\\/1306-1.png\",\"datePublished\":\"2025-11-25T13:52:52+00:00\",\"dateModified\":\"2025-12-19T11:06:49+00:00\",\"description\":\"Christian Breton pr\u00e4sentiert die Ultimative Augencreme. Das neue Must-have Ihrer Pflegeroutine f\u00fcr eine j\u00fcnger wirkende Augenpartie.\",\"breadcrumb\":{\"@id\":\"https:\\\/\\\/www.christian-breton.fr\\\/de\\\/produit\\\/the-ultimate-antiaging-eye-contour-cream\\\/#breadcrumb\"},\"inLanguage\":\"de\",\"potentialAction\":[{\"@type\":\"ReadAction\",\"target\":[\"https:\\\/\\\/www.christian-breton.fr\\\/de\\\/produit\\\/the-ultimate-antiaging-eye-contour-cream\\\/\"]}]},{\"@type\":\"ImageObject\",\"inLanguage\":\"de\",\"@id\":\"https:\\\/\\\/www.christian-breton.fr\\\/de\\\/produit\\\/the-ultimate-antiaging-eye-contour-cream\\\/#primaryimage\",\"url\":\"https:\\\/\\\/www.christian-breton.fr\\\/wp-content\\\/uploads\\\/2025\\\/11\\\/1306-1.png\",\"contentUrl\":\"https:\\\/\\\/www.christian-breton.fr\\\/wp-content\\\/uploads\\\/2025\\\/11\\\/1306-1.png\",\"width\":1000,\"height\":1000},{\"@type\":\"BreadcrumbList\",\"@id\":\"https:\\\/\\\/www.christian-breton.fr\\\/de\\\/produit\\\/the-ultimate-antiaging-eye-contour-cream\\\/#breadcrumb\",\"itemListElement\":[{\"@type\":\"ListItem\",\"position\":1,\"name\":\"Accueil\",\"item\":\"https:\\\/\\\/www.christian-breton.fr\\\/de\\\/\"},{\"@type\":\"ListItem\",\"position\":2,\"name\":\"Shop\",\"item\":\"https:\\\/\\\/www.christian-breton.fr\\\/de\\\/shop\\\/\"},{\"@type\":\"ListItem\",\"position\":3,\"name\":\"THE ULTIMATE ANTI-AGING EYE CONTOUR CREAM\"}]},{\"@type\":\"WebSite\",\"@id\":\"https:\\\/\\\/www.christian-breton.fr\\\/de\\\/#website\",\"url\":\"https:\\\/\\\/www.christian-breton.fr\\\/de\\\/\",\"name\":\"CHRISTIAN BRETON\",\"description\":\"L&#039;Expert du Contour des Yeux\",\"publisher\":{\"@id\":\"https:\\\/\\\/www.christian-breton.fr\\\/de\\\/#organization\"},\"potentialAction\":[{\"@type\":\"SearchAction\",\"target\":{\"@type\":\"EntryPoint\",\"urlTemplate\":\"https:\\\/\\\/www.christian-breton.fr\\\/de\\\/?s={search_term_string}\"},\"query-input\":{\"@type\":\"PropertyValueSpecification\",\"valueRequired\":true,\"valueName\":\"search_term_string\"}}],\"inLanguage\":\"de\"},{\"@type\":\"Organization\",\"@id\":\"https:\\\/\\\/www.christian-breton.fr\\\/de\\\/#organization\",\"name\":\"CHRISTIAN BRETON\",\"url\":\"https:\\\/\\\/www.christian-breton.fr\\\/de\\\/\",\"logo\":{\"@type\":\"ImageObject\",\"inLanguage\":\"de\",\"@id\":\"https:\\\/\\\/www.christian-breton.fr\\\/de\\\/#\\\/schema\\\/logo\\\/image\\\/\",\"url\":\"https:\\\/\\\/www.christian-breton.fr\\\/wp-content\\\/uploads\\\/2022\\\/05\\\/Christian-Breton-Logo-fond-noir-scaled.jpg\",\"contentUrl\":\"https:\\\/\\\/www.christian-breton.fr\\\/wp-content\\\/uploads\\\/2022\\\/05\\\/Christian-Breton-Logo-fond-noir-scaled.jpg\",\"width\":2560,\"height\":2560,\"caption\":\"CHRISTIAN BRETON\"},\"image\":{\"@id\":\"https:\\\/\\\/www.christian-breton.fr\\\/de\\\/#\\\/schema\\\/logo\\\/image\\\/\"},\"sameAs\":[\"https:\\\/\\\/www.facebook.com\\\/christianbretonfrance\",\"https:\\\/\\\/www.instagram.com\\\/christianbreton_paris\\\/\"]}]}<\/script>\n<!-- \/ Yoast SEO plugin. -->","yoast_head_json":{"title":"THE ULTIMATE ANTI-AGING EYE CONTOUR CREAM - CHRISTIAN BRETON","description":"Christian Breton pr\u00e4sentiert die Ultimative Augencreme. Das neue Must-have Ihrer Pflegeroutine f\u00fcr eine j\u00fcnger wirkende Augenpartie.","robots":{"index":"index","follow":"follow","max-snippet":"max-snippet:-1","max-image-preview":"max-image-preview:large","max-video-preview":"max-video-preview:-1"},"canonical":"https:\/\/www.christian-breton.fr\/de\/produit\/the-ultimate-antiaging-eye-contour-cream\/","og_locale":"de_DE","og_type":"article","og_title":"THE ULTIMATE ANTI-AGING EYE CONTOUR CREAM - CHRISTIAN BRETON","og_description":"Christian Breton pr\u00e4sentiert die Ultimative Augencreme. Das neue Must-have Ihrer Pflegeroutine f\u00fcr eine j\u00fcnger wirkende Augenpartie.","og_url":"https:\/\/www.christian-breton.fr\/de\/produit\/the-ultimate-antiaging-eye-contour-cream\/","og_site_name":"CHRISTIAN BRETON","article_publisher":"https:\/\/www.facebook.com\/christianbretonfrance","article_modified_time":"2025-12-19T11:06:49+00:00","og_image":[{"width":1000,"height":1000,"url":"https:\/\/www.christian-breton.fr\/wp-content\/uploads\/2025\/11\/1306-1.png","type":"image\/png"}],"twitter_card":"summary_large_image","twitter_misc":{"Gesch\u00e4tzte Lesezeit":"2\u00a0Minuten"},"schema":{"@context":"https:\/\/schema.org","@graph":[{"@type":"WebPage","@id":"https:\/\/www.christian-breton.fr\/de\/produit\/the-ultimate-antiaging-eye-contour-cream\/","url":"https:\/\/www.christian-breton.fr\/de\/produit\/the-ultimate-antiaging-eye-contour-cream\/","name":"THE ULTIMATE ANTI-AGING EYE CONTOUR CREAM - CHRISTIAN BRETON","isPartOf":{"@id":"https:\/\/www.christian-breton.fr\/de\/#website"},"primaryImageOfPage":{"@id":"https:\/\/www.christian-breton.fr\/de\/produit\/the-ultimate-antiaging-eye-contour-cream\/#primaryimage"},"image":{"@id":"https:\/\/www.christian-breton.fr\/de\/produit\/the-ultimate-antiaging-eye-contour-cream\/#primaryimage"},"thumbnailUrl":"https:\/\/www.christian-breton.fr\/wp-content\/uploads\/2025\/11\/1306-1.png","datePublished":"2025-11-25T13:52:52+00:00","dateModified":"2025-12-19T11:06:49+00:00","description":"Christian Breton pr\u00e4sentiert die Ultimative Augencreme. Das neue Must-have Ihrer Pflegeroutine f\u00fcr eine j\u00fcnger wirkende Augenpartie.","breadcrumb":{"@id":"https:\/\/www.christian-breton.fr\/de\/produit\/the-ultimate-antiaging-eye-contour-cream\/#breadcrumb"},"inLanguage":"de","potentialAction":[{"@type":"ReadAction","target":["https:\/\/www.christian-breton.fr\/de\/produit\/the-ultimate-antiaging-eye-contour-cream\/"]}]},{"@type":"ImageObject","inLanguage":"de","@id":"https:\/\/www.christian-breton.fr\/de\/produit\/the-ultimate-antiaging-eye-contour-cream\/#primaryimage","url":"https:\/\/www.christian-breton.fr\/wp-content\/uploads\/2025\/11\/1306-1.png","contentUrl":"https:\/\/www.christian-breton.fr\/wp-content\/uploads\/2025\/11\/1306-1.png","width":1000,"height":1000},{"@type":"BreadcrumbList","@id":"https:\/\/www.christian-breton.fr\/de\/produit\/the-ultimate-antiaging-eye-contour-cream\/#breadcrumb","itemListElement":[{"@type":"ListItem","position":1,"name":"Accueil","item":"https:\/\/www.christian-breton.fr\/de\/"},{"@type":"ListItem","position":2,"name":"Shop","item":"https:\/\/www.christian-breton.fr\/de\/shop\/"},{"@type":"ListItem","position":3,"name":"THE ULTIMATE ANTI-AGING EYE CONTOUR CREAM"}]},{"@type":"WebSite","@id":"https:\/\/www.christian-breton.fr\/de\/#website","url":"https:\/\/www.christian-breton.fr\/de\/","name":"CHRISTIAN BRETON","description":"L&#039;Expert du Contour des Yeux","publisher":{"@id":"https:\/\/www.christian-breton.fr\/de\/#organization"},"potentialAction":[{"@type":"SearchAction","target":{"@type":"EntryPoint","urlTemplate":"https:\/\/www.christian-breton.fr\/de\/?s={search_term_string}"},"query-input":{"@type":"PropertyValueSpecification","valueRequired":true,"valueName":"search_term_string"}}],"inLanguage":"de"},{"@type":"Organization","@id":"https:\/\/www.christian-breton.fr\/de\/#organization","name":"CHRISTIAN BRETON","url":"https:\/\/www.christian-breton.fr\/de\/","logo":{"@type":"ImageObject","inLanguage":"de","@id":"https:\/\/www.christian-breton.fr\/de\/#\/schema\/logo\/image\/","url":"https:\/\/www.christian-breton.fr\/wp-content\/uploads\/2022\/05\/Christian-Breton-Logo-fond-noir-scaled.jpg","contentUrl":"https:\/\/www.christian-breton.fr\/wp-content\/uploads\/2022\/05\/Christian-Breton-Logo-fond-noir-scaled.jpg","width":2560,"height":2560,"caption":"CHRISTIAN BRETON"},"image":{"@id":"https:\/\/www.christian-breton.fr\/de\/#\/schema\/logo\/image\/"},"sameAs":["https:\/\/www.facebook.com\/christianbretonfrance","https:\/\/www.instagram.com\/christianbreton_paris\/"]}]}},"_links":{"self":[{"href":"https:\/\/www.christian-breton.fr\/de\/wp-json\/wp\/v2\/product\/50688","targetHints":{"allow":["GET"]}}],"collection":[{"href":"https:\/\/www.christian-breton.fr\/de\/wp-json\/wp\/v2\/product"}],"about":[{"href":"https:\/\/www.christian-breton.fr\/de\/wp-json\/wp\/v2\/types\/product"}],"replies":[{"embeddable":true,"href":"https:\/\/www.christian-breton.fr\/de\/wp-json\/wp\/v2\/comments?post=50688"}],"wp:featuredmedia":[{"embeddable":true,"href":"https:\/\/www.christian-breton.fr\/de\/wp-json\/wp\/v2\/media\/50698"}],"wp:attachment":[{"href":"https:\/\/www.christian-breton.fr\/de\/wp-json\/wp\/v2\/media?parent=50688"}],"wp:term":[{"taxonomy":"product_brand","embeddable":true,"href":"https:\/\/www.christian-breton.fr\/de\/wp-json\/wp\/v2\/product_brand?post=50688"},{"taxonomy":"product_cat","embeddable":true,"href":"https:\/\/www.christian-breton.fr\/de\/wp-json\/wp\/v2\/product_cat?post=50688"},{"taxonomy":"product_tag","embeddable":true,"href":"https:\/\/www.christian-breton.fr\/de\/wp-json\/wp\/v2\/product_tag?post=50688"}],"curies":[{"name":"wp","href":"https:\/\/api.w.org\/{rel}","templated":true}]}}