{"id":50924,"date":"2026-02-10T08:57:00","date_gmt":"2026-02-10T07:57:00","guid":{"rendered":"https:\/\/www.christian-breton.fr\/?post_type=product&#038;p=50924"},"modified":"2026-02-12T10:20:04","modified_gmt":"2026-02-12T09:20:04","slug":"ceramide-enriched-replenishing-serum","status":"publish","type":"product","link":"https:\/\/www.christian-breton.fr\/de\/produit\/ceramide-enriched-replenishing-serum\/","title":{"rendered":"CERAMIDE-ENRICHED REPLENISHING SERUM"},"content":{"rendered":"[vc_row][vc_column][vc_column_text el_class=&#8221;gzl-product-intro&#8221;]\n<p data-start=\"66\" data-end=\"105\"><strong>Straffendes Ceramid-Serum<\/strong><\/p>\n<p data-start=\"107\" data-end=\"650\">Dieses Experten-Serum, angereichert mit Ceramiden, regeneriert die Haut, verleiht ihr neuen Bounce und verbessert ihre Elastizit\u00e4t. Es polstert auf, reduziert Volumenverlust und strafft die Haut sichtbar. Pr\u00e4zise formuliert hilft es, Anzeichen von Hauterschlaffung zu korrigieren und hinterl\u00e4sst ein sp\u00fcrbar strafferes und elastischeres Hautgef\u00fchl.<\/p>\n[\/vc_column_text][vc_tta_accordion c_icon=&#8221;chevron&#8221; c_position=&#8221;right&#8221; active_section=&#8221;&#8221; collapsible_all=&#8221;true&#8221; el_class=&#8221;gzl-product-accordeon&#8221;][vc_tta_section title=&#8221;F\u00fcr wen eignet sich diese Pflege?&#8221; tab_id=&#8221;targeta6a2-9c2378c0-2ed7&#8243;][vc_column_text]Alle Hauttypen.[\/vc_column_text][\/vc_tta_section][\/vc_tta_accordion][\/vc_column][\/vc_row][vc_row et_row_padding=&#8221;true&#8221; css=&#8221;.vc_custom_1709201205543{background-color: #000000 !important;}&#8221; el_class=&#8221;bg-full black spacing-lg percents&#8221;][vc_column][vc_column_text el_class=&#8221;gzl-cms-title-medium color-white&#8221;]\n<h2><strong>GETESTET UND F\u00dcR GUT BEFUNDEN*<\/strong><\/h2>\n[\/vc_column_text]\t<div id=\"et-content-carousel-29\" class=\"row et-content-carousel slick slick-slider no-padding  \" data-center=\"\" data-columns=\"3\" data-autoplay=\"\" data-fade=\"false\" data-autoplay-speed=\"\" data-pause=\"\" data-navigation=\"\" data-pagination=\"true\" data-infinite=\"true\">\n\t\t[vc_row_inner][vc_column_inner]\n\t<div id=\"et-counter-69d24c28cd089\" class=\"et-counter animation bottom-to-top counter-color-custom icon-color- text-color-custom counter-top\" >\n\t\t\t\t\t<div class=\"counter-container\">\n\t\t\t\t\t\t\t\t\t<div class=\"h1\" data-count=\"100\" data-speed=\"1500\">0<\/div>\n\t\t\t\t\t\t\t\t\t\t\t\t\t<h4>Verbessern die Elastizit\u00e4t der Haut*<\/h4>\n\t\t\t\t\t\t\t<\/div>\n\t\t\t\t\t\t\t\t\t\t<figure>\t\t\t\t\t<span class=\"\"><\/span>\n\t\t\t\t\t\t\t\t\t<\/figure>\n\t\t\t\t\t\t\t\n\t<\/div>\n\t[\/vc_column_inner][\/vc_row_inner][vc_row_inner][vc_column_inner]\n\t<div id=\"et-counter-69d24c28cd0b1\" class=\"et-counter animation bottom-to-top counter-color-custom icon-color- text-color-custom counter-top\" >\n\t\t\t\t\t<div class=\"counter-container\">\n\t\t\t\t\t\t\t\t\t<div class=\"h1\" data-count=\"100\" data-speed=\"1500\">0<\/div>\n\t\t\t\t\t\t\t\t\t\t\t\t\t<h4>Verleihen der Haut mehr Spannkraft*<\/h4>\n\t\t\t\t\t\t\t<\/div>\n\t\t\t\t\t\t\t\t\t\t<figure>\t\t\t\t\t<span class=\"\"><\/span>\n\t\t\t\t\t\t\t\t\t<\/figure>\n\t\t\t\t\t\t\t\n\t<\/div>\n\t[\/vc_column_inner][\/vc_row_inner][vc_row_inner][vc_column_inner]\n\t<div id=\"et-counter-69d24c28cd0c5\" class=\"et-counter animation bottom-to-top counter-color-custom icon-color- text-color-custom counter-top\" >\n\t\t\t\t\t<div class=\"counter-container\">\n\t\t\t\t\t\t\t\t\t<div class=\"h1\" data-count=\"87\" data-speed=\"1500\">0<\/div>\n\t\t\t\t\t\t\t\t\t\t\t\t\t<h4>Korrigieren Hauterschlaffung*<\/h4>\n\t\t\t\t\t\t\t<\/div>\n\t\t\t\t\t\t\t\t\t\t<figure>\t\t\t\t\t<span class=\"\"><\/span>\n\t\t\t\t\t\t\t\t\t<\/figure>\n\t\t\t\t\t\t\t\n\t<\/div>\n\t[\/vc_column_inner][\/vc_row_inner]\t<\/div>\n\t\t\n\t[\/vc_column][\/vc_row][vc_row el_class=&#8221;spacing-lg application&#8221;][vc_column][vc_row_inner][vc_column_inner][vc_column_text animation=&#8221;animation bottom-to-top&#8221; css=&#8221;.vc_custom_1646297529702{margin-bottom: 0px !important;}&#8221;]\n<h2 style=\"text-align: center;\"><strong>ANWENDUNG<\/strong><\/h2>\n[\/vc_column_text][\/vc_column_inner][\/vc_row_inner]\t<div id=\"et-content-carousel-720\" class=\"row et-content-carousel slick slick-slider regular-padding  \" data-center=\"\" data-columns=\"3\" data-autoplay=\"\" data-fade=\"false\" data-autoplay-speed=\"\" data-pause=\"\" data-navigation=\"\" data-pagination=\"true\" data-infinite=\"true\">\n\t\t\r\n\t<div id=\"et-iconbox-663\" class=\"et-iconbox layout-centered icon-style-image-default bottom-spacing-none icon-color- text-color- animation bottom-to-top \"> \r\n\t\t<div class=\"et-icon-inner\">\r\n\t\t\t<figure class=\"et-feature-icon\">\r\n\t\t\t\t\t\t\t\t\t<img decoding=\"async\" src=\"https:\/\/www.christian-breton.fr\/wp-content\/uploads\/2025\/09\/lotion-1440-scaled.jpg\" alt=\"\" \/>\r\n\t\t\t\t\t\t\t<\/figure>\r\n\t\t\t<div class=\"et-feature-content\"> \r\n\t\t\t\t\t\t\t\t\t\t\t\t<div class=\"wpb_text_column\"><h4 style=\"text-align: center;\">SCHRITT 1<\/h4>\n<p style=\"text-align: center;\">Morgens und abends Make-up entfernen und die Haut reinigen.<\/p>\n<\/div>\r\n\t\t\t\t\t\t\t<\/div>\r\n\t\t<\/div>\r\n\t<\/div>\r\n\r\n\t\r\n\t<div id=\"et-iconbox-844\" class=\"et-iconbox layout-centered icon-style-image-default bottom-spacing-none icon-color- text-color- animation bottom-to-top \"> \r\n\t\t<div class=\"et-icon-inner\">\r\n\t\t\t<figure class=\"et-feature-icon\">\r\n\t\t\t\t\t\t\t\t\t<img decoding=\"async\" src=\"https:\/\/www.christian-breton.fr\/wp-content\/uploads\/2025\/09\/1694-4.jpg\" alt=\"\" \/>\r\n\t\t\t\t\t\t\t<\/figure>\r\n\t\t\t<div class=\"et-feature-content\"> \r\n\t\t\t\t\t\t\t\t\t\t\t\t<div class=\"wpb_text_column\"><h4 style=\"text-align: center;\">SCHRITT 2<\/h4>\n<p style=\"text-align: center;\">Morgens und abends das Straffendes Ceramid-Serum Serum auftragen.<\/p>\n<\/div>\r\n\t\t\t\t\t\t\t<\/div>\r\n\t\t<\/div>\r\n\t<\/div>\r\n\r\n\t\r\n\t<div id=\"et-iconbox-579\" class=\"et-iconbox layout-centered icon-style-image-default bottom-spacing-none icon-color- text-color- animation bottom-to-top \"> \r\n\t\t<div class=\"et-icon-inner\">\r\n\t\t\t<figure class=\"et-feature-icon\">\r\n\t\t\t\t\t\t\t\t\t<img decoding=\"async\" src=\"https:\/\/www.christian-breton.fr\/wp-content\/uploads\/2025\/06\/1691-\u2013-2.jpg\" alt=\"\" \/>\r\n\t\t\t\t\t\t\t<\/figure>\r\n\t\t\t<div class=\"et-feature-content\"> \r\n\t\t\t\t\t\t\t\t\t\t\t\t<div class=\"wpb_text_column\"><h4 style=\"text-align: center;\">SCHRITT 3<\/h4>\n<p style=\"text-align: center;\">Nach dem Serum die hre t\u00e4gliche Creme auf Gesicht und Hals auftragen.<\/p>\n<\/div>\r\n\t\t\t\t\t\t\t<\/div>\r\n\t\t<\/div>\r\n\t<\/div>\r\n\r\n\t\t<\/div>\n\t\t\n\t[\/vc_column][\/vc_row]\n","protected":false},"excerpt":{"rendered":"<p data-start=\"107\" data-end=\"650\">Dieses Experten-Serum, angereichert mit Ceramiden, regeneriert die Haut, verleiht ihr neuen Bounce und verbessert ihre Elastizit\u00e4t. Es polstert auf, reduziert Volumenverlust und strafft die Haut sichtbar. Pr\u00e4zise formuliert hilft es, Anzeichen von Hauterschlaffung zu korrigieren und hinterl\u00e4sst ein sp\u00fcrbar strafferes und elastischeres Hautgef\u00fchl.<\/p>\n<p>Ref. [wcj_product_sku] \u00b7 30ml<\/p>\n","protected":false},"featured_media":50930,"comment_status":"open","ping_status":"closed","template":"","meta":[],"product_brand":[],"product_cat":[1338,1336,1485,1369,1340],"product_tag":[],"class_list":{"0":"post-50924","1":"product","2":"type-product","3":"status-publish","4":"has-post-thumbnail","6":"product_cat-gesicht","7":"product_cat-gesichtspflege","8":"product_cat-neuheiten","9":"product_cat-seren-gesicht","10":"product_cat-skin-priority-de","12":"first","13":"instock","14":"shipping-taxable","15":"purchasable","16":"product-type-simple"},"yoast_head":"<!-- This site is optimized with the Yoast SEO plugin v27.3 - https:\/\/yoast.com\/product\/yoast-seo-wordpress\/ -->\n<title>CERAMIDE-ENRICHED REPLENISHING SERUM - CHRISTIAN BRETON<\/title>\n<meta name=\"description\" content=\"Experten-Serum mit Ceramiden: regeneriert die Haut, verbessert Elastizit\u00e4t, polstert auf und strafft sichtbar f\u00fcr ein festes, elastisches Hautgef\u00fchl.\" \/>\n<meta name=\"robots\" content=\"index, follow, max-snippet:-1, max-image-preview:large, max-video-preview:-1\" \/>\n<link rel=\"canonical\" href=\"https:\/\/www.christian-breton.fr\/de\/produit\/ceramide-enriched-replenishing-serum\/\" \/>\n<meta property=\"og:locale\" content=\"de_DE\" \/>\n<meta property=\"og:type\" content=\"article\" \/>\n<meta property=\"og:title\" content=\"CERAMIDE-ENRICHED REPLENISHING SERUM - CHRISTIAN BRETON\" \/>\n<meta property=\"og:description\" content=\"Experten-Serum mit Ceramiden: regeneriert die Haut, verbessert Elastizit\u00e4t, polstert auf und strafft sichtbar f\u00fcr ein festes, elastisches Hautgef\u00fchl.\" \/>\n<meta property=\"og:url\" content=\"https:\/\/www.christian-breton.fr\/de\/produit\/ceramide-enriched-replenishing-serum\/\" \/>\n<meta property=\"og:site_name\" content=\"CHRISTIAN BRETON\" \/>\n<meta property=\"article:publisher\" content=\"https:\/\/www.facebook.com\/christianbretonfrance\" \/>\n<meta property=\"article:modified_time\" content=\"2026-02-12T09:20:04+00:00\" \/>\n<meta property=\"og:image\" content=\"https:\/\/www.christian-breton.fr\/wp-content\/uploads\/2026\/02\/1371fond-scaled.jpg\" \/>\n\t<meta property=\"og:image:width\" content=\"2560\" \/>\n\t<meta property=\"og:image:height\" content=\"2560\" \/>\n\t<meta property=\"og:image:type\" content=\"image\/jpeg\" \/>\n<meta name=\"twitter:card\" content=\"summary_large_image\" \/>\n<meta name=\"twitter:label1\" content=\"Gesch\u00e4tzte Lesezeit\" \/>\n\t<meta name=\"twitter:data1\" content=\"2\u00a0Minuten\" \/>\n<script type=\"application\/ld+json\" class=\"yoast-schema-graph\">{\"@context\":\"https:\\\/\\\/schema.org\",\"@graph\":[{\"@type\":\"WebPage\",\"@id\":\"https:\\\/\\\/www.christian-breton.fr\\\/de\\\/produit\\\/ceramide-enriched-replenishing-serum\\\/\",\"url\":\"https:\\\/\\\/www.christian-breton.fr\\\/de\\\/produit\\\/ceramide-enriched-replenishing-serum\\\/\",\"name\":\"CERAMIDE-ENRICHED REPLENISHING SERUM - CHRISTIAN BRETON\",\"isPartOf\":{\"@id\":\"https:\\\/\\\/www.christian-breton.fr\\\/de\\\/#website\"},\"primaryImageOfPage\":{\"@id\":\"https:\\\/\\\/www.christian-breton.fr\\\/de\\\/produit\\\/ceramide-enriched-replenishing-serum\\\/#primaryimage\"},\"image\":{\"@id\":\"https:\\\/\\\/www.christian-breton.fr\\\/de\\\/produit\\\/ceramide-enriched-replenishing-serum\\\/#primaryimage\"},\"thumbnailUrl\":\"https:\\\/\\\/www.christian-breton.fr\\\/wp-content\\\/uploads\\\/2026\\\/02\\\/1371fond-scaled.jpg\",\"datePublished\":\"2026-02-10T07:57:00+00:00\",\"dateModified\":\"2026-02-12T09:20:04+00:00\",\"description\":\"Experten-Serum mit Ceramiden: regeneriert die Haut, verbessert Elastizit\u00e4t, polstert auf und strafft sichtbar f\u00fcr ein festes, elastisches Hautgef\u00fchl.\",\"breadcrumb\":{\"@id\":\"https:\\\/\\\/www.christian-breton.fr\\\/de\\\/produit\\\/ceramide-enriched-replenishing-serum\\\/#breadcrumb\"},\"inLanguage\":\"de\",\"potentialAction\":[{\"@type\":\"ReadAction\",\"target\":[\"https:\\\/\\\/www.christian-breton.fr\\\/de\\\/produit\\\/ceramide-enriched-replenishing-serum\\\/\"]}]},{\"@type\":\"ImageObject\",\"inLanguage\":\"de\",\"@id\":\"https:\\\/\\\/www.christian-breton.fr\\\/de\\\/produit\\\/ceramide-enriched-replenishing-serum\\\/#primaryimage\",\"url\":\"https:\\\/\\\/www.christian-breton.fr\\\/wp-content\\\/uploads\\\/2026\\\/02\\\/1371fond-scaled.jpg\",\"contentUrl\":\"https:\\\/\\\/www.christian-breton.fr\\\/wp-content\\\/uploads\\\/2026\\\/02\\\/1371fond-scaled.jpg\",\"width\":2560,\"height\":2560},{\"@type\":\"BreadcrumbList\",\"@id\":\"https:\\\/\\\/www.christian-breton.fr\\\/de\\\/produit\\\/ceramide-enriched-replenishing-serum\\\/#breadcrumb\",\"itemListElement\":[{\"@type\":\"ListItem\",\"position\":1,\"name\":\"Accueil\",\"item\":\"https:\\\/\\\/www.christian-breton.fr\\\/de\\\/\"},{\"@type\":\"ListItem\",\"position\":2,\"name\":\"Shop\",\"item\":\"https:\\\/\\\/www.christian-breton.fr\\\/de\\\/shop\\\/\"},{\"@type\":\"ListItem\",\"position\":3,\"name\":\"CERAMIDE-ENRICHED REPLENISHING SERUM\"}]},{\"@type\":\"WebSite\",\"@id\":\"https:\\\/\\\/www.christian-breton.fr\\\/de\\\/#website\",\"url\":\"https:\\\/\\\/www.christian-breton.fr\\\/de\\\/\",\"name\":\"CHRISTIAN BRETON\",\"description\":\"L&#039;Expert du Contour des Yeux\",\"publisher\":{\"@id\":\"https:\\\/\\\/www.christian-breton.fr\\\/de\\\/#organization\"},\"potentialAction\":[{\"@type\":\"SearchAction\",\"target\":{\"@type\":\"EntryPoint\",\"urlTemplate\":\"https:\\\/\\\/www.christian-breton.fr\\\/de\\\/?s={search_term_string}\"},\"query-input\":{\"@type\":\"PropertyValueSpecification\",\"valueRequired\":true,\"valueName\":\"search_term_string\"}}],\"inLanguage\":\"de\"},{\"@type\":\"Organization\",\"@id\":\"https:\\\/\\\/www.christian-breton.fr\\\/de\\\/#organization\",\"name\":\"CHRISTIAN BRETON\",\"url\":\"https:\\\/\\\/www.christian-breton.fr\\\/de\\\/\",\"logo\":{\"@type\":\"ImageObject\",\"inLanguage\":\"de\",\"@id\":\"https:\\\/\\\/www.christian-breton.fr\\\/de\\\/#\\\/schema\\\/logo\\\/image\\\/\",\"url\":\"https:\\\/\\\/www.christian-breton.fr\\\/wp-content\\\/uploads\\\/2022\\\/05\\\/Christian-Breton-Logo-fond-noir-scaled.jpg\",\"contentUrl\":\"https:\\\/\\\/www.christian-breton.fr\\\/wp-content\\\/uploads\\\/2022\\\/05\\\/Christian-Breton-Logo-fond-noir-scaled.jpg\",\"width\":2560,\"height\":2560,\"caption\":\"CHRISTIAN BRETON\"},\"image\":{\"@id\":\"https:\\\/\\\/www.christian-breton.fr\\\/de\\\/#\\\/schema\\\/logo\\\/image\\\/\"},\"sameAs\":[\"https:\\\/\\\/www.facebook.com\\\/christianbretonfrance\",\"https:\\\/\\\/www.instagram.com\\\/christianbreton_paris\\\/\"]}]}<\/script>\n<!-- \/ Yoast SEO plugin. -->","yoast_head_json":{"title":"CERAMIDE-ENRICHED REPLENISHING SERUM - CHRISTIAN BRETON","description":"Experten-Serum mit Ceramiden: regeneriert die Haut, verbessert Elastizit\u00e4t, polstert auf und strafft sichtbar f\u00fcr ein festes, elastisches Hautgef\u00fchl.","robots":{"index":"index","follow":"follow","max-snippet":"max-snippet:-1","max-image-preview":"max-image-preview:large","max-video-preview":"max-video-preview:-1"},"canonical":"https:\/\/www.christian-breton.fr\/de\/produit\/ceramide-enriched-replenishing-serum\/","og_locale":"de_DE","og_type":"article","og_title":"CERAMIDE-ENRICHED REPLENISHING SERUM - CHRISTIAN BRETON","og_description":"Experten-Serum mit Ceramiden: regeneriert die Haut, verbessert Elastizit\u00e4t, polstert auf und strafft sichtbar f\u00fcr ein festes, elastisches Hautgef\u00fchl.","og_url":"https:\/\/www.christian-breton.fr\/de\/produit\/ceramide-enriched-replenishing-serum\/","og_site_name":"CHRISTIAN BRETON","article_publisher":"https:\/\/www.facebook.com\/christianbretonfrance","article_modified_time":"2026-02-12T09:20:04+00:00","og_image":[{"width":2560,"height":2560,"url":"https:\/\/www.christian-breton.fr\/wp-content\/uploads\/2026\/02\/1371fond-scaled.jpg","type":"image\/jpeg"}],"twitter_card":"summary_large_image","twitter_misc":{"Gesch\u00e4tzte Lesezeit":"2\u00a0Minuten"},"schema":{"@context":"https:\/\/schema.org","@graph":[{"@type":"WebPage","@id":"https:\/\/www.christian-breton.fr\/de\/produit\/ceramide-enriched-replenishing-serum\/","url":"https:\/\/www.christian-breton.fr\/de\/produit\/ceramide-enriched-replenishing-serum\/","name":"CERAMIDE-ENRICHED REPLENISHING SERUM - CHRISTIAN BRETON","isPartOf":{"@id":"https:\/\/www.christian-breton.fr\/de\/#website"},"primaryImageOfPage":{"@id":"https:\/\/www.christian-breton.fr\/de\/produit\/ceramide-enriched-replenishing-serum\/#primaryimage"},"image":{"@id":"https:\/\/www.christian-breton.fr\/de\/produit\/ceramide-enriched-replenishing-serum\/#primaryimage"},"thumbnailUrl":"https:\/\/www.christian-breton.fr\/wp-content\/uploads\/2026\/02\/1371fond-scaled.jpg","datePublished":"2026-02-10T07:57:00+00:00","dateModified":"2026-02-12T09:20:04+00:00","description":"Experten-Serum mit Ceramiden: regeneriert die Haut, verbessert Elastizit\u00e4t, polstert auf und strafft sichtbar f\u00fcr ein festes, elastisches Hautgef\u00fchl.","breadcrumb":{"@id":"https:\/\/www.christian-breton.fr\/de\/produit\/ceramide-enriched-replenishing-serum\/#breadcrumb"},"inLanguage":"de","potentialAction":[{"@type":"ReadAction","target":["https:\/\/www.christian-breton.fr\/de\/produit\/ceramide-enriched-replenishing-serum\/"]}]},{"@type":"ImageObject","inLanguage":"de","@id":"https:\/\/www.christian-breton.fr\/de\/produit\/ceramide-enriched-replenishing-serum\/#primaryimage","url":"https:\/\/www.christian-breton.fr\/wp-content\/uploads\/2026\/02\/1371fond-scaled.jpg","contentUrl":"https:\/\/www.christian-breton.fr\/wp-content\/uploads\/2026\/02\/1371fond-scaled.jpg","width":2560,"height":2560},{"@type":"BreadcrumbList","@id":"https:\/\/www.christian-breton.fr\/de\/produit\/ceramide-enriched-replenishing-serum\/#breadcrumb","itemListElement":[{"@type":"ListItem","position":1,"name":"Accueil","item":"https:\/\/www.christian-breton.fr\/de\/"},{"@type":"ListItem","position":2,"name":"Shop","item":"https:\/\/www.christian-breton.fr\/de\/shop\/"},{"@type":"ListItem","position":3,"name":"CERAMIDE-ENRICHED REPLENISHING SERUM"}]},{"@type":"WebSite","@id":"https:\/\/www.christian-breton.fr\/de\/#website","url":"https:\/\/www.christian-breton.fr\/de\/","name":"CHRISTIAN BRETON","description":"L&#039;Expert du Contour des Yeux","publisher":{"@id":"https:\/\/www.christian-breton.fr\/de\/#organization"},"potentialAction":[{"@type":"SearchAction","target":{"@type":"EntryPoint","urlTemplate":"https:\/\/www.christian-breton.fr\/de\/?s={search_term_string}"},"query-input":{"@type":"PropertyValueSpecification","valueRequired":true,"valueName":"search_term_string"}}],"inLanguage":"de"},{"@type":"Organization","@id":"https:\/\/www.christian-breton.fr\/de\/#organization","name":"CHRISTIAN BRETON","url":"https:\/\/www.christian-breton.fr\/de\/","logo":{"@type":"ImageObject","inLanguage":"de","@id":"https:\/\/www.christian-breton.fr\/de\/#\/schema\/logo\/image\/","url":"https:\/\/www.christian-breton.fr\/wp-content\/uploads\/2022\/05\/Christian-Breton-Logo-fond-noir-scaled.jpg","contentUrl":"https:\/\/www.christian-breton.fr\/wp-content\/uploads\/2022\/05\/Christian-Breton-Logo-fond-noir-scaled.jpg","width":2560,"height":2560,"caption":"CHRISTIAN BRETON"},"image":{"@id":"https:\/\/www.christian-breton.fr\/de\/#\/schema\/logo\/image\/"},"sameAs":["https:\/\/www.facebook.com\/christianbretonfrance","https:\/\/www.instagram.com\/christianbreton_paris\/"]}]}},"_links":{"self":[{"href":"https:\/\/www.christian-breton.fr\/de\/wp-json\/wp\/v2\/product\/50924","targetHints":{"allow":["GET"]}}],"collection":[{"href":"https:\/\/www.christian-breton.fr\/de\/wp-json\/wp\/v2\/product"}],"about":[{"href":"https:\/\/www.christian-breton.fr\/de\/wp-json\/wp\/v2\/types\/product"}],"replies":[{"embeddable":true,"href":"https:\/\/www.christian-breton.fr\/de\/wp-json\/wp\/v2\/comments?post=50924"}],"wp:featuredmedia":[{"embeddable":true,"href":"https:\/\/www.christian-breton.fr\/de\/wp-json\/wp\/v2\/media\/50930"}],"wp:attachment":[{"href":"https:\/\/www.christian-breton.fr\/de\/wp-json\/wp\/v2\/media?parent=50924"}],"wp:term":[{"taxonomy":"product_brand","embeddable":true,"href":"https:\/\/www.christian-breton.fr\/de\/wp-json\/wp\/v2\/product_brand?post=50924"},{"taxonomy":"product_cat","embeddable":true,"href":"https:\/\/www.christian-breton.fr\/de\/wp-json\/wp\/v2\/product_cat?post=50924"},{"taxonomy":"product_tag","embeddable":true,"href":"https:\/\/www.christian-breton.fr\/de\/wp-json\/wp\/v2\/product_tag?post=50924"}],"curies":[{"name":"wp","href":"https:\/\/api.w.org\/{rel}","templated":true}]}}