{"id":16985,"date":"2021-08-19T08:48:51","date_gmt":"2021-08-19T06:48:51","guid":{"rendered":"http:\/\/cb.agencegazelle.com\/homepage-new\/"},"modified":"2021-10-13T13:52:29","modified_gmt":"2021-10-13T11:52:29","slug":"homepage-new","status":"publish","type":"page","link":"https:\/\/www.christian-breton.fr\/en\/homepage-new\/","title":{"rendered":"Homepage New"},"content":{"rendered":"[vc_row et_full_width=\u201dtrue\u201d et_row_padding=\u201dtrue\u201d el_class=\u201dhome-slider-top\u201d css=\u201d.vc_custom_1625139188947{margin-top: 0px !important;padding-top: 0px !important;padding-bottom: 0px !important;}\u201d][vc_column]\t\t\t<rs-module-wrap id=\"rev_slider_error_1_wrapper\">\n\t\t\t\t<rs-module id=\"rev_slider_error_1\">\n\t\t\t\t\t<div class=\"rs_error_message_box\">\n\t\t\t\t\t\t<div class=\"rs_error_message_oops\">Oops...<\/div>\n\t\t\t\t\t\t<div class=\"rs_error_message_content\">Slider with alias slider 3 not found.<\/div>\n\t\t\t\t\t<\/div>\n\t\t\t\t<\/rs-module>\n\t\t\t<\/rs-module-wrap>\n\t\t\t<script type=\"text\/javascript\">\n\t\t\t\tvar rs_eslider = document.getElementById(\"rev_slider_error_1\");\n\t\t\t\trs_eslider.style.display = \"none\";\n\t\t\t\tconsole.log(\"Slider with alias slider 3 not found.\");\n\t\t\t<\/script>\n[\/vc_column][\/vc_row][vc_row el_class=\u201dspacing-lg\u201d el_id=\u201dbloc-nos-chouchous\u201d][vc_column animation=\u201danimation bottom-to-top\u201d][vc_column_text css=\u201d.vc_custom_1629355897129{margin-bottom: 36px !important;}\u201d]\n<h2 style=\"text-align: center;\">Our Monthly Favorites<\/h2>\n<p style=\"text-align: center;\">Be tempted by our favorites of the month.<br \/>\nWe\u2019ve selected the best of the best!<\/p>\n[\/vc_column_text][\/vc_column][\/vc_row][vc_row et_full_width=\u201dtrue\u201d et_row_padding=\u201dtrue\u201d content_placement=\u201dmiddle\u201d css=\u201d.vc_custom_1625646798810{background-color: #825aea !important;background-position: center !important;background-repeat: no-repeat !important;background-size: cover !important;}\u201d el_id=\u201dblocfresh-clean\u201d][vc_column][vc_column_text css=\u201d.vc_custom_1625646788131{background-color: #825aea !important;}\u201d el_class=\u201dmarquee\u201d]WE ARE FRESH AND CLEAN[\/vc_column_text][vc_column_text el_id=\u201dbloc-bg-meuf\u201d][\/vc_column_text][\/vc_column][\/vc_row][vc_row el_class=\u201dspacing-lg home-blog\u201d el_id=\u201dsection-confiance\u201d][vc_column animation=\u201danimation bottom-to-top\u201d][vc_row_inner][vc_column_inner width=\u201d1\/4\u2033 el_id=\u201dfirst-confiance-col\u201d][vc_single_image source=\u201dexternal_link\u201d alignment=\u201dcenter\u201d custom_src=\u201dhttps:\/\/www.christian-breton.fr\/wp-content\/uploads\/2021\/08\/tof1-1.png\u201d el_id=\u201dimg-unee\u201d][vc_column_text el_class=\u201dpopover-style\u201d]\n<h3>Quick delivery<\/h3>\n<p>Order shipped within 3 days[\/vc_column_text][\/vc_column_inner][vc_column_inner width=\u201d1\/4\u2033][vc_single_image image=\u201d15972\u2033][vc_column_text]\n<h3>Your loyalty is rewarded<\/h3>\n<p>Join La Cure Community and benefit from special offers[\/vc_column_text][\/vc_column_inner][vc_column_inner width=\u201d1\/4\u2033][vc_single_image image=\u201d15958\u2033][vc_column_text]\n<h3>Free samples<\/h3>\n<p>For each order we offer you 3 samples[\/vc_column_text][\/vc_column_inner][vc_column_inner width=\u201d1\/4\u2033][vc_single_image image=\u201d15946\u2033][vc_column_text]\n<h3>Highly secure payment<\/h3>\n<p><span lang=\"EN-US\">Visa \/ MasterCard \/ American Express<\/span>[\/vc_column_text][\/vc_column_inner][\/vc_row_inner][\/vc_column][\/vc_row][vc_row el_class=\u201dspacing-lg\u201d][vc_column animation=\u201danimation bottom-to-top\u201d el_id=\u201dbloc-macure-beaute\u201d][vc_column_text css=\u201d.vc_custom_1629357182132{margin-bottom: 36px !important;}\u201d]\n<h2 style=\"text-align: center;\">My Cure Beaut\u00e9<\/h2>\n<p style=\"text-align: center;\">Find out more about our beauty routines,<br \/>\ndesigned to meet your every need! Take your skincare routine<br \/>\nto the next level<\/p>\n[\/vc_column_text][\/vc_column][\/vc_row][vc_row et_full_width=\u201dtrue\u201d et_row_padding=\u201dtrue\u201d content_placement=\u201dmiddle\u201d css=\u201d.vc_custom_1627894450887{background-color: #bda5fc !important;background-position: center !important;background-repeat: no-repeat !important;background-size: cover !important;}\u201d el_id=\u201dbloc-adorent-nos-produits\u201d][vc_column][vc_column_text][MARQUEE]95% recommend us<\/p>\n<p>93% looooove our products<\/p>\n<p>91% will buy again<\/p>\n<p>95% recommend us<\/p>\n<p>93% looooove our products<\/p>\n<p>91% will buy again[\/MARQUEE][\/vc_column_text][\/vc_column][\/vc_row][vc_row][vc_column offset=\u201dvc_hidden-lg vc_hidden-md vc_hidden-sm\u201d][vc_empty_space][\/vc_column][\/vc_row][vc_row el_id=\u201dblocmacure-products\u201d][vc_column][vc_column_text animation=\u201danimation bottom-to-top\u201d css=\u201d.vc_custom_1629356218100{margin-bottom: 36px !important;}\u201d]\n<h2 style=\"text-align: center;\">Diary<\/h2>\n<p style=\"text-align: center;\">Our tips for glowing skin !<\/p>\n[\/vc_column_text]\t\t\t<div class=\"et-post-slider slick slick-slider slick-arrows-outside slick-controls-gray slick-dots-centered slick-dots-active-small\" data-columns=\"3\" data-slides-to-scroll=\"3\" data-pagination=\"true\" data-navigation=\"true\">\n\t\t\t\t\t\t\t<article itemscope itemtype=\"http:\/\/schema.org\/Article\" class=\"post post-grid post-slider blog-post post-34255 type-post status-publish format-standard has-post-thumbnail hentry category-eyes\">\n\t\t\t\t\t<div class=\"et-post-slider-inner\">\n\t\t\t\t\t\t<figure class=\"post-gallery\">\n\t\t\t\t\t\t\t\t\t\t\t\t\t\t\t<a href=\"https:\/\/www.christian-breton.fr\/en\/dark-circles-how-to-get-rid-of-them\/\" rel=\"bookmark\" title=\"DARK CIRCLES: HOW TO GET RID OF THEM?\">\n\t\t\t\t\t\t\t\t\t\t\t\t\t\t\t\t\t\t<img decoding=\"async\" width=\"768\" height=\"432\" src=\"https:\/\/www.christian-breton.fr\/wp-content\/uploads\/2022\/02\/dermato-6-768x432.jpg\" class=\"attachment-medium_large size-medium_large wp-post-image\" alt=\"\" srcset=\"https:\/\/www.christian-breton.fr\/wp-content\/uploads\/2022\/02\/dermato-6-768x432.jpg 768w, https:\/\/www.christian-breton.fr\/wp-content\/uploads\/2022\/02\/dermato-6-300x169.jpg 300w, https:\/\/www.christian-breton.fr\/wp-content\/uploads\/2022\/02\/dermato-6-1024x576.jpg 1024w, https:\/\/www.christian-breton.fr\/wp-content\/uploads\/2022\/02\/dermato-6-96x54.jpg 96w, https:\/\/www.christian-breton.fr\/wp-content\/uploads\/2022\/02\/dermato-6-42x24.jpg 42w, https:\/\/www.christian-breton.fr\/wp-content\/uploads\/2022\/02\/dermato-6-1536x864.jpg 1536w, https:\/\/www.christian-breton.fr\/wp-content\/uploads\/2022\/02\/dermato-6-2048x1152.jpg 2048w, https:\/\/www.christian-breton.fr\/wp-content\/uploads\/2022\/02\/dermato-6-150x84.jpg 150w, https:\/\/www.christian-breton.fr\/wp-content\/uploads\/2022\/02\/dermato-6-600x337.jpg 600w, https:\/\/www.christian-breton.fr\/wp-content\/uploads\/2022\/02\/dermato-6-900x506.jpg 900w\" sizes=\"(max-width: 768px) 100vw, 768px\" \/>\t\t\t\t\t\t\t\t<\/a>\n\t\t\t\t\t\t\t\t\t\t\t\t\t<\/figure>\n\t\t\t\t\t\t\t\t\t\t\n\t\t\t\t\t\t<div class=\"et-post-slider-content\">\n\t\t\t\t\t\t\t\t\t\t\t\t\t\t<header class=\"post-title entry-header\">\n\t\t\t\t\t\t\t\t<h3 class=\"entry-title\" itemprop=\"name headline\"><a class=\"entry-link\" href=\"https:\/\/www.christian-breton.fr\/en\/dark-circles-how-to-get-rid-of-them\/\" title=\"DARK CIRCLES: HOW TO GET RID OF THEM?\">DARK CIRCLES: HOW TO GET RID OF THEM?<\/a><\/h3>\t\t\t\t\t\t\t<\/header>\n\t\t\t\t\t\t\t\t\t\t\t\t\t\t\t\t\t\t\t\t\t<div class=\"post-content home-blog-excerpt\">\n\t\t\t\t\t\t\t\t<p>Blue circles, puffiness, moments of stress and fatigue tend to degrade the radiance of our eyes<span class=\"brt\">Reading time: 2 min<\/span>\u2026<\/p>\n\t\t\t\t\t\t\t<\/div>\n\t\t\t\t\t\t\t\t\t\t\t\t\t\t<a href=\"https:\/\/www.christian-breton.fr\/en\/dark-circles-how-to-get-rid-of-them\/\" class=\"blog-cta\">\n\t\t\t\t\t\t\t\tRead All \n\t\t\t\t\t\t\t<\/a>\n\t\t\t\t\t\t\t<!-- add link READ MORE HERE + COPY or delete PUBLIS EN RAPPORT ??? -->\n\t\t\t\t\t\t<\/div>\n\t\t\t\t\t<\/div>\n\t\t\t\t<\/article>\n\t\t\t\t\t\t\t<article itemscope itemtype=\"http:\/\/schema.org\/Article\" class=\"post post-grid post-slider blog-post post-34151 type-post status-publish format-standard has-post-thumbnail hentry category-face\">\n\t\t\t\t\t<div class=\"et-post-slider-inner\">\n\t\t\t\t\t\t<figure class=\"post-gallery\">\n\t\t\t\t\t\t\t\t\t\t\t\t\t\t\t<a href=\"https:\/\/www.christian-breton.fr\/en\/6-benefits-of-gold-on-the-face\/\" rel=\"bookmark\" title=\"6 BENEFITS OF GOLD ON THE FACE\">\n\t\t\t\t\t\t\t\t\t\t\t\t\t\t\t\t\t\t<img decoding=\"async\" width=\"768\" height=\"432\" src=\"https:\/\/www.christian-breton.fr\/wp-content\/uploads\/2021\/12\/pexels-namakuki-751374resizeopti-1-768x432.jpg\" class=\"attachment-medium_large size-medium_large wp-post-image\" alt=\"\" srcset=\"https:\/\/www.christian-breton.fr\/wp-content\/uploads\/2021\/12\/pexels-namakuki-751374resizeopti-1-768x432.jpg 768w, https:\/\/www.christian-breton.fr\/wp-content\/uploads\/2021\/12\/pexels-namakuki-751374resizeopti-1-300x169.jpg 300w, https:\/\/www.christian-breton.fr\/wp-content\/uploads\/2021\/12\/pexels-namakuki-751374resizeopti-1-1024x576.jpg 1024w, https:\/\/www.christian-breton.fr\/wp-content\/uploads\/2021\/12\/pexels-namakuki-751374resizeopti-1-96x54.jpg 96w, https:\/\/www.christian-breton.fr\/wp-content\/uploads\/2021\/12\/pexels-namakuki-751374resizeopti-1-42x24.jpg 42w, https:\/\/www.christian-breton.fr\/wp-content\/uploads\/2021\/12\/pexels-namakuki-751374resizeopti-1-1536x864.jpg 1536w, https:\/\/www.christian-breton.fr\/wp-content\/uploads\/2021\/12\/pexels-namakuki-751374resizeopti-1-2048x1152.jpg 2048w, https:\/\/www.christian-breton.fr\/wp-content\/uploads\/2021\/12\/pexels-namakuki-751374resizeopti-1-150x84.jpg 150w, https:\/\/www.christian-breton.fr\/wp-content\/uploads\/2021\/12\/pexels-namakuki-751374resizeopti-1-600x337.jpg 600w, https:\/\/www.christian-breton.fr\/wp-content\/uploads\/2021\/12\/pexels-namakuki-751374resizeopti-1-900x506.jpg 900w\" sizes=\"(max-width: 768px) 100vw, 768px\" \/>\t\t\t\t\t\t\t\t<\/a>\n\t\t\t\t\t\t\t\t\t\t\t\t\t<\/figure>\n\t\t\t\t\t\t\t\t\t\t\n\t\t\t\t\t\t<div class=\"et-post-slider-content\">\n\t\t\t\t\t\t\t\t\t\t\t\t\t\t<header class=\"post-title entry-header\">\n\t\t\t\t\t\t\t\t<h3 class=\"entry-title\" itemprop=\"name headline\"><a class=\"entry-link\" href=\"https:\/\/www.christian-breton.fr\/en\/6-benefits-of-gold-on-the-face\/\" title=\"6 BENEFITS OF GOLD ON THE FACE\">6 BENEFITS OF GOLD ON THE FACE<\/a><\/h3>\t\t\t\t\t\t\t<\/header>\n\t\t\t\t\t\t\t\t\t\t\t\t\t\t\t\t\t\t\t\t\t<div class=\"post-content home-blog-excerpt\">\n\t\t\t\t\t\t\t\t<p>Present for centuries in beauty rituals, Gold has amazing virtues. In this article, we give you the 6 benefits of gold on the face.<span class=\"brt\">Reading time: 2 min<\/span>\u2026<\/p>\n\t\t\t\t\t\t\t<\/div>\n\t\t\t\t\t\t\t\t\t\t\t\t\t\t<a href=\"https:\/\/www.christian-breton.fr\/en\/6-benefits-of-gold-on-the-face\/\" class=\"blog-cta\">\n\t\t\t\t\t\t\t\tRead All \n\t\t\t\t\t\t\t<\/a>\n\t\t\t\t\t\t\t<!-- add link READ MORE HERE + COPY or delete PUBLIS EN RAPPORT ??? -->\n\t\t\t\t\t\t<\/div>\n\t\t\t\t\t<\/div>\n\t\t\t\t<\/article>\n\t\t\t\t\t\t\t<article itemscope itemtype=\"http:\/\/schema.org\/Article\" class=\"post post-grid post-slider blog-post post-34043 type-post status-publish format-image has-post-thumbnail hentry category-eyes post_format-post-format-image\">\n\t\t\t\t\t<div class=\"et-post-slider-inner\">\n\t\t\t\t\t\t<figure class=\"post-gallery\">\n\t\t\t\t\t\t\t\t\t\t\t\t\t\t\t<a href=\"https:\/\/www.christian-breton.fr\/en\/eye-contour-how-to-protect-it\/\" rel=\"bookmark\" title=\"EYE CONTOUR: HOW TO PROTECT IT?\">\n\t\t\t\t\t\t\t\t\t<span class=\"post-format-icon\"><svg xmlns=\"http:\/\/www.w3.org\/2000\/svg\" width=\"24\" height=\"24\" viewBox=\"0 0 24 24\" fill=\"none\" stroke=\"currentColor\" stroke-width=\"2\" stroke-linecap=\"round\" stroke-linejoin=\"round\" class=\"feather feather-camera\"><path d=\"M23 19a2 2 0 0 1-2 2H3a2 2 0 0 1-2-2V8a2 2 0 0 1 2-2h4l2-3h6l2 3h4a2 2 0 0 1 2 2z\"><\/path><circle cx=\"12\" cy=\"13\" r=\"4\"><\/circle><\/svg><\/span>\t\t\t\t\t\t\t\t\t<img decoding=\"async\" width=\"768\" height=\"432\" src=\"https:\/\/www.christian-breton.fr\/wp-content\/uploads\/2021\/12\/IMG_9402resize2-768x432.jpg\" class=\"attachment-medium_large size-medium_large wp-post-image\" alt=\"\" srcset=\"https:\/\/www.christian-breton.fr\/wp-content\/uploads\/2021\/12\/IMG_9402resize2-768x432.jpg 768w, https:\/\/www.christian-breton.fr\/wp-content\/uploads\/2021\/12\/IMG_9402resize2-300x169.jpg 300w, https:\/\/www.christian-breton.fr\/wp-content\/uploads\/2021\/12\/IMG_9402resize2-1024x576.jpg 1024w, https:\/\/www.christian-breton.fr\/wp-content\/uploads\/2021\/12\/IMG_9402resize2-96x54.jpg 96w, https:\/\/www.christian-breton.fr\/wp-content\/uploads\/2021\/12\/IMG_9402resize2-42x24.jpg 42w, https:\/\/www.christian-breton.fr\/wp-content\/uploads\/2021\/12\/IMG_9402resize2-150x84.jpg 150w, https:\/\/www.christian-breton.fr\/wp-content\/uploads\/2021\/12\/IMG_9402resize2-600x337.jpg 600w, https:\/\/www.christian-breton.fr\/wp-content\/uploads\/2021\/12\/IMG_9402resize2-900x506.jpg 900w, https:\/\/www.christian-breton.fr\/wp-content\/uploads\/2021\/12\/IMG_9402resize2.jpg 1256w\" sizes=\"(max-width: 768px) 100vw, 768px\" \/>\t\t\t\t\t\t\t\t<\/a>\n\t\t\t\t\t\t\t\t\t\t\t\t\t<\/figure>\n\t\t\t\t\t\t\t\t\t\t\n\t\t\t\t\t\t<div class=\"et-post-slider-content\">\n\t\t\t\t\t\t\t\t\t\t\t\t\t\t<header class=\"post-title entry-header\">\n\t\t\t\t\t\t\t\t<h3 class=\"entry-title\" itemprop=\"name headline\"><a class=\"entry-link\" href=\"https:\/\/www.christian-breton.fr\/en\/eye-contour-how-to-protect-it\/\" title=\"EYE CONTOUR: HOW TO PROTECT IT?\">EYE CONTOUR: HOW TO PROTECT IT?<\/a><\/h3>\t\t\t\t\t\t\t<\/header>\n\t\t\t\t\t\t\t\t\t\t\t\t\t\t\t\t\t\t\t\t\t<div class=\"post-content home-blog-excerpt\">\n\t\t\t\t\t\t\t\t<p>Would you like to learn how to protect your eye area? Christian Breton reveals all his secrets to protect your eyes on a daily basis. <span class=\"brt\">Reading time: 2 min<\/span>\u2026<\/p>\n\t\t\t\t\t\t\t<\/div>\n\t\t\t\t\t\t\t\t\t\t\t\t\t\t<a href=\"https:\/\/www.christian-breton.fr\/en\/eye-contour-how-to-protect-it\/\" class=\"blog-cta\">\n\t\t\t\t\t\t\t\tRead All \n\t\t\t\t\t\t\t<\/a>\n\t\t\t\t\t\t\t<!-- add link READ MORE HERE + COPY or delete PUBLIS EN RAPPORT ??? -->\n\t\t\t\t\t\t<\/div>\n\t\t\t\t\t<\/div>\n\t\t\t\t<\/article>\n\t\t\t\t\t\t<\/div>\n\t\t[\/vc_column][\/vc_row]\n","protected":false},"excerpt":{"rendered":"<p>[vc_row et_full_width=\u201dtrue\u201d et_row_padding=\u201dtrue\u201d el_class=\u201dhome-slider-top\u201d css=\u201d.vc_custom_1625139188947{margin-top: 0px !important;padding-top: 0px !important;padding-bottom: 0px !important;}\u201d][vc_column][\/vc_column][\/vc_row][vc_row el_class=\u201dspacing-lg\u201d el_id=\u201dbloc-nos-chouchous\u201d][vc_column animation=\u201danimation bottom-to-top\u201d][vc_column_text css=\u201d.vc_custom_1629355897129{margin-bottom: 36px !important;}\u201d] Our Monthly Favorites Be tempted by our favorites of the month. We\u2019ve selected the best of the best! [\/vc_column_text][\/vc_column][\/vc_row][vc_row et_full_width=\u201dtrue\u201d et_row_padding=\u201dtrue\u201d content_placement=\u201dmiddle\u201d css=\u201d.vc_custom_1625646798810{background-color: #825aea !important;background-position: center !important;background-repeat: no-repeat !important;background-size: cover !important;}\u201d el_id=\u201dblocfresh-clean\u201d][vc_column][vc_column_text&hellip;<\/p>\n","protected":false},"author":2,"featured_media":0,"parent":0,"menu_order":0,"comment_status":"closed","ping_status":"closed","template":"","meta":{"footnotes":""},"class_list":["post-16985","page","type-page","status-publish","hentry"],"yoast_head":"<!-- This site is optimized with the Yoast SEO plugin v27.5 - https:\/\/yoast.com\/product\/yoast-seo-wordpress\/ -->\n<title>La Cure Beaut\u00e9 | Soins Naturels et Hydratants | 100% Made in France<\/title>\n<meta name=\"description\" content=\"Naturels, vegan &amp; made in France. Nos soins hydratants s&#039;adaptent \u00e0 tous les types de peaux. D\u00e9couvrir La Cure Beaut\u00e9.\" \/>\n<meta name=\"robots\" content=\"index, follow, max-snippet:-1, max-image-preview:large, max-video-preview:-1\" \/>\n<link rel=\"canonical\" href=\"https:\/\/www.christian-breton.fr\/en\/homepage-new\/\" \/>\n<meta property=\"og:locale\" content=\"en_US\" \/>\n<meta property=\"og:type\" content=\"article\" \/>\n<meta property=\"og:title\" content=\"La Cure Beaut\u00e9 | Soins Naturels et Hydratants | 100% Made in France\" \/>\n<meta property=\"og:description\" content=\"Naturels, vegan &amp; made in France. Nos soins hydratants s&#039;adaptent \u00e0 tous les types de peaux. D\u00e9couvrir La Cure Beaut\u00e9.\" \/>\n<meta property=\"og:url\" content=\"https:\/\/www.christian-breton.fr\/en\/homepage-new\/\" \/>\n<meta property=\"og:site_name\" content=\"CHRISTIAN BRETON\" \/>\n<meta property=\"article:publisher\" content=\"https:\/\/www.facebook.com\/christianbretonfrance\" \/>\n<meta property=\"article:modified_time\" content=\"2021-10-13T11:52:29+00:00\" \/>\n<meta name=\"twitter:card\" content=\"summary_large_image\" \/>\n<meta name=\"twitter:label1\" content=\"Est. reading time\" \/>\n\t<meta name=\"twitter:data1\" content=\"1 minute\" \/>\n<script type=\"application\/ld+json\" class=\"yoast-schema-graph\">{\"@context\":\"https:\\\/\\\/schema.org\",\"@graph\":[{\"@type\":\"WebPage\",\"@id\":\"https:\\\/\\\/www.christian-breton.fr\\\/en\\\/homepage-new\\\/\",\"url\":\"https:\\\/\\\/www.christian-breton.fr\\\/en\\\/homepage-new\\\/\",\"name\":\"La Cure Beaut\u00e9 | Soins Naturels et Hydratants | 100% Made in France\",\"isPartOf\":{\"@id\":\"https:\\\/\\\/www.christian-breton.fr\\\/en\\\/#website\"},\"datePublished\":\"2021-08-19T06:48:51+00:00\",\"dateModified\":\"2021-10-13T11:52:29+00:00\",\"description\":\"Naturels, vegan & made in France. Nos soins hydratants s'adaptent \u00e0 tous les types de peaux. D\u00e9couvrir La Cure Beaut\u00e9.\",\"breadcrumb\":{\"@id\":\"https:\\\/\\\/www.christian-breton.fr\\\/en\\\/homepage-new\\\/#breadcrumb\"},\"inLanguage\":\"en-US\",\"potentialAction\":[{\"@type\":\"ReadAction\",\"target\":[\"https:\\\/\\\/www.christian-breton.fr\\\/en\\\/homepage-new\\\/\"]}]},{\"@type\":\"BreadcrumbList\",\"@id\":\"https:\\\/\\\/www.christian-breton.fr\\\/en\\\/homepage-new\\\/#breadcrumb\",\"itemListElement\":[{\"@type\":\"ListItem\",\"position\":1,\"name\":\"Accueil\",\"item\":\"https:\\\/\\\/www.christian-breton.fr\\\/en\\\/\"},{\"@type\":\"ListItem\",\"position\":2,\"name\":\"Homepage New\"}]},{\"@type\":\"WebSite\",\"@id\":\"https:\\\/\\\/www.christian-breton.fr\\\/en\\\/#website\",\"url\":\"https:\\\/\\\/www.christian-breton.fr\\\/en\\\/\",\"name\":\"CHRISTIAN BRETON\",\"description\":\"L&#039;Expert du Contour des Yeux\",\"publisher\":{\"@id\":\"https:\\\/\\\/www.christian-breton.fr\\\/en\\\/#organization\"},\"potentialAction\":[{\"@type\":\"SearchAction\",\"target\":{\"@type\":\"EntryPoint\",\"urlTemplate\":\"https:\\\/\\\/www.christian-breton.fr\\\/en\\\/?s={search_term_string}\"},\"query-input\":{\"@type\":\"PropertyValueSpecification\",\"valueRequired\":true,\"valueName\":\"search_term_string\"}}],\"inLanguage\":\"en-US\"},{\"@type\":\"Organization\",\"@id\":\"https:\\\/\\\/www.christian-breton.fr\\\/en\\\/#organization\",\"name\":\"CHRISTIAN BRETON\",\"url\":\"https:\\\/\\\/www.christian-breton.fr\\\/en\\\/\",\"logo\":{\"@type\":\"ImageObject\",\"inLanguage\":\"en-US\",\"@id\":\"https:\\\/\\\/www.christian-breton.fr\\\/en\\\/#\\\/schema\\\/logo\\\/image\\\/\",\"url\":\"https:\\\/\\\/www.christian-breton.fr\\\/wp-content\\\/uploads\\\/2022\\\/05\\\/Christian-Breton-Logo-fond-noir-scaled.jpg\",\"contentUrl\":\"https:\\\/\\\/www.christian-breton.fr\\\/wp-content\\\/uploads\\\/2022\\\/05\\\/Christian-Breton-Logo-fond-noir-scaled.jpg\",\"width\":2560,\"height\":2560,\"caption\":\"CHRISTIAN BRETON\"},\"image\":{\"@id\":\"https:\\\/\\\/www.christian-breton.fr\\\/en\\\/#\\\/schema\\\/logo\\\/image\\\/\"},\"sameAs\":[\"https:\\\/\\\/www.facebook.com\\\/christianbretonfrance\",\"https:\\\/\\\/www.instagram.com\\\/christianbreton_paris\\\/\"]}]}<\/script>\n<!-- \/ Yoast SEO plugin. -->","yoast_head_json":{"title":"La Cure Beaut\u00e9 | Soins Naturels et Hydratants | 100% Made in France","description":"Naturels, vegan & made in France. Nos soins hydratants s'adaptent \u00e0 tous les types de peaux. D\u00e9couvrir La Cure Beaut\u00e9.","robots":{"index":"index","follow":"follow","max-snippet":"max-snippet:-1","max-image-preview":"max-image-preview:large","max-video-preview":"max-video-preview:-1"},"canonical":"https:\/\/www.christian-breton.fr\/en\/homepage-new\/","og_locale":"en_US","og_type":"article","og_title":"La Cure Beaut\u00e9 | Soins Naturels et Hydratants | 100% Made in France","og_description":"Naturels, vegan & made in France. Nos soins hydratants s'adaptent \u00e0 tous les types de peaux. D\u00e9couvrir La Cure Beaut\u00e9.","og_url":"https:\/\/www.christian-breton.fr\/en\/homepage-new\/","og_site_name":"CHRISTIAN BRETON","article_publisher":"https:\/\/www.facebook.com\/christianbretonfrance","article_modified_time":"2021-10-13T11:52:29+00:00","twitter_card":"summary_large_image","twitter_misc":{"Est. reading time":"1 minute"},"schema":{"@context":"https:\/\/schema.org","@graph":[{"@type":"WebPage","@id":"https:\/\/www.christian-breton.fr\/en\/homepage-new\/","url":"https:\/\/www.christian-breton.fr\/en\/homepage-new\/","name":"La Cure Beaut\u00e9 | Soins Naturels et Hydratants | 100% Made in France","isPartOf":{"@id":"https:\/\/www.christian-breton.fr\/en\/#website"},"datePublished":"2021-08-19T06:48:51+00:00","dateModified":"2021-10-13T11:52:29+00:00","description":"Naturels, vegan & made in France. Nos soins hydratants s'adaptent \u00e0 tous les types de peaux. D\u00e9couvrir La Cure Beaut\u00e9.","breadcrumb":{"@id":"https:\/\/www.christian-breton.fr\/en\/homepage-new\/#breadcrumb"},"inLanguage":"en-US","potentialAction":[{"@type":"ReadAction","target":["https:\/\/www.christian-breton.fr\/en\/homepage-new\/"]}]},{"@type":"BreadcrumbList","@id":"https:\/\/www.christian-breton.fr\/en\/homepage-new\/#breadcrumb","itemListElement":[{"@type":"ListItem","position":1,"name":"Accueil","item":"https:\/\/www.christian-breton.fr\/en\/"},{"@type":"ListItem","position":2,"name":"Homepage New"}]},{"@type":"WebSite","@id":"https:\/\/www.christian-breton.fr\/en\/#website","url":"https:\/\/www.christian-breton.fr\/en\/","name":"CHRISTIAN BRETON","description":"L&#039;Expert du Contour des Yeux","publisher":{"@id":"https:\/\/www.christian-breton.fr\/en\/#organization"},"potentialAction":[{"@type":"SearchAction","target":{"@type":"EntryPoint","urlTemplate":"https:\/\/www.christian-breton.fr\/en\/?s={search_term_string}"},"query-input":{"@type":"PropertyValueSpecification","valueRequired":true,"valueName":"search_term_string"}}],"inLanguage":"en-US"},{"@type":"Organization","@id":"https:\/\/www.christian-breton.fr\/en\/#organization","name":"CHRISTIAN BRETON","url":"https:\/\/www.christian-breton.fr\/en\/","logo":{"@type":"ImageObject","inLanguage":"en-US","@id":"https:\/\/www.christian-breton.fr\/en\/#\/schema\/logo\/image\/","url":"https:\/\/www.christian-breton.fr\/wp-content\/uploads\/2022\/05\/Christian-Breton-Logo-fond-noir-scaled.jpg","contentUrl":"https:\/\/www.christian-breton.fr\/wp-content\/uploads\/2022\/05\/Christian-Breton-Logo-fond-noir-scaled.jpg","width":2560,"height":2560,"caption":"CHRISTIAN BRETON"},"image":{"@id":"https:\/\/www.christian-breton.fr\/en\/#\/schema\/logo\/image\/"},"sameAs":["https:\/\/www.facebook.com\/christianbretonfrance","https:\/\/www.instagram.com\/christianbreton_paris\/"]}]}},"_links":{"self":[{"href":"https:\/\/www.christian-breton.fr\/en\/wp-json\/wp\/v2\/pages\/16985","targetHints":{"allow":["GET"]}}],"collection":[{"href":"https:\/\/www.christian-breton.fr\/en\/wp-json\/wp\/v2\/pages"}],"about":[{"href":"https:\/\/www.christian-breton.fr\/en\/wp-json\/wp\/v2\/types\/page"}],"author":[{"embeddable":true,"href":"https:\/\/www.christian-breton.fr\/en\/wp-json\/wp\/v2\/users\/2"}],"replies":[{"embeddable":true,"href":"https:\/\/www.christian-breton.fr\/en\/wp-json\/wp\/v2\/comments?post=16985"}],"version-history":[{"count":0,"href":"https:\/\/www.christian-breton.fr\/en\/wp-json\/wp\/v2\/pages\/16985\/revisions"}],"wp:attachment":[{"href":"https:\/\/www.christian-breton.fr\/en\/wp-json\/wp\/v2\/media?parent=16985"}],"curies":[{"name":"wp","href":"https:\/\/api.w.org\/{rel}","templated":true}]}}