{"id":32926,"date":"2022-02-14T10:37:04","date_gmt":"2022-02-14T09:37:04","guid":{"rendered":"http:\/\/cb.agencegazelle.com\/diagnostic-yeux\/"},"modified":"2024-03-12T15:44:18","modified_gmt":"2024-03-12T14:44:18","slug":"ojos-diagnostico","status":"publish","type":"page","link":"https:\/\/www.christian-breton.fr\/es\/ojos-diagnostico\/","title":{"rendered":"Diagn\u00f3stico: empezar a trabajar"},"content":{"rendered":"[vc_section css=\u201d.vc_custom_1710254652926{background-color: #ffffff !important;}\u201d el_class=\u201dgzl-diag-1-intro\u201d el_id=\u201dgzl-diag-1-intro\u201d][vc_row][vc_column width=\u201d1\/2\u2033][vc_column_text]\n<h1>Descubra qu\u00e9 productos son los m\u00e1s adecuados para usted.<\/h1>\n<p><strong>TODA LA EXPERIENCIA DE CHRISTIAN BRETON EN UN DIAGN\u00d3STICO A MEDIDA.<\/strong>[\/vc_column_text][vc_raw_html el_class=\u201dcb-diag-1-btn\u201d]JTNDYSUyMGRhdGEtdGYtcG9wdXAlM0QlMjJOM0d0dTYwYyUyMiUyMGRhdGEtdGYtaWZyYW1lLXByb3BzJTNEJTIydGl0bGUlM0RDQiUyMC0lMjBRQ00lMjAlMjhFTiUyOSUyMiUyMGRhdGEtdGYtbWVkaXVtJTNEJTIyc25pcHBldCUyMiUyMHN0eWxlJTNEJTIyY29sb3IlM0ElMjMwMDAwMDAlM0J0ZXh0LWRlY29yYXRpb24lM0F1bmRlcmxpbmUlM0Jmb250LXNpemUlM0EyMHB4JTNCY3Vyc29yJTNBcG9pbnRlciUzQiUyMiUzRUNvbWVuemFyJTIwbWklMjBkaWFnbiVDMyVCM3N0aWNvJTNDJTJGYSUzRSUzQ3NjcmlwdCUyMHNyYyUzRCUyMiUyRiUyRmVtYmVkLnR5cGVmb3JtLmNvbSUyRm5leHQlMkZlbWJlZC5qcyUyMiUzRSUzQyUyRnNjcmlwdCUzRQ==[\/vc_raw_html][\/vc_column][vc_column width=\u201d1\/2\u2033][\/vc_column][\/vc_row][\/vc_section]\n","protected":false},"excerpt":{"rendered":"<p>[vc_section css=\u201d.vc_custom_1710254652926{background-color: #ffffff !important;}\u201d el_class=\u201dgzl-diag-1-intro\u201d el_id=\u201dgzl-diag-1-intro\u201d][vc_row][vc_column width=\u201d1\/2\u2033][vc_column_text] Descubra qu\u00e9 productos son los m\u00e1s adecuados para usted. TODA LA EXPERIENCIA DE CHRISTIAN BRETON EN UN DIAGN\u00d3STICO A MEDIDA.[\/vc_column_text][vc_raw_html el_class=\u201dcb-diag-1-btn\u201d]JTNDYSUyMGRhdGEtdGYtcG9wdXAlM0QlMjJOM0d0dTYwYyUyMiUyMGRhdGEtdGYtaWZyYW1lLXByb3BzJTNEJTIydGl0bGUlM0RDQiUyMC0lMjBRQ00lMjAlMjhFTiUyOSUyMiUyMGRhdGEtdGYtbWVkaXVtJTNEJTIyc25pcHBldCUyMiUyMHN0eWxlJTNEJTIyY29sb3IlM0ElMjMwMDAwMDAlM0J0ZXh0LWRlY29yYXRpb24lM0F1bmRlcmxpbmUlM0Jmb250LXNpemUlM0EyMHB4JTNCY3Vyc29yJTNBcG9pbnRlciUzQiUyMiUzRUNvbWVuemFyJTIwbWklMjBkaWFnbiVDMyVCM3N0aWNvJTNDJTJGYSUzRSUzQ3NjcmlwdCUyMHNyYyUzRCUyMiUyRiUyRmVtYmVkLnR5cGVmb3JtLmNvbSUyRm5leHQlMkZlbWJlZC5qcyUyMiUzRSUzQyUyRnNjcmlwdCUzRQ==[\/vc_raw_html][\/vc_column][vc_column width=\u201d1\/2\u2033][\/vc_column][\/vc_row][\/vc_section]<\/p>\n","protected":false},"author":2,"featured_media":0,"parent":0,"menu_order":0,"comment_status":"closed","ping_status":"closed","template":"","meta":{"footnotes":""},"class_list":["post-32926","page","type-page","status-publish","hentry"],"yoast_head":"<!-- This site is optimized with the Yoast SEO plugin v27.5 - https:\/\/yoast.com\/product\/yoast-seo-wordpress\/ -->\n<title>Diagn\u00f3stico: empezar a trabajar - CHRISTIAN BRETON<\/title>\n<meta name=\"robots\" content=\"index, follow, max-snippet:-1, max-image-preview:large, max-video-preview:-1\" \/>\n<link rel=\"canonical\" href=\"https:\/\/www.christian-breton.fr\/es\/ojos-diagnostico\/\" \/>\n<meta property=\"og:locale\" content=\"es_ES\" \/>\n<meta property=\"og:type\" content=\"article\" \/>\n<meta property=\"og:title\" content=\"Diagn\u00f3stico: empezar a trabajar - CHRISTIAN BRETON\" \/>\n<meta property=\"og:description\" content=\"[vc_section css=\u201d.vc_custom_1710254652926{background-color: #ffffff !important;}\u201d el_class=\u201dgzl-diag-1-intro\u201d el_id=\u201dgzl-diag-1-intro\u201d][vc_row][vc_column width=\u201d1\/2\u2033][vc_column_text] Descubra qu\u00e9 productos son los m\u00e1s adecuados para usted. TODA LA EXPERIENCIA DE CHRISTIAN BRETON EN UN DIAGN\u00d3STICO A MEDIDA.[\/vc_column_text][vc_raw_html el_class=\u201dcb-diag-1-btn\u201d]JTNDYSUyMGRhdGEtdGYtcG9wdXAlM0QlMjJOM0d0dTYwYyUyMiUyMGRhdGEtdGYtaWZyYW1lLXByb3BzJTNEJTIydGl0bGUlM0RDQiUyMC0lMjBRQ00lMjAlMjhFTiUyOSUyMiUyMGRhdGEtdGYtbWVkaXVtJTNEJTIyc25pcHBldCUyMiUyMHN0eWxlJTNEJTIyY29sb3IlM0ElMjMwMDAwMDAlM0J0ZXh0LWRlY29yYXRpb24lM0F1bmRlcmxpbmUlM0Jmb250LXNpemUlM0EyMHB4JTNCY3Vyc29yJTNBcG9pbnRlciUzQiUyMiUzRUNvbWVuemFyJTIwbWklMjBkaWFnbiVDMyVCM3N0aWNvJTNDJTJGYSUzRSUzQ3NjcmlwdCUyMHNyYyUzRCUyMiUyRiUyRmVtYmVkLnR5cGVmb3JtLmNvbSUyRm5leHQlMkZlbWJlZC5qcyUyMiUzRSUzQyUyRnNjcmlwdCUzRQ==[\/vc_raw_html][\/vc_column][vc_column width=\u201d1\/2\u2033][\/vc_column][\/vc_row][\/vc_section]\" \/>\n<meta property=\"og:url\" content=\"https:\/\/www.christian-breton.fr\/es\/ojos-diagnostico\/\" \/>\n<meta property=\"og:site_name\" content=\"CHRISTIAN BRETON\" \/>\n<meta property=\"article:publisher\" content=\"https:\/\/www.facebook.com\/christianbretonfrance\" \/>\n<meta property=\"article:modified_time\" content=\"2024-03-12T14:44:18+00:00\" \/>\n<meta name=\"twitter:card\" content=\"summary_large_image\" \/>\n<meta name=\"twitter:label1\" content=\"Tiempo de lectura\" \/>\n\t<meta name=\"twitter:data1\" content=\"1 minuto\" \/>\n<script type=\"application\/ld+json\" class=\"yoast-schema-graph\">{\"@context\":\"https:\\\/\\\/schema.org\",\"@graph\":[{\"@type\":\"WebPage\",\"@id\":\"https:\\\/\\\/www.christian-breton.fr\\\/es\\\/ojos-diagnostico\\\/\",\"url\":\"https:\\\/\\\/www.christian-breton.fr\\\/es\\\/ojos-diagnostico\\\/\",\"name\":\"Diagn\u00f3stico: empezar a trabajar - CHRISTIAN BRETON\",\"isPartOf\":{\"@id\":\"https:\\\/\\\/www.christian-breton.fr\\\/es\\\/#website\"},\"datePublished\":\"2022-02-14T09:37:04+00:00\",\"dateModified\":\"2024-03-12T14:44:18+00:00\",\"breadcrumb\":{\"@id\":\"https:\\\/\\\/www.christian-breton.fr\\\/es\\\/ojos-diagnostico\\\/#breadcrumb\"},\"inLanguage\":\"es\",\"potentialAction\":[{\"@type\":\"ReadAction\",\"target\":[\"https:\\\/\\\/www.christian-breton.fr\\\/es\\\/ojos-diagnostico\\\/\"]}]},{\"@type\":\"BreadcrumbList\",\"@id\":\"https:\\\/\\\/www.christian-breton.fr\\\/es\\\/ojos-diagnostico\\\/#breadcrumb\",\"itemListElement\":[{\"@type\":\"ListItem\",\"position\":1,\"name\":\"Accueil\",\"item\":\"https:\\\/\\\/www.christian-breton.fr\\\/es\\\/\"},{\"@type\":\"ListItem\",\"position\":2,\"name\":\"Diagn\u00f3stico: empezar a trabajar\"}]},{\"@type\":\"WebSite\",\"@id\":\"https:\\\/\\\/www.christian-breton.fr\\\/es\\\/#website\",\"url\":\"https:\\\/\\\/www.christian-breton.fr\\\/es\\\/\",\"name\":\"CHRISTIAN BRETON\",\"description\":\"L&#039;Expert du Contour des Yeux\",\"publisher\":{\"@id\":\"https:\\\/\\\/www.christian-breton.fr\\\/es\\\/#organization\"},\"potentialAction\":[{\"@type\":\"SearchAction\",\"target\":{\"@type\":\"EntryPoint\",\"urlTemplate\":\"https:\\\/\\\/www.christian-breton.fr\\\/es\\\/?s={search_term_string}\"},\"query-input\":{\"@type\":\"PropertyValueSpecification\",\"valueRequired\":true,\"valueName\":\"search_term_string\"}}],\"inLanguage\":\"es\"},{\"@type\":\"Organization\",\"@id\":\"https:\\\/\\\/www.christian-breton.fr\\\/es\\\/#organization\",\"name\":\"CHRISTIAN BRETON\",\"url\":\"https:\\\/\\\/www.christian-breton.fr\\\/es\\\/\",\"logo\":{\"@type\":\"ImageObject\",\"inLanguage\":\"es\",\"@id\":\"https:\\\/\\\/www.christian-breton.fr\\\/es\\\/#\\\/schema\\\/logo\\\/image\\\/\",\"url\":\"https:\\\/\\\/www.christian-breton.fr\\\/wp-content\\\/uploads\\\/2022\\\/05\\\/Christian-Breton-Logo-fond-noir-scaled.jpg\",\"contentUrl\":\"https:\\\/\\\/www.christian-breton.fr\\\/wp-content\\\/uploads\\\/2022\\\/05\\\/Christian-Breton-Logo-fond-noir-scaled.jpg\",\"width\":2560,\"height\":2560,\"caption\":\"CHRISTIAN BRETON\"},\"image\":{\"@id\":\"https:\\\/\\\/www.christian-breton.fr\\\/es\\\/#\\\/schema\\\/logo\\\/image\\\/\"},\"sameAs\":[\"https:\\\/\\\/www.facebook.com\\\/christianbretonfrance\",\"https:\\\/\\\/www.instagram.com\\\/christianbreton_paris\\\/\"]}]}<\/script>\n<!-- \/ Yoast SEO plugin. -->","yoast_head_json":{"title":"Diagn\u00f3stico: empezar a trabajar - CHRISTIAN BRETON","robots":{"index":"index","follow":"follow","max-snippet":"max-snippet:-1","max-image-preview":"max-image-preview:large","max-video-preview":"max-video-preview:-1"},"canonical":"https:\/\/www.christian-breton.fr\/es\/ojos-diagnostico\/","og_locale":"es_ES","og_type":"article","og_title":"Diagn\u00f3stico: empezar a trabajar - CHRISTIAN BRETON","og_description":"[vc_section css=\u201d.vc_custom_1710254652926{background-color: #ffffff !important;}\u201d el_class=\u201dgzl-diag-1-intro\u201d el_id=\u201dgzl-diag-1-intro\u201d][vc_row][vc_column width=\u201d1\/2\u2033][vc_column_text] Descubra qu\u00e9 productos son los m\u00e1s adecuados para usted. TODA LA EXPERIENCIA DE CHRISTIAN BRETON EN UN DIAGN\u00d3STICO A MEDIDA.[\/vc_column_text][vc_raw_html el_class=\u201dcb-diag-1-btn\u201d]JTNDYSUyMGRhdGEtdGYtcG9wdXAlM0QlMjJOM0d0dTYwYyUyMiUyMGRhdGEtdGYtaWZyYW1lLXByb3BzJTNEJTIydGl0bGUlM0RDQiUyMC0lMjBRQ00lMjAlMjhFTiUyOSUyMiUyMGRhdGEtdGYtbWVkaXVtJTNEJTIyc25pcHBldCUyMiUyMHN0eWxlJTNEJTIyY29sb3IlM0ElMjMwMDAwMDAlM0J0ZXh0LWRlY29yYXRpb24lM0F1bmRlcmxpbmUlM0Jmb250LXNpemUlM0EyMHB4JTNCY3Vyc29yJTNBcG9pbnRlciUzQiUyMiUzRUNvbWVuemFyJTIwbWklMjBkaWFnbiVDMyVCM3N0aWNvJTNDJTJGYSUzRSUzQ3NjcmlwdCUyMHNyYyUzRCUyMiUyRiUyRmVtYmVkLnR5cGVmb3JtLmNvbSUyRm5leHQlMkZlbWJlZC5qcyUyMiUzRSUzQyUyRnNjcmlwdCUzRQ==[\/vc_raw_html][\/vc_column][vc_column width=\u201d1\/2\u2033][\/vc_column][\/vc_row][\/vc_section]","og_url":"https:\/\/www.christian-breton.fr\/es\/ojos-diagnostico\/","og_site_name":"CHRISTIAN BRETON","article_publisher":"https:\/\/www.facebook.com\/christianbretonfrance","article_modified_time":"2024-03-12T14:44:18+00:00","twitter_card":"summary_large_image","twitter_misc":{"Tiempo de lectura":"1 minuto"},"schema":{"@context":"https:\/\/schema.org","@graph":[{"@type":"WebPage","@id":"https:\/\/www.christian-breton.fr\/es\/ojos-diagnostico\/","url":"https:\/\/www.christian-breton.fr\/es\/ojos-diagnostico\/","name":"Diagn\u00f3stico: empezar a trabajar - CHRISTIAN BRETON","isPartOf":{"@id":"https:\/\/www.christian-breton.fr\/es\/#website"},"datePublished":"2022-02-14T09:37:04+00:00","dateModified":"2024-03-12T14:44:18+00:00","breadcrumb":{"@id":"https:\/\/www.christian-breton.fr\/es\/ojos-diagnostico\/#breadcrumb"},"inLanguage":"es","potentialAction":[{"@type":"ReadAction","target":["https:\/\/www.christian-breton.fr\/es\/ojos-diagnostico\/"]}]},{"@type":"BreadcrumbList","@id":"https:\/\/www.christian-breton.fr\/es\/ojos-diagnostico\/#breadcrumb","itemListElement":[{"@type":"ListItem","position":1,"name":"Accueil","item":"https:\/\/www.christian-breton.fr\/es\/"},{"@type":"ListItem","position":2,"name":"Diagn\u00f3stico: empezar a trabajar"}]},{"@type":"WebSite","@id":"https:\/\/www.christian-breton.fr\/es\/#website","url":"https:\/\/www.christian-breton.fr\/es\/","name":"CHRISTIAN BRETON","description":"L&#039;Expert du Contour des Yeux","publisher":{"@id":"https:\/\/www.christian-breton.fr\/es\/#organization"},"potentialAction":[{"@type":"SearchAction","target":{"@type":"EntryPoint","urlTemplate":"https:\/\/www.christian-breton.fr\/es\/?s={search_term_string}"},"query-input":{"@type":"PropertyValueSpecification","valueRequired":true,"valueName":"search_term_string"}}],"inLanguage":"es"},{"@type":"Organization","@id":"https:\/\/www.christian-breton.fr\/es\/#organization","name":"CHRISTIAN BRETON","url":"https:\/\/www.christian-breton.fr\/es\/","logo":{"@type":"ImageObject","inLanguage":"es","@id":"https:\/\/www.christian-breton.fr\/es\/#\/schema\/logo\/image\/","url":"https:\/\/www.christian-breton.fr\/wp-content\/uploads\/2022\/05\/Christian-Breton-Logo-fond-noir-scaled.jpg","contentUrl":"https:\/\/www.christian-breton.fr\/wp-content\/uploads\/2022\/05\/Christian-Breton-Logo-fond-noir-scaled.jpg","width":2560,"height":2560,"caption":"CHRISTIAN BRETON"},"image":{"@id":"https:\/\/www.christian-breton.fr\/es\/#\/schema\/logo\/image\/"},"sameAs":["https:\/\/www.facebook.com\/christianbretonfrance","https:\/\/www.instagram.com\/christianbreton_paris\/"]}]}},"_links":{"self":[{"href":"https:\/\/www.christian-breton.fr\/es\/wp-json\/wp\/v2\/pages\/32926","targetHints":{"allow":["GET"]}}],"collection":[{"href":"https:\/\/www.christian-breton.fr\/es\/wp-json\/wp\/v2\/pages"}],"about":[{"href":"https:\/\/www.christian-breton.fr\/es\/wp-json\/wp\/v2\/types\/page"}],"author":[{"embeddable":true,"href":"https:\/\/www.christian-breton.fr\/es\/wp-json\/wp\/v2\/users\/2"}],"replies":[{"embeddable":true,"href":"https:\/\/www.christian-breton.fr\/es\/wp-json\/wp\/v2\/comments?post=32926"}],"version-history":[{"count":2,"href":"https:\/\/www.christian-breton.fr\/es\/wp-json\/wp\/v2\/pages\/32926\/revisions"}],"predecessor-version":[{"id":45523,"href":"https:\/\/www.christian-breton.fr\/es\/wp-json\/wp\/v2\/pages\/32926\/revisions\/45523"}],"wp:attachment":[{"href":"https:\/\/www.christian-breton.fr\/es\/wp-json\/wp\/v2\/media?parent=32926"}],"curies":[{"name":"wp","href":"https:\/\/api.w.org\/{rel}","templated":true}]}}