{"id":33136,"date":"2021-12-13T18:00:08","date_gmt":"2021-12-13T17:00:08","guid":{"rendered":"https:\/\/cb.agencegazelle.com\/actualites\/"},"modified":"2022-03-02T14:40:25","modified_gmt":"2022-03-02T13:40:25","slug":"actualites-es","status":"publish","type":"page","link":"https:\/\/www.christian-breton.fr\/es\/actualites-es\/","title":{"rendered":"Noticias"},"content":{"rendered":"[vc_row et_full_width=&#8221;true&#8221; el_class=&#8221;gzl-header-solo&#8221; css=&#8221;.vc_custom_1644583975108{background-color: #000000 !important;}&#8221;][vc_column][vc_row_inner][vc_column_inner][vc_column_text el_class=&#8221;gzl-header-solo-title&#8221;]\n<h1>NOTICIAS<\/h1>\n[\/vc_column_text][\/vc_column_inner][\/vc_row_inner][\/vc_column][\/vc_row][vc_row et_column_align=&#8221;align-center&#8221; content_placement=&#8221;middle&#8221; el_class=&#8221;gzl-reverse-1 spacing-xl&#8221;][vc_column width=&#8221;1\/2&#8243;][vc_column_text css=&#8221;.vc_custom_1646228307617{margin-bottom: 0px !important;}&#8221; el_class=&#8221;gzl-cms-title-medium&#8221;]\n<h2>PRESENTE EN M\u00c1S DE 50 PA\u00cdSES<\/h2>\n[\/vc_column_text][vc_column_text css=&#8221;.vc_custom_1646228329913{margin-bottom: 0px !important;}&#8221; el_class=&#8221;gzl-cms-list-1&#8243;]Desde siempre, el objetivo de Christian BRETON ha sido llegar al mayor n\u00famero de mujeres de todos los or\u00edgenes, para ofrecerles los mejores cuidados faciales. Hoy en d\u00eda, Christian BRETON est\u00e1 presente en los cuatro rincones del mundo, con una implantaci\u00f3n en m\u00e1s de 50 pa\u00edses.[\/vc_column_text][\/vc_column][vc_column width=&#8221;1\/2&#8243;][vc_single_image image=&#8221;29877&#8243; img_size=&#8221;full&#8221; css=&#8221;.vc_custom_1644573385526{margin-bottom: 0px !important;}&#8221;][\/vc_column][\/vc_row][vc_row el_class=&#8221;hide-mob&#8221;][vc_column][vc_images_carousel images=&#8221;30041,30046,30051,32082&#8243; img_size=&#8221;full&#8221; onclick=&#8221;link_no&#8221; speed=&#8221;1000&#8243; slides_per_view=&#8221;2&#8243; hide_pagination_control=&#8221;yes&#8221; partial_view=&#8221;yes&#8221; wrap=&#8221;yes&#8221; css=&#8221;.vc_custom_1645451577861{margin-bottom: 0px !important;}&#8221; el_class=&#8221;gzl-carrousel-1&#8243;][\/vc_column][\/vc_row][vc_row el_class=&#8221;hide-desk&#8221;][vc_column][vc_images_carousel images=&#8221;30051,30046,30041,32087&#8243; img_size=&#8221;full&#8221; onclick=&#8221;link_no&#8221; speed=&#8221;1000&#8243; hide_pagination_control=&#8221;yes&#8221; partial_view=&#8221;yes&#8221; wrap=&#8221;yes&#8221; css=&#8221;.vc_custom_1645451614004{margin-bottom: 0px !important;}&#8221; el_class=&#8221;gzl-carrousel-1&#8243;][\/vc_column][\/vc_row][vc_row et_column_align=&#8221;align-center&#8221; content_placement=&#8221;middle&#8221; el_class=&#8221;gzl-reverse-1 spacing-xl&#8221;][vc_column width=&#8221;1\/2&#8243;][vc_column_text css=&#8221;.vc_custom_1646228348714{margin-bottom: 0px !important;}&#8221; el_class=&#8221;gzl-cms-title-medium&#8221;]\n<h2>LA PRENSA<\/h2>\n[\/vc_column_text][vc_column_text css=&#8221;.vc_custom_1646228358722{margin-bottom: 0px !important;}&#8221; el_class=&#8221;gzl-cms-list-1&#8243;]La prensa es un\u00e1nime sobre la gran eficacia de nuestros productos y los plebiscita regularmente en sus revistas. Descubra algunas de las publicaciones alrededor del mundo.[\/vc_column_text][\/vc_column][vc_column width=&#8221;1\/2&#8243;][vc_single_image image=&#8221;29898&#8243; img_size=&#8221;full&#8221; css=&#8221;.vc_custom_1644573542503{margin-bottom: 0px !important;}&#8221;][\/vc_column][\/vc_row][vc_row et_column_align=&#8221;align-center&#8221; content_placement=&#8221;middle&#8221; el_class=&#8221;gzl-noreverse-1 spacing-xl&#8221;][vc_column width=&#8221;1\/2&#8243;][vc_media_grid element_width=&#8221;6&#8243; grid_id=&#8221;vc_gid:1646228258977-67aae558-1fb1-8&#8243; include=&#8221;29657,29662&#8243;][\/vc_column][vc_column width=&#8221;1\/2&#8243;][vc_column_text css=&#8221;.vc_custom_1646228380697{margin-bottom: 0px !important;}&#8221; el_class=&#8221;gzl-cms-title-medium&#8221;]\n<h2>REDES SOCIALES<\/h2>\n[\/vc_column_text][vc_column_text css=&#8221;.vc_custom_1643788884085{margin-bottom: 0px !important;}&#8221; el_class=&#8221;gzl-cms-title-regular&#8221;]\n<h3><\/h3>\n[\/vc_column_text][vc_column_text css=&#8221;.vc_custom_1643788925861{margin-bottom: 0px !important;}&#8221; el_class=&#8221;gzl-cms-list-1&#8243;]\n<ul>\n<li>Instagram<\/li>\n<li>Facebook<\/li>\n<li>Tiktok<\/li>\n<\/ul>\n[\/vc_column_text][\/vc_column][\/vc_row][vc_row][vc_column][\/vc_column][\/vc_row]\n","protected":false},"excerpt":{"rendered":"<p>[vc_row et_full_width=&#8221;true&#8221; el_class=&#8221;gzl-header-solo&#8221; css=&#8221;.vc_custom_1644583975108{background-color: #000000 !important;}&#8221;][vc_column][vc_row_inner][vc_column_inner][vc_column_text el_class=&#8221;gzl-header-solo-title&#8221;] NOTICIAS [\/vc_column_text][\/vc_column_inner][\/vc_row_inner][\/vc_column][\/vc_row][vc_row et_column_align=&#8221;align-center&#8221; content_placement=&#8221;middle&#8221; el_class=&#8221;gzl-reverse-1 spacing-xl&#8221;][vc_column width=&#8221;1\/2&#8243;][vc_column_text css=&#8221;.vc_custom_1646228307617{margin-bottom: 0px !important;}&#8221; el_class=&#8221;gzl-cms-title-medium&#8221;] PRESENTE EN M\u00c1S DE 50 PA\u00cdSES [\/vc_column_text][vc_column_text css=&#8221;.vc_custom_1646228329913{margin-bottom: 0px !important;}&#8221; el_class=&#8221;gzl-cms-list-1&#8243;]Desde siempre, el objetivo de Christian BRETON ha sido llegar al mayor n\u00famero de mujeres de todos los or\u00edgenes, para ofrecerles los&hellip;<\/p>\n","protected":false},"author":2,"featured_media":0,"parent":0,"menu_order":0,"comment_status":"closed","ping_status":"closed","template":"template-cms-menu.php","meta":{"footnotes":""},"class_list":["post-33136","page","type-page","status-publish","hentry"],"yoast_head":"<!-- This site is optimized with the Yoast SEO plugin v27.3 - https:\/\/yoast.com\/product\/yoast-seo-wordpress\/ -->\n<title>Noticias - CHRISTIAN BRETON<\/title>\n<meta name=\"robots\" content=\"index, follow, max-snippet:-1, max-image-preview:large, max-video-preview:-1\" \/>\n<link rel=\"canonical\" href=\"https:\/\/www.christian-breton.fr\/es\/actualites-es\/\" \/>\n<meta property=\"og:locale\" content=\"es_ES\" \/>\n<meta property=\"og:type\" content=\"article\" \/>\n<meta property=\"og:title\" content=\"Noticias - CHRISTIAN BRETON\" \/>\n<meta property=\"og:description\" content=\"[vc_row et_full_width=&#8221;true&#8221; el_class=&#8221;gzl-header-solo&#8221; css=&#8221;.vc_custom_1644583975108{background-color: #000000 !important;}&#8221;][vc_column][vc_row_inner][vc_column_inner][vc_column_text el_class=&#8221;gzl-header-solo-title&#8221;] NOTICIAS [\/vc_column_text][\/vc_column_inner][\/vc_row_inner][\/vc_column][\/vc_row][vc_row et_column_align=&#8221;align-center&#8221; content_placement=&#8221;middle&#8221; el_class=&#8221;gzl-reverse-1 spacing-xl&#8221;][vc_column width=&#8221;1\/2&#8243;][vc_column_text css=&#8221;.vc_custom_1646228307617{margin-bottom: 0px !important;}&#8221; el_class=&#8221;gzl-cms-title-medium&#8221;] PRESENTE EN M\u00c1S DE 50 PA\u00cdSES [\/vc_column_text][vc_column_text css=&#8221;.vc_custom_1646228329913{margin-bottom: 0px !important;}&#8221; el_class=&#8221;gzl-cms-list-1&#8243;]Desde siempre, el objetivo de Christian BRETON ha sido llegar al mayor n\u00famero de mujeres de todos los or\u00edgenes, para ofrecerles los&hellip;\" \/>\n<meta property=\"og:url\" content=\"https:\/\/www.christian-breton.fr\/es\/actualites-es\/\" \/>\n<meta property=\"og:site_name\" content=\"CHRISTIAN BRETON\" \/>\n<meta property=\"article:publisher\" content=\"https:\/\/www.facebook.com\/christianbretonfrance\" \/>\n<meta property=\"article:modified_time\" content=\"2022-03-02T13:40:25+00:00\" \/>\n<meta name=\"twitter:card\" content=\"summary_large_image\" \/>\n<meta name=\"twitter:label1\" content=\"Tiempo de lectura\" \/>\n\t<meta name=\"twitter:data1\" content=\"1 minuto\" \/>\n<script type=\"application\/ld+json\" class=\"yoast-schema-graph\">{\"@context\":\"https:\\\/\\\/schema.org\",\"@graph\":[{\"@type\":\"WebPage\",\"@id\":\"https:\\\/\\\/www.christian-breton.fr\\\/es\\\/actualites-es\\\/\",\"url\":\"https:\\\/\\\/www.christian-breton.fr\\\/es\\\/actualites-es\\\/\",\"name\":\"Noticias - CHRISTIAN BRETON\",\"isPartOf\":{\"@id\":\"https:\\\/\\\/www.christian-breton.fr\\\/es\\\/#website\"},\"datePublished\":\"2021-12-13T17:00:08+00:00\",\"dateModified\":\"2022-03-02T13:40:25+00:00\",\"breadcrumb\":{\"@id\":\"https:\\\/\\\/www.christian-breton.fr\\\/es\\\/actualites-es\\\/#breadcrumb\"},\"inLanguage\":\"es\",\"potentialAction\":[{\"@type\":\"ReadAction\",\"target\":[\"https:\\\/\\\/www.christian-breton.fr\\\/es\\\/actualites-es\\\/\"]}]},{\"@type\":\"BreadcrumbList\",\"@id\":\"https:\\\/\\\/www.christian-breton.fr\\\/es\\\/actualites-es\\\/#breadcrumb\",\"itemListElement\":[{\"@type\":\"ListItem\",\"position\":1,\"name\":\"Accueil\",\"item\":\"https:\\\/\\\/www.christian-breton.fr\\\/es\\\/\"},{\"@type\":\"ListItem\",\"position\":2,\"name\":\"Noticias\"}]},{\"@type\":\"WebSite\",\"@id\":\"https:\\\/\\\/www.christian-breton.fr\\\/es\\\/#website\",\"url\":\"https:\\\/\\\/www.christian-breton.fr\\\/es\\\/\",\"name\":\"CHRISTIAN BRETON\",\"description\":\"L&#039;Expert du Contour des Yeux\",\"publisher\":{\"@id\":\"https:\\\/\\\/www.christian-breton.fr\\\/es\\\/#organization\"},\"potentialAction\":[{\"@type\":\"SearchAction\",\"target\":{\"@type\":\"EntryPoint\",\"urlTemplate\":\"https:\\\/\\\/www.christian-breton.fr\\\/es\\\/?s={search_term_string}\"},\"query-input\":{\"@type\":\"PropertyValueSpecification\",\"valueRequired\":true,\"valueName\":\"search_term_string\"}}],\"inLanguage\":\"es\"},{\"@type\":\"Organization\",\"@id\":\"https:\\\/\\\/www.christian-breton.fr\\\/es\\\/#organization\",\"name\":\"CHRISTIAN BRETON\",\"url\":\"https:\\\/\\\/www.christian-breton.fr\\\/es\\\/\",\"logo\":{\"@type\":\"ImageObject\",\"inLanguage\":\"es\",\"@id\":\"https:\\\/\\\/www.christian-breton.fr\\\/es\\\/#\\\/schema\\\/logo\\\/image\\\/\",\"url\":\"https:\\\/\\\/www.christian-breton.fr\\\/wp-content\\\/uploads\\\/2022\\\/05\\\/Christian-Breton-Logo-fond-noir-scaled.jpg\",\"contentUrl\":\"https:\\\/\\\/www.christian-breton.fr\\\/wp-content\\\/uploads\\\/2022\\\/05\\\/Christian-Breton-Logo-fond-noir-scaled.jpg\",\"width\":2560,\"height\":2560,\"caption\":\"CHRISTIAN BRETON\"},\"image\":{\"@id\":\"https:\\\/\\\/www.christian-breton.fr\\\/es\\\/#\\\/schema\\\/logo\\\/image\\\/\"},\"sameAs\":[\"https:\\\/\\\/www.facebook.com\\\/christianbretonfrance\",\"https:\\\/\\\/www.instagram.com\\\/christianbreton_paris\\\/\"]}]}<\/script>\n<!-- \/ Yoast SEO plugin. -->","yoast_head_json":{"title":"Noticias - CHRISTIAN BRETON","robots":{"index":"index","follow":"follow","max-snippet":"max-snippet:-1","max-image-preview":"max-image-preview:large","max-video-preview":"max-video-preview:-1"},"canonical":"https:\/\/www.christian-breton.fr\/es\/actualites-es\/","og_locale":"es_ES","og_type":"article","og_title":"Noticias - CHRISTIAN BRETON","og_description":"[vc_row et_full_width=&#8221;true&#8221; el_class=&#8221;gzl-header-solo&#8221; css=&#8221;.vc_custom_1644583975108{background-color: #000000 !important;}&#8221;][vc_column][vc_row_inner][vc_column_inner][vc_column_text el_class=&#8221;gzl-header-solo-title&#8221;] NOTICIAS [\/vc_column_text][\/vc_column_inner][\/vc_row_inner][\/vc_column][\/vc_row][vc_row et_column_align=&#8221;align-center&#8221; content_placement=&#8221;middle&#8221; el_class=&#8221;gzl-reverse-1 spacing-xl&#8221;][vc_column width=&#8221;1\/2&#8243;][vc_column_text css=&#8221;.vc_custom_1646228307617{margin-bottom: 0px !important;}&#8221; el_class=&#8221;gzl-cms-title-medium&#8221;] PRESENTE EN M\u00c1S DE 50 PA\u00cdSES [\/vc_column_text][vc_column_text css=&#8221;.vc_custom_1646228329913{margin-bottom: 0px !important;}&#8221; el_class=&#8221;gzl-cms-list-1&#8243;]Desde siempre, el objetivo de Christian BRETON ha sido llegar al mayor n\u00famero de mujeres de todos los or\u00edgenes, para ofrecerles los&hellip;","og_url":"https:\/\/www.christian-breton.fr\/es\/actualites-es\/","og_site_name":"CHRISTIAN BRETON","article_publisher":"https:\/\/www.facebook.com\/christianbretonfrance","article_modified_time":"2022-03-02T13:40:25+00:00","twitter_card":"summary_large_image","twitter_misc":{"Tiempo de lectura":"1 minuto"},"schema":{"@context":"https:\/\/schema.org","@graph":[{"@type":"WebPage","@id":"https:\/\/www.christian-breton.fr\/es\/actualites-es\/","url":"https:\/\/www.christian-breton.fr\/es\/actualites-es\/","name":"Noticias - CHRISTIAN BRETON","isPartOf":{"@id":"https:\/\/www.christian-breton.fr\/es\/#website"},"datePublished":"2021-12-13T17:00:08+00:00","dateModified":"2022-03-02T13:40:25+00:00","breadcrumb":{"@id":"https:\/\/www.christian-breton.fr\/es\/actualites-es\/#breadcrumb"},"inLanguage":"es","potentialAction":[{"@type":"ReadAction","target":["https:\/\/www.christian-breton.fr\/es\/actualites-es\/"]}]},{"@type":"BreadcrumbList","@id":"https:\/\/www.christian-breton.fr\/es\/actualites-es\/#breadcrumb","itemListElement":[{"@type":"ListItem","position":1,"name":"Accueil","item":"https:\/\/www.christian-breton.fr\/es\/"},{"@type":"ListItem","position":2,"name":"Noticias"}]},{"@type":"WebSite","@id":"https:\/\/www.christian-breton.fr\/es\/#website","url":"https:\/\/www.christian-breton.fr\/es\/","name":"CHRISTIAN BRETON","description":"L&#039;Expert du Contour des Yeux","publisher":{"@id":"https:\/\/www.christian-breton.fr\/es\/#organization"},"potentialAction":[{"@type":"SearchAction","target":{"@type":"EntryPoint","urlTemplate":"https:\/\/www.christian-breton.fr\/es\/?s={search_term_string}"},"query-input":{"@type":"PropertyValueSpecification","valueRequired":true,"valueName":"search_term_string"}}],"inLanguage":"es"},{"@type":"Organization","@id":"https:\/\/www.christian-breton.fr\/es\/#organization","name":"CHRISTIAN BRETON","url":"https:\/\/www.christian-breton.fr\/es\/","logo":{"@type":"ImageObject","inLanguage":"es","@id":"https:\/\/www.christian-breton.fr\/es\/#\/schema\/logo\/image\/","url":"https:\/\/www.christian-breton.fr\/wp-content\/uploads\/2022\/05\/Christian-Breton-Logo-fond-noir-scaled.jpg","contentUrl":"https:\/\/www.christian-breton.fr\/wp-content\/uploads\/2022\/05\/Christian-Breton-Logo-fond-noir-scaled.jpg","width":2560,"height":2560,"caption":"CHRISTIAN BRETON"},"image":{"@id":"https:\/\/www.christian-breton.fr\/es\/#\/schema\/logo\/image\/"},"sameAs":["https:\/\/www.facebook.com\/christianbretonfrance","https:\/\/www.instagram.com\/christianbreton_paris\/"]}]}},"_links":{"self":[{"href":"https:\/\/www.christian-breton.fr\/es\/wp-json\/wp\/v2\/pages\/33136","targetHints":{"allow":["GET"]}}],"collection":[{"href":"https:\/\/www.christian-breton.fr\/es\/wp-json\/wp\/v2\/pages"}],"about":[{"href":"https:\/\/www.christian-breton.fr\/es\/wp-json\/wp\/v2\/types\/page"}],"author":[{"embeddable":true,"href":"https:\/\/www.christian-breton.fr\/es\/wp-json\/wp\/v2\/users\/2"}],"replies":[{"embeddable":true,"href":"https:\/\/www.christian-breton.fr\/es\/wp-json\/wp\/v2\/comments?post=33136"}],"version-history":[{"count":0,"href":"https:\/\/www.christian-breton.fr\/es\/wp-json\/wp\/v2\/pages\/33136\/revisions"}],"wp:attachment":[{"href":"https:\/\/www.christian-breton.fr\/es\/wp-json\/wp\/v2\/media?parent=33136"}],"curies":[{"name":"wp","href":"https:\/\/api.w.org\/{rel}","templated":true}]}}