{"id":35800,"date":"2022-03-14T09:58:05","date_gmt":"2022-03-14T08:58:05","guid":{"rendered":"https:\/\/cb.agencegazelle.com\/nous-nous-engageons-v2\/"},"modified":"2022-03-18T11:29:01","modified_gmt":"2022-03-18T10:29:01","slug":"nous-nous-engageons-v2","status":"publish","type":"page","link":"https:\/\/www.christian-breton.fr\/es\/nous-nous-engageons-v2\/","title":{"rendered":"Nos comprometemos a"},"content":{"rendered":"[vc_row et_full_width=&#8221;true&#8221; content_placement=&#8221;middle&#8221;][vc_column animation=&#8221;animation bottom-to-top&#8221; offset=&#8221;vc_col-lg-offset-1 vc_col-lg-4 vc_hidden-sm vc_hidden-xs&#8221; css=&#8221;.vc_custom_1647592686422{padding-top: 160px !important;}&#8221;][vc_empty_space height=&#8221;160px&#8221;][\/vc_column][\/vc_row][vc_row et_full_width=&#8221;true&#8221; content_placement=&#8221;middle&#8221; css=&#8221;.vc_custom_1647592744822{padding-bottom: 80px !important;}&#8221;][vc_column animation=&#8221;animation bottom-to-top&#8221; offset=&#8221;vc_col-lg-offset-1 vc_col-lg-4&#8243; css=&#8221;.vc_custom_1647593841759{padding-top: 20px !important;}&#8221;][vc_column_text css=&#8221;.vc_custom_1647593910511{margin-bottom: 80px !important;}&#8221;]\n<h1>CHRISTIAN BRETON SE COMPROMETE<\/h1>\n<h4>a los actores locales en la protecci\u00f3n del Mar Mediterr\u00e1neo.<\/h4>\n[\/vc_column_text]\t<div id=\"et-image-640\" class=\"et-image     et_image_link\">\n\t\t<div class=\"et-image-inner \">\n\t\t\t\t\t\t\t<div class=\"et-image-thumb \">\n\t\t\t\t\t<img decoding=\"async\" width=\"2303\" height=\"2560\" src=\"https:\/\/www.christian-breton.fr\/wp-content\/uploads\/2022\/03\/IMG_20220222_094558-2-scaled.jpg\" class=\"attachment-full size-full\" alt=\"Fonds bleus association nettoyage des fonds de mer\" srcset=\"https:\/\/www.christian-breton.fr\/wp-content\/uploads\/2022\/03\/IMG_20220222_094558-2-scaled.jpg 2303w, https:\/\/www.christian-breton.fr\/wp-content\/uploads\/2022\/03\/IMG_20220222_094558-2-270x300.jpg 270w, https:\/\/www.christian-breton.fr\/wp-content\/uploads\/2022\/03\/IMG_20220222_094558-2-921x1024.jpg 921w, https:\/\/www.christian-breton.fr\/wp-content\/uploads\/2022\/03\/IMG_20220222_094558-2-768x854.jpg 768w, https:\/\/www.christian-breton.fr\/wp-content\/uploads\/2022\/03\/IMG_20220222_094558-2-86x96.jpg 86w, https:\/\/www.christian-breton.fr\/wp-content\/uploads\/2022\/03\/IMG_20220222_094558-2-38x42.jpg 38w, https:\/\/www.christian-breton.fr\/wp-content\/uploads\/2022\/03\/IMG_20220222_094558-2-1382x1536.jpg 1382w, https:\/\/www.christian-breton.fr\/wp-content\/uploads\/2022\/03\/IMG_20220222_094558-2-1842x2048.jpg 1842w, https:\/\/www.christian-breton.fr\/wp-content\/uploads\/2022\/03\/IMG_20220222_094558-2-135x150.jpg 135w, https:\/\/www.christian-breton.fr\/wp-content\/uploads\/2022\/03\/IMG_20220222_094558-2-600x667.jpg 600w, https:\/\/www.christian-breton.fr\/wp-content\/uploads\/2022\/03\/IMG_20220222_094558-2-900x1001.jpg 900w\" sizes=\"(max-width: 2303px) 100vw, 2303px\" \/>\t\t\t\t<\/div>\n\t\t\t\t\t\t\t\t\t\t\t<\/div>\n\t<\/div>\n  [\/vc_column][vc_column et_column_color=&#8221;et-light-column&#8221; animation=&#8221;animation top-to-bottom&#8221; offset=&#8221;vc_col-lg-offset-1 vc_col-lg-5 vc_hidden-sm vc_hidden-xs&#8221; css=&#8221;.vc_custom_1647593805384{margin-top: -220px !important;}&#8221;]\r\n\t\t<div class=\"et-banner-69d28ca8bbd9f et-banner content-full  image-type-fluid text-color-light hover-effect hover-zoom \"><img decoding=\"async\" width=\"1745\" height=\"2434\" src=\"https:\/\/www.christian-breton.fr\/wp-content\/uploads\/2022\/03\/IMG_9431-3.jpg\" class=\"attachment-200x500 size-200x500\" alt=\"\" srcset=\"https:\/\/www.christian-breton.fr\/wp-content\/uploads\/2022\/03\/IMG_9431-3.jpg 1745w, https:\/\/www.christian-breton.fr\/wp-content\/uploads\/2022\/03\/IMG_9431-3-215x300.jpg 215w, https:\/\/www.christian-breton.fr\/wp-content\/uploads\/2022\/03\/IMG_9431-3-734x1024.jpg 734w, https:\/\/www.christian-breton.fr\/wp-content\/uploads\/2022\/03\/IMG_9431-3-768x1071.jpg 768w, https:\/\/www.christian-breton.fr\/wp-content\/uploads\/2022\/03\/IMG_9431-3-69x96.jpg 69w, https:\/\/www.christian-breton.fr\/wp-content\/uploads\/2022\/03\/IMG_9431-3-30x42.jpg 30w, https:\/\/www.christian-breton.fr\/wp-content\/uploads\/2022\/03\/IMG_9431-3-1101x1536.jpg 1101w, https:\/\/www.christian-breton.fr\/wp-content\/uploads\/2022\/03\/IMG_9431-3-1468x2048.jpg 1468w, https:\/\/www.christian-breton.fr\/wp-content\/uploads\/2022\/03\/IMG_9431-3-108x150.jpg 108w, https:\/\/www.christian-breton.fr\/wp-content\/uploads\/2022\/03\/IMG_9431-3-600x837.jpg 600w, https:\/\/www.christian-breton.fr\/wp-content\/uploads\/2022\/03\/IMG_9431-3-900x1255.jpg 900w\" sizes=\"(max-width: 1745px) 100vw, 1745px\" \/>\r\n\t\t<\/div>[\/vc_column][\/vc_row][vc_row et_full_width=&#8221;true&#8221; et_column_align=&#8221;align-center&#8221; content_placement=&#8221;middle&#8221; css=&#8221;.vc_custom_1647594201138{background-color: #000000 !important;}&#8221;][vc_column width=&#8221;1\/6&#8243; offset=&#8221;vc_hidden-sm vc_hidden-xs&#8221;][\/vc_column][vc_column width=&#8221;2\/3&#8243; css=&#8221;.vc_custom_1647594216976{margin-bottom: 80px !important;padding-top: 80px !important;padding-right: 10px !important;padding-bottom: 80px !important;padding-left: 10px !important;}&#8221; offset=&#8221;vc_hidden-sm vc_hidden-xs&#8221;][vc_column_text el_class=&#8221;preline-large&#8221;][\/vc_column_text][\/vc_column][vc_column width=&#8221;1\/6&#8243; offset=&#8221;vc_hidden-sm vc_hidden-xs&#8221;][\/vc_column][\/vc_row][vc_row et_full_width=&#8221;true&#8221; et_row_padding=&#8221;true&#8221; content_placement=&#8221;middle&#8221; css=&#8221;.vc_custom_1647266424363{background-position: center !important;background-repeat: no-repeat !important;background-size: cover !important;}&#8221;][vc_column width=&#8221;1\/2&#8243; offset=&#8221;vc_col-lg-6 vc_hidden-sm vc_hidden-xs&#8221; css=&#8221;.vc_custom_1647593129057{margin-right: 80px !important;margin-left: 120px !important;}&#8221;][vc_column_text el_class=&#8221;preline-large&#8221;]\n<h2>Su visi\u00f3n:<\/h2>\n<p>Durante sus inmersiones, Jean Jaques y Jean-Claude constataron el considerable empobrecimiento de la biodiversidad del fondo marino debido al aumento de los residuos. Entonces se propusieron la misi\u00f3n de limpiar los fondos marinos de la costa mediterr\u00e1nea. Adem\u00e1s de sus acciones de limpieza, quieren sensibilizar, sobre todo, a los cargos electos.[\/vc_column_text][\/vc_column][vc_column width=&#8221;1\/2&#8243; offset=&#8221;vc_col-lg-6 vc_hidden-sm vc_hidden-xs&#8221;]\t<div id=\"et-image-365\" class=\"et-image     et_image_link\">\n\t\t<div class=\"et-image-inner \">\n\t\t\t\t\t\t\t<div class=\"et-image-thumb \">\n\t\t\t\t\t<img decoding=\"async\" width=\"719\" height=\"480\" src=\"https:\/\/www.christian-breton.fr\/wp-content\/uploads\/2022\/03\/IMG-20211227-WA0001.jpg\" class=\"attachment-large size-large\" alt=\"\" srcset=\"https:\/\/www.christian-breton.fr\/wp-content\/uploads\/2022\/03\/IMG-20211227-WA0001.jpg 719w, https:\/\/www.christian-breton.fr\/wp-content\/uploads\/2022\/03\/IMG-20211227-WA0001-300x200.jpg 300w, https:\/\/www.christian-breton.fr\/wp-content\/uploads\/2022\/03\/IMG-20211227-WA0001-96x64.jpg 96w, https:\/\/www.christian-breton.fr\/wp-content\/uploads\/2022\/03\/IMG-20211227-WA0001-42x28.jpg 42w, https:\/\/www.christian-breton.fr\/wp-content\/uploads\/2022\/03\/IMG-20211227-WA0001-150x100.jpg 150w, https:\/\/www.christian-breton.fr\/wp-content\/uploads\/2022\/03\/IMG-20211227-WA0001-600x401.jpg 600w\" sizes=\"(max-width: 719px) 100vw, 719px\" \/>\t\t\t\t<\/div>\n\t\t\t\t\t\t\t\t\t\t\t<\/div>\n\t<\/div>\n  [\/vc_column][\/vc_row][vc_row et_full_width=&#8221;true&#8221; et_row_padding=&#8221;true&#8221; content_placement=&#8221;middle&#8221; css=&#8221;.vc_custom_1647266424363{background-position: center !important;background-repeat: no-repeat !important;background-size: cover !important;}&#8221;][vc_column offset=&#8221;vc_col-lg-6 vc_hidden-lg vc_hidden-md&#8221;]\t<div id=\"et-image-192\" class=\"et-image     et_image_link\">\n\t\t<div class=\"et-image-inner \">\n\t\t\t\t\t\t\t<div class=\"et-image-thumb \">\n\t\t\t\t\t<img decoding=\"async\" width=\"719\" height=\"480\" src=\"https:\/\/www.christian-breton.fr\/wp-content\/uploads\/2022\/03\/IMG-20211227-WA0001.jpg\" class=\"attachment-large size-large\" alt=\"\" srcset=\"https:\/\/www.christian-breton.fr\/wp-content\/uploads\/2022\/03\/IMG-20211227-WA0001.jpg 719w, https:\/\/www.christian-breton.fr\/wp-content\/uploads\/2022\/03\/IMG-20211227-WA0001-300x200.jpg 300w, https:\/\/www.christian-breton.fr\/wp-content\/uploads\/2022\/03\/IMG-20211227-WA0001-96x64.jpg 96w, https:\/\/www.christian-breton.fr\/wp-content\/uploads\/2022\/03\/IMG-20211227-WA0001-42x28.jpg 42w, https:\/\/www.christian-breton.fr\/wp-content\/uploads\/2022\/03\/IMG-20211227-WA0001-150x100.jpg 150w, https:\/\/www.christian-breton.fr\/wp-content\/uploads\/2022\/03\/IMG-20211227-WA0001-600x401.jpg 600w\" sizes=\"(max-width: 719px) 100vw, 719px\" \/>\t\t\t\t<\/div>\n\t\t\t\t\t\t\t\t\t\t\t<\/div>\n\t<\/div>\n  [vc_column_text el_class=&#8221;preline-large&#8221; css=&#8221;.vc_custom_1647594311785{padding-top: 10px !important;}&#8221;]\n<h2>Su visi\u00f3n:<\/h2>\n<p>Durante sus inmersiones, Jean Jaques y Jean-Claude constataron el considerable empobrecimiento de la biodiversidad del fondo marino debido al aumento de los residuos. Entonces se propusieron la misi\u00f3n de limpiar los fondos marinos de la costa mediterr\u00e1nea. Adem\u00e1s de sus acciones de limpieza, quieren sensibilizar, sobre todo, a los cargos electos.[\/vc_column_text][\/vc_column][\/vc_row][vc_row et_full_width=&#8221;true&#8221; et_row_padding=&#8221;true&#8221; et_column_align=&#8221;align-right&#8221; content_placement=&#8221;middle&#8221; css=&#8221;.vc_custom_1647594501889{margin-bottom: 80px !important;background-position: center !important;background-repeat: no-repeat !important;background-size: cover !important;}&#8221;][vc_column width=&#8221;1\/2&#8243; offset=&#8221;vc_col-lg-6 vc_hidden-sm vc_hidden-xs&#8221;]\t<div id=\"et-image-530\" class=\"et-image aligncenter    et_image_link\">\n\t\t<div class=\"et-image-inner \">\n\t\t\t\t\t\t\t<div class=\"et-image-thumb \">\n\t\t\t\t\t<img decoding=\"async\" width=\"640\" height=\"480\" src=\"https:\/\/www.christian-breton.fr\/wp-content\/uploads\/2022\/03\/IMG-20211227-WA0003bonformat.png\" class=\"attachment-full size-full\" alt=\"\" srcset=\"https:\/\/www.christian-breton.fr\/wp-content\/uploads\/2022\/03\/IMG-20211227-WA0003bonformat.png 640w, https:\/\/www.christian-breton.fr\/wp-content\/uploads\/2022\/03\/IMG-20211227-WA0003bonformat-300x225.png 300w, https:\/\/www.christian-breton.fr\/wp-content\/uploads\/2022\/03\/IMG-20211227-WA0003bonformat-96x72.png 96w, https:\/\/www.christian-breton.fr\/wp-content\/uploads\/2022\/03\/IMG-20211227-WA0003bonformat-42x32.png 42w, https:\/\/www.christian-breton.fr\/wp-content\/uploads\/2022\/03\/IMG-20211227-WA0003bonformat-150x113.png 150w, https:\/\/www.christian-breton.fr\/wp-content\/uploads\/2022\/03\/IMG-20211227-WA0003bonformat-600x450.png 600w\" sizes=\"(max-width: 640px) 100vw, 640px\" \/>\t\t\t\t<\/div>\n\t\t\t\t\t\t\t\t\t\t\t<\/div>\n\t<\/div>\n  [\/vc_column][vc_column width=&#8221;1\/2&#8243; offset=&#8221;vc_col-lg-6 vc_hidden-sm vc_hidden-xs&#8221; css=&#8221;.vc_custom_1647593221768{margin-right: 250px !important;}&#8221;][vc_column_text css=&#8221;.vc_custom_1647594281494{padding-left: 20% !important;}&#8221; el_class=&#8221;preline-large&#8221;]\n<h2>Sus acciones:<\/h2>\n<p>Cacer\u00edas semanales de basura\/limpieza de los fondos marinos locales.<\/p>\n<p>Campa\u00f1as de sensibilizaci\u00f3n para escolares sobre temas relacionados con la contaminaci\u00f3n de los fondos marinos.[\/vc_column_text][\/vc_column][\/vc_row][vc_row et_full_width=&#8221;true&#8221; et_row_padding=&#8221;true&#8221; et_column_align=&#8221;align-right&#8221; content_placement=&#8221;middle&#8221; css=&#8221;.vc_custom_1647267286972{background-position: center !important;background-repeat: no-repeat !important;background-size: cover !important;}&#8221;][vc_column offset=&#8221;vc_col-lg-6 vc_hidden-lg vc_hidden-md&#8221;]\t<div id=\"et-image-471\" class=\"et-image aligncenter    et_image_link\">\n\t\t<div class=\"et-image-inner \">\n\t\t\t\t\t\t\t<div class=\"et-image-thumb \">\n\t\t\t\t\t<img decoding=\"async\" width=\"640\" height=\"480\" src=\"https:\/\/www.christian-breton.fr\/wp-content\/uploads\/2022\/03\/IMG-20211227-WA0003bonformat.png\" class=\"attachment-full size-full\" alt=\"\" srcset=\"https:\/\/www.christian-breton.fr\/wp-content\/uploads\/2022\/03\/IMG-20211227-WA0003bonformat.png 640w, https:\/\/www.christian-breton.fr\/wp-content\/uploads\/2022\/03\/IMG-20211227-WA0003bonformat-300x225.png 300w, https:\/\/www.christian-breton.fr\/wp-content\/uploads\/2022\/03\/IMG-20211227-WA0003bonformat-96x72.png 96w, https:\/\/www.christian-breton.fr\/wp-content\/uploads\/2022\/03\/IMG-20211227-WA0003bonformat-42x32.png 42w, https:\/\/www.christian-breton.fr\/wp-content\/uploads\/2022\/03\/IMG-20211227-WA0003bonformat-150x113.png 150w, https:\/\/www.christian-breton.fr\/wp-content\/uploads\/2022\/03\/IMG-20211227-WA0003bonformat-600x450.png 600w\" sizes=\"(max-width: 640px) 100vw, 640px\" \/>\t\t\t\t<\/div>\n\t\t\t\t\t\t\t\t\t\t\t<\/div>\n\t<\/div>\n  [vc_column_text css=&#8221;.vc_custom_1647594437909{padding-top: 10px !important;}&#8221; el_class=&#8221;preline-large&#8221;]\n<h2>Sus acciones:<\/h2>\n<p>Cacer\u00edas semanales de basura\/limpieza de los fondos marinos locales.<\/p>\n<p>Campa\u00f1as de sensibilizaci\u00f3n para escolares sobre temas relacionados con la contaminaci\u00f3n de los fondos marinos.[\/vc_column_text][\/vc_column][\/vc_row][vc_row et_full_width=&#8221;true&#8221; et_row_padding=&#8221;true&#8221; content_placement=&#8221;middle&#8221; css=&#8221;.vc_custom_1647594488809{margin-bottom: 80px !important;background-color: #0a0404 !important;}&#8221;][vc_column animation=&#8221;animation left-to-right&#8221; offset=&#8221;vc_col-lg-6&#8243;]\t<div id=\"et-image-161\" class=\"et-image     et_image_link\">\n\t\t<div class=\"et-image-inner \">\n\t\t\t\t\t\t\t<div class=\"et-image-thumb \">\n\t\t\t\t\t<img decoding=\"async\" width=\"719\" height=\"480\" src=\"https:\/\/www.christian-breton.fr\/wp-content\/uploads\/2022\/03\/IMG-20211227-WA0002.jpg\" class=\"attachment-full size-full\" alt=\"\" srcset=\"https:\/\/www.christian-breton.fr\/wp-content\/uploads\/2022\/03\/IMG-20211227-WA0002.jpg 719w, https:\/\/www.christian-breton.fr\/wp-content\/uploads\/2022\/03\/IMG-20211227-WA0002-300x200.jpg 300w, https:\/\/www.christian-breton.fr\/wp-content\/uploads\/2022\/03\/IMG-20211227-WA0002-96x64.jpg 96w, https:\/\/www.christian-breton.fr\/wp-content\/uploads\/2022\/03\/IMG-20211227-WA0002-42x28.jpg 42w, https:\/\/www.christian-breton.fr\/wp-content\/uploads\/2022\/03\/IMG-20211227-WA0002-150x100.jpg 150w, https:\/\/www.christian-breton.fr\/wp-content\/uploads\/2022\/03\/IMG-20211227-WA0002-600x401.jpg 600w\" sizes=\"(max-width: 719px) 100vw, 719px\" \/>\t\t\t\t<\/div>\n\t\t\t\t\t\t\t\t\t\t\t<\/div>\n\t<\/div>\n  [\/vc_column][vc_column et_column_color=&#8221;et-light-column&#8221; animation=&#8221;animation right-to-left&#8221; offset=&#8221;vc_col-lg-offset-1 vc_col-lg-3&#8243; css=&#8221;.vc_custom_1647593310579{padding-top: 95px !important;padding-bottom: 95px !important;}&#8221;][vc_column_text]\n<h2>&#8220;Amamos lo que nos maravilla y protegemos lo que amamos&#8221;.<\/h2>\n<p>Jacques-Yves Cousteau[\/vc_column_text][\/vc_column][\/vc_row]\n","protected":false},"excerpt":{"rendered":"<p>[vc_row et_full_width=&#8221;true&#8221; content_placement=&#8221;middle&#8221;][vc_column animation=&#8221;animation bottom-to-top&#8221; offset=&#8221;vc_col-lg-offset-1 vc_col-lg-4 vc_hidden-sm vc_hidden-xs&#8221; css=&#8221;.vc_custom_1647592686422{padding-top: 160px !important;}&#8221;][vc_empty_space height=&#8221;160px&#8221;][\/vc_column][\/vc_row][vc_row et_full_width=&#8221;true&#8221; content_placement=&#8221;middle&#8221; css=&#8221;.vc_custom_1647592744822{padding-bottom: 80px !important;}&#8221;][vc_column animation=&#8221;animation bottom-to-top&#8221; offset=&#8221;vc_col-lg-offset-1 vc_col-lg-4&#8243; css=&#8221;.vc_custom_1647593841759{padding-top: 20px !important;}&#8221;][vc_column_text css=&#8221;.vc_custom_1647593910511{margin-bottom: 80px !important;}&#8221;] CHRISTIAN BRETON SE COMPROMETE a los actores locales en la protecci\u00f3n del Mar Mediterr\u00e1neo. [\/vc_column_text][\/vc_column][vc_column et_column_color=&#8221;et-light-column&#8221; animation=&#8221;animation top-to-bottom&#8221; offset=&#8221;vc_col-lg-offset-1 vc_col-lg-5 vc_hidden-sm vc_hidden-xs&#8221;&hellip;<\/p>\n","protected":false},"author":80,"featured_media":0,"parent":0,"menu_order":0,"comment_status":"closed","ping_status":"closed","template":"","meta":{"footnotes":""},"class_list":["post-35800","page","type-page","status-publish","hentry"],"yoast_head":"<!-- This site is optimized with the Yoast SEO plugin v27.3 - https:\/\/yoast.com\/product\/yoast-seo-wordpress\/ -->\n<title>Nos comprometemos a - CHRISTIAN BRETON<\/title>\n<meta name=\"robots\" content=\"index, follow, max-snippet:-1, max-image-preview:large, max-video-preview:-1\" \/>\n<link rel=\"canonical\" href=\"https:\/\/www.christian-breton.fr\/es\/nous-nous-engageons-v2\/\" \/>\n<meta property=\"og:locale\" content=\"es_ES\" \/>\n<meta property=\"og:type\" content=\"article\" \/>\n<meta property=\"og:title\" content=\"Nos comprometemos a - CHRISTIAN BRETON\" \/>\n<meta property=\"og:description\" content=\"[vc_row et_full_width=&#8221;true&#8221; content_placement=&#8221;middle&#8221;][vc_column animation=&#8221;animation bottom-to-top&#8221; offset=&#8221;vc_col-lg-offset-1 vc_col-lg-4 vc_hidden-sm vc_hidden-xs&#8221; css=&#8221;.vc_custom_1647592686422{padding-top: 160px !important;}&#8221;][vc_empty_space height=&#8221;160px&#8221;][\/vc_column][\/vc_row][vc_row et_full_width=&#8221;true&#8221; content_placement=&#8221;middle&#8221; css=&#8221;.vc_custom_1647592744822{padding-bottom: 80px !important;}&#8221;][vc_column animation=&#8221;animation bottom-to-top&#8221; offset=&#8221;vc_col-lg-offset-1 vc_col-lg-4&#8243; css=&#8221;.vc_custom_1647593841759{padding-top: 20px !important;}&#8221;][vc_column_text css=&#8221;.vc_custom_1647593910511{margin-bottom: 80px !important;}&#8221;] CHRISTIAN BRETON SE COMPROMETE a los actores locales en la protecci\u00f3n del Mar Mediterr\u00e1neo. [\/vc_column_text][\/vc_column][vc_column et_column_color=&#8221;et-light-column&#8221; animation=&#8221;animation top-to-bottom&#8221; offset=&#8221;vc_col-lg-offset-1 vc_col-lg-5 vc_hidden-sm vc_hidden-xs&#8221;&hellip;\" \/>\n<meta property=\"og:url\" content=\"https:\/\/www.christian-breton.fr\/es\/nous-nous-engageons-v2\/\" \/>\n<meta property=\"og:site_name\" content=\"CHRISTIAN BRETON\" \/>\n<meta property=\"article:publisher\" content=\"https:\/\/www.facebook.com\/christianbretonfrance\" \/>\n<meta property=\"article:modified_time\" content=\"2022-03-18T10:29:01+00:00\" \/>\n<meta name=\"twitter:card\" content=\"summary_large_image\" \/>\n<meta name=\"twitter:label1\" content=\"Tiempo de lectura\" \/>\n\t<meta name=\"twitter:data1\" content=\"2 minutos\" \/>\n<script type=\"application\/ld+json\" class=\"yoast-schema-graph\">{\"@context\":\"https:\\\/\\\/schema.org\",\"@graph\":[{\"@type\":\"WebPage\",\"@id\":\"https:\\\/\\\/www.christian-breton.fr\\\/es\\\/nous-nous-engageons-v2\\\/\",\"url\":\"https:\\\/\\\/www.christian-breton.fr\\\/es\\\/nous-nous-engageons-v2\\\/\",\"name\":\"Nos comprometemos a - CHRISTIAN BRETON\",\"isPartOf\":{\"@id\":\"https:\\\/\\\/www.christian-breton.fr\\\/es\\\/#website\"},\"datePublished\":\"2022-03-14T08:58:05+00:00\",\"dateModified\":\"2022-03-18T10:29:01+00:00\",\"breadcrumb\":{\"@id\":\"https:\\\/\\\/www.christian-breton.fr\\\/es\\\/nous-nous-engageons-v2\\\/#breadcrumb\"},\"inLanguage\":\"es\",\"potentialAction\":[{\"@type\":\"ReadAction\",\"target\":[\"https:\\\/\\\/www.christian-breton.fr\\\/es\\\/nous-nous-engageons-v2\\\/\"]}]},{\"@type\":\"BreadcrumbList\",\"@id\":\"https:\\\/\\\/www.christian-breton.fr\\\/es\\\/nous-nous-engageons-v2\\\/#breadcrumb\",\"itemListElement\":[{\"@type\":\"ListItem\",\"position\":1,\"name\":\"Accueil\",\"item\":\"https:\\\/\\\/www.christian-breton.fr\\\/es\\\/\"},{\"@type\":\"ListItem\",\"position\":2,\"name\":\"Nos comprometemos a\"}]},{\"@type\":\"WebSite\",\"@id\":\"https:\\\/\\\/www.christian-breton.fr\\\/es\\\/#website\",\"url\":\"https:\\\/\\\/www.christian-breton.fr\\\/es\\\/\",\"name\":\"CHRISTIAN BRETON\",\"description\":\"L&#039;Expert du Contour des Yeux\",\"publisher\":{\"@id\":\"https:\\\/\\\/www.christian-breton.fr\\\/es\\\/#organization\"},\"potentialAction\":[{\"@type\":\"SearchAction\",\"target\":{\"@type\":\"EntryPoint\",\"urlTemplate\":\"https:\\\/\\\/www.christian-breton.fr\\\/es\\\/?s={search_term_string}\"},\"query-input\":{\"@type\":\"PropertyValueSpecification\",\"valueRequired\":true,\"valueName\":\"search_term_string\"}}],\"inLanguage\":\"es\"},{\"@type\":\"Organization\",\"@id\":\"https:\\\/\\\/www.christian-breton.fr\\\/es\\\/#organization\",\"name\":\"CHRISTIAN BRETON\",\"url\":\"https:\\\/\\\/www.christian-breton.fr\\\/es\\\/\",\"logo\":{\"@type\":\"ImageObject\",\"inLanguage\":\"es\",\"@id\":\"https:\\\/\\\/www.christian-breton.fr\\\/es\\\/#\\\/schema\\\/logo\\\/image\\\/\",\"url\":\"https:\\\/\\\/www.christian-breton.fr\\\/wp-content\\\/uploads\\\/2022\\\/05\\\/Christian-Breton-Logo-fond-noir-scaled.jpg\",\"contentUrl\":\"https:\\\/\\\/www.christian-breton.fr\\\/wp-content\\\/uploads\\\/2022\\\/05\\\/Christian-Breton-Logo-fond-noir-scaled.jpg\",\"width\":2560,\"height\":2560,\"caption\":\"CHRISTIAN BRETON\"},\"image\":{\"@id\":\"https:\\\/\\\/www.christian-breton.fr\\\/es\\\/#\\\/schema\\\/logo\\\/image\\\/\"},\"sameAs\":[\"https:\\\/\\\/www.facebook.com\\\/christianbretonfrance\",\"https:\\\/\\\/www.instagram.com\\\/christianbreton_paris\\\/\"]}]}<\/script>\n<!-- \/ Yoast SEO plugin. -->","yoast_head_json":{"title":"Nos comprometemos a - CHRISTIAN BRETON","robots":{"index":"index","follow":"follow","max-snippet":"max-snippet:-1","max-image-preview":"max-image-preview:large","max-video-preview":"max-video-preview:-1"},"canonical":"https:\/\/www.christian-breton.fr\/es\/nous-nous-engageons-v2\/","og_locale":"es_ES","og_type":"article","og_title":"Nos comprometemos a - CHRISTIAN BRETON","og_description":"[vc_row et_full_width=&#8221;true&#8221; content_placement=&#8221;middle&#8221;][vc_column animation=&#8221;animation bottom-to-top&#8221; offset=&#8221;vc_col-lg-offset-1 vc_col-lg-4 vc_hidden-sm vc_hidden-xs&#8221; css=&#8221;.vc_custom_1647592686422{padding-top: 160px !important;}&#8221;][vc_empty_space height=&#8221;160px&#8221;][\/vc_column][\/vc_row][vc_row et_full_width=&#8221;true&#8221; content_placement=&#8221;middle&#8221; css=&#8221;.vc_custom_1647592744822{padding-bottom: 80px !important;}&#8221;][vc_column animation=&#8221;animation bottom-to-top&#8221; offset=&#8221;vc_col-lg-offset-1 vc_col-lg-4&#8243; css=&#8221;.vc_custom_1647593841759{padding-top: 20px !important;}&#8221;][vc_column_text css=&#8221;.vc_custom_1647593910511{margin-bottom: 80px !important;}&#8221;] CHRISTIAN BRETON SE COMPROMETE a los actores locales en la protecci\u00f3n del Mar Mediterr\u00e1neo. [\/vc_column_text][\/vc_column][vc_column et_column_color=&#8221;et-light-column&#8221; animation=&#8221;animation top-to-bottom&#8221; offset=&#8221;vc_col-lg-offset-1 vc_col-lg-5 vc_hidden-sm vc_hidden-xs&#8221;&hellip;","og_url":"https:\/\/www.christian-breton.fr\/es\/nous-nous-engageons-v2\/","og_site_name":"CHRISTIAN BRETON","article_publisher":"https:\/\/www.facebook.com\/christianbretonfrance","article_modified_time":"2022-03-18T10:29:01+00:00","twitter_card":"summary_large_image","twitter_misc":{"Tiempo de lectura":"2 minutos"},"schema":{"@context":"https:\/\/schema.org","@graph":[{"@type":"WebPage","@id":"https:\/\/www.christian-breton.fr\/es\/nous-nous-engageons-v2\/","url":"https:\/\/www.christian-breton.fr\/es\/nous-nous-engageons-v2\/","name":"Nos comprometemos a - CHRISTIAN BRETON","isPartOf":{"@id":"https:\/\/www.christian-breton.fr\/es\/#website"},"datePublished":"2022-03-14T08:58:05+00:00","dateModified":"2022-03-18T10:29:01+00:00","breadcrumb":{"@id":"https:\/\/www.christian-breton.fr\/es\/nous-nous-engageons-v2\/#breadcrumb"},"inLanguage":"es","potentialAction":[{"@type":"ReadAction","target":["https:\/\/www.christian-breton.fr\/es\/nous-nous-engageons-v2\/"]}]},{"@type":"BreadcrumbList","@id":"https:\/\/www.christian-breton.fr\/es\/nous-nous-engageons-v2\/#breadcrumb","itemListElement":[{"@type":"ListItem","position":1,"name":"Accueil","item":"https:\/\/www.christian-breton.fr\/es\/"},{"@type":"ListItem","position":2,"name":"Nos comprometemos a"}]},{"@type":"WebSite","@id":"https:\/\/www.christian-breton.fr\/es\/#website","url":"https:\/\/www.christian-breton.fr\/es\/","name":"CHRISTIAN BRETON","description":"L&#039;Expert du Contour des Yeux","publisher":{"@id":"https:\/\/www.christian-breton.fr\/es\/#organization"},"potentialAction":[{"@type":"SearchAction","target":{"@type":"EntryPoint","urlTemplate":"https:\/\/www.christian-breton.fr\/es\/?s={search_term_string}"},"query-input":{"@type":"PropertyValueSpecification","valueRequired":true,"valueName":"search_term_string"}}],"inLanguage":"es"},{"@type":"Organization","@id":"https:\/\/www.christian-breton.fr\/es\/#organization","name":"CHRISTIAN BRETON","url":"https:\/\/www.christian-breton.fr\/es\/","logo":{"@type":"ImageObject","inLanguage":"es","@id":"https:\/\/www.christian-breton.fr\/es\/#\/schema\/logo\/image\/","url":"https:\/\/www.christian-breton.fr\/wp-content\/uploads\/2022\/05\/Christian-Breton-Logo-fond-noir-scaled.jpg","contentUrl":"https:\/\/www.christian-breton.fr\/wp-content\/uploads\/2022\/05\/Christian-Breton-Logo-fond-noir-scaled.jpg","width":2560,"height":2560,"caption":"CHRISTIAN BRETON"},"image":{"@id":"https:\/\/www.christian-breton.fr\/es\/#\/schema\/logo\/image\/"},"sameAs":["https:\/\/www.facebook.com\/christianbretonfrance","https:\/\/www.instagram.com\/christianbreton_paris\/"]}]}},"_links":{"self":[{"href":"https:\/\/www.christian-breton.fr\/es\/wp-json\/wp\/v2\/pages\/35800","targetHints":{"allow":["GET"]}}],"collection":[{"href":"https:\/\/www.christian-breton.fr\/es\/wp-json\/wp\/v2\/pages"}],"about":[{"href":"https:\/\/www.christian-breton.fr\/es\/wp-json\/wp\/v2\/types\/page"}],"author":[{"embeddable":true,"href":"https:\/\/www.christian-breton.fr\/es\/wp-json\/wp\/v2\/users\/80"}],"replies":[{"embeddable":true,"href":"https:\/\/www.christian-breton.fr\/es\/wp-json\/wp\/v2\/comments?post=35800"}],"version-history":[{"count":0,"href":"https:\/\/www.christian-breton.fr\/es\/wp-json\/wp\/v2\/pages\/35800\/revisions"}],"wp:attachment":[{"href":"https:\/\/www.christian-breton.fr\/es\/wp-json\/wp\/v2\/media?parent=35800"}],"curies":[{"name":"wp","href":"https:\/\/api.w.org\/{rel}","templated":true}]}}