{"id":33263,"date":"2021-12-13T15:54:28","date_gmt":"2021-12-13T14:54:28","guid":{"rendered":"https:\/\/cb.agencegazelle.com\/produit\/mascara-soin-lash-xxxl\/"},"modified":"2025-07-04T09:00:37","modified_gmt":"2025-07-04T07:00:37","slug":"lash-xxxl-color-care-mascara","status":"publish","type":"product","link":"https:\/\/www.christian-breton.fr\/es\/produit\/lash-xxxl-color-care-mascara\/","title":{"rendered":"LASH XXXL COLOR &#038; CARE MASCARA"},"content":{"rendered":"[vc_row disable_element=&#8221;yes&#8221;][vc_column][vc_single_image image=&#8221;30559&#8243; img_size=&#8221;2770&#215;217&#8243; alignment=&#8221;center&#8221; el_class=&#8221;gzl-product-specs-desktop&#8221;][vc_single_image image=&#8221;30564&#8243; img_size=&#8221;598&#215;222&#8243; alignment=&#8221;center&#8221; el_class=&#8221;gzl-product-specs-mobile&#8221;][\/vc_column][\/vc_row][vc_row][vc_column][vc_column_text el_class=&#8221;gzl-product-intro&#8221;]\n<h3><strong>Protege y alarga las pesta\u00f1as<\/strong><\/h3>\n<p>La m\u00e1scara Lash XXXL Color &amp; Care ha sido espec\u00edficamente formulada para densificar las pesta\u00f1as. \u00a1Pero eso no es todo! Su textura envuelve las pesta\u00f1as para un efecto alargador inmediato. Negro intenso.[\/vc_column_text][vc_tta_accordion c_icon=&#8221;chevron&#8221; c_position=&#8221;right&#8221; active_section=&#8221;&#8221; collapsible_all=&#8221;true&#8221; el_class=&#8221;gzl-product-accordeon&#8221;][vc_tta_section title=&#8221;Todos los tipos de piel. Todas las edades.&#8221; tab_id=&#8221;targeta6a2-9c2376a3-9e9c&#8221;][vc_column_text]Todo tipo de pieles.[\/vc_column_text][\/vc_tta_section][vc_tta_section title=&#8221;Experiencia de Christian.B&#8221; tab_id=&#8221;expertisea6a2-9c2376a3-9e9c&#8221;][vc_column_text]\u00a1Lash XXXL Color &amp; Care Mascara alargadora +++! Las fibras de su f\u00f3rmula se depositan sobre las pesta\u00f1as para alargarlas ad infinitum.[\/vc_column_text][\/vc_tta_section][vc_tta_section title=&#8221;\u00bfQuiere saber un poco m\u00e1s?&#8221; tab_id=&#8221;1650977325214-9fc2acb5-743e&#8221;][vc_column_text]Una mirada bonita depende de unas pesta\u00f1as sanas y unas cejas bien definidas. \u00bfLo sab\u00edas? Hay entre 150 y 200 pesta\u00f1as (de unos 8 a 12 mm de longitud) en el p\u00e1rpado superior y entre 50 y 150 (de unos 6 a 8 mm de longitud) en el inferior. Su vida \u00fatil var\u00eda entre 45 y 150 d\u00edas, dependiendo de su estilo de vida (desmaquillado, cuidado de la piel, etc.). Su ciclo vital comienza con una fase de crecimiento (entre 30 y 45 d\u00edas), seguida de una fase de reposo y envejecimiento, y termina irremediablemente con su ca\u00edda.[\/vc_column_text][\/vc_tta_section][vc_tta_section title=&#8221;Opini\u00f3n del cliente&#8221; tab_id=&#8221;reviewsa6a2-9c2376a3-9e9c&#8221; el_class=&#8221;gzl-productReviewsBtn&#8221;][\/vc_tta_section][\/vc_tta_accordion][\/vc_column][\/vc_row][vc_row css=&#8221;.vc_custom_1640082687555{background-color: #000000 !important;}&#8221; el_class=&#8221;bg-full black spacing-lg percents&#8221;][vc_column][vc_column_text el_class=&#8221;gzl-cms-title-medium color-white&#8221;]\n<h2><strong>PROBADO Y APROBADO *<\/strong><\/h2>\n[\/vc_column_text]\t<div id=\"et-content-carousel-99\" class=\"row et-content-carousel slick slick-slider no-padding  \" data-center=\"\" data-columns=\"3\" data-autoplay=\"\" data-fade=\"false\" data-autoplay-speed=\"\" data-pause=\"\" data-navigation=\"\" data-pagination=\"true\" data-infinite=\"true\">\n\t\t[vc_row_inner][vc_column_inner]\n\t<div id=\"et-counter-69e5e3f2b6482\" class=\"et-counter animation bottom-to-top counter-color-custom icon-color- text-color-custom counter-top\" >\n\t\t\t\t\t<div class=\"counter-container\">\n\t\t\t\t\t\t\t\t\t<div class=\"h1\" data-count=\"84\" data-speed=\"1500\">0<\/div>\n\t\t\t\t\t\t\t\t\t\t\t\t\t<h4>Pesta\u00f1as m\u00e1s largas<\/h4>\n\t\t\t\t\t\t\t<\/div>\n\t\t\t\t\t\t\t\t\t\t<figure>\t\t\t\t\t<span class=\"\"><\/span>\n\t\t\t\t\t\t\t\t\t<\/figure>\n\t\t\t\t\t\t\t\n\t<\/div>\n\t[\/vc_column_inner][\/vc_row_inner][vc_row_inner][vc_column_inner]\n\t<div id=\"et-counter-69e5e3f2b64aa\" class=\"et-counter animation bottom-to-top counter-color-custom icon-color- text-color-custom counter-top\" >\n\t\t\t\t\t<div class=\"counter-container\">\n\t\t\t\t\t\t\t\t\t<div class=\"h1\" data-count=\"76\" data-speed=\"1500\">0<\/div>\n\t\t\t\t\t\t\t\t\t\t\t\t\t<h4>Facilidad de aplicaci\u00f3n<\/h4>\n\t\t\t\t\t\t\t<\/div>\n\t\t\t\t\t\t\t\t\t\t<figure>\t\t\t\t\t<span class=\"\"><\/span>\n\t\t\t\t\t\t\t\t\t<\/figure>\n\t\t\t\t\t\t\t\n\t<\/div>\n\t[\/vc_column_inner][\/vc_row_inner]\t<\/div>\n\t\t\n\t[\/vc_column][\/vc_row][vc_row el_class=&#8221;spacing-lg application&#8221;][vc_column][vc_row_inner][vc_column_inner][vc_column_text animation=&#8221;animation bottom-to-top&#8221; css=&#8221;.vc_custom_1646228476290{margin-bottom: 0px !important;}&#8221;]\n<h2 style=\"text-align: center;\"><strong>C\u00d3MO UTILIZARLO\u00a0<\/strong><\/h2>\n[\/vc_column_text][\/vc_column_inner][\/vc_row_inner]\t<div id=\"et-content-carousel-232\" class=\"row et-content-carousel slick slick-slider regular-padding  \" data-center=\"\" data-columns=\"3\" data-autoplay=\"\" data-fade=\"false\" data-autoplay-speed=\"\" data-pause=\"\" data-navigation=\"\" data-pagination=\"true\" data-infinite=\"true\">\n\t\t\r\n\t<div id=\"et-iconbox-958\" class=\"et-iconbox layout-centered icon-style-image-default bottom-spacing-none icon-color- text-color- animation bottom-to-top \"> \r\n\t\t<div class=\"et-icon-inner\">\r\n\t\t\t<figure class=\"et-feature-icon\">\r\n\t\t\t\t\t\t\t\t\t<img decoding=\"async\" src=\"https:\/\/www.christian-breton.fr\/wp-content\/uploads\/2021\/12\/1-7.jpg\" alt=\"\" \/>\r\n\t\t\t\t\t\t\t<\/figure>\r\n\t\t\t<div class=\"et-feature-content\"> \r\n\t\t\t\t\t\t\t\t\t\t\t\t<div class=\"wpb_text_column\"><h4 style=\"text-align: center;\">Paso 1<\/h4>\n<p style=\"text-align: center;\">Aplicar el suero Infinite Lashes en la base de las pesta\u00f1as.<\/p>\n<\/div>\r\n\t\t\t\t\t\t\t<\/div>\r\n\t\t<\/div>\r\n\t<\/div>\r\n\r\n\t\r\n\t<div id=\"et-iconbox-739\" class=\"et-iconbox layout-centered icon-style-image-default bottom-spacing-none icon-color- text-color- animation bottom-to-top \"> \r\n\t\t<div class=\"et-icon-inner\">\r\n\t\t\t<figure class=\"et-feature-icon\">\r\n\t\t\t\t\t\t\t\t\t<img decoding=\"async\" src=\"https:\/\/www.christian-breton.fr\/wp-content\/uploads\/2021\/12\/1105-1.jpg\" alt=\"\" \/>\r\n\t\t\t\t\t\t\t<\/figure>\r\n\t\t\t<div class=\"et-feature-content\"> \r\n\t\t\t\t\t\t\t\t\t\t\t\t<div class=\"wpb_text_column\"><h4 style=\"text-align: center;\">Paso 2<\/h4>\n<p style=\"text-align: center;\">Aplicar Eyelash Builder desde la base hasta el borde de las pesta\u00f1as, durante el d\u00eda bajo su r\u00edmel, o por la noche como mascarilla fortificante.<\/p>\n<\/div>\r\n\t\t\t\t\t\t\t<\/div>\r\n\t\t<\/div>\r\n\t<\/div>\r\n\r\n\t\r\n\t<div id=\"et-iconbox-853\" class=\"et-iconbox layout-centered icon-style-image-default bottom-spacing-none icon-color- text-color- animation bottom-to-top \"> \r\n\t\t<div class=\"et-icon-inner\">\r\n\t\t\t<figure class=\"et-feature-icon\">\r\n\t\t\t\t\t\t\t\t\t<img decoding=\"async\" src=\"https:\/\/www.christian-breton.fr\/wp-content\/uploads\/2021\/12\/1115-1.jpg\" alt=\"\" \/>\r\n\t\t\t\t\t\t\t<\/figure>\r\n\t\t\t<div class=\"et-feature-content\"> \r\n\t\t\t\t\t\t\t\t\t\t\t\t<div class=\"wpb_text_column\"><h4 style=\"text-align: center;\">Paso 3<\/h4>\n<p style=\"text-align: center;\">Aplicar el r\u00edmel Lash XXXL.<\/p>\n<\/div>\r\n\t\t\t\t\t\t\t<\/div>\r\n\t\t<\/div>\r\n\t<\/div>\r\n\r\n\t\t<\/div>\n\t\t\n\t[\/vc_column][\/vc_row]\n","protected":false},"excerpt":{"rendered":"<p>El uso diario de m\u00e1scara da\u00f1a las pesta\u00f1as, haci\u00e9ndolas d\u00e9biles, fr\u00e1giles y f\u00e1ciles de romper. Lash XXXL, con Pantenol y Trip\u00e9ptido, alarga y densifica las pesta\u00f1as. Para un efecto inmediato, su f\u00f3rmula contiene minifibras que se adhieren a las pesta\u00f1as para un look de pesta\u00f1as postizas impresionante.<\/p>\n<p>\u2713 Probado oftalmol\u00f3gicamente.<br \/>\nNegro intenso.<\/p>\n<p>Ref. [wcj_product_sku] \u00b7 7g<\/p>\n","protected":false},"featured_media":28602,"comment_status":"open","ping_status":"closed","template":"","meta":[],"product_brand":[],"product_cat":[1210,1252],"product_tag":[],"class_list":{"0":"post-33263","1":"product","2":"type-product","3":"status-publish","4":"has-post-thumbnail","6":"product_cat-contorno-de-ojos","7":"product_cat-pestanas-y-cejas","9":"first","10":"instock","11":"shipping-taxable","12":"purchasable","13":"product-type-simple"},"yoast_head":"<!-- This site is optimized with the Yoast SEO plugin v27.4 - https:\/\/yoast.com\/product\/yoast-seo-wordpress\/ -->\n<title>LASH XXXL COLOR &amp; CARE MASCARA - CHRISTIAN BRETON<\/title>\n<meta name=\"description\" content=\"Pesta\u00f1as extendidas y volumen extremo, el r\u00edmel es el activo glamoroso para ojos de ciervo. Para conseguir una longitud impresionante.\" \/>\n<meta name=\"robots\" content=\"index, follow, max-snippet:-1, max-image-preview:large, max-video-preview:-1\" \/>\n<link rel=\"canonical\" href=\"https:\/\/www.christian-breton.fr\/es\/produit\/lash-xxxl-color-care-mascara\/\" \/>\n<meta property=\"og:locale\" content=\"es_ES\" \/>\n<meta property=\"og:type\" content=\"article\" \/>\n<meta property=\"og:title\" content=\"LASH XXXL COLOR &amp; CARE MASCARA - CHRISTIAN BRETON\" \/>\n<meta property=\"og:description\" content=\"Pesta\u00f1as extendidas y volumen extremo, el r\u00edmel es el activo glamoroso para ojos de ciervo. Para conseguir una longitud impresionante.\" \/>\n<meta property=\"og:url\" content=\"https:\/\/www.christian-breton.fr\/es\/produit\/lash-xxxl-color-care-mascara\/\" \/>\n<meta property=\"og:site_name\" content=\"CHRISTIAN BRETON\" \/>\n<meta property=\"article:publisher\" content=\"https:\/\/www.facebook.com\/christianbretonfrance\" \/>\n<meta property=\"article:modified_time\" content=\"2025-07-04T07:00:37+00:00\" \/>\n<meta property=\"og:image\" content=\"https:\/\/i0.wp.com\/www.christian-breton.fr\/wp-content\/uploads\/2021\/12\/1115.jpg?fit=700%2C738&ssl=1\" \/>\n\t<meta property=\"og:image:width\" content=\"700\" \/>\n\t<meta property=\"og:image:height\" content=\"738\" \/>\n\t<meta property=\"og:image:type\" content=\"image\/jpeg\" \/>\n<meta name=\"twitter:card\" content=\"summary_large_image\" \/>\n<meta name=\"twitter:label1\" content=\"Tiempo de lectura\" \/>\n\t<meta name=\"twitter:data1\" content=\"3 minutos\" \/>\n<script type=\"application\/ld+json\" class=\"yoast-schema-graph\">{\"@context\":\"https:\\\/\\\/schema.org\",\"@graph\":[{\"@type\":\"WebPage\",\"@id\":\"https:\\\/\\\/www.christian-breton.fr\\\/es\\\/produit\\\/lash-xxxl-color-care-mascara\\\/\",\"url\":\"https:\\\/\\\/www.christian-breton.fr\\\/es\\\/produit\\\/lash-xxxl-color-care-mascara\\\/\",\"name\":\"LASH XXXL COLOR & CARE MASCARA - CHRISTIAN BRETON\",\"isPartOf\":{\"@id\":\"https:\\\/\\\/www.christian-breton.fr\\\/es\\\/#website\"},\"primaryImageOfPage\":{\"@id\":\"https:\\\/\\\/www.christian-breton.fr\\\/es\\\/produit\\\/lash-xxxl-color-care-mascara\\\/#primaryimage\"},\"image\":{\"@id\":\"https:\\\/\\\/www.christian-breton.fr\\\/es\\\/produit\\\/lash-xxxl-color-care-mascara\\\/#primaryimage\"},\"thumbnailUrl\":\"https:\\\/\\\/www.christian-breton.fr\\\/wp-content\\\/uploads\\\/2021\\\/12\\\/1115.jpg\",\"datePublished\":\"2021-12-13T14:54:28+00:00\",\"dateModified\":\"2025-07-04T07:00:37+00:00\",\"description\":\"Pesta\u00f1as extendidas y volumen extremo, el r\u00edmel es el activo glamoroso para ojos de ciervo. Para conseguir una longitud impresionante.\",\"breadcrumb\":{\"@id\":\"https:\\\/\\\/www.christian-breton.fr\\\/es\\\/produit\\\/lash-xxxl-color-care-mascara\\\/#breadcrumb\"},\"inLanguage\":\"es\",\"potentialAction\":[{\"@type\":\"ReadAction\",\"target\":[\"https:\\\/\\\/www.christian-breton.fr\\\/es\\\/produit\\\/lash-xxxl-color-care-mascara\\\/\"]}]},{\"@type\":\"ImageObject\",\"inLanguage\":\"es\",\"@id\":\"https:\\\/\\\/www.christian-breton.fr\\\/es\\\/produit\\\/lash-xxxl-color-care-mascara\\\/#primaryimage\",\"url\":\"https:\\\/\\\/www.christian-breton.fr\\\/wp-content\\\/uploads\\\/2021\\\/12\\\/1115.jpg\",\"contentUrl\":\"https:\\\/\\\/www.christian-breton.fr\\\/wp-content\\\/uploads\\\/2021\\\/12\\\/1115.jpg\",\"width\":700,\"height\":738,\"caption\":\"Lash XXXL - Christian Breton\"},{\"@type\":\"BreadcrumbList\",\"@id\":\"https:\\\/\\\/www.christian-breton.fr\\\/es\\\/produit\\\/lash-xxxl-color-care-mascara\\\/#breadcrumb\",\"itemListElement\":[{\"@type\":\"ListItem\",\"position\":1,\"name\":\"Accueil\",\"item\":\"https:\\\/\\\/www.christian-breton.fr\\\/es\\\/\"},{\"@type\":\"ListItem\",\"position\":2,\"name\":\"Tienda\",\"item\":\"https:\\\/\\\/www.christian-breton.fr\\\/es\\\/tienda\\\/\"},{\"@type\":\"ListItem\",\"position\":3,\"name\":\"LASH XXXL COLOR &#038; CARE MASCARA\"}]},{\"@type\":\"WebSite\",\"@id\":\"https:\\\/\\\/www.christian-breton.fr\\\/es\\\/#website\",\"url\":\"https:\\\/\\\/www.christian-breton.fr\\\/es\\\/\",\"name\":\"CHRISTIAN BRETON\",\"description\":\"L&#039;Expert du Contour des Yeux\",\"publisher\":{\"@id\":\"https:\\\/\\\/www.christian-breton.fr\\\/es\\\/#organization\"},\"potentialAction\":[{\"@type\":\"SearchAction\",\"target\":{\"@type\":\"EntryPoint\",\"urlTemplate\":\"https:\\\/\\\/www.christian-breton.fr\\\/es\\\/?s={search_term_string}\"},\"query-input\":{\"@type\":\"PropertyValueSpecification\",\"valueRequired\":true,\"valueName\":\"search_term_string\"}}],\"inLanguage\":\"es\"},{\"@type\":\"Organization\",\"@id\":\"https:\\\/\\\/www.christian-breton.fr\\\/es\\\/#organization\",\"name\":\"CHRISTIAN BRETON\",\"url\":\"https:\\\/\\\/www.christian-breton.fr\\\/es\\\/\",\"logo\":{\"@type\":\"ImageObject\",\"inLanguage\":\"es\",\"@id\":\"https:\\\/\\\/www.christian-breton.fr\\\/es\\\/#\\\/schema\\\/logo\\\/image\\\/\",\"url\":\"https:\\\/\\\/www.christian-breton.fr\\\/wp-content\\\/uploads\\\/2022\\\/05\\\/Christian-Breton-Logo-fond-noir-scaled.jpg\",\"contentUrl\":\"https:\\\/\\\/www.christian-breton.fr\\\/wp-content\\\/uploads\\\/2022\\\/05\\\/Christian-Breton-Logo-fond-noir-scaled.jpg\",\"width\":2560,\"height\":2560,\"caption\":\"CHRISTIAN BRETON\"},\"image\":{\"@id\":\"https:\\\/\\\/www.christian-breton.fr\\\/es\\\/#\\\/schema\\\/logo\\\/image\\\/\"},\"sameAs\":[\"https:\\\/\\\/www.facebook.com\\\/christianbretonfrance\",\"https:\\\/\\\/www.instagram.com\\\/christianbreton_paris\\\/\"]}]}<\/script>\n<!-- \/ Yoast SEO plugin. -->","yoast_head_json":{"title":"LASH XXXL COLOR & CARE MASCARA - CHRISTIAN BRETON","description":"Pesta\u00f1as extendidas y volumen extremo, el r\u00edmel es el activo glamoroso para ojos de ciervo. Para conseguir una longitud impresionante.","robots":{"index":"index","follow":"follow","max-snippet":"max-snippet:-1","max-image-preview":"max-image-preview:large","max-video-preview":"max-video-preview:-1"},"canonical":"https:\/\/www.christian-breton.fr\/es\/produit\/lash-xxxl-color-care-mascara\/","og_locale":"es_ES","og_type":"article","og_title":"LASH XXXL COLOR & CARE MASCARA - CHRISTIAN BRETON","og_description":"Pesta\u00f1as extendidas y volumen extremo, el r\u00edmel es el activo glamoroso para ojos de ciervo. Para conseguir una longitud impresionante.","og_url":"https:\/\/www.christian-breton.fr\/es\/produit\/lash-xxxl-color-care-mascara\/","og_site_name":"CHRISTIAN BRETON","article_publisher":"https:\/\/www.facebook.com\/christianbretonfrance","article_modified_time":"2025-07-04T07:00:37+00:00","og_image":[{"width":700,"height":738,"url":"https:\/\/i0.wp.com\/www.christian-breton.fr\/wp-content\/uploads\/2021\/12\/1115.jpg?fit=700%2C738&ssl=1","type":"image\/jpeg"}],"twitter_card":"summary_large_image","twitter_misc":{"Tiempo de lectura":"3 minutos"},"schema":{"@context":"https:\/\/schema.org","@graph":[{"@type":"WebPage","@id":"https:\/\/www.christian-breton.fr\/es\/produit\/lash-xxxl-color-care-mascara\/","url":"https:\/\/www.christian-breton.fr\/es\/produit\/lash-xxxl-color-care-mascara\/","name":"LASH XXXL COLOR & CARE MASCARA - CHRISTIAN BRETON","isPartOf":{"@id":"https:\/\/www.christian-breton.fr\/es\/#website"},"primaryImageOfPage":{"@id":"https:\/\/www.christian-breton.fr\/es\/produit\/lash-xxxl-color-care-mascara\/#primaryimage"},"image":{"@id":"https:\/\/www.christian-breton.fr\/es\/produit\/lash-xxxl-color-care-mascara\/#primaryimage"},"thumbnailUrl":"https:\/\/www.christian-breton.fr\/wp-content\/uploads\/2021\/12\/1115.jpg","datePublished":"2021-12-13T14:54:28+00:00","dateModified":"2025-07-04T07:00:37+00:00","description":"Pesta\u00f1as extendidas y volumen extremo, el r\u00edmel es el activo glamoroso para ojos de ciervo. Para conseguir una longitud impresionante.","breadcrumb":{"@id":"https:\/\/www.christian-breton.fr\/es\/produit\/lash-xxxl-color-care-mascara\/#breadcrumb"},"inLanguage":"es","potentialAction":[{"@type":"ReadAction","target":["https:\/\/www.christian-breton.fr\/es\/produit\/lash-xxxl-color-care-mascara\/"]}]},{"@type":"ImageObject","inLanguage":"es","@id":"https:\/\/www.christian-breton.fr\/es\/produit\/lash-xxxl-color-care-mascara\/#primaryimage","url":"https:\/\/www.christian-breton.fr\/wp-content\/uploads\/2021\/12\/1115.jpg","contentUrl":"https:\/\/www.christian-breton.fr\/wp-content\/uploads\/2021\/12\/1115.jpg","width":700,"height":738,"caption":"Lash XXXL - Christian Breton"},{"@type":"BreadcrumbList","@id":"https:\/\/www.christian-breton.fr\/es\/produit\/lash-xxxl-color-care-mascara\/#breadcrumb","itemListElement":[{"@type":"ListItem","position":1,"name":"Accueil","item":"https:\/\/www.christian-breton.fr\/es\/"},{"@type":"ListItem","position":2,"name":"Tienda","item":"https:\/\/www.christian-breton.fr\/es\/tienda\/"},{"@type":"ListItem","position":3,"name":"LASH XXXL COLOR &#038; CARE MASCARA"}]},{"@type":"WebSite","@id":"https:\/\/www.christian-breton.fr\/es\/#website","url":"https:\/\/www.christian-breton.fr\/es\/","name":"CHRISTIAN BRETON","description":"L&#039;Expert du Contour des Yeux","publisher":{"@id":"https:\/\/www.christian-breton.fr\/es\/#organization"},"potentialAction":[{"@type":"SearchAction","target":{"@type":"EntryPoint","urlTemplate":"https:\/\/www.christian-breton.fr\/es\/?s={search_term_string}"},"query-input":{"@type":"PropertyValueSpecification","valueRequired":true,"valueName":"search_term_string"}}],"inLanguage":"es"},{"@type":"Organization","@id":"https:\/\/www.christian-breton.fr\/es\/#organization","name":"CHRISTIAN BRETON","url":"https:\/\/www.christian-breton.fr\/es\/","logo":{"@type":"ImageObject","inLanguage":"es","@id":"https:\/\/www.christian-breton.fr\/es\/#\/schema\/logo\/image\/","url":"https:\/\/www.christian-breton.fr\/wp-content\/uploads\/2022\/05\/Christian-Breton-Logo-fond-noir-scaled.jpg","contentUrl":"https:\/\/www.christian-breton.fr\/wp-content\/uploads\/2022\/05\/Christian-Breton-Logo-fond-noir-scaled.jpg","width":2560,"height":2560,"caption":"CHRISTIAN BRETON"},"image":{"@id":"https:\/\/www.christian-breton.fr\/es\/#\/schema\/logo\/image\/"},"sameAs":["https:\/\/www.facebook.com\/christianbretonfrance","https:\/\/www.instagram.com\/christianbreton_paris\/"]}]}},"_links":{"self":[{"href":"https:\/\/www.christian-breton.fr\/es\/wp-json\/wp\/v2\/product\/33263","targetHints":{"allow":["GET"]}}],"collection":[{"href":"https:\/\/www.christian-breton.fr\/es\/wp-json\/wp\/v2\/product"}],"about":[{"href":"https:\/\/www.christian-breton.fr\/es\/wp-json\/wp\/v2\/types\/product"}],"replies":[{"embeddable":true,"href":"https:\/\/www.christian-breton.fr\/es\/wp-json\/wp\/v2\/comments?post=33263"}],"wp:featuredmedia":[{"embeddable":true,"href":"https:\/\/www.christian-breton.fr\/es\/wp-json\/wp\/v2\/media\/28602"}],"wp:attachment":[{"href":"https:\/\/www.christian-breton.fr\/es\/wp-json\/wp\/v2\/media?parent=33263"}],"wp:term":[{"taxonomy":"product_brand","embeddable":true,"href":"https:\/\/www.christian-breton.fr\/es\/wp-json\/wp\/v2\/product_brand?post=33263"},{"taxonomy":"product_cat","embeddable":true,"href":"https:\/\/www.christian-breton.fr\/es\/wp-json\/wp\/v2\/product_cat?post=33263"},{"taxonomy":"product_tag","embeddable":true,"href":"https:\/\/www.christian-breton.fr\/es\/wp-json\/wp\/v2\/product_tag?post=33263"}],"curies":[{"name":"wp","href":"https:\/\/api.w.org\/{rel}","templated":true}]}}