{"id":33325,"date":"2021-12-13T16:15:36","date_gmt":"2021-12-13T15:15:36","guid":{"rendered":"https:\/\/cb.agencegazelle.com\/produit\/masques-contour-des-yeux-raffermissant\/"},"modified":"2026-05-07T18:03:01","modified_gmt":"2026-05-07T16:03:01","slug":"3x-hydrating-lifting-firming-eye-patches","status":"publish","type":"product","link":"https:\/\/www.christian-breton.fr\/es\/produit\/3x-hydrating-lifting-firming-eye-patches\/","title":{"rendered":"3x HYDRATING &#8211; LIFTING &#038; FIRMING EYE PATCHES"},"content":{"rendered":"[vc_row][vc_column][vc_single_image image=\u201d26868\u2033 img_size=\u201d2770\u00d7217\u2033 alignment=\u201dcenter\u201d el_class=\u201dgzl-product-specs-desktop\u201d][vc_single_image image=\u201d26861\u2033 img_size=\u201d598\u00d7222\u2033 alignment=\u201dcenter\u201d el_class=\u201dgzl-product-specs-mobile\u201d][\/vc_column][\/vc_row][vc_row][vc_column][vc_column_text el_class=\u201dgzl-product-intro\u201d]<strong>Parches reafirmantes<\/strong><\/p>\n<p>Los parches de hidrogel Hidratantes \u2013 Lifting & Firming proporcionan un efecto reafirmante a la vez que hidratan la delicada piel del contorno de los ojos. En s\u00f3lo 20 minutos, alisan visiblemente las arrugas, para una mirada m\u00e1s fresca y radiante. Su forma se adapta perfectamente al contorno de los ojos y su textura garantiza una adherencia \u00f3ptima.[\/vc_column_text][vc_tta_accordion c_icon=\u201dchevron\u201d c_position=\u201dright\u201d active_section=\u201d\u201d collapsible_all=\u201dtrue\u201d el_class=\u201dgzl-product-accordeon\u201d][vc_tta_section title=\u201d\u00bfA qui\u00e9n va dirigido?\u201d tab_id=\u201dtargeta6a2-9c230533-c2d0\u2033][vc_column_text]Todos los tipos de piel.[\/vc_column_text][\/vc_tta_section][vc_tta_section title=\u201dCONSEJO\u201d tab_id=\u201dexpertisea6a2-9c230533-c2d0\u2033][vc_column_text]Puede guardar su contorno de ojos en el frigor\u00edfico para una sensaci\u00f3n de frescor m\u00e1s intensa.[\/vc_column_text][\/vc_tta_section][vc_tta_section title=\u201d\u00bfQuiere saber m\u00e1s?\u201d tab_id=\u201d1650977743346-27f7dd92-2185\u2033][vc_column_text]Como complemento de los cuidados diarios, las mascarillas son eficaces gracias a sus texturas fundentes. Aplicar una o dos veces por semana, dejando actuar de 15 a 20 minutos. Deje que penetre el suero sobrante. Para un efecto refrescante, no dude en meter la mascarilla en la nevera. Hemos creado mascarillas a medida para cada necesidad. Cada ingrediente tiene un efecto particular sobre su piel. T\u00fa eliges.[\/vc_column_text][\/vc_tta_section][vc_tta_section title=\u201dOpini\u00f3n del cliente\u201d tab_id=\u201dreviewsa6a2-9c230533-c2d0\u2033 el_class=\u201dgzl-productReviewsBtn\u201d][\/vc_tta_section][\/vc_tta_accordion][\/vc_column][\/vc_row][vc_row css=\u201d.vc_custom_1640082687555{background-color: #000000 !important;}\u201d el_class=\u201dbg-full black spacing-lg percents\u201d][vc_column][vc_column_text el_class=\u201dgzl-cms-title-medium color-white\u201d]\n<h2><strong>PROBADO Y APROBADO<\/strong><\/h2>\n[\/vc_column_text]\t<div id=\"et-content-carousel-30\" class=\"row et-content-carousel slick slick-slider no-padding  \" data-center=\"\" data-columns=\"3\" data-autoplay=\"\" data-fade=\"false\" data-autoplay-speed=\"\" data-pause=\"\" data-navigation=\"\" data-pagination=\"true\" data-infinite=\"true\">\n\t\t[vc_row_inner][vc_column_inner]\n\t<div id=\"et-counter-69ff2933ebe1d\" class=\"et-counter animation bottom-to-top counter-color-custom icon-color- text-color-custom counter-top\" >\n\t\t\t\t\t<div class=\"counter-container\">\n\t\t\t\t\t\t\t\t\t<div class=\"h1\" data-count=\"96\" data-speed=\"1500\">0<\/div>\n\t\t\t\t\t\t\t\t\t\t\t\t\t<h4>Mejora la elasticidad de la piel<\/h4>\n\t\t\t\t\t\t\t<\/div>\n\t\t\t\t\t\t\t\t\t\t<figure>\t\t\t\t\t<span class=\"\"><\/span>\n\t\t\t\t\t\t\t\t\t<\/figure>\n\t\t\t\t\t\t\t\n\t<\/div>\n\t[\/vc_column_inner][\/vc_row_inner][vc_row_inner][vc_column_inner]\n\t<div id=\"et-counter-69ff2933ebe47\" class=\"et-counter animation bottom-to-top counter-color-custom icon-color- text-color-custom counter-top\" >\n\t\t\t\t\t<div class=\"counter-container\">\n\t\t\t\t\t\t\t\t\t<div class=\"h1\" data-count=\"96\" data-speed=\"1500\">0<\/div>\n\t\t\t\t\t\t\t\t\t\t\t\t\t<h4>Mejora la firmeza de la piel<\/h4>\n\t\t\t\t\t\t\t<\/div>\n\t\t\t\t\t\t\t\t\t\t<figure>\t\t\t\t\t<span class=\"\"><\/span>\n\t\t\t\t\t\t\t\t\t<\/figure>\n\t\t\t\t\t\t\t\n\t<\/div>\n\t[\/vc_column_inner][\/vc_row_inner][vc_row_inner][vc_column_inner]\n\t<div id=\"et-counter-69ff2933ebe5c\" class=\"et-counter animation bottom-to-top counter-color-custom icon-color- text-color-custom counter-top\" >\n\t\t\t\t\t<div class=\"counter-container\">\n\t\t\t\t\t\t\t\t\t<div class=\"h1\" data-count=\"87\" data-speed=\"1500\">0<\/div>\n\t\t\t\t\t\t\t\t\t\t\t\t\t<h4>La piel est\u00e1 hidratada<\/h4>\n\t\t\t\t\t\t\t<\/div>\n\t\t\t\t\t\t\t\t\t\t<figure>\t\t\t\t\t<span class=\"\"><\/span>\n\t\t\t\t\t\t\t\t\t<\/figure>\n\t\t\t\t\t\t\t\n\t<\/div>\n\t[\/vc_column_inner][\/vc_row_inner]\t<\/div>\n\t\t\n\t[\/vc_column][\/vc_row][vc_row el_class=\u201dspacing-lg application\u201d][vc_column][vc_row_inner][vc_column_inner][vc_column_text animation=\u201danimation bottom-to-top\u201d css=\u201d.vc_custom_1646231687400{margin-bottom: 0px !important;}\u201d]\n<h2 style=\"text-align: center;\"><strong>C\u00d3MO APLICARLO<\/strong><\/h2>\n[\/vc_column_text][\/vc_column_inner][\/vc_row_inner]\t<div id=\"et-content-carousel-397\" class=\"row et-content-carousel slick slick-slider regular-padding  \" data-center=\"\" data-columns=\"3\" data-autoplay=\"\" data-fade=\"false\" data-autoplay-speed=\"\" data-pause=\"\" data-navigation=\"\" data-pagination=\"true\" data-infinite=\"true\">\n\t\t\r\n\t<div id=\"et-iconbox-609\" class=\"et-iconbox layout-centered icon-style-image-default bottom-spacing-none icon-color- text-color- animation bottom-to-top \"> \r\n\t\t<div class=\"et-icon-inner\">\r\n\t\t\t<figure class=\"et-feature-icon\">\r\n\t\t\t\t\t\t\t\t\t<img decoding=\"async\" src=\"\" alt=\"\" \/>\r\n\t\t\t\t\t\t\t<\/figure>\r\n\t\t\t<div class=\"et-feature-content\"> \r\n\t\t\t\t\t\t\t\t\t\t\t\t<div class=\"wpb_text_column\"><h4 style=\"text-align: center;\">Paso 1<\/h4>\n<p style=\"text-align: center;\">Desmaquillar el contorno de los ojos<\/p>\n<\/div>\r\n\t\t\t\t\t\t\t<\/div>\r\n\t\t<\/div>\r\n\t<\/div>\r\n\r\n\t\r\n\t<div id=\"et-iconbox-550\" class=\"et-iconbox layout-centered icon-style-image-default bottom-spacing-none icon-color- text-color- animation bottom-to-top \"> \r\n\t\t<div class=\"et-icon-inner\">\r\n\t\t\t<figure class=\"et-feature-icon\">\r\n\t\t\t\t\t\t\t\t\t<img decoding=\"async\" src=\"\" alt=\"\" \/>\r\n\t\t\t\t\t\t\t<\/figure>\r\n\t\t\t<div class=\"et-feature-content\"> \r\n\t\t\t\t\t\t\t\t\t\t\t\t<div class=\"wpb_text_column\"><h4 style=\"text-align: center;\">Paso 2<\/h4>\n<p style=\"text-align: center;\">Retirar la pel\u00edcula protectora. Aplicar los parches.<\/p>\n<\/div>\r\n\t\t\t\t\t\t\t<\/div>\r\n\t\t<\/div>\r\n\t<\/div>\r\n\r\n\t\r\n\t<div id=\"et-iconbox-884\" class=\"et-iconbox layout-centered icon-style-image-default bottom-spacing-none icon-color- text-color- animation bottom-to-top \"> \r\n\t\t<div class=\"et-icon-inner\">\r\n\t\t\t<figure class=\"et-feature-icon\">\r\n\t\t\t\t\t\t\t\t\t<img decoding=\"async\" src=\"\" alt=\"\" \/>\r\n\t\t\t\t\t\t\t<\/figure>\r\n\t\t\t<div class=\"et-feature-content\"> \r\n\t\t\t\t\t\t\t\t\t\t\t\t<div class=\"wpb_text_column\"><h4 style=\"text-align: center;\">Paso 3<\/h4>\n<p style=\"text-align: center;\">Dejar actuar durante 20-25 minutos y retirar. No aclarar<\/p>\n<\/div>\r\n\t\t\t\t\t\t\t<\/div>\r\n\t\t<\/div>\r\n\t<\/div>\r\n\r\n\t\t<\/div>\n\t\t\n\t[\/vc_column][\/vc_row]\n","protected":false},"excerpt":{"rendered":"<p>Estas m\u00e1scaras de ojos alisan las l\u00edneas de expresi\u00f3n y nutren la piel, para unos ojos m\u00e1s tonificados y luminosos en s\u00f3lo 20 minutos.<\/p>\n<p>\u2713 Probado oftalmol\u00f3gicamente.<br \/>\nTodos los tipos de piel.<\/p>\n<p>Ref. [wcj_product_sku] \u00b7 3 sets<\/p>\n","protected":false},"featured_media":43650,"comment_status":"open","ping_status":"closed","template":"","meta":[],"product_brand":[],"product_cat":[1210,1217,1216,1223],"product_tag":[],"class_list":{"0":"post-33325","1":"product","2":"type-product","3":"status-publish","4":"has-post-thumbnail","6":"product_cat-contorno-de-ojos","7":"product_cat-hidratacion-cuidado-ojos","8":"product_cat-lift-y-firmeza","9":"product_cat-masques-ojos","11":"first","12":"instock","13":"shipping-taxable","14":"purchasable","15":"product-type-simple"},"yoast_head":"<!-- This site is optimized with the Yoast SEO plugin v27.5 - https:\/\/yoast.com\/product\/yoast-seo-wordpress\/ -->\n<title>3x HYDRATING - LIFTING &amp; FIRMING EYE PATCHES - CHRISTIAN BRETON<\/title>\n<meta name=\"description\" content=\"Cl\u00ednicamente probadas, estas mascarillas para los ojos alisan instant\u00e1neamente las arrugas, para una mirada m\u00e1s suave y firme\" \/>\n<meta name=\"robots\" content=\"index, follow, max-snippet:-1, max-image-preview:large, max-video-preview:-1\" \/>\n<link rel=\"canonical\" href=\"https:\/\/www.christian-breton.fr\/es\/produit\/3x-hydrating-lifting-firming-eye-patches\/\" \/>\n<meta property=\"og:locale\" content=\"es_ES\" \/>\n<meta property=\"og:type\" content=\"article\" \/>\n<meta property=\"og:title\" content=\"3x HYDRATING - LIFTING &amp; FIRMING EYE PATCHES - CHRISTIAN BRETON\" \/>\n<meta property=\"og:description\" content=\"Cl\u00ednicamente probadas, estas mascarillas para los ojos alisan instant\u00e1neamente las arrugas, para una mirada m\u00e1s suave y firme\" \/>\n<meta property=\"og:url\" content=\"https:\/\/www.christian-breton.fr\/es\/produit\/3x-hydrating-lifting-firming-eye-patches\/\" \/>\n<meta property=\"og:site_name\" content=\"CHRISTIAN BRETON\" \/>\n<meta property=\"article:publisher\" content=\"https:\/\/www.facebook.com\/christianbretonfrance\" \/>\n<meta property=\"article:modified_time\" content=\"2026-05-07T16:03:01+00:00\" \/>\n<meta property=\"og:image\" content=\"https:\/\/www.christian-breton.fr\/wp-content\/uploads\/2021\/12\/1120-5.jpg\" \/>\n\t<meta property=\"og:image:width\" content=\"700\" \/>\n\t<meta property=\"og:image:height\" content=\"738\" \/>\n\t<meta property=\"og:image:type\" content=\"image\/jpeg\" \/>\n<meta name=\"twitter:card\" content=\"summary_large_image\" \/>\n<meta name=\"twitter:label1\" content=\"Tiempo de lectura\" \/>\n\t<meta name=\"twitter:data1\" content=\"3 minutos\" \/>\n<script type=\"application\/ld+json\" class=\"yoast-schema-graph\">{\"@context\":\"https:\\\/\\\/schema.org\",\"@graph\":[{\"@type\":\"WebPage\",\"@id\":\"https:\\\/\\\/www.christian-breton.fr\\\/es\\\/produit\\\/3x-hydrating-lifting-firming-eye-patches\\\/\",\"url\":\"https:\\\/\\\/www.christian-breton.fr\\\/es\\\/produit\\\/3x-hydrating-lifting-firming-eye-patches\\\/\",\"name\":\"3x HYDRATING - LIFTING & FIRMING EYE PATCHES - CHRISTIAN BRETON\",\"isPartOf\":{\"@id\":\"https:\\\/\\\/www.christian-breton.fr\\\/es\\\/#website\"},\"primaryImageOfPage\":{\"@id\":\"https:\\\/\\\/www.christian-breton.fr\\\/es\\\/produit\\\/3x-hydrating-lifting-firming-eye-patches\\\/#primaryimage\"},\"image\":{\"@id\":\"https:\\\/\\\/www.christian-breton.fr\\\/es\\\/produit\\\/3x-hydrating-lifting-firming-eye-patches\\\/#primaryimage\"},\"thumbnailUrl\":\"https:\\\/\\\/www.christian-breton.fr\\\/wp-content\\\/uploads\\\/2021\\\/12\\\/1120-5.jpg\",\"datePublished\":\"2021-12-13T15:15:36+00:00\",\"dateModified\":\"2026-05-07T16:03:01+00:00\",\"description\":\"Cl\u00ednicamente probadas, estas mascarillas para los ojos alisan instant\u00e1neamente las arrugas, para una mirada m\u00e1s suave y firme\",\"breadcrumb\":{\"@id\":\"https:\\\/\\\/www.christian-breton.fr\\\/es\\\/produit\\\/3x-hydrating-lifting-firming-eye-patches\\\/#breadcrumb\"},\"inLanguage\":\"es\",\"potentialAction\":[{\"@type\":\"ReadAction\",\"target\":[\"https:\\\/\\\/www.christian-breton.fr\\\/es\\\/produit\\\/3x-hydrating-lifting-firming-eye-patches\\\/\"]}]},{\"@type\":\"ImageObject\",\"inLanguage\":\"es\",\"@id\":\"https:\\\/\\\/www.christian-breton.fr\\\/es\\\/produit\\\/3x-hydrating-lifting-firming-eye-patches\\\/#primaryimage\",\"url\":\"https:\\\/\\\/www.christian-breton.fr\\\/wp-content\\\/uploads\\\/2021\\\/12\\\/1120-5.jpg\",\"contentUrl\":\"https:\\\/\\\/www.christian-breton.fr\\\/wp-content\\\/uploads\\\/2021\\\/12\\\/1120-5.jpg\",\"width\":700,\"height\":738},{\"@type\":\"BreadcrumbList\",\"@id\":\"https:\\\/\\\/www.christian-breton.fr\\\/es\\\/produit\\\/3x-hydrating-lifting-firming-eye-patches\\\/#breadcrumb\",\"itemListElement\":[{\"@type\":\"ListItem\",\"position\":1,\"name\":\"Accueil\",\"item\":\"https:\\\/\\\/www.christian-breton.fr\\\/es\\\/\"},{\"@type\":\"ListItem\",\"position\":2,\"name\":\"Tienda\",\"item\":\"https:\\\/\\\/www.christian-breton.fr\\\/es\\\/tienda\\\/\"},{\"@type\":\"ListItem\",\"position\":3,\"name\":\"3x HYDRATING &#8211; LIFTING &#038; FIRMING EYE PATCHES\"}]},{\"@type\":\"WebSite\",\"@id\":\"https:\\\/\\\/www.christian-breton.fr\\\/es\\\/#website\",\"url\":\"https:\\\/\\\/www.christian-breton.fr\\\/es\\\/\",\"name\":\"CHRISTIAN BRETON\",\"description\":\"L&#039;Expert du Contour des Yeux\",\"publisher\":{\"@id\":\"https:\\\/\\\/www.christian-breton.fr\\\/es\\\/#organization\"},\"potentialAction\":[{\"@type\":\"SearchAction\",\"target\":{\"@type\":\"EntryPoint\",\"urlTemplate\":\"https:\\\/\\\/www.christian-breton.fr\\\/es\\\/?s={search_term_string}\"},\"query-input\":{\"@type\":\"PropertyValueSpecification\",\"valueRequired\":true,\"valueName\":\"search_term_string\"}}],\"inLanguage\":\"es\"},{\"@type\":\"Organization\",\"@id\":\"https:\\\/\\\/www.christian-breton.fr\\\/es\\\/#organization\",\"name\":\"CHRISTIAN BRETON\",\"url\":\"https:\\\/\\\/www.christian-breton.fr\\\/es\\\/\",\"logo\":{\"@type\":\"ImageObject\",\"inLanguage\":\"es\",\"@id\":\"https:\\\/\\\/www.christian-breton.fr\\\/es\\\/#\\\/schema\\\/logo\\\/image\\\/\",\"url\":\"https:\\\/\\\/www.christian-breton.fr\\\/wp-content\\\/uploads\\\/2022\\\/05\\\/Christian-Breton-Logo-fond-noir-scaled.jpg\",\"contentUrl\":\"https:\\\/\\\/www.christian-breton.fr\\\/wp-content\\\/uploads\\\/2022\\\/05\\\/Christian-Breton-Logo-fond-noir-scaled.jpg\",\"width\":2560,\"height\":2560,\"caption\":\"CHRISTIAN BRETON\"},\"image\":{\"@id\":\"https:\\\/\\\/www.christian-breton.fr\\\/es\\\/#\\\/schema\\\/logo\\\/image\\\/\"},\"sameAs\":[\"https:\\\/\\\/www.facebook.com\\\/christianbretonfrance\",\"https:\\\/\\\/www.instagram.com\\\/christianbreton_paris\\\/\"]}]}<\/script>\n<!-- \/ Yoast SEO plugin. -->","yoast_head_json":{"title":"3x HYDRATING - LIFTING & FIRMING EYE PATCHES - CHRISTIAN BRETON","description":"Cl\u00ednicamente probadas, estas mascarillas para los ojos alisan instant\u00e1neamente las arrugas, para una mirada m\u00e1s suave y firme","robots":{"index":"index","follow":"follow","max-snippet":"max-snippet:-1","max-image-preview":"max-image-preview:large","max-video-preview":"max-video-preview:-1"},"canonical":"https:\/\/www.christian-breton.fr\/es\/produit\/3x-hydrating-lifting-firming-eye-patches\/","og_locale":"es_ES","og_type":"article","og_title":"3x HYDRATING - LIFTING & FIRMING EYE PATCHES - CHRISTIAN BRETON","og_description":"Cl\u00ednicamente probadas, estas mascarillas para los ojos alisan instant\u00e1neamente las arrugas, para una mirada m\u00e1s suave y firme","og_url":"https:\/\/www.christian-breton.fr\/es\/produit\/3x-hydrating-lifting-firming-eye-patches\/","og_site_name":"CHRISTIAN BRETON","article_publisher":"https:\/\/www.facebook.com\/christianbretonfrance","article_modified_time":"2026-05-07T16:03:01+00:00","og_image":[{"width":700,"height":738,"url":"https:\/\/www.christian-breton.fr\/wp-content\/uploads\/2021\/12\/1120-5.jpg","type":"image\/jpeg"}],"twitter_card":"summary_large_image","twitter_misc":{"Tiempo de lectura":"3 minutos"},"schema":{"@context":"https:\/\/schema.org","@graph":[{"@type":"WebPage","@id":"https:\/\/www.christian-breton.fr\/es\/produit\/3x-hydrating-lifting-firming-eye-patches\/","url":"https:\/\/www.christian-breton.fr\/es\/produit\/3x-hydrating-lifting-firming-eye-patches\/","name":"3x HYDRATING - LIFTING & FIRMING EYE PATCHES - CHRISTIAN BRETON","isPartOf":{"@id":"https:\/\/www.christian-breton.fr\/es\/#website"},"primaryImageOfPage":{"@id":"https:\/\/www.christian-breton.fr\/es\/produit\/3x-hydrating-lifting-firming-eye-patches\/#primaryimage"},"image":{"@id":"https:\/\/www.christian-breton.fr\/es\/produit\/3x-hydrating-lifting-firming-eye-patches\/#primaryimage"},"thumbnailUrl":"https:\/\/www.christian-breton.fr\/wp-content\/uploads\/2021\/12\/1120-5.jpg","datePublished":"2021-12-13T15:15:36+00:00","dateModified":"2026-05-07T16:03:01+00:00","description":"Cl\u00ednicamente probadas, estas mascarillas para los ojos alisan instant\u00e1neamente las arrugas, para una mirada m\u00e1s suave y firme","breadcrumb":{"@id":"https:\/\/www.christian-breton.fr\/es\/produit\/3x-hydrating-lifting-firming-eye-patches\/#breadcrumb"},"inLanguage":"es","potentialAction":[{"@type":"ReadAction","target":["https:\/\/www.christian-breton.fr\/es\/produit\/3x-hydrating-lifting-firming-eye-patches\/"]}]},{"@type":"ImageObject","inLanguage":"es","@id":"https:\/\/www.christian-breton.fr\/es\/produit\/3x-hydrating-lifting-firming-eye-patches\/#primaryimage","url":"https:\/\/www.christian-breton.fr\/wp-content\/uploads\/2021\/12\/1120-5.jpg","contentUrl":"https:\/\/www.christian-breton.fr\/wp-content\/uploads\/2021\/12\/1120-5.jpg","width":700,"height":738},{"@type":"BreadcrumbList","@id":"https:\/\/www.christian-breton.fr\/es\/produit\/3x-hydrating-lifting-firming-eye-patches\/#breadcrumb","itemListElement":[{"@type":"ListItem","position":1,"name":"Accueil","item":"https:\/\/www.christian-breton.fr\/es\/"},{"@type":"ListItem","position":2,"name":"Tienda","item":"https:\/\/www.christian-breton.fr\/es\/tienda\/"},{"@type":"ListItem","position":3,"name":"3x HYDRATING &#8211; LIFTING &#038; FIRMING EYE PATCHES"}]},{"@type":"WebSite","@id":"https:\/\/www.christian-breton.fr\/es\/#website","url":"https:\/\/www.christian-breton.fr\/es\/","name":"CHRISTIAN BRETON","description":"L&#039;Expert du Contour des Yeux","publisher":{"@id":"https:\/\/www.christian-breton.fr\/es\/#organization"},"potentialAction":[{"@type":"SearchAction","target":{"@type":"EntryPoint","urlTemplate":"https:\/\/www.christian-breton.fr\/es\/?s={search_term_string}"},"query-input":{"@type":"PropertyValueSpecification","valueRequired":true,"valueName":"search_term_string"}}],"inLanguage":"es"},{"@type":"Organization","@id":"https:\/\/www.christian-breton.fr\/es\/#organization","name":"CHRISTIAN BRETON","url":"https:\/\/www.christian-breton.fr\/es\/","logo":{"@type":"ImageObject","inLanguage":"es","@id":"https:\/\/www.christian-breton.fr\/es\/#\/schema\/logo\/image\/","url":"https:\/\/www.christian-breton.fr\/wp-content\/uploads\/2022\/05\/Christian-Breton-Logo-fond-noir-scaled.jpg","contentUrl":"https:\/\/www.christian-breton.fr\/wp-content\/uploads\/2022\/05\/Christian-Breton-Logo-fond-noir-scaled.jpg","width":2560,"height":2560,"caption":"CHRISTIAN BRETON"},"image":{"@id":"https:\/\/www.christian-breton.fr\/es\/#\/schema\/logo\/image\/"},"sameAs":["https:\/\/www.facebook.com\/christianbretonfrance","https:\/\/www.instagram.com\/christianbreton_paris\/"]}]}},"_links":{"self":[{"href":"https:\/\/www.christian-breton.fr\/es\/wp-json\/wp\/v2\/product\/33325","targetHints":{"allow":["GET"]}}],"collection":[{"href":"https:\/\/www.christian-breton.fr\/es\/wp-json\/wp\/v2\/product"}],"about":[{"href":"https:\/\/www.christian-breton.fr\/es\/wp-json\/wp\/v2\/types\/product"}],"replies":[{"embeddable":true,"href":"https:\/\/www.christian-breton.fr\/es\/wp-json\/wp\/v2\/comments?post=33325"}],"wp:featuredmedia":[{"embeddable":true,"href":"https:\/\/www.christian-breton.fr\/es\/wp-json\/wp\/v2\/media\/43650"}],"wp:attachment":[{"href":"https:\/\/www.christian-breton.fr\/es\/wp-json\/wp\/v2\/media?parent=33325"}],"wp:term":[{"taxonomy":"product_brand","embeddable":true,"href":"https:\/\/www.christian-breton.fr\/es\/wp-json\/wp\/v2\/product_brand?post=33325"},{"taxonomy":"product_cat","embeddable":true,"href":"https:\/\/www.christian-breton.fr\/es\/wp-json\/wp\/v2\/product_cat?post=33325"},{"taxonomy":"product_tag","embeddable":true,"href":"https:\/\/www.christian-breton.fr\/es\/wp-json\/wp\/v2\/product_tag?post=33325"}],"curies":[{"name":"wp","href":"https:\/\/api.w.org\/{rel}","templated":true}]}}