{"id":49974,"date":"2025-10-13T15:06:45","date_gmt":"2025-10-13T13:06:45","guid":{"rendered":"https:\/\/www.christian-breton.fr\/?post_type=product&#038;p=49974"},"modified":"2025-10-28T11:51:35","modified_gmt":"2025-10-28T10:51:35","slug":"day-and-night-essentials-duo","status":"publish","type":"product","link":"https:\/\/www.christian-breton.fr\/es\/produit\/day-and-night-essentials-duo\/","title":{"rendered":"Day &#038; Night Essentials Duo"},"content":{"rendered":"[vc_row][vc_column][vc_column_text el_class=\u201dgzl-product-intro\u201d]\n<p data-start=\"85\" data-end=\"398\">Ofrece a tu piel un ritual de belleza completo, de d\u00eda y de noche.<br data-start=\"155\" data-end=\"158\" \/>Durante el d\u00eda, Cr\u00e8me Riche hidrata visiblemente la piel, haci\u00e9ndola lucir m\u00e1s luminosa, joven y hermosa.<br data-start=\"265\" data-end=\"268\" \/>Por la noche, Advanced Repair Sleeping Cream act\u00faa mientras duermes para revelar una piel m\u00e1s joven y reafirmada al despertar.<\/p>\n<p data-start=\"400\" data-end=\"441\">Un d\u00fao excepcional para cuidar tu piel.<\/p>\n[\/vc_column_text][vc_tta_accordion c_icon=\u201dchevron\u201d c_position=\u201dright\u201d active_section=\u201d\u201d collapsible_all=\u201dtrue\u201d el_class=\u201dgzl-product-accordeon\u201d][vc_tta_section title=\u201d\u00bfA qui\u00e9n va dirigido?\u201d tab_id=\u201dtargeta6a2-9c233a4e-b22b\u201d][vc_column_text]Todo tipo de pieles.[\/vc_column_text][\/vc_tta_section][\/vc_tta_accordion][\/vc_column][\/vc_row][vc_row css=\u201d.vc_custom_1709023637081{background-color: #000000 !important;}\u201d el_class=\u201dbg-full black spacing-lg percents\u201d][vc_column][vc_column_text el_class=\u201dgzl-cms-title-medium color-white\u201d]\n<h2><strong>PROBADO Y APROBADO<\/strong><\/h2>\n[\/vc_column_text]\t<div id=\"et-content-carousel-131\" class=\"row et-content-carousel slick slick-slider no-padding  \" data-center=\"\" data-columns=\"3\" data-autoplay=\"\" data-fade=\"false\" data-autoplay-speed=\"\" data-pause=\"\" data-navigation=\"\" data-pagination=\"true\" data-infinite=\"true\">\n\t\t[vc_row_inner][vc_column_inner]\n\t<div id=\"et-counter-69fed1b2cb301\" class=\"et-counter animation bottom-to-top counter-color-custom icon-color- text-color-custom counter-top\" >\n\t\t\t\t\t<div class=\"counter-container\">\n\t\t\t\t\t\t\t\t\t<div class=\"h1\" data-count=\"96\" data-speed=\"1500\">0<\/div>\n\t\t\t\t\t\t\t\t\t\t\t\t\t<h4>La piel est\u00e1 m\u00e1s hidratada.<\/h4>\n\t\t\t\t\t\t\t<\/div>\n\t\t\t\t\t\t\t\t\t\t<figure>\t\t\t\t\t<span class=\"\"><\/span>\n\t\t\t\t\t\t\t\t\t<\/figure>\n\t\t\t\t\t\t\t\n\t<\/div>\n\t[\/vc_column_inner][\/vc_row_inner][vc_row_inner][vc_column_inner]\n\t<div id=\"et-counter-69fed1b2cb32b\" class=\"et-counter animation bottom-to-top counter-color-custom icon-color- text-color-custom counter-top\" >\n\t\t\t\t\t<div class=\"counter-container\">\n\t\t\t\t\t\t\t\t\t<div class=\"h1\" data-count=\"93\" data-speed=\"1500\">0<\/div>\n\t\t\t\t\t\t\t\t\t\t\t\t\t<h4>La piel se ve visiblemente reafirmada al despertar<\/h4>\n\t\t\t\t\t\t\t<\/div>\n\t\t\t\t\t\t\t\t\t\t<figure>\t\t\t\t\t<span class=\"\"><\/span>\n\t\t\t\t\t\t\t\t\t<\/figure>\n\t\t\t\t\t\t\t\n\t<\/div>\n\t[\/vc_column_inner][\/vc_row_inner][vc_row_inner][vc_column_inner]\n\t<div id=\"et-counter-69fed1b2cb340\" class=\"et-counter animation bottom-to-top counter-color-custom icon-color- text-color-custom counter-top\" >\n\t\t\t\t\t<div class=\"counter-container\">\n\t\t\t\t\t\t\t\t\t<div class=\"h1\" data-count=\"93\" data-speed=\"1500\">0<\/div>\n\t\t\t\t\t\t\t\t\t\t\t\t\t<h4>Reduce la apariencia de las arrugas<\/h4>\n\t\t\t\t\t\t\t<\/div>\n\t\t\t\t\t\t\t\t\t\t<figure>\t\t\t\t\t<span class=\"\"><\/span>\n\t\t\t\t\t\t\t\t\t<\/figure>\n\t\t\t\t\t\t\t\n\t<\/div>\n\t[\/vc_column_inner][\/vc_row_inner]\t<\/div>\n\t\t\n\t[\/vc_column][\/vc_row][vc_row disable_element=\u201dyes\u201d el_class=\u201dspacing-lg application\u201d][vc_column][vc_row_inner][vc_column_inner][vc_column_text animation=\u201danimation bottom-to-top\u201d css=\u201d.vc_custom_1646318934845{margin-bottom: 0px !important;}\u201d]\n<h2 style=\"text-align: center;\"><strong>C\u00d3MO APLICARLO<\/strong><\/h2>\n[\/vc_column_text][\/vc_column_inner][\/vc_row_inner]\t<div id=\"et-content-carousel-34\" class=\"row et-content-carousel slick slick-slider regular-padding  \" data-center=\"\" data-columns=\"3\" data-autoplay=\"\" data-fade=\"false\" data-autoplay-speed=\"\" data-pause=\"\" data-navigation=\"\" data-pagination=\"true\" data-infinite=\"true\">\n\t\t\r\n\t<div id=\"et-iconbox-921\" class=\"et-iconbox layout-centered icon-style-image-default bottom-spacing-none icon-color- text-color- animation bottom-to-top \"> \r\n\t\t<div class=\"et-icon-inner\">\r\n\t\t\t<figure class=\"et-feature-icon\">\r\n\t\t\t\t\t\t\t\t\t<img decoding=\"async\" src=\"https:\/\/www.christian-breton.fr\/wp-content\/uploads\/2022\/11\/1-1.jpg\" alt=\"\" \/>\r\n\t\t\t\t\t\t\t<\/figure>\r\n\t\t\t<div class=\"et-feature-content\"> \r\n\t\t\t\t\t\t\t\t\t\t\t\t<div class=\"wpb_text_column\"><h4 style=\"text-align: center;\">Paso 1<\/h4>\n<p style=\"text-align: center;\">Desmaquilla y limpia tu piel.<\/p>\n<\/div>\r\n\t\t\t\t\t\t\t<\/div>\r\n\t\t<\/div>\r\n\t<\/div>\r\n\r\n\t\r\n\t<div id=\"et-iconbox-435\" class=\"et-iconbox layout-centered icon-style-image-default bottom-spacing-none icon-color- text-color- animation bottom-to-top \"> \r\n\t\t<div class=\"et-icon-inner\">\r\n\t\t\t<figure class=\"et-feature-icon\">\r\n\t\t\t\t\t\t\t\t\t<img decoding=\"async\" src=\"https:\/\/www.christian-breton.fr\/wp-content\/uploads\/2021\/12\/1640.jpg\" alt=\"\" \/>\r\n\t\t\t\t\t\t\t<\/figure>\r\n\t\t\t<div class=\"et-feature-content\"> \r\n\t\t\t\t\t\t\t\t\t\t\t\t<div class=\"wpb_text_column\"><h4 style=\"text-align: center;\">Paso 2<\/h4>\n<p style=\"text-align: center;\">Por la ma\u00f1ana, aplica La Cr\u00e8me Riche en todo el rostro.<\/p>\n<\/div>\r\n\t\t\t\t\t\t\t<\/div>\r\n\t\t<\/div>\r\n\t<\/div>\r\n\r\n\t\r\n\t<div id=\"et-iconbox-265\" class=\"et-iconbox layout-centered icon-style-image-default bottom-spacing-none icon-color- text-color- animation bottom-to-top \"> \r\n\t\t<div class=\"et-icon-inner\">\r\n\t\t\t<figure class=\"et-feature-icon\">\r\n\t\t\t\t\t\t\t\t\t<img decoding=\"async\" src=\"https:\/\/www.christian-breton.fr\/wp-content\/uploads\/2025\/06\/1691.jpg\" alt=\"\" \/>\r\n\t\t\t\t\t\t\t<\/figure>\r\n\t\t\t<div class=\"et-feature-content\"> \r\n\t\t\t\t\t\t\t\t\t\t\t\t<div class=\"wpb_text_column\"><h4 style=\"text-align: center;\">Paso 3<\/h4>\n<p style=\"text-align: center;\">Por la noche, aplica Advanced Repair Sleeping Cream.<\/p>\n<\/div>\r\n\t\t\t\t\t\t\t<\/div>\r\n\t\t<\/div>\r\n\t<\/div>\r\n\r\n\t\t<\/div>\n\t\t\n\t[\/vc_column][\/vc_row]\n","protected":false},"excerpt":{"rendered":"<p>Esta crema de noche act\u00faa mientras duermes para revelar una piel m\u00e1s firme y de apariencia m\u00e1s joven al despertar. Aten\u00faa los signos de la edad, como las l\u00edneas de expresi\u00f3n y las arrugas, y proporciona una sensaci\u00f3n de hidrataci\u00f3n duradera. Mejora la elasticidad y la firmeza de la piel, devolvi\u00e9ndole todo su resplandor. Reg\u00e1late este tratamiento excepcional para despertar radiante cada ma\u00f1ana.<\/p>\n<p>\u2713 Dermatol\u00f3gicamente testado<\/p>\n<p>Ref. [wcj_product_sku] \u00b7 50ml<\/p>\n","protected":false},"featured_media":49980,"comment_status":"open","ping_status":"closed","template":"","meta":[],"product_brand":[],"product_cat":[1628],"product_tag":[],"class_list":{"0":"post-49974","1":"product","2":"type-product","3":"status-publish","4":"has-post-thumbnail","6":"product_cat-cajas-de-regalo","8":"first","9":"instock","10":"shipping-taxable","11":"purchasable","12":"product-type-simple"},"yoast_head":"<!-- This site is optimized with the Yoast SEO plugin v27.5 - https:\/\/yoast.com\/product\/yoast-seo-wordpress\/ -->\n<title>Day &amp; Night Essentials Duo - CHRISTIAN BRETON<\/title>\n<meta name=\"description\" content=\"Christian Breton presenta el d\u00fao esencial D\u00eda &amp; Noche para cuidar tu piel. Date el gusto de un verdadero ritual de belleza.\" \/>\n<meta name=\"robots\" content=\"index, follow, max-snippet:-1, max-image-preview:large, max-video-preview:-1\" \/>\n<link rel=\"canonical\" href=\"https:\/\/www.christian-breton.fr\/es\/produit\/day-and-night-essentials-duo\/\" \/>\n<meta property=\"og:locale\" content=\"es_ES\" \/>\n<meta property=\"og:type\" content=\"article\" \/>\n<meta property=\"og:title\" content=\"Day &amp; Night Essentials Duo - CHRISTIAN BRETON\" \/>\n<meta property=\"og:description\" content=\"Christian Breton presenta el d\u00fao esencial D\u00eda &amp; Noche para cuidar tu piel. Date el gusto de un verdadero ritual de belleza.\" \/>\n<meta property=\"og:url\" content=\"https:\/\/www.christian-breton.fr\/es\/produit\/day-and-night-essentials-duo\/\" \/>\n<meta property=\"og:site_name\" content=\"CHRISTIAN BRETON\" \/>\n<meta property=\"article:publisher\" content=\"https:\/\/www.facebook.com\/christianbretonfrance\" \/>\n<meta property=\"article:modified_time\" content=\"2025-10-28T10:51:35+00:00\" \/>\n<meta property=\"og:image\" content=\"https:\/\/www.christian-breton.fr\/wp-content\/uploads\/2025\/10\/3556500002107_1.png\" \/>\n\t<meta property=\"og:image:width\" content=\"1063\" \/>\n\t<meta property=\"og:image:height\" content=\"1063\" \/>\n\t<meta property=\"og:image:type\" content=\"image\/png\" \/>\n<meta name=\"twitter:card\" content=\"summary_large_image\" \/>\n<meta name=\"twitter:label1\" content=\"Tiempo de lectura\" \/>\n\t<meta name=\"twitter:data1\" content=\"3 minutos\" \/>\n<script type=\"application\/ld+json\" class=\"yoast-schema-graph\">{\"@context\":\"https:\\\/\\\/schema.org\",\"@graph\":[{\"@type\":\"WebPage\",\"@id\":\"https:\\\/\\\/www.christian-breton.fr\\\/es\\\/produit\\\/day-and-night-essentials-duo\\\/\",\"url\":\"https:\\\/\\\/www.christian-breton.fr\\\/es\\\/produit\\\/day-and-night-essentials-duo\\\/\",\"name\":\"Day & Night Essentials Duo - CHRISTIAN BRETON\",\"isPartOf\":{\"@id\":\"https:\\\/\\\/www.christian-breton.fr\\\/es\\\/#website\"},\"primaryImageOfPage\":{\"@id\":\"https:\\\/\\\/www.christian-breton.fr\\\/es\\\/produit\\\/day-and-night-essentials-duo\\\/#primaryimage\"},\"image\":{\"@id\":\"https:\\\/\\\/www.christian-breton.fr\\\/es\\\/produit\\\/day-and-night-essentials-duo\\\/#primaryimage\"},\"thumbnailUrl\":\"https:\\\/\\\/www.christian-breton.fr\\\/wp-content\\\/uploads\\\/2025\\\/10\\\/3556500002107_1.png\",\"datePublished\":\"2025-10-13T13:06:45+00:00\",\"dateModified\":\"2025-10-28T10:51:35+00:00\",\"description\":\"Christian Breton presenta el d\u00fao esencial D\u00eda & Noche para cuidar tu piel. Date el gusto de un verdadero ritual de belleza.\",\"breadcrumb\":{\"@id\":\"https:\\\/\\\/www.christian-breton.fr\\\/es\\\/produit\\\/day-and-night-essentials-duo\\\/#breadcrumb\"},\"inLanguage\":\"es\",\"potentialAction\":[{\"@type\":\"ReadAction\",\"target\":[\"https:\\\/\\\/www.christian-breton.fr\\\/es\\\/produit\\\/day-and-night-essentials-duo\\\/\"]}]},{\"@type\":\"ImageObject\",\"inLanguage\":\"es\",\"@id\":\"https:\\\/\\\/www.christian-breton.fr\\\/es\\\/produit\\\/day-and-night-essentials-duo\\\/#primaryimage\",\"url\":\"https:\\\/\\\/www.christian-breton.fr\\\/wp-content\\\/uploads\\\/2025\\\/10\\\/3556500002107_1.png\",\"contentUrl\":\"https:\\\/\\\/www.christian-breton.fr\\\/wp-content\\\/uploads\\\/2025\\\/10\\\/3556500002107_1.png\",\"width\":1063,\"height\":1063},{\"@type\":\"BreadcrumbList\",\"@id\":\"https:\\\/\\\/www.christian-breton.fr\\\/es\\\/produit\\\/day-and-night-essentials-duo\\\/#breadcrumb\",\"itemListElement\":[{\"@type\":\"ListItem\",\"position\":1,\"name\":\"Accueil\",\"item\":\"https:\\\/\\\/www.christian-breton.fr\\\/es\\\/\"},{\"@type\":\"ListItem\",\"position\":2,\"name\":\"Tienda\",\"item\":\"https:\\\/\\\/www.christian-breton.fr\\\/es\\\/tienda\\\/\"},{\"@type\":\"ListItem\",\"position\":3,\"name\":\"Day &#038; Night Essentials Duo\"}]},{\"@type\":\"WebSite\",\"@id\":\"https:\\\/\\\/www.christian-breton.fr\\\/es\\\/#website\",\"url\":\"https:\\\/\\\/www.christian-breton.fr\\\/es\\\/\",\"name\":\"CHRISTIAN BRETON\",\"description\":\"L&#039;Expert du Contour des Yeux\",\"publisher\":{\"@id\":\"https:\\\/\\\/www.christian-breton.fr\\\/es\\\/#organization\"},\"potentialAction\":[{\"@type\":\"SearchAction\",\"target\":{\"@type\":\"EntryPoint\",\"urlTemplate\":\"https:\\\/\\\/www.christian-breton.fr\\\/es\\\/?s={search_term_string}\"},\"query-input\":{\"@type\":\"PropertyValueSpecification\",\"valueRequired\":true,\"valueName\":\"search_term_string\"}}],\"inLanguage\":\"es\"},{\"@type\":\"Organization\",\"@id\":\"https:\\\/\\\/www.christian-breton.fr\\\/es\\\/#organization\",\"name\":\"CHRISTIAN BRETON\",\"url\":\"https:\\\/\\\/www.christian-breton.fr\\\/es\\\/\",\"logo\":{\"@type\":\"ImageObject\",\"inLanguage\":\"es\",\"@id\":\"https:\\\/\\\/www.christian-breton.fr\\\/es\\\/#\\\/schema\\\/logo\\\/image\\\/\",\"url\":\"https:\\\/\\\/www.christian-breton.fr\\\/wp-content\\\/uploads\\\/2022\\\/05\\\/Christian-Breton-Logo-fond-noir-scaled.jpg\",\"contentUrl\":\"https:\\\/\\\/www.christian-breton.fr\\\/wp-content\\\/uploads\\\/2022\\\/05\\\/Christian-Breton-Logo-fond-noir-scaled.jpg\",\"width\":2560,\"height\":2560,\"caption\":\"CHRISTIAN BRETON\"},\"image\":{\"@id\":\"https:\\\/\\\/www.christian-breton.fr\\\/es\\\/#\\\/schema\\\/logo\\\/image\\\/\"},\"sameAs\":[\"https:\\\/\\\/www.facebook.com\\\/christianbretonfrance\",\"https:\\\/\\\/www.instagram.com\\\/christianbreton_paris\\\/\"]}]}<\/script>\n<!-- \/ Yoast SEO plugin. -->","yoast_head_json":{"title":"Day & Night Essentials Duo - CHRISTIAN BRETON","description":"Christian Breton presenta el d\u00fao esencial D\u00eda & Noche para cuidar tu piel. Date el gusto de un verdadero ritual de belleza.","robots":{"index":"index","follow":"follow","max-snippet":"max-snippet:-1","max-image-preview":"max-image-preview:large","max-video-preview":"max-video-preview:-1"},"canonical":"https:\/\/www.christian-breton.fr\/es\/produit\/day-and-night-essentials-duo\/","og_locale":"es_ES","og_type":"article","og_title":"Day & Night Essentials Duo - CHRISTIAN BRETON","og_description":"Christian Breton presenta el d\u00fao esencial D\u00eda & Noche para cuidar tu piel. Date el gusto de un verdadero ritual de belleza.","og_url":"https:\/\/www.christian-breton.fr\/es\/produit\/day-and-night-essentials-duo\/","og_site_name":"CHRISTIAN BRETON","article_publisher":"https:\/\/www.facebook.com\/christianbretonfrance","article_modified_time":"2025-10-28T10:51:35+00:00","og_image":[{"width":1063,"height":1063,"url":"https:\/\/www.christian-breton.fr\/wp-content\/uploads\/2025\/10\/3556500002107_1.png","type":"image\/png"}],"twitter_card":"summary_large_image","twitter_misc":{"Tiempo de lectura":"3 minutos"},"schema":{"@context":"https:\/\/schema.org","@graph":[{"@type":"WebPage","@id":"https:\/\/www.christian-breton.fr\/es\/produit\/day-and-night-essentials-duo\/","url":"https:\/\/www.christian-breton.fr\/es\/produit\/day-and-night-essentials-duo\/","name":"Day & Night Essentials Duo - CHRISTIAN BRETON","isPartOf":{"@id":"https:\/\/www.christian-breton.fr\/es\/#website"},"primaryImageOfPage":{"@id":"https:\/\/www.christian-breton.fr\/es\/produit\/day-and-night-essentials-duo\/#primaryimage"},"image":{"@id":"https:\/\/www.christian-breton.fr\/es\/produit\/day-and-night-essentials-duo\/#primaryimage"},"thumbnailUrl":"https:\/\/www.christian-breton.fr\/wp-content\/uploads\/2025\/10\/3556500002107_1.png","datePublished":"2025-10-13T13:06:45+00:00","dateModified":"2025-10-28T10:51:35+00:00","description":"Christian Breton presenta el d\u00fao esencial D\u00eda & Noche para cuidar tu piel. Date el gusto de un verdadero ritual de belleza.","breadcrumb":{"@id":"https:\/\/www.christian-breton.fr\/es\/produit\/day-and-night-essentials-duo\/#breadcrumb"},"inLanguage":"es","potentialAction":[{"@type":"ReadAction","target":["https:\/\/www.christian-breton.fr\/es\/produit\/day-and-night-essentials-duo\/"]}]},{"@type":"ImageObject","inLanguage":"es","@id":"https:\/\/www.christian-breton.fr\/es\/produit\/day-and-night-essentials-duo\/#primaryimage","url":"https:\/\/www.christian-breton.fr\/wp-content\/uploads\/2025\/10\/3556500002107_1.png","contentUrl":"https:\/\/www.christian-breton.fr\/wp-content\/uploads\/2025\/10\/3556500002107_1.png","width":1063,"height":1063},{"@type":"BreadcrumbList","@id":"https:\/\/www.christian-breton.fr\/es\/produit\/day-and-night-essentials-duo\/#breadcrumb","itemListElement":[{"@type":"ListItem","position":1,"name":"Accueil","item":"https:\/\/www.christian-breton.fr\/es\/"},{"@type":"ListItem","position":2,"name":"Tienda","item":"https:\/\/www.christian-breton.fr\/es\/tienda\/"},{"@type":"ListItem","position":3,"name":"Day &#038; Night Essentials Duo"}]},{"@type":"WebSite","@id":"https:\/\/www.christian-breton.fr\/es\/#website","url":"https:\/\/www.christian-breton.fr\/es\/","name":"CHRISTIAN BRETON","description":"L&#039;Expert du Contour des Yeux","publisher":{"@id":"https:\/\/www.christian-breton.fr\/es\/#organization"},"potentialAction":[{"@type":"SearchAction","target":{"@type":"EntryPoint","urlTemplate":"https:\/\/www.christian-breton.fr\/es\/?s={search_term_string}"},"query-input":{"@type":"PropertyValueSpecification","valueRequired":true,"valueName":"search_term_string"}}],"inLanguage":"es"},{"@type":"Organization","@id":"https:\/\/www.christian-breton.fr\/es\/#organization","name":"CHRISTIAN BRETON","url":"https:\/\/www.christian-breton.fr\/es\/","logo":{"@type":"ImageObject","inLanguage":"es","@id":"https:\/\/www.christian-breton.fr\/es\/#\/schema\/logo\/image\/","url":"https:\/\/www.christian-breton.fr\/wp-content\/uploads\/2022\/05\/Christian-Breton-Logo-fond-noir-scaled.jpg","contentUrl":"https:\/\/www.christian-breton.fr\/wp-content\/uploads\/2022\/05\/Christian-Breton-Logo-fond-noir-scaled.jpg","width":2560,"height":2560,"caption":"CHRISTIAN BRETON"},"image":{"@id":"https:\/\/www.christian-breton.fr\/es\/#\/schema\/logo\/image\/"},"sameAs":["https:\/\/www.facebook.com\/christianbretonfrance","https:\/\/www.instagram.com\/christianbreton_paris\/"]}]}},"_links":{"self":[{"href":"https:\/\/www.christian-breton.fr\/es\/wp-json\/wp\/v2\/product\/49974","targetHints":{"allow":["GET"]}}],"collection":[{"href":"https:\/\/www.christian-breton.fr\/es\/wp-json\/wp\/v2\/product"}],"about":[{"href":"https:\/\/www.christian-breton.fr\/es\/wp-json\/wp\/v2\/types\/product"}],"replies":[{"embeddable":true,"href":"https:\/\/www.christian-breton.fr\/es\/wp-json\/wp\/v2\/comments?post=49974"}],"wp:featuredmedia":[{"embeddable":true,"href":"https:\/\/www.christian-breton.fr\/es\/wp-json\/wp\/v2\/media\/49980"}],"wp:attachment":[{"href":"https:\/\/www.christian-breton.fr\/es\/wp-json\/wp\/v2\/media?parent=49974"}],"wp:term":[{"taxonomy":"product_brand","embeddable":true,"href":"https:\/\/www.christian-breton.fr\/es\/wp-json\/wp\/v2\/product_brand?post=49974"},{"taxonomy":"product_cat","embeddable":true,"href":"https:\/\/www.christian-breton.fr\/es\/wp-json\/wp\/v2\/product_cat?post=49974"},{"taxonomy":"product_tag","embeddable":true,"href":"https:\/\/www.christian-breton.fr\/es\/wp-json\/wp\/v2\/product_tag?post=49974"}],"curies":[{"name":"wp","href":"https:\/\/api.w.org\/{rel}","templated":true}]}}